{"id":9983,"date":"2024-02-23T17:48:01","date_gmt":"2024-02-23T17:48:01","guid":{"rendered":"https:\/\/aco.com.br\/?post_type=product&#038;p=9983"},"modified":"2024-02-23T18:09:40","modified_gmt":"2024-02-23T18:09:40","slug":"aco-mola-sae-6150","status":"publish","type":"product","link":"https:\/\/aco.com.br\/inicio\/aco\/aco-mola-sae-6150\/","title":{"rendered":"A\u00e7o Mola SAE 6150 |  Cromo-Van\u00e1dio (Vr-V)"},"content":{"rendered":"<h2>Tratamentos T\u00e9rmicos | <strong>A\u00e7o Mola SAE 6150<br \/>\n<\/strong><\/h2>\n<h3><strong>A\u00e7o Mola SAE 6150 (Cromo-Van\u00e1dio) \/ Cr-V<\/strong><\/h3>\n<table class=\"tabela-acosroman\">\n<thead>\n<tr>\n<th><img decoding=\"async\" class=\"alignleft\" src=\"https:\/\/www.aco.com.br\/wp-content\/uploads\/2019\/02\/tratamento-termico.png\" alt=\"Tratamentos T\u00e9rmicos\" \/><\/p>\n<h4><a title=\"Tratamentos T\u00e9rmicos - A\u00e7o Carbono\" href=\"https:\/\/www.aco.com.br\/tratamentos-termicos-acos-especiais\/\">Tratamentos T\u00e9rmicos<\/a><\/h4>\n<\/th>\n<th>Temperatura (\u00b0C)<\/th>\n<th>Meios<\/th>\n<\/tr>\n<\/thead>\n<tbody>\n<tr>\n<th>Recozimento<\/th>\n<td>780-800<\/td>\n<td>&#8230;<\/td>\n<\/tr>\n<tr>\n<th>Normaliza\u00e7\u00e3o<\/th>\n<td>870-900<\/td>\n<td>&#8230;<\/td>\n<\/tr>\n<tr>\n<th>T\u00eampera<\/th>\n<td>840-870<\/td>\n<td>\u00a0\u00d3leo<\/td>\n<\/tr>\n<\/tbody>\n<\/table>\n<h4><strong>Dureza Rockwell B<\/strong>: 92<\/h4>\n<p>Para mais tratamentos t\u00e9rmicos e informa\u00e7\u00f5es sobre dureza do a\u00e7o, acesse a <a title=\"Tratamentos T\u00e9rmicos do A\u00e7o\" href=\"https:\/\/www.aco.com.br\/acos\/tratamento-termico\/\">p\u00e1gina de tratamentos t\u00e9rmicos<\/a>.<\/p>\n<h2>A\u00e7o Mola SAE 6150 Cromo-Van\u00e1dio<\/h2>\n<p>O A<strong>\u00e7o Mola SAE 6150<\/strong>,\u00e9\u00a0 uma liga\u00a0 de\u00a0alta temperabilidade e boa ductilidade. Na condi\u00e7\u00e3o beneficiada apresenta alta resist\u00eancia mec\u00e2nica e boa resist\u00eancia \u00e0 fadiga. Por isso, sua grande usabilidade como a\u00e7o para mola.<\/p>\n<p style=\"font-weight: 400;\">O <strong>a\u00e7o 6150<\/strong> possui soldabilidade \u00a0ruim devido a quantidade de carbono, mas \u00e9\u00a0 poss\u00edvel solda-lo valendo-se de cuidados adicionais.<\/p>\n<div class=\"row\"  id=\"row-1046482423\">\n\n\t<div id=\"col-57218750\" class=\"col medium-6 small-12 large-6\"  >\n\t\t\t\t<div class=\"col-inner\"  >\n\t\t\t\n\t\t\t\n<h2>Resist\u00eancia a tra\u00e7\u00e3o<\/h2>\n<p style=\"font-weight: 400;\">A resist\u00eancia a tra\u00e7\u00e3o do<strong> a\u00e7o 6150 (A\u00e7o Prata Cromo-Van\u00e1dio)<\/strong> \u00e9 de <strong>670 MPa ou 97.200 psi.<\/strong><\/p>\n<h2>M\u00f3dulo de elasticidade<\/h2>\n<p style=\"font-weight: 400;\">O m\u00f3dulo de elasticidade t\u00edpico do <strong>a\u00e7o 6150<\/strong> varia entre <strong>190 GPa (27557 ksi)<\/strong> e <strong>210GPa (30458 ksi).<\/strong><\/p>\n<a href=\"https:\/\/www.aco.com.br\/contato\" target=\"_self\" class=\"button primary\"  >\n    <span>Solicite um Or\u00e7amento<\/span>\n  <\/a>\n\n\t\t<\/div>\n\t\t\t\t\t<\/div>\n\n\t\n\n\t<div id=\"col-487697330\" class=\"col medium-6 small-12 large-6\"  >\n\t\t\t\t<div class=\"col-inner\"  >\n\t\t\t\n\t\t\t\n\n  \n    <div class=\"row large-columns-1 medium-columns- small-columns- slider row-slider slider-nav-reveal\"  data-flickity-options='{\"imagesLoaded\": true, \"groupCells\": \"100%\", \"dragThreshold\" : 5, \"cellAlign\": \"left\",\"wrapAround\": true,\"prevNextButtons\": true,\"percentPosition\": true,\"pageDots\": false, \"rightToLeft\": false, \"autoPlay\" : false}' >\n\n  <div class=\"gallery-col col\" >\n          <div class=\"col-inner\">\n            <a class=\"image-lightbox lightbox-gallery\" href=\"https:\/\/aco.com.br\/wp-content\/uploads\/2019\/03\/aco-6150-molas.jpg\" title=\"\">            <div class=\"box has-hover gallery-box box-none\">\n              <div class=\"box-image\" >\n                <img loading=\"lazy\" decoding=\"async\" width=\"500\" height=\"370\" src=\"https:\/\/aco.com.br\/wp-content\/uploads\/2019\/03\/aco-6150-molas.jpg\" class=\"attachment-medium size-medium\" alt=\"aco-6150-molas\" ids=\"1818,1817,1811\" style=\"none\" type=\"slider\" columns=\"1\" image_size=\"medium\" \/>                                                              <\/div>\n              <div class=\"box-text text-left\" >\n                 <p><\/p>\n              <\/div>\n            <\/div>\n            <\/a>          <\/div>\n         <\/div><div class=\"gallery-col col\" >\n          <div class=\"col-inner\">\n            <a class=\"image-lightbox lightbox-gallery\" href=\"https:\/\/aco.com.br\/wp-content\/uploads\/2019\/03\/sae-6150-pincas-e-torno-800x800.jpg\" title=\"\">            <div class=\"box has-hover gallery-box box-none\">\n              <div class=\"box-image\" >\n                <img loading=\"lazy\" decoding=\"async\" width=\"400\" height=\"400\" src=\"https:\/\/aco.com.br\/wp-content\/uploads\/2019\/03\/sae-6150-pincas-e-torno-400x400.jpg\" class=\"attachment-medium size-medium\" alt=\"sae-6150 pincas e torno\" ids=\"1818,1817,1811\" style=\"none\" type=\"slider\" columns=\"1\" image_size=\"medium\" srcset=\"https:\/\/aco.com.br\/wp-content\/uploads\/2019\/03\/sae-6150-pincas-e-torno-400x400.jpg 400w, https:\/\/aco.com.br\/wp-content\/uploads\/2019\/03\/sae-6150-pincas-e-torno-280x280.jpg 280w, https:\/\/aco.com.br\/wp-content\/uploads\/2019\/03\/sae-6150-pincas-e-torno-768x768.jpg 768w, https:\/\/aco.com.br\/wp-content\/uploads\/2019\/03\/sae-6150-pincas-e-torno.jpg 800w, https:\/\/aco.com.br\/wp-content\/uploads\/2019\/03\/sae-6150-pincas-e-torno-297x297.jpg 297w, https:\/\/aco.com.br\/wp-content\/uploads\/2019\/03\/sae-6150-pincas-e-torno-100x100.jpg 100w\" sizes=\"auto, (max-width: 400px) 100vw, 400px\" \/>                                                              <\/div>\n              <div class=\"box-text text-left\" >\n                 <p><\/p>\n              <\/div>\n            <\/div>\n            <\/a>          <\/div>\n         <\/div><div class=\"gallery-col col\" >\n          <div class=\"col-inner\">\n            <a class=\"image-lightbox lightbox-gallery\" href=\"https:\/\/aco.com.br\/wp-content\/uploads\/2019\/03\/aco-5160-molas-1-800x800.jpg\" title=\"\">            <div class=\"box has-hover gallery-box box-none\">\n              <div class=\"box-image\" >\n                <img loading=\"lazy\" decoding=\"async\" width=\"400\" height=\"400\" src=\"https:\/\/aco.com.br\/wp-content\/uploads\/2019\/03\/aco-5160-molas-1-400x400.jpg\" class=\"attachment-medium size-medium\" alt=\"aco-5160-molas\" ids=\"1818,1817,1811\" style=\"none\" type=\"slider\" columns=\"1\" image_size=\"medium\" srcset=\"https:\/\/aco.com.br\/wp-content\/uploads\/2019\/03\/aco-5160-molas-1-400x400.jpg 400w, https:\/\/aco.com.br\/wp-content\/uploads\/2019\/03\/aco-5160-molas-1-280x280.jpg 280w, https:\/\/aco.com.br\/wp-content\/uploads\/2019\/03\/aco-5160-molas-1-768x768.jpg 768w, https:\/\/aco.com.br\/wp-content\/uploads\/2019\/03\/aco-5160-molas-1-800x800.jpg 800w, https:\/\/aco.com.br\/wp-content\/uploads\/2019\/03\/aco-5160-molas-1-297x297.jpg 297w, https:\/\/aco.com.br\/wp-content\/uploads\/2019\/03\/aco-5160-molas-1-900x900.jpg 900w, https:\/\/aco.com.br\/wp-content\/uploads\/2019\/03\/aco-5160-molas-1-100x100.jpg 100w, https:\/\/aco.com.br\/wp-content\/uploads\/2019\/03\/aco-5160-molas-1.jpg 1000w\" sizes=\"auto, (max-width: 400px) 100vw, 400px\" \/>                                                              <\/div>\n              <div class=\"box-text text-left\" >\n                 <p><\/p>\n              <\/div>\n            <\/div>\n            <\/a>          <\/div>\n         <\/div><\/div>\n\t\t<\/div>\n\t\t\t\t\t<\/div>\n\n\t\n<\/div>\n","protected":false},"excerpt":{"rendered":"<p>O<strong> A\u00e7o Mola SAE 6150<\/strong>\u00a0\u00e9\u00a0 um a\u00e7o de alta\u00a0temperabilidade e boa ductilidade recomendado para uso em <strong>Molas el\u00edpticas e helicoidais, <\/strong>molas para v\u00e1lvulas, mola-prato, pin\u00e7as de torno CNC, barras de tor\u00e7\u00e3o entre outros elementos mec\u00e2nicos sujeitos a varia\u00e7\u00f5es de flex\u00e3o ou tor\u00e7\u00e3o.<\/p>\n<p style=\"text-align: left; font-size: 14px;\">Veja outras ligas para beneficiamento:<br \/>\n<a href=\"https:\/\/aco.com.br\/aco\/especiais\/4140\/\">SAE 4140<\/a> &#8211; <a href=\"https:\/\/aco.com.br\/aco\/especiais\/sae-4340-aco-carbono-cromo-niquel-molibdenio\/\">4340<\/a> &#8211; <a href=\"https:\/\/aco.com.br\/aco\/especiais\/aco-prata-5160\/\">5160<\/a> &#8211; <strong><a href=\"https:\/\/aco.com.br\/aco\/especiais\/6150-aco-prata\/\">6150<\/a><\/strong> &#8211; <a href=\"https:\/\/aco.com.br\/aco\/especiais\/8620\/\">8620<\/a> &#8211; <a href=\"https:\/\/aco.com.br\/aco\/especiais\/sae-8640\/\">8640<\/a> &#8211; <a href=\"https:\/\/aco.com.br\/aco\/especiais\/8650\/\">8650<\/a> &#8211; <a href=\"https:\/\/aco.com.br\/aco\/especiais\/9254\/\">9254<\/a> &#8211; <a href=\"https:\/\/aco.com.br\/aco\/especiais\/9260\/\">9260<\/a> &#8211; <a href=\"https:\/\/aco.com.br\/aco\/especiais\/sae-52100-carbono-cromo\/\">52100<\/a><\/p>\n<h2><strong>A\u00e7o Mola SAE 6150 <\/strong><strong> Cr-V\u00a0<\/strong><strong>(Cromo-Van\u00e1dio)<br \/>\n<\/strong><\/h2>\n<h5>A\u00e7os Roman | Distribuidora de <strong>A\u00e7o SAE-6150<\/strong> de S\u00e3o Paulo para todo Brasil<\/h5>\n<table class=\"tabela-acosroman\">\n<thead>\n<tr>\n<td><img loading=\"lazy\" decoding=\"async\" class=\"alignleft size-full wp-image-1035\" src=\"https:\/\/www.aco.com.br\/wp-content\/uploads\/2019\/02\/acos-roman2-1.png\" alt=\"A\u00e7os Roman - A\u00e7os Especiais\" width=\"153\" height=\"75\" \/><\/td>\n<th>\n<h4>SAE 6150<\/h4>\n<p>Componentes Qu\u00edmicos do A\u00c7O<br \/>\n<a title=\"An\u00e1lise Qu\u00edmica - LabMetal\" href=\"http:\/\/www.aco.com.br\/aco\/espectrometria-de-emissao-otica-analise-quimica-do-aco\/\"><span style=\"font-size: 0.8; color: #aaa; text-transform: none; font-weight: light;\">An\u00e1lise Qu\u00edmica &#8211; Labmetal A.R.<\/span><\/a><\/th>\n<\/tr>\n<\/thead>\n<tbody>\n<tr>\n<th>Carbono (C)<\/th>\n<td>\u00a00,48 &#8211;\u00a0 0,53 %<\/td>\n<\/tr>\n<tr>\n<th>Cromo (Cr)<\/th>\n<td>\u00a00,80 &#8211; 1,10 %<\/td>\n<\/tr>\n<tr>\n<th>Van\u00e1dio (V)<\/th>\n<td>0,15 % M\u00edn<\/td>\n<\/tr>\n<tr>\n<th>Mangan\u00eas (Mn)<\/th>\n<td>\u00a00,70 &#8211;\u00a0 0,90 %<\/td>\n<\/tr>\n<tr>\n<th>F\u00f3sforo (P) .<\/th>\n<td>\u00a00,03 %<\/td>\n<\/tr>\n<tr>\n<th>Sil\u00edcio (Si)<\/th>\n<td>\u00a00,15 &#8211; 0,35 %<\/td>\n<\/tr>\n<tr>\n<th>Enxofre (S)<\/th>\n<td>S &#8211; 0,04 %<\/td>\n<\/tr>\n<\/tbody>\n<\/table>\n<div style=\"float: right; width: 50%; padding-top: 12px;\">\n<p style=\"font-size: 11px; text-align: right;\">Marca Villares Metals &#8211; <a href=\"http:\/\/www.villaresmetals.com.br\" target=\"_blank\" rel=\"noopener\"><strong> V-N 50<\/strong><\/a><\/p>\n<\/div>\n<div id=\"coreswrap\" style=\"float: left; width: 50%;\">\n<div id=\"coresaco\" style=\"background: red;\">\n<div class=\"metade1\" style=\"background: yellow;\">.<\/div>\n<\/div>\n<p><b>Cor\/Marca\u00e7\u00e3o<\/b><br \/>\nA\u00e7os Roman<\/p>\n<\/div>\n","protected":false},"featured_media":9984,"template":"","meta":{"inline_featured_image":false},"product_brand":[],"product_cat":[17,72,163,74],"product_tag":[129,144,130,139,140,141,142,106,108,109,110,111,169,170,134,135,168,137,132,145,136,143,99,100,101,133,131,138],"class_list":{"0":"post-9983","1":"product","2":"type-product","3":"status-publish","4":"has-post-thumbnail","6":"product_cat-especiais","7":"product_cat-aco-prata","8":"product_cat-acos-para-molas","9":"product_cat-ligas-para-beneficiamento","10":"product_tag-aco-prata","11":"product_tag-aco-prata-cromo-vanadio","12":"product_tag-afnor-50-cv-4-fr","13":"product_tag-ams-6448","14":"product_tag-ams-6450","15":"product_tag-ams-7301","16":"product_tag-astm-a231","17":"product_tag-astm-a29","18":"product_tag-astm-a322","19":"product_tag-astm-a331","20":"product_tag-astm-a505","21":"product_tag-astm-a519","22":"product_tag-astm-a752","23":"product_tag-astm-a829","24":"product_tag-b-s-735-a-50","25":"product_tag-b-s-en-47","26":"product_tag-din-1-1859","27":"product_tag-din-1-8159","28":"product_tag-jis-sup-10","29":"product_tag-liga-cromo-vanadio","30":"product_tag-mil-spec-mil-s-8503","31":"product_tag-sae-6150","32":"product_tag-sae-j404","33":"product_tag-sae-j412","34":"product_tag-sae-j770","35":"product_tag-ss14-2230-sweden","36":"product_tag-uni-50-crv-4","37":"product_tag-uns-g61500","39":"first","40":"instock","41":"featured","42":"sold-individually","43":"shipping-taxable","44":"product-type-simple"},"aioseo_notices":[],"_links":{"self":[{"href":"https:\/\/aco.com.br\/inicio\/wp-json\/wp\/v2\/product\/9983","targetHints":{"allow":["GET"]}}],"collection":[{"href":"https:\/\/aco.com.br\/inicio\/wp-json\/wp\/v2\/product"}],"about":[{"href":"https:\/\/aco.com.br\/inicio\/wp-json\/wp\/v2\/types\/product"}],"wp:featuredmedia":[{"embeddable":true,"href":"https:\/\/aco.com.br\/inicio\/wp-json\/wp\/v2\/media\/9984"}],"wp:attachment":[{"href":"https:\/\/aco.com.br\/inicio\/wp-json\/wp\/v2\/media?parent=9983"}],"wp:term":[{"taxonomy":"product_brand","embeddable":true,"href":"https:\/\/aco.com.br\/inicio\/wp-json\/wp\/v2\/product_brand?post=9983"},{"taxonomy":"product_cat","embeddable":true,"href":"https:\/\/aco.com.br\/inicio\/wp-json\/wp\/v2\/product_cat?post=9983"},{"taxonomy":"product_tag","embeddable":true,"href":"https:\/\/aco.com.br\/inicio\/wp-json\/wp\/v2\/product_tag?post=9983"}],"curies":[{"name":"wp","href":"https:\/\/api.w.org\/{rel}","templated":true}]}}