{"id":9982,"date":"2024-02-23T17:21:02","date_gmt":"2024-02-23T17:21:02","guid":{"rendered":"https:\/\/aco.com.br\/?post_type=product&#038;p=9982"},"modified":"2024-02-23T17:25:51","modified_gmt":"2024-02-23T17:25:51","slug":"aco-prata-sae-52100","status":"publish","type":"product","link":"https:\/\/aco.com.br\/inicio\/aco\/aco-prata-sae-52100\/","title":{"rendered":"A\u00e7o Prata SAE 52100 | Barras Redondas Retificadas"},"content":{"rendered":"<p><img loading=\"lazy\" decoding=\"async\" class=\"alignnone size-full wp-image-3072\" src=\"https:\/\/aco.com.br\/wp-content\/uploads\/2019\/03\/52100-aco-prata.jpg\" alt=\"Sae 52100 - Barras de A\u00e7o prata Retificadas\" width=\"1000\" height=\"506\" srcset=\"https:\/\/aco.com.br\/wp-content\/uploads\/2019\/03\/52100-aco-prata.jpg 1000w, https:\/\/aco.com.br\/wp-content\/uploads\/2019\/03\/52100-aco-prata-791x400.jpg 791w, https:\/\/aco.com.br\/wp-content\/uploads\/2019\/03\/52100-aco-prata-768x389.jpg 768w, https:\/\/aco.com.br\/wp-content\/uploads\/2019\/03\/52100-aco-prata-900x455.jpg 900w\" sizes=\"auto, (max-width: 1000px) 100vw, 1000px\" \/><\/p>\n<h2>Tratamentos T\u00e9rmicos | A\u00e7o SAE-52100<\/h2>\n<table class=\"tabela-acosroman\">\n<thead>\n<tr>\n<th><img decoding=\"async\" class=\"alignleft\" src=\"https:\/\/www.aco.com.br\/wp-content\/uploads\/2019\/02\/tratamento-termico.png\" alt=\"Tratamentos T\u00e9rmicos\" \/><\/p>\n<h4><a title=\"Tratamentos T\u00e9rmicos - A\u00e7o Carbono\" href=\"https:\/\/www.aco.com.br\/tratamentos-termicos-acos-especiais\/\">Tratamentos T\u00e9rmicos<\/a><\/h4>\n<\/th>\n<th>Temperatura (\u00b0C)<\/th>\n<th>Meios<\/th>\n<\/tr>\n<\/thead>\n<tbody>\n<tr>\n<th>Recozimento<\/th>\n<td>775-800<br \/>\n750-790<\/td>\n<td>&#8230;<\/td>\n<\/tr>\n<tr>\n<th>Normaliza\u00e7\u00e3o<\/th>\n<td>870-900<\/td>\n<td>&#8230;<\/td>\n<\/tr>\n<tr>\n<th>T\u00eampera<\/th>\n<td>800-830<br \/>\n830-860<\/td>\n<td>\u00c1gua ou \u00d3leo<\/td>\n<\/tr>\n<\/tbody>\n<\/table>\n<p>Para mais tratamentos t\u00e9rmicos e informa\u00e7\u00f5es sobre dureza do a\u00e7o, acesse a <a title=\"Tratamentos T\u00e9rmicos do A\u00e7o\" href=\"https:\/\/www.aco.com.br\/acos\/tratamento-termico\/\">p\u00e1gina de tratamentos t\u00e9rmicos<\/a>.<\/p>\n<h3><strong>A\u00e7o Prata SAE 52100 | Barras Redondas Retificadas<\/strong>&#8211; Mais Informa\u00e7\u00f5es<\/h3>\n<p>O <strong>A\u00e7o Prata SAE 52100<\/strong> em Barras Redondas Retificadas, tamb\u00e9m \u00e9 conhecido por <strong><a title=\"A\u00e7o Prata Cromo\" href=\"https:\/\/www.aco.com.br\/acos\/acos-especiais\/aco-prata\/\">A\u00c7O PRATA CROMO.<\/a><\/strong>\u00a0O <strong>A\u00e7o SAE-52100<\/strong> \u00e9 um <strong>A\u00e7o Carbono<\/strong> com ampla usabilidade na ind\u00fastria e na fabrica\u00e7\u00e3o de objetos de a\u00e7o do cotidiano.<\/p>\n\n  \n    <div class=\"row large-columns-4 medium-columns-3 small-columns-2 slider row-slider slider-nav-simple\"  data-flickity-options='{\"imagesLoaded\": true, \"groupCells\": \"100%\", \"dragThreshold\" : 5, \"cellAlign\": \"left\",\"wrapAround\": true,\"prevNextButtons\": true,\"percentPosition\": true,\"pageDots\": false, \"rightToLeft\": false, \"autoPlay\" : 2000}' >\n\n  <div class=\"gallery-col col\" >\n          <div class=\"col-inner\">\n            <a class=\"image-lightbox lightbox-gallery\" href=\"https:\/\/aco.com.br\/wp-content\/uploads\/2019\/03\/aco-52100-faca.jpg\" title=\"\">            <div class=\"box has-hover gallery-box box-none\">\n              <div class=\"box-image\" >\n                <img loading=\"lazy\" decoding=\"async\" width=\"400\" height=\"400\" src=\"https:\/\/aco.com.br\/wp-content\/uploads\/2019\/03\/aco-52100-faca-400x400.jpg\" class=\"attachment-medium size-medium\" alt=\"aco-52100-faca\" ids=\"1628,1614,1613,1627\" style=\"none\" type=\"slider\" slider_nav_style=\"simple\" auto_slide=\"2000\" image_size=\"medium\" text_align=\"center\" srcset=\"https:\/\/aco.com.br\/wp-content\/uploads\/2019\/03\/aco-52100-faca-400x400.jpg 400w, https:\/\/aco.com.br\/wp-content\/uploads\/2019\/03\/aco-52100-faca-280x280.jpg 280w, https:\/\/aco.com.br\/wp-content\/uploads\/2019\/03\/aco-52100-faca-297x297.jpg 297w, https:\/\/aco.com.br\/wp-content\/uploads\/2019\/03\/aco-52100-faca-100x100.jpg 100w, https:\/\/aco.com.br\/wp-content\/uploads\/2019\/03\/aco-52100-faca.jpg 500w\" sizes=\"auto, (max-width: 400px) 100vw, 400px\" \/>                                                              <\/div>\n              <div class=\"box-text text-center\" >\n                 <p><\/p>\n              <\/div>\n            <\/div>\n            <\/a>          <\/div>\n         <\/div><div class=\"gallery-col col\" >\n          <div class=\"col-inner\">\n            <a class=\"image-lightbox lightbox-gallery\" href=\"https:\/\/aco.com.br\/wp-content\/uploads\/2019\/03\/centro-para-torno-aco-d2.jpg\" title=\"\">            <div class=\"box has-hover gallery-box box-none\">\n              <div class=\"box-image\" >\n                <img loading=\"lazy\" decoding=\"async\" width=\"316\" height=\"265\" src=\"https:\/\/aco.com.br\/wp-content\/uploads\/2019\/03\/centro-para-torno-aco-d2.jpg\" class=\"attachment-medium size-medium\" alt=\"D2 D6 centro para torno aco d2\" ids=\"1628,1614,1613,1627\" style=\"none\" type=\"slider\" slider_nav_style=\"simple\" auto_slide=\"2000\" image_size=\"medium\" text_align=\"center\" \/>                                                              <\/div>\n              <div class=\"box-text text-center\" >\n                 <p><\/p>\n              <\/div>\n            <\/div>\n            <\/a>          <\/div>\n         <\/div><div class=\"gallery-col col\" >\n          <div class=\"col-inner\">\n            <a class=\"image-lightbox lightbox-gallery\" href=\"https:\/\/aco.com.br\/wp-content\/uploads\/2019\/03\/centro-para-torno-aco-d6-1.jpg\" title=\"\">            <div class=\"box has-hover gallery-box box-none\">\n              <div class=\"box-image\" >\n                <img loading=\"lazy\" decoding=\"async\" width=\"433\" height=\"400\" src=\"https:\/\/aco.com.br\/wp-content\/uploads\/2019\/03\/centro-para-torno-aco-d6-1-433x400.jpg\" class=\"attachment-medium size-medium\" alt=\"centro para torno aco d6\" ids=\"1628,1614,1613,1627\" style=\"none\" type=\"slider\" slider_nav_style=\"simple\" auto_slide=\"2000\" image_size=\"medium\" text_align=\"center\" srcset=\"https:\/\/aco.com.br\/wp-content\/uploads\/2019\/03\/centro-para-torno-aco-d6-1-433x400.jpg 433w, https:\/\/aco.com.br\/wp-content\/uploads\/2019\/03\/centro-para-torno-aco-d6-1.jpg 500w\" sizes=\"auto, (max-width: 433px) 100vw, 433px\" \/>                                                              <\/div>\n              <div class=\"box-text text-center\" >\n                 <p><\/p>\n              <\/div>\n            <\/div>\n            <\/a>          <\/div>\n         <\/div><div class=\"gallery-col col\" >\n          <div class=\"col-inner\">\n            <a class=\"image-lightbox lightbox-gallery\" href=\"https:\/\/aco.com.br\/wp-content\/uploads\/2019\/03\/aco-52100-serra-800x800.png\" title=\"\">            <div class=\"box has-hover gallery-box box-none\">\n              <div class=\"box-image\" >\n                <img loading=\"lazy\" decoding=\"async\" width=\"400\" height=\"400\" src=\"https:\/\/aco.com.br\/wp-content\/uploads\/2019\/03\/aco-52100-serra-400x400.png\" class=\"attachment-medium size-medium\" alt=\"aco-52100-serra\" ids=\"1628,1614,1613,1627\" style=\"none\" type=\"slider\" slider_nav_style=\"simple\" auto_slide=\"2000\" image_size=\"medium\" text_align=\"center\" srcset=\"https:\/\/aco.com.br\/wp-content\/uploads\/2019\/03\/aco-52100-serra-400x400.png 400w, https:\/\/aco.com.br\/wp-content\/uploads\/2019\/03\/aco-52100-serra-280x280.png 280w, https:\/\/aco.com.br\/wp-content\/uploads\/2019\/03\/aco-52100-serra-768x768.png 768w, https:\/\/aco.com.br\/wp-content\/uploads\/2019\/03\/aco-52100-serra.png 800w, https:\/\/aco.com.br\/wp-content\/uploads\/2019\/03\/aco-52100-serra-297x297.png 297w, https:\/\/aco.com.br\/wp-content\/uploads\/2019\/03\/aco-52100-serra-100x100.png 100w\" sizes=\"auto, (max-width: 400px) 100vw, 400px\" \/>                                                              <\/div>\n              <div class=\"box-text text-center\" >\n                 <p><\/p>\n              <\/div>\n            <\/div>\n            <\/a>          <\/div>\n         <\/div><\/div>\n<h3><strong>SAE-52100<\/strong> &#8211; Aplica\u00e7\u00f5es de A\u00e7os Especiais<\/h3>\n<p>Entre os usos do<strong> A\u00e7o SAE 52100<\/strong>, est\u00e3o as l\u00e2minas e utens\u00edlios cortantes como facas, tesouras e serras. Na ind\u00fastria o <strong>52100<\/strong> \u00e9 Utilizado em roletes, esferas e pistas de rolamento, rolos de calandra, anel de rolamento, brocas, alargadores, machos, ferramentas para repuxamento em torno, estampos, pun\u00e7\u00f5es entre outras ferramentas para extrus\u00e3o a frio.<\/p>\n<a href=\"https:\/\/www.aco.com.br\/contato\" target=\"_self\" class=\"button primary\"  >\n    <span>Solicite um Or\u00e7amento<\/span>\n  <\/a>\n\n","protected":false},"excerpt":{"rendered":"<h4><strong>A\u00e7o Prata SAE 52100 | Barras Redondas Retificadas<\/strong><\/h4>\n<p>A aplica\u00e7\u00e3o do A\u00e7o Prata SAE 52100 \u00e9 restrita a temperatura at\u00e9 150 \u00baC, acima dessa temperatura, diminui a dureza &#8211; portanto \u00e9 um a\u00e7o de <a title=\"Ligas Para Trabalho \u00e0 Frio\" href=\"http:\/\/www.aco.com.br\/acos\/acos-especiais\/trabalho-a-frio\/\"><strong>Trabalho \u00e0 Frio<\/strong> (saiba mais)<\/a>. O <strong>A\u00e7o 52100<\/strong> \u00e9 de alta dureza, m\u00e1 soldabilidade e tem alta resist\u00eancia ao desgaste na condi\u00e7\u00e3o de <a title=\"Ligas Para Beneficiamento\" href=\"http:\/\/www.aco.com.br\/acos\/acos-especiais\/ligas-para-beneficiamento\/\"><strong>barras beneficiadas<\/strong><\/a>.<\/p>\n<h2>A\u00e7os Roman | Distribuidora de A\u00e7o SAE-52100 de S\u00e3o Paulo para todo Brasil<\/h2>\n<table class=\"tabela-acosroman\">\n<thead>\n<tr>\n<td><img loading=\"lazy\" decoding=\"async\" class=\"alignleft size-full wp-image-1035\" src=\"https:\/\/www.aco.com.br\/wp-content\/uploads\/2019\/02\/acos-roman2-1.png\" alt=\"A\u00e7os Roman - A\u00e7os Especiais\" width=\"153\" height=\"75\" \/><\/td>\n<th>\n<h4>SAE 52100<\/h4>\n<p>Componentes Qu\u00edmicos do A\u00c7O<br \/>\n<a title=\"An\u00e1lise Qu\u00edmica - LabMetal\" href=\"http:\/\/www.aco.com.br\/aco\/espectrometria-de-emissao-otica-analise-quimica-do-aco\/\"><span style=\"font-size: 0.8; color: #aaa; text-transform: none; font-weight: light;\">An\u00e1lise Qu\u00edmica &#8211; Labmetal A.R.<\/span><\/a><\/th>\n<\/tr>\n<\/thead>\n<tbody>\n<tr>\n<th>Carbono (C)<\/th>\n<td>0.98 &#8211; 1.1 %<\/td>\n<\/tr>\n<tr>\n<th>Cromo (Cr)<\/th>\n<td>1.3 &#8211; 1.6 %<\/td>\n<\/tr>\n<tr>\n<th>Ferro (Fe)<\/th>\n<td>96.5 &#8211; 97.32 %<\/td>\n<\/tr>\n<tr>\n<th>Mangan\u00eas (Mn)<\/th>\n<td>0.25 &#8211; 0.45 %<\/td>\n<\/tr>\n<tr>\n<th>F\u00f3sforo (P)<\/th>\n<td>&lt;= 0.025 %<\/td>\n<\/tr>\n<tr>\n<th>Sil\u00edcio<\/th>\n<td>0.15 &#8211; 0.30 %<\/td>\n<\/tr>\n<tr>\n<th>Enxofre<\/th>\n<td>&lt;= 0.025 %<\/td>\n<\/tr>\n<\/tbody>\n<\/table>\n<div style=\"float: right; width: 50%; padding-top: 12px;\">\n<p style=\"font-size: 11px; text-align: right;\">Marca Villares Metals &#8211; <a href=\"http:\/\/www.villaresmetals.com.br\" target=\"_blank\" rel=\"noopener\"><strong> V C 52<\/strong><\/a><\/p>\n<\/div>\n<div id=\"coreswrap\" style=\"float: left; width: 50%;\">\n<div id=\"coresaco\" style=\"background: red;\">\n<div class=\"metade1\" style=\"background: red;\">.<\/div>\n<\/div>\n<p><b>Cor\/Marca\u00e7\u00e3o<\/b><br \/>\nA\u00e7os Roman<\/p>\n<\/div>\n","protected":false},"featured_media":0,"template":"","meta":{"inline_featured_image":false},"product_brand":[],"product_cat":[17,71,72,73,75,76,74],"product_tag":[95,1021,96,79,78],"class_list":{"0":"post-9982","1":"product","2":"type-product","3":"status-publish","5":"product_cat-especiais","6":"product_cat-aco-ferramenta","7":"product_cat-aco-prata","8":"product_cat-aco-carbono","9":"product_cat-acos-para-rolamentos","10":"product_cat-trabalho-a-frio","11":"product_cat-ligas-para-beneficiamento","12":"product_tag-aco-carbono","13":"product_tag-aco-prtata","14":"product_tag-acos-especiais","15":"product_tag-barras-redondas","16":"product_tag-sae-52100","18":"first","19":"instock","20":"featured","21":"sold-individually","22":"shipping-taxable","23":"product-type-simple"},"aioseo_notices":[],"_links":{"self":[{"href":"https:\/\/aco.com.br\/inicio\/wp-json\/wp\/v2\/product\/9982","targetHints":{"allow":["GET"]}}],"collection":[{"href":"https:\/\/aco.com.br\/inicio\/wp-json\/wp\/v2\/product"}],"about":[{"href":"https:\/\/aco.com.br\/inicio\/wp-json\/wp\/v2\/types\/product"}],"wp:attachment":[{"href":"https:\/\/aco.com.br\/inicio\/wp-json\/wp\/v2\/media?parent=9982"}],"wp:term":[{"taxonomy":"product_brand","embeddable":true,"href":"https:\/\/aco.com.br\/inicio\/wp-json\/wp\/v2\/product_brand?post=9982"},{"taxonomy":"product_cat","embeddable":true,"href":"https:\/\/aco.com.br\/inicio\/wp-json\/wp\/v2\/product_cat?post=9982"},{"taxonomy":"product_tag","embeddable":true,"href":"https:\/\/aco.com.br\/inicio\/wp-json\/wp\/v2\/product_tag?post=9982"}],"curies":[{"name":"wp","href":"https:\/\/api.w.org\/{rel}","templated":true}]}}