{"id":4260,"date":"2019-07-15T18:33:42","date_gmt":"2019-07-15T18:33:42","guid":{"rendered":"https:\/\/aco.com.br\/?post_type=product&#038;p=4260"},"modified":"2019-07-16T15:02:02","modified_gmt":"2019-07-16T15:02:02","slug":"rolamentos-de-fusos","status":"publish","type":"product","link":"https:\/\/aco.com.br\/inicio\/aco\/rolamentos-de-fusos\/","title":{"rendered":"Rolamentos de Fusos de Esferas"},"content":{"rendered":"<blockquote><p><strong><em>O recondicionamento propicia<\/em><\/strong>\u00a0<strong><em>\u201ceconomia de at\u00e9 70% do valor de pe\u00e7a nova e vida \u00fatil igual ou superior se feita manuten\u00e7\u00e3o preventiva\u201d.<\/em><\/strong><\/p><\/blockquote>\n<p><strong>\u00a0<\/strong><strong>Localizada na zona Oeste da capital paulista, a empresa conta em seu parque fabril\u00a0<\/strong>com fresas automatizadas, tornos CNC e tornos mec\u00e2nicos de grande porte (at\u00e9 1.600 mm)<strong>voltados para a fabrica\u00e7\u00e3o de rolamentos, de pe\u00e7as usinadas especiais, al\u00e9m da reforma e recondicionamento de rolamentos dos mais variados tamanhos e tipos:<\/strong><strong><em>\u00a0<\/em><\/strong><\/p>\n<table>\n<tbody>\n<tr>\n<td>\n<ul>\n<li>Axiais,<\/li>\n<li>Radiais,<\/li>\n<li>Engrenados,<\/li>\n<li>Autocompensadores,<\/li>\n<\/ul>\n<\/td>\n<td>\n<ul>\n<li>Compensadores de Rolo,<\/li>\n<li>Compensadores de Esferas,<\/li>\n<li>Roletes da coroa de giro de escavadeira,<\/li>\n<li>Mancais e Suportes para Rolamentos;<\/li>\n<\/ul>\n<\/td>\n<\/tr>\n<\/tbody>\n<\/table>\n<p><strong>Sendo os rolamentos as articula\u00e7\u00f5es mec\u00e2nicas,\u00a0<\/strong>ou seja, uma das partes mais importantes para o funcionamento mec\u00e2nico de toda linha de produ\u00e7\u00e3o ou equipamento motor e\/ou rotor, pois\u00a0<strong>quase 100% da ind\u00fastria mundial moderna funciona com equipamentos que requerem giros\u00a0<\/strong>(de carros e caminh\u00f5es \u00e0 turbinas de avi\u00f5es, e at\u00e9 em sistemas de ponta, criados para energia renov\u00e1vel).<\/p>\n<p><img loading=\"lazy\" decoding=\"async\" class=\"alignnone size-full wp-image-3639\" src=\"https:\/\/aco.com.br\/wp-content\/uploads\/2019\/06\/rolamentos-21-1.jpg\" alt=\"\" width=\"1854\" height=\"519\" srcset=\"https:\/\/aco.com.br\/wp-content\/uploads\/2019\/06\/rolamentos-21-1.jpg 1854w, https:\/\/aco.com.br\/wp-content\/uploads\/2019\/06\/rolamentos-21-1-800x224.jpg 800w, https:\/\/aco.com.br\/wp-content\/uploads\/2019\/06\/rolamentos-21-1-768x215.jpg 768w, https:\/\/aco.com.br\/wp-content\/uploads\/2019\/06\/rolamentos-21-1-1400x392.jpg 1400w, https:\/\/aco.com.br\/wp-content\/uploads\/2019\/06\/rolamentos-21-1-900x252.jpg 900w\" sizes=\"auto, (max-width: 1854px) 100vw, 1854px\" \/><\/p>\n<p>Dizem que as crises trazem oportunidades. E a\u00a0<strong>A\u00e7os Roman<\/strong>\u00a0soube aproveit\u00e1-las. No in\u00edcio dos anos 2000, nossa empresa \u2013 que est\u00e1 h\u00e1 mais de 60 anos no mercado de produtos sider\u00fargicos \u2013 investe em equipamentos de usinagem e metalografia para ampliar o leque de servi\u00e7os prestados ao mercado.<\/p>\n<h2><strong>Rolamentos Especiais<\/strong><\/h2>\n<p>O novo servi\u00e7o deu origem a uma empresa,\u00a0<strong>a AR Rolamentos.<\/strong>\u00a0A princ\u00edpio, o foco era a usinagem de rolamentos m\u00e9dios, para maquin\u00e1rios industriais. Por\u00e9m, a pr\u00f3pria demanda interna levou a empresa a se especializar na reforma e recondicionamento dessas pe\u00e7as.\u00a0<strong>Nossa empresa, garantindo qualidade atrav\u00e9s do laborat\u00f3rio metalogr\u00e1fico, aliada \u00e0 capacidade de usinagem, levou a empresa para outro patamar.<\/strong><\/p>\n<p>E visando ainda mais upgrades \u2013 de acordo com a empresa, \u201co elevado custo dos rolamentos importados e nossa extrema aten\u00e7\u00e3o aos detalhes t\u00e9cnicos de cada projeto abriu portas para o surgimento do mercado de reformas\u201d.<\/p>\n<p><strong>\u00a0<\/strong><em>Sendo assim, \u201ca revis\u00e3o e redirecionamento de pe\u00e7as para reforma e manuten\u00e7\u00e3o preventiva de acidentes e travas em m\u00e1quinas e linhas de produ\u00e7\u00e3o pode salvar muito tempo e dinheiro,\u00a0<strong>tanto em ind\u00fastrias automobil\u00edsticas e sider\u00fargicas<\/strong>\u00a0(linhas de montagem, usinagem, cortes, tornos, pontes rolantes)\u00a0<strong>quanto em opera\u00e7\u00f5es de construtoras e mineradoras<\/strong>\u00a0(escavadeiras, tratores, guindastes, betoneiras, caminh\u00f5es de grande porte) ,\u00a0<strong>e at\u00e9 mesmo em m\u00e1quinas menores utilizadas em excesso di\u00e1rio,<\/strong>como serras, moto serras, britadeiras, cortadores de grama, etc.\u201d<\/em><\/p>\n<p>Segundo a AR Rolamentos, por essas vantagens, tem crescido a demanda por\u00a0<strong><em>reforma e recondicionamento de rolamentos, principalmente entre as empresas dos setores petrol\u00edferos, cimenteiro, de minera\u00e7\u00e3o, de papel e celulose, sider\u00fargico e sucroalcooleiro.<\/em><\/strong><\/p>\n<p><strong>O ideal, aprendido durante anos na A.R. Rolamentos e A\u00e7os Roman, \u00e9 a revis\u00e3o das m\u00e1quinas para preven\u00e7\u00e3o de quebras de pe\u00e7as. Portanto\u00a0<a href=\"https:\/\/aco.com.br\/contato\">entre em contato<\/a>\u00a0para solicitar uma visita t\u00e9cnica de nossa equipe de engenharia especializada!<\/strong><\/p>\n","protected":false},"excerpt":{"rendered":"<p><img loading=\"lazy\" decoding=\"async\" class=\"alignnone wp-image-4272\" src=\"https:\/\/aco.com.br\/wp-content\/uploads\/2019\/07\/Fuso-de-esfera-reforma-fabrica\u00e7\u00e3o.jpg\" alt=\"Fuso-de-esfera-reforma-fabrica\u00e7\u00e3o\" width=\"323\" height=\"323\" srcset=\"https:\/\/aco.com.br\/wp-content\/uploads\/2019\/07\/Fuso-de-esfera-reforma-fabrica\u00e7\u00e3o.jpg 1280w, https:\/\/aco.com.br\/wp-content\/uploads\/2019\/07\/Fuso-de-esfera-reforma-fabrica\u00e7\u00e3o-280x280.jpg 280w, https:\/\/aco.com.br\/wp-content\/uploads\/2019\/07\/Fuso-de-esfera-reforma-fabrica\u00e7\u00e3o-400x400.jpg 400w, https:\/\/aco.com.br\/wp-content\/uploads\/2019\/07\/Fuso-de-esfera-reforma-fabrica\u00e7\u00e3o-768x768.jpg 768w, https:\/\/aco.com.br\/wp-content\/uploads\/2019\/07\/Fuso-de-esfera-reforma-fabrica\u00e7\u00e3o-800x800.jpg 800w, https:\/\/aco.com.br\/wp-content\/uploads\/2019\/07\/Fuso-de-esfera-reforma-fabrica\u00e7\u00e3o-560x560.jpg 560w, https:\/\/aco.com.br\/wp-content\/uploads\/2019\/07\/Fuso-de-esfera-reforma-fabrica\u00e7\u00e3o-297x297.jpg 297w, https:\/\/aco.com.br\/wp-content\/uploads\/2019\/07\/Fuso-de-esfera-reforma-fabrica\u00e7\u00e3o-900x900.jpg 900w, https:\/\/aco.com.br\/wp-content\/uploads\/2019\/07\/Fuso-de-esfera-reforma-fabrica\u00e7\u00e3o-100x100.jpg 100w\" sizes=\"auto, (max-width: 323px) 100vw, 323px\" \/><\/p>\n<h2>Rolamentos de Fusos de Esferas: Reforma &amp; Fabrica\u00e7\u00e3o<\/h2>\n<h3>Dispositivo mec\u00e2nico de deslocamento linear<\/h3>\n<ul>\n<li><strong>Descri\u00e7\u00e3o<\/strong>:<br \/>\nComposto por castanha (tamb\u00e9m chamada de porca) e eixo (tamb\u00e9m chamado de parafuso ou broca), tem um design eficiente para o giro e reposicionamento das esferas. A castanha pode ser m\u00f3vel ou fixada.<\/li>\n<li><strong>Vantagens<\/strong>:<br \/>\nEste modelo precisa de menos energia de torque para realizar um acionamento, sendo um item bem econ\u00f4mico neste quesito. Isto se d\u00e1 devido ao modo como ele atua junto das esferas para fusos, que realizam movimentos<br \/>\nadequados no acionamento.<\/li>\n<li><strong>Caracter\u00edsticas t\u00e9cnicas especiais<\/strong>:<br \/>\nO material mais eficiente para ser aplicado como esferas para os rolamentos de fusos s\u00e3o as esferas de a\u00e7o cromo 52100.<\/p>\n<h1 style=\"font-size: 25.92px;\"><img loading=\"lazy\" decoding=\"async\" class=\" wp-image-4261 aligncenter\" src=\"https:\/\/aco.com.br\/wp-content\/uploads\/2019\/07\/fusos.jpg\" alt=\"\" width=\"350\" height=\"227\" srcset=\"https:\/\/aco.com.br\/wp-content\/uploads\/2019\/07\/fusos.jpg 608w, https:\/\/aco.com.br\/wp-content\/uploads\/2019\/07\/fusos-560x363.jpg 560w\" sizes=\"auto, (max-width: 350px) 100vw, 350px\" \/><\/h1>\n<\/li>\n<li><strong>Aplica\u00e7\u00f5es<\/strong>:<br \/>\nO fuso de esfera \u00e9 um item bastante aplicado para realizar o acionamento de diversos equipamentos:* setores automotivos;<br \/>\n* eletr\u00f4nicos;<br \/>\n* agr\u00edcolas;<br \/>\n* gr\u00e1ficos;<br \/>\n* de minera\u00e7\u00e3o;<br \/>\n* gera\u00e7\u00e3o de energia;<br \/>\n* t\u00eaxtil;<\/li>\n<\/ul>\n","protected":false},"featured_media":4272,"template":"","meta":{"inline_featured_image":false},"product_brand":[],"product_cat":[92],"product_tag":[339,606,338],"class_list":{"0":"post-4260","1":"product","2":"type-product","3":"status-publish","4":"has-post-thumbnail","6":"product_cat-rolamentos","7":"product_tag-fabricacao","8":"product_tag-fusos-de-esferas","9":"product_tag-reforma","11":"first","12":"instock","13":"sold-individually","14":"shipping-taxable","15":"product-type-simple"},"aioseo_notices":[],"_links":{"self":[{"href":"https:\/\/aco.com.br\/inicio\/wp-json\/wp\/v2\/product\/4260","targetHints":{"allow":["GET"]}}],"collection":[{"href":"https:\/\/aco.com.br\/inicio\/wp-json\/wp\/v2\/product"}],"about":[{"href":"https:\/\/aco.com.br\/inicio\/wp-json\/wp\/v2\/types\/product"}],"wp:featuredmedia":[{"embeddable":true,"href":"https:\/\/aco.com.br\/inicio\/wp-json\/wp\/v2\/media\/4272"}],"wp:attachment":[{"href":"https:\/\/aco.com.br\/inicio\/wp-json\/wp\/v2\/media?parent=4260"}],"wp:term":[{"taxonomy":"product_brand","embeddable":true,"href":"https:\/\/aco.com.br\/inicio\/wp-json\/wp\/v2\/product_brand?post=4260"},{"taxonomy":"product_cat","embeddable":true,"href":"https:\/\/aco.com.br\/inicio\/wp-json\/wp\/v2\/product_cat?post=4260"},{"taxonomy":"product_tag","embeddable":true,"href":"https:\/\/aco.com.br\/inicio\/wp-json\/wp\/v2\/product_tag?post=4260"}],"curies":[{"name":"wp","href":"https:\/\/api.w.org\/{rel}","templated":true}]}}