{"id":4255,"date":"2019-07-15T15:15:16","date_gmt":"2019-07-15T15:15:16","guid":{"rendered":"https:\/\/aco.com.br\/?post_type=product&#038;p=4255"},"modified":"2019-07-16T15:04:43","modified_gmt":"2019-07-16T15:04:43","slug":"mancais-rotulas-e-terminais-rotulares","status":"publish","type":"product","link":"https:\/\/aco.com.br\/inicio\/aco\/mancais-rotulas-e-terminais-rotulares\/","title":{"rendered":"Mancais, R\u00f3tulas E Terminais Rotulares"},"content":{"rendered":"<blockquote><p><strong><em>O recondicionamento propicia<\/em><\/strong>\u00a0<strong><em>\u201ceconomia de at\u00e9 70% do valor de pe\u00e7a nova e vida \u00fatil igual ou superior se feita manuten\u00e7\u00e3o preventiva\u201d.<\/em><\/strong><\/p><\/blockquote>\n<p><strong>\u00a0<\/strong><strong>Localizada na zona Oeste da capital paulista, a empresa conta em seu parque fabril\u00a0<\/strong>com fresas automatizadas, tornos CNC e tornos mec\u00e2nicos de grande porte (at\u00e9 1.600 mm)<strong>voltados para a fabrica\u00e7\u00e3o de rolamentos, de pe\u00e7as usinadas especiais, al\u00e9m da reforma e recondicionamento de rolamentos dos mais variados tamanhos e tipos:<\/strong><strong><em>\u00a0<\/em><\/strong><\/p>\n<table>\n<tbody>\n<tr>\n<td>\n<ul>\n<li>Axiais,<\/li>\n<li>Radiais,<\/li>\n<li>Engrenados,<\/li>\n<li>Autocompensadores,<\/li>\n<\/ul>\n<\/td>\n<td>\n<ul>\n<li>Compensadores de Rolo,<\/li>\n<li>Compensadores de Esferas,<\/li>\n<li>Roletes da coroa de giro de escavadeira,<\/li>\n<li>Mancais e Suportes para Rolamentos;<\/li>\n<\/ul>\n<\/td>\n<\/tr>\n<\/tbody>\n<\/table>\n<p><strong>Sendo os rolamentos as articula\u00e7\u00f5es mec\u00e2nicas,\u00a0<\/strong>ou seja, uma das partes mais importantes para o funcionamento mec\u00e2nico de toda linha de produ\u00e7\u00e3o ou equipamento motor e\/ou rotor, pois\u00a0<strong>quase 100% da ind\u00fastria mundial moderna funciona com equipamentos que requerem giros\u00a0<\/strong>(de carros e caminh\u00f5es \u00e0 turbinas de avi\u00f5es, e at\u00e9 em sistemas de ponta, criados para energia renov\u00e1vel).<\/p>\n<p><img loading=\"lazy\" decoding=\"async\" class=\"alignnone size-full wp-image-3639\" src=\"https:\/\/aco.com.br\/wp-content\/uploads\/2019\/06\/rolamentos-21-1.jpg\" alt=\"\" width=\"1854\" height=\"519\" srcset=\"https:\/\/aco.com.br\/wp-content\/uploads\/2019\/06\/rolamentos-21-1.jpg 1854w, https:\/\/aco.com.br\/wp-content\/uploads\/2019\/06\/rolamentos-21-1-800x224.jpg 800w, https:\/\/aco.com.br\/wp-content\/uploads\/2019\/06\/rolamentos-21-1-768x215.jpg 768w, https:\/\/aco.com.br\/wp-content\/uploads\/2019\/06\/rolamentos-21-1-1400x392.jpg 1400w, https:\/\/aco.com.br\/wp-content\/uploads\/2019\/06\/rolamentos-21-1-900x252.jpg 900w\" sizes=\"auto, (max-width: 1854px) 100vw, 1854px\" \/><\/p>\n<p>Dizem que as crises trazem oportunidades. E a\u00a0<strong>A\u00e7os Roman<\/strong>\u00a0soube aproveit\u00e1-las. No in\u00edcio dos anos 2000, nossa empresa \u2013 que est\u00e1 h\u00e1 mais de 60 anos no mercado de produtos sider\u00fargicos \u2013 investe em equipamentos de usinagem e metalografia para ampliar o leque de servi\u00e7os prestados ao mercado.<\/p>\n<h2><strong>Rolamentos Especiais<\/strong><\/h2>\n<p>O novo servi\u00e7o deu origem a uma empresa,\u00a0<strong>a AR Rolamentos.<\/strong>\u00a0A princ\u00edpio, o foco era a usinagem de rolamentos m\u00e9dios, para maquin\u00e1rios industriais. Por\u00e9m, a pr\u00f3pria demanda interna levou a empresa a se especializar na reforma e recondicionamento dessas pe\u00e7as.\u00a0<strong>Nossa empresa, garantindo qualidade atrav\u00e9s do laborat\u00f3rio metalogr\u00e1fico, aliada \u00e0 capacidade de usinagem, levou a empresa para outro patamar.<\/strong><\/p>\n<p>E visando ainda mais upgrades \u2013 de acordo com a empresa, \u201co elevado custo dos rolamentos importados e nossa extrema aten\u00e7\u00e3o aos detalhes t\u00e9cnicos de cada projeto abriu portas para o surgimento do mercado de reformas\u201d.<\/p>\n<p><strong>\u00a0<\/strong><em>Sendo assim, \u201ca revis\u00e3o e redirecionamento de pe\u00e7as para reforma e manuten\u00e7\u00e3o preventiva de acidentes e travas em m\u00e1quinas e linhas de produ\u00e7\u00e3o pode salvar muito tempo e dinheiro,\u00a0<strong>tanto em ind\u00fastrias automobil\u00edsticas e sider\u00fargicas<\/strong>\u00a0(linhas de montagem, usinagem, cortes, tornos, pontes rolantes)\u00a0<strong>quanto em opera\u00e7\u00f5es de construtoras e mineradoras<\/strong>\u00a0(escavadeiras, tratores, guindastes, betoneiras, caminh\u00f5es de grande porte) ,\u00a0<strong>e at\u00e9 mesmo em m\u00e1quinas menores utilizadas em excesso di\u00e1rio,<\/strong>como serras, moto serras, britadeiras, cortadores de grama, etc.\u201d<\/em><\/p>\n<p>Segundo a AR Rolamentos, por essas vantagens, tem crescido a demanda por\u00a0<strong><em>reforma e recondicionamento de rolamentos, principalmente entre as empresas dos setores petrol\u00edferos, cimenteiro, de minera\u00e7\u00e3o, de papel e celulose, sider\u00fargico e sucroalcooleiro.<\/em><\/strong><\/p>\n<p><strong>O ideal, aprendido durante anos na A.R. Rolamentos e A\u00e7os Roman, \u00e9 a revis\u00e3o das m\u00e1quinas para preven\u00e7\u00e3o de quebras de pe\u00e7as. Portanto\u00a0<a href=\"https:\/\/aco.com.br\/contato\">entre em contato<\/a>\u00a0para solicitar uma visita t\u00e9cnica de nossa equipe de engenharia especializada!<\/strong><\/p>\n<p>&nbsp;<\/p>\n","protected":false},"excerpt":{"rendered":"<p><img loading=\"lazy\" decoding=\"async\" class=\"alignnone wp-image-4273\" src=\"https:\/\/aco.com.br\/wp-content\/uploads\/2019\/07\/macais-mancal-rotula-terminais-rotulares-reforma-fabricacao-preco.jpg\" alt=\"\" width=\"344\" height=\"344\" srcset=\"https:\/\/aco.com.br\/wp-content\/uploads\/2019\/07\/macais-mancal-rotula-terminais-rotulares-reforma-fabricacao-preco.jpg 1280w, https:\/\/aco.com.br\/wp-content\/uploads\/2019\/07\/macais-mancal-rotula-terminais-rotulares-reforma-fabricacao-preco-280x280.jpg 280w, https:\/\/aco.com.br\/wp-content\/uploads\/2019\/07\/macais-mancal-rotula-terminais-rotulares-reforma-fabricacao-preco-400x400.jpg 400w, https:\/\/aco.com.br\/wp-content\/uploads\/2019\/07\/macais-mancal-rotula-terminais-rotulares-reforma-fabricacao-preco-768x768.jpg 768w, https:\/\/aco.com.br\/wp-content\/uploads\/2019\/07\/macais-mancal-rotula-terminais-rotulares-reforma-fabricacao-preco-800x800.jpg 800w, https:\/\/aco.com.br\/wp-content\/uploads\/2019\/07\/macais-mancal-rotula-terminais-rotulares-reforma-fabricacao-preco-560x560.jpg 560w, https:\/\/aco.com.br\/wp-content\/uploads\/2019\/07\/macais-mancal-rotula-terminais-rotulares-reforma-fabricacao-preco-297x297.jpg 297w, https:\/\/aco.com.br\/wp-content\/uploads\/2019\/07\/macais-mancal-rotula-terminais-rotulares-reforma-fabricacao-preco-900x900.jpg 900w, https:\/\/aco.com.br\/wp-content\/uploads\/2019\/07\/macais-mancal-rotula-terminais-rotulares-reforma-fabricacao-preco-100x100.jpg 100w\" sizes=\"auto, (max-width: 344px) 100vw, 344px\" \/><\/p>\n<h1>Mancais<\/h1>\n<p><strong>Mancal ou Mancais de Rolamento(s):<\/strong><br \/>\nEntre o mancal e o eixo \u00e9 instalado o rolamento. Dentro destes mancais existem <strong>Monoblocos e Bipartidos<\/strong>, no segundo a instala\u00e7\u00e3o do rolamento deve preceder a finaliza\u00e7\u00e3o da pe\u00e7a total, sendo inserido e acoplado para depois ser instalado como um mecanismo completo.<\/p>\n<p>A <strong>A.R. Rolamentos<\/strong> fornece <strong>Mancais<\/strong> levando em conta as\u00a0considera\u00e7\u00f5es mais importantes, s\u00e3o estas:<\/p>\n<ul>\n<li>Formato,<\/li>\n<li><em>Encaixe,<\/em><\/li>\n<li><strong>Manuten\u00e7\u00e3o,<\/strong><\/li>\n<li>Op\u00e7\u00f5es de veda\u00e7\u00e3o,<\/li>\n<li><em>Tipos de\u00a0lubrificantes,<\/em><\/li>\n<li><strong>Materiais tratados termicamente,<\/strong><\/li>\n<li>Usinados,<\/li>\n<li><em>E a <a href=\"https:\/\/aco.com.br\/blog\/caderno-tecnico\/tribologia-o-que-e\/\">Tribologia<\/a>\u00a0&#8211; levando em conta quais ser\u00e3o as temperaturas e rpm&#8217;s durante as opera\u00e7\u00f5es.<\/em><\/li>\n<\/ul>\n<p><strong>Para que servem os Mancais:<\/strong><\/p>\n<p>\u2013 Segurar o rolamento e permitir o funcionamento ideal<br \/>\n\u2013 Prote\u00e7\u00e3o contra contaminantes<br \/>\n\u2013 Impedir a vaz\u00e3o do lubrificante e acomodar auto-lubrificantes<br \/>\n\u2013 Possivelmente acoplado a sistemas de monitoramento<br \/>\n\u2013 Maximiza\u00e7\u00e3o da vida \u00fatil dos rolamentos<\/p>\n<h1>R\u00f3tulas E Terminais Rotulares<\/h1>\n<p><span style=\"font-size: 14.4px;\">As R\u00f3tulas dos Terminais Rotulares s\u00e3o compostas por an\u00e9is internos e\u00a0<\/span><span style=\"font-size: 14.4px;\">externos, com as partes interiores esf\u00e9ricas, que facilitam\u00a0<\/span><span style=\"font-size: 14.4px;\">baixas rota\u00e7\u00f5es com\u00a0<\/span>movimentos. Terminais rotulares, s\u00e3o chamados tamb\u00e9m de <em>cabe\u00e7a de\u00a0<\/em><em>articula\u00e7\u00e3o<\/em>, por conter hastes roscadas interna ou externamente (macho ou f\u00eamea).<\/p>\n<p><img loading=\"lazy\" decoding=\"async\" class=\" wp-image-4256 alignleft\" src=\"https:\/\/aco.com.br\/wp-content\/uploads\/2019\/07\/man.png\" alt=\"\" width=\"166\" height=\"166\" srcset=\"https:\/\/aco.com.br\/wp-content\/uploads\/2019\/07\/man.png 236w, https:\/\/aco.com.br\/wp-content\/uploads\/2019\/07\/man-100x100.png 100w\" sizes=\"auto, (max-width: 166px) 100vw, 166px\" \/><img loading=\"lazy\" decoding=\"async\" class=\"wp-image-4258 alignleft\" style=\"font-size: 14.4px;\" src=\"https:\/\/aco.com.br\/wp-content\/uploads\/2019\/07\/t1.jpg\" alt=\"\" width=\"198\" height=\"171\" srcset=\"https:\/\/aco.com.br\/wp-content\/uploads\/2019\/07\/t1.jpg 555w, https:\/\/aco.com.br\/wp-content\/uploads\/2019\/07\/t1-463x400.jpg 463w\" sizes=\"auto, (max-width: 198px) 100vw, 198px\" \/><img loading=\"lazy\" decoding=\"async\" class=\"wp-image-4259 alignleft\" style=\"color: #555555; font-size: 14.4px;\" src=\"https:\/\/aco.com.br\/wp-content\/uploads\/2019\/07\/t2-1.jpg\" alt=\"\" width=\"162\" height=\"162\" srcset=\"https:\/\/aco.com.br\/wp-content\/uploads\/2019\/07\/t2-1.jpg 300w, https:\/\/aco.com.br\/wp-content\/uploads\/2019\/07\/t2-1-280x280.jpg 280w, https:\/\/aco.com.br\/wp-content\/uploads\/2019\/07\/t2-1-297x297.jpg 297w, https:\/\/aco.com.br\/wp-content\/uploads\/2019\/07\/t2-1-100x100.jpg 100w\" sizes=\"auto, (max-width: 162px) 100vw, 162px\" \/><\/p>\n<p>&nbsp;<\/p>\n","protected":false},"featured_media":4273,"template":"","meta":{"inline_featured_image":false},"product_brand":[],"product_cat":[92],"product_tag":[610,609,350,607,608,611],"class_list":{"0":"post-4255","1":"product","2":"type-product","3":"status-publish","4":"has-post-thumbnail","6":"product_cat-rolamentos","7":"product_tag-mancais","8":"product_tag-mancal","9":"product_tag-rotula","10":"product_tag-rotulas","11":"product_tag-terminais-rotulares","12":"product_tag-terminal-rotular","14":"first","15":"instock","16":"sold-individually","17":"shipping-taxable","18":"product-type-simple"},"aioseo_notices":[],"_links":{"self":[{"href":"https:\/\/aco.com.br\/inicio\/wp-json\/wp\/v2\/product\/4255","targetHints":{"allow":["GET"]}}],"collection":[{"href":"https:\/\/aco.com.br\/inicio\/wp-json\/wp\/v2\/product"}],"about":[{"href":"https:\/\/aco.com.br\/inicio\/wp-json\/wp\/v2\/types\/product"}],"wp:featuredmedia":[{"embeddable":true,"href":"https:\/\/aco.com.br\/inicio\/wp-json\/wp\/v2\/media\/4273"}],"wp:attachment":[{"href":"https:\/\/aco.com.br\/inicio\/wp-json\/wp\/v2\/media?parent=4255"}],"wp:term":[{"taxonomy":"product_brand","embeddable":true,"href":"https:\/\/aco.com.br\/inicio\/wp-json\/wp\/v2\/product_brand?post=4255"},{"taxonomy":"product_cat","embeddable":true,"href":"https:\/\/aco.com.br\/inicio\/wp-json\/wp\/v2\/product_cat?post=4255"},{"taxonomy":"product_tag","embeddable":true,"href":"https:\/\/aco.com.br\/inicio\/wp-json\/wp\/v2\/product_tag?post=4255"}],"curies":[{"name":"wp","href":"https:\/\/api.w.org\/{rel}","templated":true}]}}