{"id":3537,"date":"2019-06-14T17:09:26","date_gmt":"2019-06-14T17:09:26","guid":{"rendered":"https:\/\/aco.com.br\/?post_type=product&#038;p=3537"},"modified":"2019-07-12T19:15:31","modified_gmt":"2019-07-12T19:15:31","slug":"rolamento-capa-cone-moinho-vertical","status":"publish","type":"product","link":"https:\/\/aco.com.br\/inicio\/aco\/rolamento-capa-cone-moinho-vertical\/","title":{"rendered":"Rolamento Capa-Cone &#8211; Moinho Vertical (Cimenteira) &#8211; Reforma &#038; Fabrica\u00e7\u00e3o"},"content":{"rendered":"<p><img loading=\"lazy\" decoding=\"async\" class=\"alignnone size-full wp-image-3501\" src=\"https:\/\/aco.com.br\/wp-content\/uploads\/2019\/06\/ar-rolamentos-reforma-recondicionamento-fabricante-importacao-importadora-empresa-sao-paulo-sp.jpg\" alt=\"ar-rolamentos-reforma-recondicionamento-fabricante-importacao-importadora-empresa-sao-paulo-sp\" width=\"1280\" height=\"529\" srcset=\"https:\/\/aco.com.br\/wp-content\/uploads\/2019\/06\/ar-rolamentos-reforma-recondicionamento-fabricante-importacao-importadora-empresa-sao-paulo-sp.jpg 1280w, https:\/\/aco.com.br\/wp-content\/uploads\/2019\/06\/ar-rolamentos-reforma-recondicionamento-fabricante-importacao-importadora-empresa-sao-paulo-sp-800x331.jpg 800w, https:\/\/aco.com.br\/wp-content\/uploads\/2019\/06\/ar-rolamentos-reforma-recondicionamento-fabricante-importacao-importadora-empresa-sao-paulo-sp-768x317.jpg 768w, https:\/\/aco.com.br\/wp-content\/uploads\/2019\/06\/ar-rolamentos-reforma-recondicionamento-fabricante-importacao-importadora-empresa-sao-paulo-sp-900x372.jpg 900w\" sizes=\"auto, (max-width: 1280px) 100vw, 1280px\" \/><\/p>\n","protected":false},"excerpt":{"rendered":"<h2>Reforma, Fabrica\u00e7\u00e3o &amp; Importa\u00e7\u00e3o de\u00a0Rolamentos Especiais<\/h2>\n<p>Os rolamentos de rolos c\u00f4nicos podem suportar altas cargas axiais, e radiais e axiais combinadas quando as axiais s\u00e3o as predominantes. Eles t\u00eam uma ampla gama de velocidades e s\u00e3o eficientes em suportar for\u00e7as e garantir um sistema de orienta\u00e7\u00e3o de eixo r\u00edgido e preciso devido \u00e0 grande dist\u00e2ncia efetiva entre os rolamentos. Os rolamentos de rolos c\u00f4nicos podem ser ajustados e desmontados, o que facilita a montagem.<\/p>\n<p>Numerosas s\u00e9ries de rolamentos de rolos c\u00f4nicos est\u00e3o dispon\u00edveis em qualidade do Grupo A.R. Para atender aos requisitos do mercado e das m\u00e1quinas, na geometria, superf\u00edcie, precis\u00e3o dimensional e de giro e o processo de tratamento de material e calor foram otimizados. Os rolamentos de rolos c\u00f4nicos em qualidade aumentam a efici\u00eancia geral de suas m\u00e1quinas e equipamentos.<\/p>\n","protected":false},"featured_media":3538,"template":"","meta":{"inline_featured_image":false},"product_brand":[],"product_cat":[92],"product_tag":[360,361,340,362,338,341,342,347,350],"class_list":{"0":"post-3537","1":"product","2":"type-product","3":"status-publish","4":"has-post-thumbnail","6":"product_cat-rolamentos","7":"product_tag-axial","8":"product_tag-guindastes","9":"product_tag-importacao","10":"product_tag-prensas","11":"product_tag-reforma","12":"product_tag-rolamento","13":"product_tag-rolamentos","14":"product_tag-rolete","15":"product_tag-rotula","17":"first","18":"instock","19":"sold-individually","20":"shipping-taxable","21":"product-type-simple"},"aioseo_notices":[],"_links":{"self":[{"href":"https:\/\/aco.com.br\/inicio\/wp-json\/wp\/v2\/product\/3537","targetHints":{"allow":["GET"]}}],"collection":[{"href":"https:\/\/aco.com.br\/inicio\/wp-json\/wp\/v2\/product"}],"about":[{"href":"https:\/\/aco.com.br\/inicio\/wp-json\/wp\/v2\/types\/product"}],"wp:featuredmedia":[{"embeddable":true,"href":"https:\/\/aco.com.br\/inicio\/wp-json\/wp\/v2\/media\/3538"}],"wp:attachment":[{"href":"https:\/\/aco.com.br\/inicio\/wp-json\/wp\/v2\/media?parent=3537"}],"wp:term":[{"taxonomy":"product_brand","embeddable":true,"href":"https:\/\/aco.com.br\/inicio\/wp-json\/wp\/v2\/product_brand?post=3537"},{"taxonomy":"product_cat","embeddable":true,"href":"https:\/\/aco.com.br\/inicio\/wp-json\/wp\/v2\/product_cat?post=3537"},{"taxonomy":"product_tag","embeddable":true,"href":"https:\/\/aco.com.br\/inicio\/wp-json\/wp\/v2\/product_tag?post=3537"}],"curies":[{"name":"wp","href":"https:\/\/api.w.org\/{rel}","templated":true}]}}