{"id":3531,"date":"2019-06-14T16:32:03","date_gmt":"2019-06-14T16:32:03","guid":{"rendered":"https:\/\/aco.com.br\/?post_type=product&#038;p=3531"},"modified":"2019-07-15T14:10:49","modified_gmt":"2019-07-15T14:10:49","slug":"rolamento-gaiola-rolete-agulha","status":"publish","type":"product","link":"https:\/\/aco.com.br\/inicio\/aco\/rolamento-gaiola-rolete-agulha\/","title":{"rendered":"Rolamento Gaiola &#8211; Rolete &#038; Agulha"},"content":{"rendered":"<p><img loading=\"lazy\" decoding=\"async\" class=\"wp-image-3517 alignnone\" src=\"https:\/\/aco.com.br\/wp-content\/uploads\/2019\/06\/gaiola.jpg\" alt=\"Rolamento Gaiola:\u00a0\" width=\"598\" height=\"598\" srcset=\"https:\/\/aco.com.br\/wp-content\/uploads\/2019\/06\/gaiola.jpg 1280w, https:\/\/aco.com.br\/wp-content\/uploads\/2019\/06\/gaiola-280x280.jpg 280w, https:\/\/aco.com.br\/wp-content\/uploads\/2019\/06\/gaiola-400x400.jpg 400w, https:\/\/aco.com.br\/wp-content\/uploads\/2019\/06\/gaiola-768x768.jpg 768w, https:\/\/aco.com.br\/wp-content\/uploads\/2019\/06\/gaiola-800x800.jpg 800w, https:\/\/aco.com.br\/wp-content\/uploads\/2019\/06\/gaiola-297x297.jpg 297w, https:\/\/aco.com.br\/wp-content\/uploads\/2019\/06\/gaiola-900x900.jpg 900w, https:\/\/aco.com.br\/wp-content\/uploads\/2019\/06\/gaiola-100x100.jpg 100w\" sizes=\"auto, (max-width: 598px) 100vw, 598px\" \/><\/p>\n<blockquote>\n<p style=\"text-align: left;\"><strong><em>O recondicionamento propicia<\/em><\/strong> <strong><em>\u201ceconomia de at\u00e9 70% do valor de pe\u00e7a nova e vida \u00fatil igual ou superior se feita manuten\u00e7\u00e3o preventiva\u201d.<\/em><\/strong><\/p>\n<\/blockquote>\n<p><strong>\u00a0<\/strong><strong>Localizada na zona Oeste da capital paulista, a empresa conta em seu parque fabril <\/strong>com fresas automatizadas, tornos CNC e tornos mec\u00e2nicos de grande porte (at\u00e9 1.600 mm)<strong> voltados para a fabrica\u00e7\u00e3o de rolamentos, de pe\u00e7as usinadas especiais, al\u00e9m da reforma e recondicionamento de rolamentos dos mais variados tamanhos e tipos:<\/strong><strong><em>\u00a0<\/em><\/strong><\/p>\n<table>\n<tbody>\n<tr>\n<td>\n<ul>\n<li>Axiais,<\/li>\n<li>Radiais,<\/li>\n<li>Engrenados,<\/li>\n<li>Autocompensadores,<\/li>\n<\/ul>\n<\/td>\n<td>\n<ul>\n<li>Compensadores de Rolo,<\/li>\n<li>Compensadores de Esferas,<\/li>\n<li>Roletes da coroa de giro de escavadeira,<\/li>\n<li>Mancais e Suportes para Rolamentos;<\/li>\n<\/ul>\n<\/td>\n<\/tr>\n<\/tbody>\n<\/table>\n<p><strong>Sendo os rolamentos as articula\u00e7\u00f5es mec\u00e2nicas, <\/strong>ou seja, uma das partes mais importantes para o funcionamento mec\u00e2nico de toda linha de produ\u00e7\u00e3o ou equipamento motor e\/ou rotor, pois <strong>quase 100% da ind\u00fastria mundial moderna funciona com equipamentos que requerem giros <\/strong>(de carros e caminh\u00f5es \u00e0 turbinas de avi\u00f5es, e at\u00e9 em sistemas de ponta, criados para energia renov\u00e1vel).<\/p>\n","protected":false},"excerpt":{"rendered":"<h3>Reforma, Fabrica\u00e7\u00e3o &amp; Importa\u00e7\u00e3o de\u00a0Rolamentos Especiais<\/h3>\n<h1>Rolamento Gaiola &#8211; Rolete &amp; Agulha:<\/h1>\n<ul>\n<li><strong>Descri\u00e7\u00e3o\u00a0<\/strong><\/li>\n<\/ul>\n<p>Os\u00a0<strong>Rolamentos de Gaiola\u00a0<\/strong>S\u00e3o formados por, no m\u00ednimo, dois elementos: <strong>uma gaiola<\/strong> e <strong>v\u00e1rios rolos<\/strong>;<\/p>\n<p>Caracter\u00edstica mais importante \u00e9 uma grande capacidade de suportar cargas muito pesadas e uma dimens\u00e3o reduzida;<\/p>\n<p>Podem ser de uma ou duas filas e os an\u00e9is podem ser finos ou grossos, apenas externos ou externos e internos, ou at\u00e9 mesmo combinados, ou seja, de esferas e agulhas.<\/p>\n<p>Estes como outros rolamentos radiais, podem ser feitos com veda\u00e7\u00f5es incorporadas, rolamentos para aplica\u00e7\u00f5es de vibra\u00e7\u00e3o (colheitadeiras, peneiras, secadores, esteiras, etc).\u00a0Para garantir uma distribui\u00e7\u00e3o de carga uniforme \u00e9 indispens\u00e1vel ter rolos de agulhas de grupo id\u00eantico, tanto em rela\u00e7\u00e3o a dimens\u00f5es quanto a sele\u00e7\u00e3o de rolos;<\/p>\n<ul>\n<li><strong>Vantagens<\/strong><\/li>\n<\/ul>\n<p>Sua principal caracter\u00edstica \u00e9 seu tamanho significativamente reduzido, tornando-os f\u00e1ceis de montar em espa\u00e7os apertados;<br \/>\nPodem suportar cargas pesadas e atingir velocidades de rota\u00e7\u00e3o muito altas;<\/p>\n<ul>\n<li><strong>Rolamento Gaiola:\u00a0\u00a0<\/strong><strong>Caracter\u00edsticas t\u00e9cnicas especiais<\/strong><\/li>\n<\/ul>\n<p>As pistas do eixo e a dureza das pistas da carca\u00e7a devem estar HRC de 58 para 64, visto que uma menor dureza pode reduzir a carga habilidade;<\/p>\n<ul>\n<li><strong>Rolamento Gaiola:\u00a0<\/strong><strong>Aplica\u00e7\u00f5es<\/strong><\/li>\n<\/ul>\n<p>Rolamentos de agulhas podem ser usados em:<\/p>\n<p>* constru\u00e7\u00e3o;<br \/>\n* linhas de montagem;<br \/>\n* ve\u00edculos;<br \/>\n* maquinaria agr\u00edcola;<br \/>\n* m\u00e1quinas de movimenta\u00e7\u00e3o de terra \/ minera\u00e7\u00e3o;<br \/>\n* bombas de \u00e1gua e outros;<br \/>\n* maquinaria industrial, como tornos CNC e pontes rolantes;<br \/>\n* motores el\u00e9tricos, pequenos ou grandes;<br \/>\n* sistemas de abertura autom\u00e1tica;<br \/>\n* equipamentos de usinagem de a\u00e7o, vidro, m\u00e1rmore, madeira;<\/p>\n","protected":false},"featured_media":3517,"template":"","meta":{"inline_featured_image":false},"product_brand":[],"product_cat":[92],"product_tag":[351,359,353,352,358,340,346,338,341,342,347,350],"class_list":{"0":"post-3531","1":"product","2":"type-product","3":"status-publish","4":"has-post-thumbnail","6":"product_cat-rolamentos","7":"product_tag-aco","8":"product_tag-agulha","9":"product_tag-aluminio","10":"product_tag-bronze","11":"product_tag-gaiola","12":"product_tag-importacao","13":"product_tag-radial","14":"product_tag-reforma","15":"product_tag-rolamento","16":"product_tag-rolamentos","17":"product_tag-rolete","18":"product_tag-rotula","20":"first","21":"instock","22":"sold-individually","23":"shipping-taxable","24":"product-type-simple"},"aioseo_notices":[],"_links":{"self":[{"href":"https:\/\/aco.com.br\/inicio\/wp-json\/wp\/v2\/product\/3531","targetHints":{"allow":["GET"]}}],"collection":[{"href":"https:\/\/aco.com.br\/inicio\/wp-json\/wp\/v2\/product"}],"about":[{"href":"https:\/\/aco.com.br\/inicio\/wp-json\/wp\/v2\/types\/product"}],"wp:featuredmedia":[{"embeddable":true,"href":"https:\/\/aco.com.br\/inicio\/wp-json\/wp\/v2\/media\/3517"}],"wp:attachment":[{"href":"https:\/\/aco.com.br\/inicio\/wp-json\/wp\/v2\/media?parent=3531"}],"wp:term":[{"taxonomy":"product_brand","embeddable":true,"href":"https:\/\/aco.com.br\/inicio\/wp-json\/wp\/v2\/product_brand?post=3531"},{"taxonomy":"product_cat","embeddable":true,"href":"https:\/\/aco.com.br\/inicio\/wp-json\/wp\/v2\/product_cat?post=3531"},{"taxonomy":"product_tag","embeddable":true,"href":"https:\/\/aco.com.br\/inicio\/wp-json\/wp\/v2\/product_tag?post=3531"}],"curies":[{"name":"wp","href":"https:\/\/api.w.org\/{rel}","templated":true}]}}