{"id":3510,"date":"2019-06-13T19:21:12","date_gmt":"2019-06-13T19:21:12","guid":{"rendered":"https:\/\/aco.com.br\/?post_type=product&#038;p=3510"},"modified":"2019-08-05T16:37:51","modified_gmt":"2019-08-05T16:37:51","slug":"rolamento-bi-partido-radial-de-roletes","status":"publish","type":"product","link":"https:\/\/aco.com.br\/inicio\/aco\/rolamento-bi-partido-radial-de-roletes\/","title":{"rendered":"Rolamento Bi-Partido Radial de Roletes"},"content":{"rendered":"<p><img loading=\"lazy\" decoding=\"async\" class=\"alignnone size-full wp-image-3501\" src=\"https:\/\/aco.com.br\/wp-content\/uploads\/2019\/06\/ar-rolamentos-reforma-recondicionamento-fabricante-importacao-importadora-empresa-sao-paulo-sp.jpg\" alt=\"ar-rolamentos-reforma-recondicionamento-fabricante-importacao-importadora-empresa-sao-paulo-sp\" width=\"1280\" height=\"529\" srcset=\"https:\/\/aco.com.br\/wp-content\/uploads\/2019\/06\/ar-rolamentos-reforma-recondicionamento-fabricante-importacao-importadora-empresa-sao-paulo-sp.jpg 1280w, https:\/\/aco.com.br\/wp-content\/uploads\/2019\/06\/ar-rolamentos-reforma-recondicionamento-fabricante-importacao-importadora-empresa-sao-paulo-sp-800x331.jpg 800w, https:\/\/aco.com.br\/wp-content\/uploads\/2019\/06\/ar-rolamentos-reforma-recondicionamento-fabricante-importacao-importadora-empresa-sao-paulo-sp-768x317.jpg 768w, https:\/\/aco.com.br\/wp-content\/uploads\/2019\/06\/ar-rolamentos-reforma-recondicionamento-fabricante-importacao-importadora-empresa-sao-paulo-sp-900x372.jpg 900w\" sizes=\"auto, (max-width: 1280px) 100vw, 1280px\" \/><\/p>\n","protected":false},"excerpt":{"rendered":"<h2>Reforma, Fabrica\u00e7\u00e3o &amp; Importa\u00e7\u00e3o de\u00a0Rolamentos Especiais<\/h2>\n<h3>Rolamento Bi-Partido Radial de Roletes<\/h3>\n<h4><strong><strong><strong>Descri\u00e7\u00e3o<\/strong><\/strong><\/strong><\/h4>\n<p>Os Rolamentos Autocompensadores de rolos possuem duas filas de rolos que giram em uma \u00fanica pista esf\u00e9rica\u00a0no anel externo. Os rolamentos autocompensadores de rolos Incluem: rolamentos, rolamentos com veda\u00e7\u00f5es incorporadas, rolamentos para aplica\u00e7\u00f5es de vibra\u00e7\u00e3o (colheitadeiras, peneiras, secadores, esteiras, etc), e tem uma caracter\u00edstica particular que s\u00e3o o formatos dos rolos, mais grossos no centro e mais finos nas extremidades.<\/p>\n<h4><strong><strong><strong>Vantagens<\/strong><\/strong><\/strong><\/h4>\n<p>As pistas do anel interno s\u00e3o auto compensadoras e insens\u00edveis ao desalinhamento do eixo em rela\u00e7\u00e3o ao alojamento, similar a um rolamento rotular, mas sem a necessidade de lubrifica\u00e7\u00e3o peri\u00f3dica t\u00e3o acentuada.<\/p>\n<h4><strong>Caracter\u00edsticas t\u00e9cnicas especiais<\/strong><\/h4>\n<p>Os rolamentos autocompensadores de rolos suportam cargas radiais e axiais em ambas as dire\u00e7\u00f5es. Em particular, eles suportam fortes cargas axiais gra\u00e7as ao seu design interno especial. O \u00e2ngulo de alinhamento (\u00e2ngulo de oscila\u00e7\u00e3o) permitido varia\u00e7\u00f5es de 1 \u00b0 a 10 \u00b0.<\/p>\n<h4><strong><strong><strong>Aplica\u00e7\u00f5es<\/strong><\/strong><\/strong><\/h4>\n<p>Os rolamentos autocompensadores de rolos s\u00e3o usados \u200b\u200bem v\u00e1rias aplica\u00e7\u00f5es, por exemplo:<\/p>\n<p>* constru\u00e7\u00e3o;<br \/>\n* linhas de montagem;<br \/>\n* ve\u00edculos;<br \/>\n* maquinaria agr\u00edcola;<br \/>\n* m\u00e1quinas de movimenta\u00e7\u00e3o de terra \/ minera\u00e7\u00e3o;<br \/>\n* bombas de \u00e1gua e outros;<br \/>\n* maquinaria industrial, como tornos CNC e pontes rolantes;<br \/>\n* motores el\u00e9tricos, pequenos ou grandes;<br \/>\n* sistemas de abertura autom\u00e1tica;<br \/>\n* equipamentos de usinagem de a\u00e7o, vidro, m\u00e1rmore, madeira;<\/p>\n","protected":false},"featured_media":3520,"template":"","meta":{"inline_featured_image":false},"product_brand":[],"product_cat":[92],"product_tag":[345,339,340,346,338,341,342,347],"class_list":{"0":"post-3510","1":"product","2":"type-product","3":"status-publish","4":"has-post-thumbnail","6":"product_cat-rolamentos","7":"product_tag-bi-partido","8":"product_tag-fabricacao","9":"product_tag-importacao","10":"product_tag-radial","11":"product_tag-reforma","12":"product_tag-rolamento","13":"product_tag-rolamentos","14":"product_tag-rolete","16":"first","17":"instock","18":"sold-individually","19":"shipping-taxable","20":"product-type-simple"},"aioseo_notices":[],"_links":{"self":[{"href":"https:\/\/aco.com.br\/inicio\/wp-json\/wp\/v2\/product\/3510","targetHints":{"allow":["GET"]}}],"collection":[{"href":"https:\/\/aco.com.br\/inicio\/wp-json\/wp\/v2\/product"}],"about":[{"href":"https:\/\/aco.com.br\/inicio\/wp-json\/wp\/v2\/types\/product"}],"wp:featuredmedia":[{"embeddable":true,"href":"https:\/\/aco.com.br\/inicio\/wp-json\/wp\/v2\/media\/3520"}],"wp:attachment":[{"href":"https:\/\/aco.com.br\/inicio\/wp-json\/wp\/v2\/media?parent=3510"}],"wp:term":[{"taxonomy":"product_brand","embeddable":true,"href":"https:\/\/aco.com.br\/inicio\/wp-json\/wp\/v2\/product_brand?post=3510"},{"taxonomy":"product_cat","embeddable":true,"href":"https:\/\/aco.com.br\/inicio\/wp-json\/wp\/v2\/product_cat?post=3510"},{"taxonomy":"product_tag","embeddable":true,"href":"https:\/\/aco.com.br\/inicio\/wp-json\/wp\/v2\/product_tag?post=3510"}],"curies":[{"name":"wp","href":"https:\/\/api.w.org\/{rel}","templated":true}]}}