{"id":1506,"date":"2019-03-12T14:26:11","date_gmt":"2019-03-12T14:26:11","guid":{"rendered":"https:\/\/www.aco.com.br\/?post_type=product&#038;p=1506"},"modified":"2019-05-21T18:38:19","modified_gmt":"2019-05-21T18:38:19","slug":"microscopia-otica-olympus-gx71-1-000x-analise-fisica","status":"publish","type":"product","link":"https:\/\/aco.com.br\/inicio\/aco\/microscopia-otica-olympus-gx71-1-000x-analise-fisica\/","title":{"rendered":"Microscopia \u00d3tica &#8211; Olympus GX71 1.000X &#8211; An\u00e1lise F\u00edsica"},"content":{"rendered":"\n\t\t<div class=\"tabbed-content\">\n\t\t\t<h4 class=\"uppercase text-left\">Tipos de Metalografia<\/h4>\n\t\t\t<ul class=\"nav nav-pills nav-uppercase nav-size-normal nav-left\" role=\"tablist\"><li id=\"tab- qualitativa-\" class=\"tab active has-icon\" role=\"presentation\"><a href=\"#tab_ qualitativa-\" role=\"tab\" aria-selected=\"true\" aria-controls=\"tab_ qualitativa-\"><span> Qualitativa <\/span><\/a><\/li>\n<li id=\"tab-quantitativa\" class=\"tab has-icon\" role=\"presentation\"><a href=\"#tab_quantitativa\" tabindex=\"-1\" role=\"tab\" aria-selected=\"false\" aria-controls=\"tab_quantitativa\"><span>Quantitativa<\/span><\/a><\/li><\/ul><div class=\"tab-panels\"><div id=\"tab_ qualitativa-\" class=\"panel active entry-content\" role=\"tabpanel\" aria-labelledby=\"tab- qualitativa-\">\n<h2><b>METALOGRAFIA QUALITATIVA<\/b><\/h2>\n<p><span style=\"font-weight: 400;\">Consiste apenas em observar a microestrutura, determinando-se quais s\u00e3o os microconstituintes que a comp\u00f5e. Os microconstituintes variam de acordo com o tipo de liga analisada e de acordo com os tratamentos t\u00e9rmicos, tratamentos mec\u00e2nicos, processos de fabrica\u00e7\u00e3o e outros processos a que o material haja sido submetido. Para os a\u00e7os, os principais constituintes s\u00e3o :<\/span><\/p>\n<ul>\n<li style=\"font-weight: 400;\"><b>ferrita<\/b><span style=\"font-weight: 400;\">: composta por ferro e baix\u00edssimo teor de carbono;<\/span><\/li>\n<li style=\"font-weight: 400;\"><b>perlita<\/b><span style=\"font-weight: 400;\">: composta por ferro e cerca de 0,8% de carbono;<\/span><\/li>\n<li style=\"font-weight: 400;\"><b>martensita<\/b><span style=\"font-weight: 400;\">: resultante de tratamentos t\u00e9rmicos de t\u00eampera;<\/span><\/li>\n<li style=\"font-weight: 400;\"><b>austenita<\/b><span style=\"font-weight: 400;\">: constituinte b\u00e1sico dos a\u00e7os inoxid\u00e1veis (austen\u00edticos ou austeno-ferr\u00edticos).<\/span><\/li>\n<\/ul>\n<p>&nbsp;<\/p>\n<\/div>\n<div id=\"tab_quantitativa\" class=\"panel entry-content\" role=\"tabpanel\" aria-labelledby=\"tab-quantitativa\">\n<p>&nbsp;<\/p>\n<h2><b>METALOGRAFIA QUANTITATIVA<\/b><\/h2>\n<p><b>O objetivo da metalografia quantitativa \u00e9 determinar o tamanho m\u00e9dio dos gr\u00e3os, a porcentagem de cada fase constituinte do material, a forma e o tipo de inclus\u00f5es n\u00e3o met\u00e1licas, a forma e o tipo da grafite, no caso de ferros fundidos e outros dados espec\u00edficos de cada liga.<\/b><span style=\"font-weight: 400;\"><br \/>\n<\/span><b>Com estes dados, \u00e9 poss\u00edvel identificar uma liga, prever o comportamento mec\u00e2nico e at\u00e9 o m\u00e9todo como o material foi processado.<\/b><\/p>\n<p><span style=\"font-weight: 400;\">Este tipo de an\u00e1lise pode ser feito atrav\u00e9s da observa\u00e7\u00e3o direta da amostra, utilizando uma ocular padronizada, ou de forma experimental.<\/span><\/p>\n<p><span style=\"font-weight: 400;\">Os m\u00e9todos experimentais podem ser utilizados de forma manual e de forma automatizada, atrav\u00e9s de um sistema computadorizado de an\u00e1lise de imagens.<\/span><\/p>\n<\/div><\/div><\/div>\n<a href=\"https:\/\/aco.com.br\/contato\" class=\"button primary is-primary is-medium\"  >\n    <span>Contato<\/span>\n  <\/a>\n\n","protected":false},"excerpt":{"rendered":"<p><b>Para a realiza\u00e7\u00e3o da an\u00e1lise, o plano de interesse da amostra \u00e9 cortado, lixado, polido e atacado com reagente qu\u00edmico<\/b><span style=\"font-weight: 400;\">, de modo a revelar as interfaces entre os diferentes constituintes que comp\u00f5em o metal.<\/span><\/p>\n<p><span style=\"font-weight: 400;\"><a href=\"https:\/\/aco.com.br\/wp-content\/uploads\/2019\/03\/microscopia-otiica.jpg\"><img loading=\"lazy\" decoding=\"async\" class=\"alignnone wp-image-3226 size-full\" src=\"https:\/\/aco.com.br\/wp-content\/uploads\/2019\/03\/microscopia-otiica.jpg\" alt=\"Metalografia\" width=\"1122\" height=\"465\" srcset=\"https:\/\/aco.com.br\/wp-content\/uploads\/2019\/03\/microscopia-otiica.jpg 1122w, https:\/\/aco.com.br\/wp-content\/uploads\/2019\/03\/microscopia-otiica-800x332.jpg 800w, https:\/\/aco.com.br\/wp-content\/uploads\/2019\/03\/microscopia-otiica-768x318.jpg 768w, https:\/\/aco.com.br\/wp-content\/uploads\/2019\/03\/microscopia-otiica-900x373.jpg 900w\" sizes=\"auto, (max-width: 1122px) 100vw, 1122px\" \/><\/a><\/span><\/p>\n<p><span style=\"font-weight: 400;\">Quanto ao tipo de observa\u00e7\u00e3o, est\u00e1 subdividida, basicamente em duas classes:<\/span><\/p>\n<ul>\n<li style=\"font-weight: 400;\"><span style=\"font-weight: 400;\">Microscopia, an\u00e1lise feita em um <\/span><b>MICROSC\u00d3PIO \u00d3PTICO <\/b><span style=\"font-weight: 400;\">com aumentos que normalmente s\u00e3o <\/span><b>50X, 100X, 200X, 500X e 1000X<\/b><span style=\"font-weight: 400;\">.<\/span><\/li>\n<\/ul>\n<p><span style=\"font-weight: 400;\">Este tipo de an\u00e1lise \u00e9 realizada em microsc\u00f3pios espec\u00edficos, conhecidos como &#8220;<strong>microsc\u00f3pios metalogr\u00e1ficos<\/strong>&#8221; ou &#8220;<strong>microsc\u00f3pios metal\u00fargicos<\/strong>&#8220;. Este tipo de microsc\u00f3pio possui um campo focal, que permite a observa\u00e7\u00e3o de superf\u00edcies perfeitamente planas e polidas. Em raz\u00e3o disto, a prepara\u00e7\u00e3o metalogr\u00e1fica tem grande import\u00e2ncia na qualidade de uma an\u00e1lise. Estes microsc\u00f3pios, em geral, possuem sistemas de fotografia integrados: <\/span><\/p>\n<p><b>Atrav\u00e9s das an\u00e1lises microgr\u00e1ficas \u00e9 poss\u00edvel a determina\u00e7\u00e3o de diversas caracter\u00edsticas do material, inclusive a determina\u00e7\u00e3o das causas de fraturas, desgastes prematuros e outros tipos de falhas.<\/b><\/p>\n<a href=\"https:\/\/aco.com.br\/contato\" class=\"button primary is-primary is-medium\"  >\n    <span>Contato<\/span>\n  <\/a>\n\n<p>&nbsp;<\/p>\n","protected":false},"featured_media":1847,"template":"","meta":{"inline_featured_image":false},"product_brand":[],"product_cat":[151],"product_tag":[315,286],"class_list":{"0":"post-1506","1":"product","2":"type-product","3":"status-publish","4":"has-post-thumbnail","6":"product_cat-laboratorio-metalografico","7":"product_tag-analise-metalografica","8":"product_tag-metalografia","10":"first","11":"instock","12":"sold-individually","13":"shipping-taxable","14":"product-type-simple"},"aioseo_notices":[],"_links":{"self":[{"href":"https:\/\/aco.com.br\/inicio\/wp-json\/wp\/v2\/product\/1506","targetHints":{"allow":["GET"]}}],"collection":[{"href":"https:\/\/aco.com.br\/inicio\/wp-json\/wp\/v2\/product"}],"about":[{"href":"https:\/\/aco.com.br\/inicio\/wp-json\/wp\/v2\/types\/product"}],"wp:featuredmedia":[{"embeddable":true,"href":"https:\/\/aco.com.br\/inicio\/wp-json\/wp\/v2\/media\/1847"}],"wp:attachment":[{"href":"https:\/\/aco.com.br\/inicio\/wp-json\/wp\/v2\/media?parent=1506"}],"wp:term":[{"taxonomy":"product_brand","embeddable":true,"href":"https:\/\/aco.com.br\/inicio\/wp-json\/wp\/v2\/product_brand?post=1506"},{"taxonomy":"product_cat","embeddable":true,"href":"https:\/\/aco.com.br\/inicio\/wp-json\/wp\/v2\/product_cat?post=1506"},{"taxonomy":"product_tag","embeddable":true,"href":"https:\/\/aco.com.br\/inicio\/wp-json\/wp\/v2\/product_tag?post=1506"}],"curies":[{"name":"wp","href":"https:\/\/api.w.org\/{rel}","templated":true}]}}