{"id":1505,"date":"2019-03-12T14:19:41","date_gmt":"2019-03-12T14:19:41","guid":{"rendered":"https:\/\/www.aco.com.br\/?post_type=product&#038;p=1505"},"modified":"2019-05-21T18:18:13","modified_gmt":"2019-05-21T18:18:13","slug":"ultrassom-analise-fisica-do-aco","status":"publish","type":"product","link":"https:\/\/aco.com.br\/inicio\/aco\/ultrassom-analise-fisica-do-aco\/","title":{"rendered":"Ultrassom &#8211; An\u00e1lise F\u00edsica do A\u00e7o"},"content":{"rendered":"","protected":false},"excerpt":{"rendered":"<p><b>Assim como uma onda de som ou de luz <\/b><span style=\"font-weight: 400;\">reflete ao incidir em uma superf\u00edcie ou objeto, portanto, <\/span><b>a onda ultrass\u00f4nica refletir\u00e1 ao incidir numa descontinuidade ou falha interna<\/b><span style=\"font-weight: 400;\">, se tratando de um objeto met\u00e1lico, obviamente n\u00e3o-transparente. <\/span><\/p>\n<p><b>Com o uso de equipamentos especiais, \u00e9 poss\u00edvel detectar as reflex\u00f5es do n\u00edvel de microfraturas provenientes do tratamento e da forja de tal a\u00e7o<\/b><span style=\"font-weight: 400;\">, localizando e interpretando as descontinuidades.<\/span><\/p>\n<blockquote><p>Teste de Ultrassom \u00e9 utilizado para descobrir falhas estruturais do a\u00e7o.<\/p><\/blockquote>\n<p><b>O teste ultrass\u00f4nico \u00e9 n\u00e3o-destrutivo,<\/b><span style=\"font-weight: 400;\"> pois \u00e9 feito com o uso de <\/span><b>ondas<\/b><span style=\"font-weight: 400;\"> cin\u00e9ticas (ac\u00fasticas e\/ou mec\u00e2nicas leves para metais), ao contr\u00e1rio da t\u00e9cnica radiogr\u00e1fica, que usa ondas eletromagn\u00e9ticas pesadas (Raio-X) que interferem (nas cadeias moleculares) na estrutura do material. <\/span><\/p>\n","protected":false},"featured_media":2155,"template":"","meta":{"inline_featured_image":false},"product_brand":[],"product_cat":[151],"product_tag":[314,313],"class_list":{"0":"post-1505","1":"product","2":"type-product","3":"status-publish","4":"has-post-thumbnail","6":"product_cat-laboratorio-metalografico","7":"product_tag-analise-de-ultrassom-do-aco","8":"product_tag-ultrassom","10":"first","11":"instock","12":"sold-individually","13":"shipping-taxable","14":"product-type-simple"},"aioseo_notices":[],"_links":{"self":[{"href":"https:\/\/aco.com.br\/inicio\/wp-json\/wp\/v2\/product\/1505","targetHints":{"allow":["GET"]}}],"collection":[{"href":"https:\/\/aco.com.br\/inicio\/wp-json\/wp\/v2\/product"}],"about":[{"href":"https:\/\/aco.com.br\/inicio\/wp-json\/wp\/v2\/types\/product"}],"wp:featuredmedia":[{"embeddable":true,"href":"https:\/\/aco.com.br\/inicio\/wp-json\/wp\/v2\/media\/2155"}],"wp:attachment":[{"href":"https:\/\/aco.com.br\/inicio\/wp-json\/wp\/v2\/media?parent=1505"}],"wp:term":[{"taxonomy":"product_brand","embeddable":true,"href":"https:\/\/aco.com.br\/inicio\/wp-json\/wp\/v2\/product_brand?post=1505"},{"taxonomy":"product_cat","embeddable":true,"href":"https:\/\/aco.com.br\/inicio\/wp-json\/wp\/v2\/product_cat?post=1505"},{"taxonomy":"product_tag","embeddable":true,"href":"https:\/\/aco.com.br\/inicio\/wp-json\/wp\/v2\/product_tag?post=1505"}],"curies":[{"name":"wp","href":"https:\/\/api.w.org\/{rel}","templated":true}]}}