{"id":1504,"date":"2019-03-12T14:18:57","date_gmt":"2019-03-12T14:18:57","guid":{"rendered":"https:\/\/www.aco.com.br\/?post_type=product&#038;p=1504"},"modified":"2019-05-21T19:13:16","modified_gmt":"2019-05-21T19:13:16","slug":"microdurometro-durometro","status":"publish","type":"product","link":"https:\/\/aco.com.br\/inicio\/aco\/microdurometro-durometro\/","title":{"rendered":"Microdur\u00f4metro &#038; Dur\u00f4metro Brinnel de Esfera \u00d810mm"},"content":{"rendered":"<h2>Dur\u00f4metros &#8211; A\u00c7OS ROMAN<\/h2>\n<div id='gallery-1' class='gallery galleryid-1504 gallery-columns-2 gallery-size-medium'><figure class='gallery-item'>\n\t\t\t<div class='gallery-icon landscape'>\n\t\t\t\t<a href='https:\/\/aco.com.br\/wp-content\/uploads\/2019\/03\/dumetro-brinnel.jpg'><img loading=\"lazy\" decoding=\"async\" width=\"587\" height=\"400\" src=\"https:\/\/aco.com.br\/wp-content\/uploads\/2019\/03\/dumetro-brinnel-587x400.jpg\" class=\"attachment-medium size-medium\" alt=\"Microdurometria, Dur\u00f4metro, Ensaio de Dureza, Medi\u00e7\u00e3o de Dureza do a\u00e7o, Dur\u00f4metro Brinnel - Labmetal A\u00e7os Roman\" aria-describedby=\"gallery-1-2151\" srcset=\"https:\/\/aco.com.br\/wp-content\/uploads\/2019\/03\/dumetro-brinnel-587x400.jpg 587w, https:\/\/aco.com.br\/wp-content\/uploads\/2019\/03\/dumetro-brinnel-768x523.jpg 768w, https:\/\/aco.com.br\/wp-content\/uploads\/2019\/03\/dumetro-brinnel-1174x800.jpg 1174w, https:\/\/aco.com.br\/wp-content\/uploads\/2019\/03\/dumetro-brinnel-900x613.jpg 900w, https:\/\/aco.com.br\/wp-content\/uploads\/2019\/03\/dumetro-brinnel.jpg 1600w\" sizes=\"auto, (max-width: 587px) 100vw, 587px\" \/><\/a>\n\t\t\t<\/div>\n\t\t\t\t<figcaption class='wp-caption-text gallery-caption' id='gallery-1-2151'>\n\t\t\t\tDur\u00f4metro de Esferas\n\t\t\t\t<\/figcaption><\/figure><figure class='gallery-item'>\n\t\t\t<div class='gallery-icon landscape'>\n\t\t\t\t<a href='https:\/\/aco.com.br\/wp-content\/uploads\/2019\/03\/dumetro-durometria.jpg'><img loading=\"lazy\" decoding=\"async\" width=\"587\" height=\"400\" src=\"https:\/\/aco.com.br\/wp-content\/uploads\/2019\/03\/dumetro-durometria-587x400.jpg\" class=\"attachment-medium size-medium\" alt=\"Microdurometria, Dur\u00f4metro, Ensaio de Dureza, Medi\u00e7\u00e3o de Dureza do a\u00e7o, Dur\u00f4metro Brinnel - Labmetal A\u00e7os Roman\" aria-describedby=\"gallery-1-2153\" srcset=\"https:\/\/aco.com.br\/wp-content\/uploads\/2019\/03\/dumetro-durometria-587x400.jpg 587w, https:\/\/aco.com.br\/wp-content\/uploads\/2019\/03\/dumetro-durometria-768x523.jpg 768w, https:\/\/aco.com.br\/wp-content\/uploads\/2019\/03\/dumetro-durometria-1174x800.jpg 1174w, https:\/\/aco.com.br\/wp-content\/uploads\/2019\/03\/dumetro-durometria-900x613.jpg 900w, https:\/\/aco.com.br\/wp-content\/uploads\/2019\/03\/dumetro-durometria.jpg 1600w\" sizes=\"auto, (max-width: 587px) 100vw, 587px\" \/><\/a>\n\t\t\t<\/div>\n\t\t\t\t<figcaption class='wp-caption-text gallery-caption' id='gallery-1-2153'>\n\t\t\t\tDur\u00f4metro Brinell\n\t\t\t\t<\/figcaption><\/figure>\n\t\t<\/div>\n\n<h3><b>ENSAIO DE DUREZA MEYER:<\/b><\/h3>\n<p><b>Meyer sugeriu que a dureza fosse obtida atrav\u00e9s da \u00e1rea projetada (3D) da impress\u00e3o<\/b><span style=\"font-weight: 400;\">, ao inv\u00e9s da \u00e1rea superficial (<\/span><b>d<\/b><span style=\"font-weight: 400;\">i\u00e2metro), como Brinell. No entanto, a escala Meyer \u00e9 muito pouco usado nos ensaios pr\u00e1ticos de medida de dureza em compara\u00e7\u00e3o a Brinell.<\/span><\/p>\n<h3><b>ENSAIO DE DUREZA ROCKWELL:<\/b><\/h3>\n<p><span style=\"font-weight: 400;\">Neste sistema, a dureza \u00e9 obtida atrav\u00e9s da diferen\u00e7a entre a profundidade de penetra\u00e7\u00e3o de uma pequena carga, seguida por outra de maior intensidade.<\/span><span style=\"font-weight: 400;\"><br \/>\n<\/span><span style=\"font-weight: 400;\">Neste teste de dureza <\/span><b>tamb\u00e9m \u00e9 comum <\/b><span style=\"font-weight: 400;\">a utiliza\u00e7\u00e3o de <\/span><b>CONES DE DIAMANTES<\/b><span style=\"font-weight: 400;\">, para penetra\u00e7\u00e3o das pe\u00e7as.<\/span><\/p>\n<p><b>Outros significados conforme a \u00e1rea de aplica\u00e7\u00e3o:<\/b><\/p>\n<ul>\n<li style=\"font-weight: 400;\"><span style=\"font-weight: 400;\">Ensaios Mec\u00e2nicos &#8211; resist\u00eancia \u00e0 penetra\u00e7\u00e3o de um material em outro. <\/span><\/li>\n<li style=\"font-weight: 400;\"><span style=\"font-weight: 400;\">Usinagem &#8211; resist\u00eancia ao corte de um metal.<\/span><\/li>\n<li style=\"font-weight: 400;\"><span style=\"font-weight: 400;\">Mineralogia &#8211; resist\u00eancia ao risco de um material sobre o outro. <\/span><\/li>\n<li style=\"font-weight: 400;\"><span style=\"font-weight: 400;\">Metalurgia &#8211; resist\u00eancia \u00e0 deforma\u00e7\u00e3o pl\u00e1stica permanente.<\/span><\/li>\n<\/ul>\n<h3><b>ENSAIO DE DUREZA VICKERS:<\/b><\/h3>\n<p><span style=\"font-weight: 400;\">Este \u00e9 um m\u00e9todo de classifica\u00e7\u00e3o da dureza dos materiais baseada num ensaio laboratorial. Neste m\u00e9todo, <\/span><b>\u00e9 utilizado apenas uma pir\u00e2mide de diamante<\/b><span style=\"font-weight: 400;\"> com \u00e2ngulo de 136\u00ba <\/span><b>que \u00e9 comprimida, com uma for\u00e7a arbitr\u00e1ria &#8220;F&#8221;<\/b><span style=\"font-weight: 400;\">, contra a superf\u00edcie do material. <\/span><\/p>\n<p><b>Calcula-se a \u00e1rea &#8220;A&#8221; da superf\u00edcie, <\/b><span style=\"font-weight: 400;\">impressa pela medi\u00e7\u00e3o das suas diagonais, para obten\u00e7\u00e3o do coeficiente de dureza.<\/span><b>A grande vantagem<\/b><span style=\"font-weight: 400;\"> deste m\u00e9todo \u00e9 a pequena impress\u00e3o deixada, na qual <\/span><b>\u00e9 poss\u00edvel analisar fin\u00edssimas camadas de revestimento<\/b><span style=\"font-weight: 400;\">, ou seja, este procedimento \u00e9 <\/span><b>utilizado em ensaios de microdureza e nanodureza.<\/b><span style=\"font-weight: 400;\"> Al\u00e9m disso, esta \u00e9 uma das escalas mais amplas entre as usadas para medi\u00e7\u00e3o de dureza e pode ser utilizada <\/span><b>para todos os metais, com uma grande precis\u00e3o de medida.<\/b><\/p>\n","protected":false},"excerpt":{"rendered":"<h2><b>DUR\u00d4METRO E MICRO DUR\u00d4METRO<\/b><\/h2>\n<blockquote><p><b>Para esclarecer o entendimento: <\/b><span style=\"font-weight: 400;\">O termo dureza \u00e9 sin\u00f4nimo \u00e0 resist\u00eancia e flex\u00e3o; e pode ser associado \u00e0 usinagem, tens\u00e3o estrutural, risco, abras\u00e3o ou corte.<\/span><\/p><\/blockquote>\n<h3><b>OBJETIVOS DOS ENSAIOS DE DUREZA<\/b><\/h3>\n<ul>\n<li style=\"font-weight: 400;\"><span style=\"font-weight: 400;\">Conhecimento da resist\u00eancia ao desgaste. <\/span><\/li>\n<li style=\"font-weight: 400;\"><span style=\"font-weight: 400;\">Conhecimento aproximado da resist\u00eancia mec\u00e2nica atrav\u00e9s do uso de tabelas de correla\u00e7\u00e3o. \u00a0<\/span><\/li>\n<li style=\"font-weight: 400;\"><span style=\"font-weight: 400;\">Controle de qualidade de tratamentos t\u00e9rmicos. <\/span><\/li>\n<li style=\"font-weight: 400;\"><span style=\"font-weight: 400;\">Controle de qualidade em processos de conforma\u00e7\u00e3o pl\u00e1stica e em processos de liga\u00e7\u00e3o. \u00a0<\/span><\/li>\n<li style=\"font-weight: 400;\"><span style=\"font-weight: 400;\">Pesquisa e desenvolvimento de novas ligas e materiais.<\/span><\/li>\n<\/ul>\n<h3><b><img loading=\"lazy\" decoding=\"async\" class=\" wp-image-3230 alignright\" src=\"https:\/\/aco.com.br\/wp-content\/uploads\/2019\/03\/durometro-brinnel-ensaio-dureza-medicao-dureza.jpg\" alt=\"\" width=\"156\" height=\"156\" srcset=\"https:\/\/aco.com.br\/wp-content\/uploads\/2019\/03\/durometro-brinnel-ensaio-dureza-medicao-dureza.jpg 300w, https:\/\/aco.com.br\/wp-content\/uploads\/2019\/03\/durometro-brinnel-ensaio-dureza-medicao-dureza-280x280.jpg 280w, https:\/\/aco.com.br\/wp-content\/uploads\/2019\/03\/durometro-brinnel-ensaio-dureza-medicao-dureza-297x297.jpg 297w, https:\/\/aco.com.br\/wp-content\/uploads\/2019\/03\/durometro-brinnel-ensaio-dureza-medicao-dureza-100x100.jpg 100w\" sizes=\"auto, (max-width: 156px) 100vw, 156px\" \/>Ensaios De Dureza Por Penetra\u00e7\u00e3o:<\/b><\/h3>\n<p><b>\u2192 Dureza Brinell <\/b><b><br \/>\n<\/b><b>\u2192 Dureza Meyer <\/b><b><br \/>\n<\/b><b>\u2192 Dureza Vickers <\/b><b><br \/>\n<\/b><b>\u2192 Dureza Rockwell <\/b><\/p>\n<h2><b>EXEMPLIFICANDO OS ENSAIOS:<\/b><\/h2>\n<h3><b><\/b><b>ENSAIO DE DUREZA BRINELL (HB)<\/b><\/h3>\n<p><b>Este teste f\u00edsico utilizado em metal\u00fargicas de todo o mundo, se tornou um padr\u00e3o<\/b><span style=\"font-weight: 400;\"> devido sua simplicidade, efic\u00e1cia e rapidez. <\/span><\/p>\n<p><b>Esta an\u00e1lise consiste em comprimir uma esfera de a\u00e7o temperado<\/b><span style=\"font-weight: 400;\">, de di\u00e2metro <\/span><b>(D)<\/b><span style=\"font-weight: 400;\">, sobre a superf\u00edcie analisada por meio de uma carga <\/span><b>(F)<\/b><span style=\"font-weight: 400;\">, durante certo per\u00edodo, produzindo uma calota esf\u00e9rica de di\u00e2metro<\/span><b> (d).<\/b> <span style=\"font-weight: 400;\"><br \/>\n<\/span><span style=\"font-weight: 400;\">A unidade de determinada dureza \u00e9 <\/span><b>HB<\/b> <b>(Hardness Brinell)<\/b><\/p>\n","protected":false},"featured_media":2151,"template":"","meta":{"inline_featured_image":false},"product_brand":[],"product_cat":[151],"product_tag":[332,319,322,323,326,331,330,321,320,325,324,328,327,329],"class_list":{"0":"post-1504","1":"product","2":"type-product","3":"status-publish","4":"has-post-thumbnail","6":"product_cat-laboratorio-metalografico","7":"product_tag-analise-de-dureza","8":"product_tag-dureza","9":"product_tag-dureza-do-aco","10":"product_tag-durometro","11":"product_tag-durometro-brinnel","12":"product_tag-hrb","13":"product_tag-hrc","14":"product_tag-medicao-de-dureza","15":"product_tag-medir-dureza","16":"product_tag-micro-durometria","17":"product_tag-micro-durometro","18":"product_tag-rockell-c","19":"product_tag-rockwell-b","20":"product_tag-vickers","22":"first","23":"instock","24":"sold-individually","25":"shipping-taxable","26":"product-type-simple"},"aioseo_notices":[],"_links":{"self":[{"href":"https:\/\/aco.com.br\/inicio\/wp-json\/wp\/v2\/product\/1504","targetHints":{"allow":["GET"]}}],"collection":[{"href":"https:\/\/aco.com.br\/inicio\/wp-json\/wp\/v2\/product"}],"about":[{"href":"https:\/\/aco.com.br\/inicio\/wp-json\/wp\/v2\/types\/product"}],"wp:featuredmedia":[{"embeddable":true,"href":"https:\/\/aco.com.br\/inicio\/wp-json\/wp\/v2\/media\/2151"}],"wp:attachment":[{"href":"https:\/\/aco.com.br\/inicio\/wp-json\/wp\/v2\/media?parent=1504"}],"wp:term":[{"taxonomy":"product_brand","embeddable":true,"href":"https:\/\/aco.com.br\/inicio\/wp-json\/wp\/v2\/product_brand?post=1504"},{"taxonomy":"product_cat","embeddable":true,"href":"https:\/\/aco.com.br\/inicio\/wp-json\/wp\/v2\/product_cat?post=1504"},{"taxonomy":"product_tag","embeddable":true,"href":"https:\/\/aco.com.br\/inicio\/wp-json\/wp\/v2\/product_tag?post=1504"}],"curies":[{"name":"wp","href":"https:\/\/api.w.org\/{rel}","templated":true}]}}