{"id":1503,"date":"2019-03-12T14:17:17","date_gmt":"2019-03-12T14:17:17","guid":{"rendered":"https:\/\/www.aco.com.br\/?post_type=product&#038;p=1503"},"modified":"2019-04-30T19:26:42","modified_gmt":"2019-04-30T19:26:42","slug":"ensaio-de-impacto-analise-fisica-do-aco","status":"publish","type":"product","link":"https:\/\/aco.com.br\/inicio\/aco\/ensaio-de-impacto-analise-fisica-do-aco\/","title":{"rendered":"Ensaio de Impacto &#8211; An\u00e1lise F\u00edsica do A\u00e7o"},"content":{"rendered":"<h2><strong>ENSAIO DE IMPACTO<\/strong> &#8211; An\u00e1lise metalogr\u00e1fica<\/h2>\n<p>Atrav\u00e9s do <strong>ensaio de impacto<\/strong> pode-se medir a <strong>energia utilizada na deforma\u00e7\u00e3o e fratura do corpo de prova<\/strong>.<\/p>\n<p>Os crit\u00e9rios de avalia\u00e7\u00e3o deste ensaio s\u00e3o:<\/p>\n<ol>\n<li><strong>Energia absorvida pelo corpo de prova.<\/strong><br \/>\nA energia absorvida nos corpos de prova ensaiados \u00e9 lida no mostrador da m\u00e1quina;<\/li>\n<li><strong>A caracter\u00edstica e percentual da fratura (d\u00factil ou fr\u00e1gil).<\/strong><br \/>\nO percentual de cisalhamento \u00e9 fun\u00e7\u00e3o da \u00e1rea da por\u00e7\u00e3o da fratura que tem aspecto brilhante.<\/li>\n<li><strong>Percentual de expans\u00e3o lateral do corpo de prova.<\/strong><br \/>\nA expans\u00e3o lateral \u00e9 o acr\u00e9scimo da face oposta ao entalhe, na dire\u00e7\u00e3o do pr\u00f3prio entalhe, ap\u00f3s a ruptura do corpo de prova. Este crit\u00e9rio \u00e9 muito raro e quase nunca \u00e9 exigido.<\/li>\n<\/ol>\n<p><img loading=\"lazy\" decoding=\"async\" class=\"size-full wp-image-2903 aligncenter\" src=\"https:\/\/aco.com.br\/wp-content\/uploads\/2019\/03\/ensaio-de-impacto.png\" alt=\"ensaio-de-impacto\" width=\"500\" height=\"365\" \/><\/p>\n<p>O principal resultado do ensaio de impacto \u00e9 a\u00a0<strong>energia absorvida<\/strong>\u00a0pelo corpo de prova para se deformar e romper.<\/p>\n<p>A <strong>energia \u00e9 calculada<\/strong> pela varia\u00e7\u00e3o da energia potencial do martelo (componente da m\u00e1quina de ensaio de impacto) antes e ap\u00f3s o impacto. <strong>Quanto menor for a energia absorvida, mais fr\u00e1gil ser\u00e1 o material naquela temperatura<\/strong>.<\/p>\n","protected":false},"excerpt":{"rendered":"<p><iframe loading=\"lazy\" width=\"100%\" height=\"315\" src=\"https:\/\/www.youtube.com\/embed\/nOLgKlEOnPY?rel=0\" frameborder=\"0\" allow=\"accelerometer; autoplay; encrypted-media; gyroscope; picture-in-picture\" allowfullscreen><\/iframe><\/p>\n<h3>An\u00e1lise F\u00edsica de Metalografia: Ensaio de Impacto<\/h3>\n<p>O <strong>ensaio de impacto<\/strong> consiste em submeter um corpo de prova entalhado <strong>(veja o V\u00eddeo)<\/strong>, a uma flex\u00e3o UNIDIRECIONAL provocada por impacto por um martelo\u00a0pendular.<\/p>\n","protected":false},"featured_media":2901,"template":"","meta":{"inline_featured_image":false},"product_brand":[],"product_cat":[151],"product_tag":[287,285,286],"class_list":{"0":"post-1503","1":"product","2":"type-product","3":"status-publish","4":"has-post-thumbnail","6":"product_cat-laboratorio-metalografico","7":"product_tag-analise-fisica","8":"product_tag-ensaio-de-impacto","9":"product_tag-metalografia","11":"first","12":"instock","13":"sold-individually","14":"shipping-taxable","15":"product-type-simple"},"aioseo_notices":[],"_links":{"self":[{"href":"https:\/\/aco.com.br\/inicio\/wp-json\/wp\/v2\/product\/1503","targetHints":{"allow":["GET"]}}],"collection":[{"href":"https:\/\/aco.com.br\/inicio\/wp-json\/wp\/v2\/product"}],"about":[{"href":"https:\/\/aco.com.br\/inicio\/wp-json\/wp\/v2\/types\/product"}],"wp:featuredmedia":[{"embeddable":true,"href":"https:\/\/aco.com.br\/inicio\/wp-json\/wp\/v2\/media\/2901"}],"wp:attachment":[{"href":"https:\/\/aco.com.br\/inicio\/wp-json\/wp\/v2\/media?parent=1503"}],"wp:term":[{"taxonomy":"product_brand","embeddable":true,"href":"https:\/\/aco.com.br\/inicio\/wp-json\/wp\/v2\/product_brand?post=1503"},{"taxonomy":"product_cat","embeddable":true,"href":"https:\/\/aco.com.br\/inicio\/wp-json\/wp\/v2\/product_cat?post=1503"},{"taxonomy":"product_tag","embeddable":true,"href":"https:\/\/aco.com.br\/inicio\/wp-json\/wp\/v2\/product_tag?post=1503"}],"curies":[{"name":"wp","href":"https:\/\/api.w.org\/{rel}","templated":true}]}}