{"id":1498,"date":"2019-03-12T14:11:43","date_gmt":"2019-03-12T14:11:43","guid":{"rendered":"https:\/\/www.aco.com.br\/?post_type=product&#038;p=1498"},"modified":"2019-05-28T17:38:58","modified_gmt":"2019-05-28T17:38:58","slug":"espectrometria-de-emissao-otica-analise-quimica-do-aco","status":"publish","type":"product","link":"https:\/\/aco.com.br\/inicio\/aco\/espectrometria-de-emissao-otica-analise-quimica-do-aco\/","title":{"rendered":"Espectrometria de Emiss\u00e3o \u00d3tica &#8211; An\u00e1lise Qu\u00edmica do A\u00e7o"},"content":{"rendered":"<p><img loading=\"lazy\" decoding=\"async\" class=\"alignnone size-full wp-image-3314\" src=\"https:\/\/aco.com.br\/wp-content\/uploads\/2019\/03\/DTLXVsHWkAM4mwg.jpg\" alt=\"\" width=\"1200\" height=\"825\" srcset=\"https:\/\/aco.com.br\/wp-content\/uploads\/2019\/03\/DTLXVsHWkAM4mwg.jpg 1200w, https:\/\/aco.com.br\/wp-content\/uploads\/2019\/03\/DTLXVsHWkAM4mwg-582x400.jpg 582w, https:\/\/aco.com.br\/wp-content\/uploads\/2019\/03\/DTLXVsHWkAM4mwg-768x528.jpg 768w, https:\/\/aco.com.br\/wp-content\/uploads\/2019\/03\/DTLXVsHWkAM4mwg-1164x800.jpg 1164w, https:\/\/aco.com.br\/wp-content\/uploads\/2019\/03\/DTLXVsHWkAM4mwg-900x619.jpg 900w\" sizes=\"auto, (max-width: 1200px) 100vw, 1200px\" \/><\/p>\n<p><img loading=\"lazy\" decoding=\"async\" class=\"alignnone size-full wp-image-3313\" src=\"https:\/\/aco.com.br\/wp-content\/uploads\/2019\/03\/Sem-t\u00edtulo.jpg\" alt=\"\" width=\"820\" height=\"638\" srcset=\"https:\/\/aco.com.br\/wp-content\/uploads\/2019\/03\/Sem-t\u00edtulo.jpg 820w, https:\/\/aco.com.br\/wp-content\/uploads\/2019\/03\/Sem-t\u00edtulo-514x400.jpg 514w, https:\/\/aco.com.br\/wp-content\/uploads\/2019\/03\/Sem-t\u00edtulo-768x598.jpg 768w\" sizes=\"auto, (max-width: 820px) 100vw, 820px\" \/><\/p>\n<h3><span style=\"font-weight: 400;\">Elementos Analisados:<\/span><\/h3>\n<ul>\n<li><span style=\"font-weight: 400;\">Carbono \u2013 C<\/span><\/li>\n<li><span style=\"font-weight: 400;\">Mangan\u00eas \u2013 Mn<\/span><\/li>\n<li><span style=\"font-weight: 400;\">N\u00edquel \u2013 Ni<\/span><\/li>\n<li><span style=\"font-weight: 400;\">F\u00f3sforo \u2013 P<\/span><\/li>\n<li><span style=\"font-weight: 400;\">Enxofre \u2013 S<\/span><\/li>\n<li><span style=\"font-weight: 400;\">Cromo \u2013 Cr<\/span><\/li>\n<li><span style=\"font-weight: 400;\">Molibd\u00eanio \u2013 Mo<\/span><\/li>\n<li><span style=\"font-weight: 400;\">Cobre \u2013 Cu<\/span><\/li>\n<li><span style=\"font-weight: 400;\">Van\u00e1dio \u2013 V<\/span><\/li>\n<li><span style=\"font-weight: 400;\">Tungst\u00eanio \u2013 W<\/span><\/li>\n<li><span style=\"font-weight: 400;\">Chumbo \u2013 Pb<\/span><\/li>\n<li><span style=\"font-weight: 400;\">Alum\u00ednio \u2013 Al<\/span><\/li>\n<li><span style=\"font-weight: 400;\">Ferro \u2013 Fe<\/span><\/li>\n<li><span style=\"font-weight: 400;\">Ni\u00f3bio \u2013 Nb<\/span><\/li>\n<li><span style=\"font-weight: 400;\">Sil\u00edcio \u2013 Si<\/span><\/li>\n<li><span style=\"font-weight: 400;\">Tit\u00e2nio \u2013 Ti<\/span><\/li>\n<li><span style=\"font-weight: 400;\">Boro \u2013 B<\/span><\/li>\n<li><span style=\"font-weight: 400;\">Estanho \u2013 Sn<\/span><\/li>\n<li><span style=\"font-weight: 400;\">Zinco \u2013 Zn<\/span><\/li>\n<li><span style=\"font-weight: 400;\">Ars\u00eanio \u2013 As<\/span><\/li>\n<li><span style=\"font-weight: 400;\">Bismuto \u2013 Bi<\/span><\/li>\n<li><span style=\"font-weight: 400;\">C\u00e1lcio \u2013 Ca<\/span><\/li>\n<li><span style=\"font-weight: 400;\">C\u00e9rio \u2013 Ce<\/span><\/li>\n<li><span style=\"font-weight: 400;\">Magn\u00e9sio \u2013 Mg<\/span><\/li>\n<li><span style=\"font-weight: 400;\">Prata \u2013 Ag<\/span><\/li>\n<li><span style=\"font-weight: 400;\">Ber\u00edlio \u2013 Be<\/span><\/li>\n<li><span style=\"font-weight: 400;\">C\u00e1dmio \u2013 Cd<\/span><\/li>\n<li><span style=\"font-weight: 400;\">Cobalto \u2013 Co<\/span><\/li>\n<\/ul>\n","protected":false},"excerpt":{"rendered":"<p><b>ESPECTROMETRIA DE EMISS\u00c3O \u00d3TICA &#8211; AN\u00c1LISE QU\u00cdMICA 64X<\/b><\/p>\n<p><b>Espectrometria de emiss\u00e3o \u00f3ptica <\/b><span style=\"font-weight: 400;\">se trata de um teste realizado com a aplica\u00e7\u00e3o de <\/span><b>uma carga el\u00e9trica<\/b><span style=\"font-weight: 400;\"> de um eletrodo <\/span><b>para uma amostra de metal<\/b><span style=\"font-weight: 400;\">, dentro de uma pequena c\u00e2mara de pressuriza\u00e7\u00e3o a v\u00e1cuo, <\/span><b>onde os \u00e1tomos s\u00e3o vaporizados a um estado de alta energia chamado PLASMA.<\/b><\/p>\n<p><span style=\"font-weight: 400;\">Com esta descarga el\u00e9trica, estas <\/span><b>mol\u00e9culas, \u00e1tomos e part\u00edculas, <\/b><span style=\"font-weight: 400;\">altamente excitados <\/span><b>transmitem a partir de cada elemento, uma emiss\u00e3o de energia com espectro de cores extremamente particular<\/b><span style=\"font-weight: 400;\">. Deste modo, possibilitando descrever a composi\u00e7\u00e3o exata da amostra analisada.<\/span><\/p>\n<blockquote>\n<h3>Veja a composi\u00e7\u00e3o qu\u00edmica de nossos a\u00e7os especiais:<br \/>\n<a title=\"A\u00e7o Especial SAE 1020\" href=\"https:\/\/www.aco.com.br\/aco\/sae-1020-aco-carbono-especial\/\">SAE 1020<\/a>\u00a0\u2013\u00a0<a title=\"A\u00e7o Especial SAE 1035\" href=\"https:\/\/www.aco.com.br\/aco\/sae-1035-aco-carbono-especial\/\">1035<\/a>\u00a0\u2013\u00a0<a title=\"A\u00e7o Especial SAE 1045\" href=\"https:\/\/www.aco.com.br\/aco\/sae-1045-aco-carbono-especial\/\">1045<\/a>\u2013\u00a0<a title=\"A\u00e7o Especial SAE 1050\" href=\"https:\/\/www.aco.com.br\/aco\/sae-1050-aco-carbono-especial\/\">1050<\/a>\u00a0\u2013\u00a0<a title=\"A\u00e7o Especial SAE 1060\" href=\"https:\/\/www.aco.com.br\/aco\/sae-1060-aco-carbono-especial\/\">1060<\/a>\u00a0\u2013\u00a0<a title=\"A\u00e7o Especial SAE 1070\" href=\"https:\/\/www.aco.com.br\/aco\/sae-1070-aco-carbono-especial\/\">1070 &#8211;<\/a><a href=\"https:\/\/aco.com.br\/aco\/especiais\/4140\/\">\u00a04140<\/a><a title=\"A\u00e7o Especial SAE 1070\" href=\"https:\/\/www.aco.com.br\/aco\/sae-1070-aco-carbono-especial\/\">\u00a0\u2013<strong>\u00a0<\/strong><\/a><strong><a href=\"https:\/\/aco.com.br\/aco\/especiais\/sae-4340-aco-carbono-cromo-niquel-molibdenio\/\">4340<\/a><\/strong>\u00a0\u2013\u00a0<a href=\"https:\/\/aco.com.br\/aco\/especiais\/aco-prata-5160\/\">5160<\/a><a title=\"A\u00e7o Especial SAE 1070\" href=\"https:\/\/www.aco.com.br\/aco\/sae-1070-aco-carbono-especial\/\">\u00a0\u2013\u00a0<\/a><a href=\"https:\/\/aco.com.br\/aco\/especiais\/6150-aco-prata\/\">6150<\/a><a title=\"A\u00e7o Especial SAE 1070\" href=\"https:\/\/www.aco.com.br\/aco\/sae-1070-aco-carbono-especial\/\">\u00a0\u2013\u00a0<\/a><a href=\"https:\/\/aco.com.br\/aco\/especiais\/8620\/\">8620<\/a><a title=\"A\u00e7o Especial SAE 1070\" href=\"https:\/\/www.aco.com.br\/aco\/sae-1070-aco-carbono-especial\/\">\u00a0\u2013\u00a0<\/a><a href=\"https:\/\/aco.com.br\/aco\/especiais\/sae-8640\/\">8640<\/a><a title=\"A\u00e7o Especial SAE 1070\" href=\"https:\/\/www.aco.com.br\/aco\/sae-1070-aco-carbono-especial\/\">\u00a0\u2013\u00a0<\/a><a href=\"https:\/\/aco.com.br\/aco\/especiais\/8650\/\">8650<\/a><a title=\"A\u00e7o Especial SAE 1070\" href=\"https:\/\/www.aco.com.br\/aco\/sae-1070-aco-carbono-especial\/\">\u00a0\u2013\u00a0<\/a><a href=\"https:\/\/aco.com.br\/aco\/especiais\/9254\/\">9254<\/a><a title=\"A\u00e7o Especial SAE 1070\" href=\"https:\/\/www.aco.com.br\/aco\/sae-1070-aco-carbono-especial\/\">\u00a0\u2013\u00a0<\/a><a href=\"https:\/\/aco.com.br\/aco\/especiais\/9260\/\">9260<\/a><a title=\"A\u00e7o Especial SAE 1070\" href=\"https:\/\/www.aco.com.br\/aco\/sae-1070-aco-carbono-especial\/\">\u00a0\u2013\u00a0<\/a><a href=\"https:\/\/aco.com.br\/aco\/especiais\/sae-52100-carbono-cromo\/\">52100<\/a><\/h3>\n<\/blockquote>\n<p><img loading=\"lazy\" decoding=\"async\" class=\"alignnone size-full wp-image-3312\" src=\"https:\/\/aco.com.br\/wp-content\/uploads\/2019\/03\/espectrometria-espectrometro-emissao-otica-analise-quimica-material-aco-elementos-quimicos2.jpg\" alt=\"\" width=\"900\" height=\"387\" srcset=\"https:\/\/aco.com.br\/wp-content\/uploads\/2019\/03\/espectrometria-espectrometro-emissao-otica-analise-quimica-material-aco-elementos-quimicos2.jpg 900w, https:\/\/aco.com.br\/wp-content\/uploads\/2019\/03\/espectrometria-espectrometro-emissao-otica-analise-quimica-material-aco-elementos-quimicos2-800x344.jpg 800w, https:\/\/aco.com.br\/wp-content\/uploads\/2019\/03\/espectrometria-espectrometro-emissao-otica-analise-quimica-material-aco-elementos-quimicos2-768x330.jpg 768w\" sizes=\"auto, (max-width: 900px) 100vw, 900px\" \/><\/p>\n<p><b>Para aumentar a precis\u00e3o do teste, controlamos a intensidade da voltagem aplicada<\/b><span style=\"font-weight: 400;\">, sendo assim, <strong>somos<\/strong><\/span><b>\u00a0capazes de obter uma an\u00e1lise quantitativa e qualitativa de todos os elementos<\/b><span style=\"font-weight: 400;\"> que comp\u00f5em a liga.<\/span><\/p>\n<p><span style=\"font-weight: 400;\">Garantir a exata descri\u00e7\u00e3o do material, se tornou ao longo dos anos, um m\u00e9todo de aprova\u00e7\u00e3o essencial para escolher e peneirar os \u00f3timos fornecedores que temos hoje em dia!<\/span><\/p>\n<a href=\"https:\/\/aco.com.br\/contato\" class=\"button primary is-primary is-medium\"  >\n    <span>Contato<\/span>\n  <\/a>\n\n","protected":false},"featured_media":1947,"template":"","meta":{"inline_featured_image":false},"product_brand":[],"product_cat":[151],"product_tag":[318,317,316],"class_list":{"0":"post-1498","1":"product","2":"type-product","3":"status-publish","4":"has-post-thumbnail","6":"product_cat-laboratorio-metalografico","7":"product_tag-emissao-otica","8":"product_tag-espectrometria","9":"product_tag-espectrometro","11":"first","12":"instock","13":"sold-individually","14":"shipping-taxable","15":"product-type-simple"},"aioseo_notices":[],"_links":{"self":[{"href":"https:\/\/aco.com.br\/inicio\/wp-json\/wp\/v2\/product\/1498","targetHints":{"allow":["GET"]}}],"collection":[{"href":"https:\/\/aco.com.br\/inicio\/wp-json\/wp\/v2\/product"}],"about":[{"href":"https:\/\/aco.com.br\/inicio\/wp-json\/wp\/v2\/types\/product"}],"wp:featuredmedia":[{"embeddable":true,"href":"https:\/\/aco.com.br\/inicio\/wp-json\/wp\/v2\/media\/1947"}],"wp:attachment":[{"href":"https:\/\/aco.com.br\/inicio\/wp-json\/wp\/v2\/media?parent=1498"}],"wp:term":[{"taxonomy":"product_brand","embeddable":true,"href":"https:\/\/aco.com.br\/inicio\/wp-json\/wp\/v2\/product_brand?post=1498"},{"taxonomy":"product_cat","embeddable":true,"href":"https:\/\/aco.com.br\/inicio\/wp-json\/wp\/v2\/product_cat?post=1498"},{"taxonomy":"product_tag","embeddable":true,"href":"https:\/\/aco.com.br\/inicio\/wp-json\/wp\/v2\/product_tag?post=1498"}],"curies":[{"name":"wp","href":"https:\/\/api.w.org\/{rel}","templated":true}]}}