{"id":1110,"date":"2019-03-07T17:16:09","date_gmt":"2019-03-07T17:16:09","guid":{"rendered":"https:\/\/www.aco.com.br\/?post_type=product&#038;p=1110"},"modified":"2024-01-22T13:33:56","modified_gmt":"2024-01-22T13:33:56","slug":"aco-prata-tungstenio-sae-120-w-v-4-wnr-1-2516-villares-v-w-1","status":"publish","type":"product","link":"https:\/\/aco.com.br\/inicio\/aco\/aco-prata-tungstenio-sae-120-w-v-4-wnr-1-2516-villares-v-w-1\/","title":{"rendered":"A\u00e7o Prata Tungstenio &#8211; SAE 120 W-V-4\u00a0\/ WNr 1.2516 \/ Villares V-W-1"},"content":{"rendered":"<div class=\"row align-middle\"  id=\"row-106107524\">\n<div class=\"caracteristicas\">\n<div class=\"field field-name-field-caracteristicas field-type-text-long field-label-above\">\n<h2><strong style=\"font-size: 20.16px; color: #333333;\">Informa\u00e7\u00f5es &#8211; A\u00e7o Prata Tungstenado<\/strong><\/h2>\n<h3><strong style=\"font-size: 20.16px; color: #333333;\">SAE 120 W-V-4<em>\u00a0\/ WNr 1.2516 \/ Villares V-W-1<\/em><\/strong><\/h3>\n<\/div>\n<\/div>\n<p style=\"text-align: left;\">O <strong>A\u00e7o Prata Tungstenado<\/strong> tamb\u00e9m conhecido pelas nomenclaturas t\u00e9cnicas\u00a0<strong>SAE 120 W-V-4<em> (WNr 1.2516 ou Villares V-W-2)<\/em><\/strong>\u00a0 \u00e9\u00a0\u00a0indicado para ferramentas de corte de gume delgado, como machos, cossinetes, alargadores\u00a0 e ferramentas rotativas para madeira.<\/p>\n<h2><strong>Aplica\u00e7\u00f5es do A\u00e7o Prata Tungstenado<\/strong><\/h2>\n<p>O A\u00e7o <b>Prata Tungstenado<\/b>\u00a0&#8211; <strong>A\u00e7os Roman<\/strong> \u00e9\u00a0 destinado \u00e0 fabrica\u00e7\u00e3o de pe\u00e7as onde se exige alta dureza superficial associada a resist\u00eancia ao desgaste.<\/p>\n\n\t<div id=\"col-1956046884\" class=\"col medium-6 small-12 large-6\"  >\n\t\t\t\t<div class=\"col-inner\"  >\n\t\t\t\n\t\t\t\n<h4><strong>SAE 120 W-V-4<em>\u00a0\/ WNr 1.2516 \/ Villares V-W-1<\/em><\/strong><\/h4>\n<div class=\"caracteristicas\">\n<div class=\"field field-name-field-caracteristicas field-type-text-long field-label-above\">\n<p>\u00c9\u00a0 um a\u00e7o para trabalho a frio, de elevada temperabilidade, alta resist\u00eancia mec\u00e2nica, alta resist\u00eancia ao desgaste e boa usinabilidade.<\/p>\n<\/div>\n<\/div>\n\t\t<\/div>\n\t\t\t\t\t<\/div>\n\n\t\n\n\t<div id=\"col-822549876\" class=\"col medium-6 small-12 large-6\"  >\n\t\t\t\t<div class=\"col-inner\"  >\n\t\t\t\n\t\t\t\n\n  \n    <div class=\"row large-columns-2 medium-columns- small-columns- slider row-slider slider-nav-reveal\"  data-flickity-options='{\"imagesLoaded\": true, \"groupCells\": \"100%\", \"dragThreshold\" : 5, \"cellAlign\": \"left\",\"wrapAround\": true,\"prevNextButtons\": true,\"percentPosition\": true,\"pageDots\": false, \"rightToLeft\": false, \"autoPlay\" : false}' >\n\n  <div class=\"gallery-col col\" >\n          <div class=\"col-inner\">\n            <a class=\"image-lightbox lightbox-gallery\" href=\"https:\/\/aco.com.br\/wp-content\/uploads\/2019\/03\/Aco-Prata-Tungstenado-SAE-120-W-V-4-WNr-1-2516-Villares-V-W-1-.jpg\" title=\"\">            <div class=\"box has-hover gallery-box box-none\">\n              <div class=\"box-image\" >\n                <img loading=\"lazy\" decoding=\"async\" width=\"400\" height=\"400\" src=\"https:\/\/aco.com.br\/wp-content\/uploads\/2019\/03\/Aco-Prata-Tungstenado-SAE-120-W-V-4-WNr-1-2516-Villares-V-W-1--400x400.jpg\" class=\"attachment-medium size-medium\" alt=\"Aco Prata Tungstenado - SAE 120 W-V-4 WNr 1-2516 --Villares V-W-1\" ids=\"1800,1801,1802\" style=\"none\" type=\"slider\" columns=\"2\" srcset=\"https:\/\/aco.com.br\/wp-content\/uploads\/2019\/03\/Aco-Prata-Tungstenado-SAE-120-W-V-4-WNr-1-2516-Villares-V-W-1--400x400.jpg 400w, https:\/\/aco.com.br\/wp-content\/uploads\/2019\/03\/Aco-Prata-Tungstenado-SAE-120-W-V-4-WNr-1-2516-Villares-V-W-1--280x280.jpg 280w, https:\/\/aco.com.br\/wp-content\/uploads\/2019\/03\/Aco-Prata-Tungstenado-SAE-120-W-V-4-WNr-1-2516-Villares-V-W-1--297x297.jpg 297w, https:\/\/aco.com.br\/wp-content\/uploads\/2019\/03\/Aco-Prata-Tungstenado-SAE-120-W-V-4-WNr-1-2516-Villares-V-W-1--100x100.jpg 100w, https:\/\/aco.com.br\/wp-content\/uploads\/2019\/03\/Aco-Prata-Tungstenado-SAE-120-W-V-4-WNr-1-2516-Villares-V-W-1-.jpg 660w\" sizes=\"auto, (max-width: 400px) 100vw, 400px\" \/>                                                              <\/div>\n              <div class=\"box-text text-left\" >\n                 <p><\/p>\n              <\/div>\n            <\/div>\n            <\/a>          <\/div>\n         <\/div><div class=\"gallery-col col\" >\n          <div class=\"col-inner\">\n            <a class=\"image-lightbox lightbox-gallery\" href=\"https:\/\/aco.com.br\/wp-content\/uploads\/2019\/03\/Aco-Prata-Tungstenado-SAE-120-W-V-4-WNr-1-2516-Villares-V-W-1.jpg\" title=\"\">            <div class=\"box has-hover gallery-box box-none\">\n              <div class=\"box-image\" >\n                <img loading=\"lazy\" decoding=\"async\" width=\"400\" height=\"400\" src=\"https:\/\/aco.com.br\/wp-content\/uploads\/2019\/03\/Aco-Prata-Tungstenado-SAE-120-W-V-4-WNr-1-2516-Villares-V-W-1-400x400.jpg\" class=\"attachment-medium size-medium\" alt=\"Aco Prata Tungstenado - SAE 120 W-V-4 WNr 1-2516 --Villares V-W-1\" ids=\"1800,1801,1802\" style=\"none\" type=\"slider\" columns=\"2\" srcset=\"https:\/\/aco.com.br\/wp-content\/uploads\/2019\/03\/Aco-Prata-Tungstenado-SAE-120-W-V-4-WNr-1-2516-Villares-V-W-1-400x400.jpg 400w, https:\/\/aco.com.br\/wp-content\/uploads\/2019\/03\/Aco-Prata-Tungstenado-SAE-120-W-V-4-WNr-1-2516-Villares-V-W-1-280x280.jpg 280w, https:\/\/aco.com.br\/wp-content\/uploads\/2019\/03\/Aco-Prata-Tungstenado-SAE-120-W-V-4-WNr-1-2516-Villares-V-W-1-297x297.jpg 297w, https:\/\/aco.com.br\/wp-content\/uploads\/2019\/03\/Aco-Prata-Tungstenado-SAE-120-W-V-4-WNr-1-2516-Villares-V-W-1-100x100.jpg 100w, https:\/\/aco.com.br\/wp-content\/uploads\/2019\/03\/Aco-Prata-Tungstenado-SAE-120-W-V-4-WNr-1-2516-Villares-V-W-1.jpg 550w\" sizes=\"auto, (max-width: 400px) 100vw, 400px\" \/>                                                              <\/div>\n              <div class=\"box-text text-left\" >\n                 <p><\/p>\n              <\/div>\n            <\/div>\n            <\/a>          <\/div>\n         <\/div><div class=\"gallery-col col\" >\n          <div class=\"col-inner\">\n            <a class=\"image-lightbox lightbox-gallery\" href=\"https:\/\/aco.com.br\/wp-content\/uploads\/2019\/03\/Aco-Prata-Tungstenado-SAE-120-W-V-4-WNr-1-2516-Villares-V-W-1-1.jpg\" title=\"\">            <div class=\"box has-hover gallery-box box-none\">\n              <div class=\"box-image\" >\n                <img loading=\"lazy\" decoding=\"async\" width=\"400\" height=\"400\" src=\"https:\/\/aco.com.br\/wp-content\/uploads\/2019\/03\/Aco-Prata-Tungstenado-SAE-120-W-V-4-WNr-1-2516-Villares-V-W-1-1-400x400.jpg\" class=\"attachment-medium size-medium\" alt=\"Aco Prata Tungstenado - SAE 120 W-V-4 WNr 1-2516 Villares V-W-1\" ids=\"1800,1801,1802\" style=\"none\" type=\"slider\" columns=\"2\" srcset=\"https:\/\/aco.com.br\/wp-content\/uploads\/2019\/03\/Aco-Prata-Tungstenado-SAE-120-W-V-4-WNr-1-2516-Villares-V-W-1-1-400x400.jpg 400w, https:\/\/aco.com.br\/wp-content\/uploads\/2019\/03\/Aco-Prata-Tungstenado-SAE-120-W-V-4-WNr-1-2516-Villares-V-W-1-1-280x280.jpg 280w, https:\/\/aco.com.br\/wp-content\/uploads\/2019\/03\/Aco-Prata-Tungstenado-SAE-120-W-V-4-WNr-1-2516-Villares-V-W-1-1-297x297.jpg 297w, https:\/\/aco.com.br\/wp-content\/uploads\/2019\/03\/Aco-Prata-Tungstenado-SAE-120-W-V-4-WNr-1-2516-Villares-V-W-1-1-100x100.jpg 100w, https:\/\/aco.com.br\/wp-content\/uploads\/2019\/03\/Aco-Prata-Tungstenado-SAE-120-W-V-4-WNr-1-2516-Villares-V-W-1-1.jpg 700w\" sizes=\"auto, (max-width: 400px) 100vw, 400px\" \/>                                                              <\/div>\n              <div class=\"box-text text-left\" >\n                 <p><\/p>\n              <\/div>\n            <\/div>\n            <\/a>          <\/div>\n         <\/div><\/div>\n\t\t<\/div>\n\t\t\t\t\t<\/div>\n\n\t\n<\/div>\n<h2>Tratamentos T\u00e9rmicos | <strong>SAE 120 W-V-4<\/strong><em> (WNr 1.2516)<\/em><\/h2>\n<h4>A\u00e7o Prata Tungstenado<\/h4>\n<table class=\"tabela-acosroman\">\n<thead>\n<tr>\n<th><img decoding=\"async\" class=\"alignleft\" src=\"https:\/\/www.aco.com.br\/wp-content\/uploads\/2019\/02\/tratamento-termico.png\" alt=\"Tratamentos T\u00e9rmicos\" \/><\/p>\n<h4><a title=\"Tratamentos T\u00e9rmicos - A\u00e7o Carbono\" href=\"https:\/\/www.aco.com.br\/tratamentos-termicos-acos-especiais\/\">Tratamentos T\u00e9rmicos<\/a><\/h4>\n<\/th>\n<th>Temperatura (\u00b0C)<\/th>\n<th>Meios<\/th>\n<\/tr>\n<\/thead>\n<tbody>\n<tr>\n<th>Recozimento<\/th>\n<td>730 &#8211; 750<\/td>\n<td>&#8230;<\/td>\n<\/tr>\n<tr>\n<th>T\u00eampera<\/th>\n<td>810- 840<br \/>\n780- 810<\/td>\n<td>o&lt;10mm \u00d3lep<br \/>\no&lt;10mm \u00c1gua<\/td>\n<\/tr>\n<tr>\n<th>Revenimento<\/th>\n<td>150 &#8211; 300<\/td>\n<td>&#8211;<\/td>\n<\/tr>\n<\/tbody>\n<\/table>\n<table class=\"tabela-acosroman\">\n<tbody>\n<tr>\n<th style=\"background: #f9f9f9; width: 50%;\"><img decoding=\"async\" class=\"alignleft \" src=\"https:\/\/www.aco.com.br\/wp-content\/uploads\/2019\/03\/dureza-superficial-hrc.jpg\" alt=\"Dureza de Trabalho- HRC - Labmetal\" \/><\/p>\n<h4><a title=\"Dureza de Trabalho - HRC - Labmetal\" href=\"https:\/\/www.aco.com.br\/labmetal\/\">Dureza de Trabalho<\/a><\/h4>\n<\/th>\n<td>62-58 HRC<\/td>\n<\/tr>\n<\/tbody>\n<\/table>\n<p>Para mais tratamentos t\u00e9rmicos e informa\u00e7\u00f5es sobre dureza do a\u00e7o, acesse a <a title=\"Tratamentos T\u00e9rmicos do A\u00e7o\" href=\"https:\/\/www.aco.com.br\/acos\/tratamento-termico\/\">p\u00e1gina de tratamentos t\u00e9rmicos<\/a>.<\/p>\n<h2><strong>A\u00e7o Prata Tungstenado<\/strong> &#8211; De S\u00e3o Paulo para todo Brasil<\/h2>\n<a href=\"https:\/\/www.aco.com.br\/contato\/\" target=\"_self\" class=\"button success is-bevel is-large expand\"  style=\"border-radius:10px;\">\n    <span>FALE CONOSCO<\/span>\n  <i class=\"icon-angle-right\" aria-hidden=\"true\" ><\/i><\/a>\n\n","protected":false},"excerpt":{"rendered":"<p style=\"text-align: left;\">O <strong>A\u00e7o Prata Tungstenado<\/strong> tamb\u00e9m conhecido pelas nomenclaturas t\u00e9cnicas\u00a0<strong>SAE 120 W-V-4<em> (WNr 1.2516 ou Villares V-W-2)<\/em><\/strong>\u00a0 \u00e9 fornecido pela <strong>A\u00e7os Roman <\/strong>em barras retificadas.<\/p>\n<table class=\"tabela-acosroman\">\n<thead>\n<tr>\n<th><img decoding=\"async\" src=\"http:\/\/www.aco.com.br\/wp-content\/uploads\/2019\/02\/laboratorio-metalografico-lab-metal-acos-roman-1.png\" alt=\"A\u00e7os Roman - A\u00e7os Especiais\" \/><\/th>\n<th>\n<h4>A\u00e7o Prata Tungstenado &#8211; SAE 120 W-V-4<\/h4>\n<p>Componentes Qu\u00edmicos do A\u00c7O<br \/>\n<a title=\"An\u00e1lise Qu\u00edmica - LabMetal\" href=\"http:\/\/www.aco.com.br\/aco\/espectrometria-de-emissao-otica-analise-quimica-do-aco\/\"><span style=\"font-size: 0.8; color: #aaa; text-transform: none; font-weight: light;\">An\u00e1lise Qu\u00edmica &#8211; Labmetal A.R.<\/span><\/a><\/th>\n<\/tr>\n<\/thead>\n<tbody>\n<tr>\n<th>Carbono (C)<\/th>\n<td>1,15 &#8211; 1,25 %<\/td>\n<\/tr>\n<tr>\n<th>Cromo (Cr)<\/th>\n<td>0,15 &#8211; 0,25 %<\/td>\n<\/tr>\n<tr>\n<th>F\u00f3sforo (P) &#8211; M\u00e1x.<\/th>\n<td>0,035 %<\/td>\n<\/tr>\n<tr>\n<th>Enxofre (S) &#8211; M\u00e1x<\/th>\n<td>0,035 %<\/td>\n<\/tr>\n<tr>\n<th>Tungst\u00eancio (W)<\/th>\n<td>0,90 &#8211; 1,10\u00a0 %<\/td>\n<\/tr>\n<tr>\n<th>Sil\u00edcio (Si)<\/th>\n<td>0,15 &#8211; 0,30 %<\/td>\n<\/tr>\n<tr>\n<th>Van\u00e1dio (V)<\/th>\n<td>0,07 &#8211; 0,12 %<\/td>\n<\/tr>\n<\/tbody>\n<\/table>\n<p style=\"font-size: 11px; text-align: right;\">Marca Villares Metals &#8211; <a href=\"http:\/\/www.villaresmetals.com.br\" target=\"_blank\" rel=\"noopener\"><strong> VW-1<\/strong><\/a><\/p>\n<p>&nbsp;<\/p>\n","protected":false},"featured_media":1799,"template":"","meta":{"inline_featured_image":false},"product_brand":[],"product_cat":[17,72,76],"product_tag":[129,128,126,165,166,127],"class_list":{"0":"post-1110","1":"product","2":"type-product","3":"status-publish","4":"has-post-thumbnail","6":"product_cat-especiais","7":"product_cat-aco-prata","8":"product_cat-trabalho-a-frio","9":"product_tag-aco-prata","10":"product_tag-aco-prata-tungstenado","11":"product_tag-sae-120-w-v-4","12":"product_tag-v-w-1","13":"product_tag-villares-vw-1","14":"product_tag-wnr-1-2516","16":"first","17":"instock","18":"sold-individually","19":"shipping-taxable","20":"product-type-simple"},"aioseo_notices":[],"_links":{"self":[{"href":"https:\/\/aco.com.br\/inicio\/wp-json\/wp\/v2\/product\/1110","targetHints":{"allow":["GET"]}}],"collection":[{"href":"https:\/\/aco.com.br\/inicio\/wp-json\/wp\/v2\/product"}],"about":[{"href":"https:\/\/aco.com.br\/inicio\/wp-json\/wp\/v2\/types\/product"}],"wp:featuredmedia":[{"embeddable":true,"href":"https:\/\/aco.com.br\/inicio\/wp-json\/wp\/v2\/media\/1799"}],"wp:attachment":[{"href":"https:\/\/aco.com.br\/inicio\/wp-json\/wp\/v2\/media?parent=1110"}],"wp:term":[{"taxonomy":"product_brand","embeddable":true,"href":"https:\/\/aco.com.br\/inicio\/wp-json\/wp\/v2\/product_brand?post=1110"},{"taxonomy":"product_cat","embeddable":true,"href":"https:\/\/aco.com.br\/inicio\/wp-json\/wp\/v2\/product_cat?post=1110"},{"taxonomy":"product_tag","embeddable":true,"href":"https:\/\/aco.com.br\/inicio\/wp-json\/wp\/v2\/product_tag?post=1110"}],"curies":[{"name":"wp","href":"https:\/\/api.w.org\/{rel}","templated":true}]}}