{"id":1109,"date":"2019-03-07T17:07:38","date_gmt":"2019-03-07T17:07:38","guid":{"rendered":"https:\/\/www.aco.com.br\/?post_type=product&#038;p=1109"},"modified":"2019-03-28T17:22:37","modified_gmt":"2019-03-28T17:22:37","slug":"aisi-s1","status":"publish","type":"product","link":"https:\/\/aco.com.br\/inicio\/aco\/aisi-s1\/","title":{"rendered":"AISI S1 | A\u00e7o Ferramenta V-W-3 (Tungst\u00eanio-Cromo-Van\u00e1dio)"},"content":{"rendered":"<div class=\"row align-middle\"  id=\"row-1648025153\">\n\n\t<div id=\"col-531901628\" class=\"col medium-6 small-12 large-6\"  >\n\t\t\t\t<div class=\"col-inner\"  >\n\t\t\t\n\t\t\t\n<h3><strong>A\u00e7o Ferramenta AISI-S1<\/strong>\u00a0&#8211; Aplica\u00e7\u00f5es<\/h3>\n<p style=\"text-align: left;\">O <strong>AISI-S1<\/strong> \u00e9 um <a href=\"https:\/\/www.aco.com.br\/acos\/acos-especiais\/aco-ferramenta\/\"><strong>a\u00e7o ferramenta<\/strong><\/a>, o que significa que \u00e9 uma liga de alta dureza e elevada tenacidade, para ferramentas que devem resistir \u00e0 choques e abras\u00e3o, como talhadeiras e ferramentas pneum\u00e1ticas de impacto.<\/p>\n\t\t<\/div>\n\t\t\t\t\t<\/div>\n\n\t\n\n\t<div id=\"col-210474652\" class=\"col medium-6 small-12 large-6\"  >\n\t\t\t\t<div class=\"col-inner\"  >\n\t\t\t\n\t\t\t\n\n  \n    <div class=\"row large-columns-2 medium-columns- small-columns- slider row-slider slider-nav-reveal\"  data-flickity-options='{\"imagesLoaded\": true, \"groupCells\": \"100%\", \"dragThreshold\" : 5, \"cellAlign\": \"left\",\"wrapAround\": true,\"prevNextButtons\": true,\"percentPosition\": true,\"pageDots\": false, \"rightToLeft\": false, \"autoPlay\" : false}' >\n\n  <div class=\"gallery-col col\" >\n          <div class=\"col-inner\">\n            <a class=\"image-lightbox lightbox-gallery\" href=\"https:\/\/aco.com.br\/wp-content\/uploads\/2019\/03\/talhadeira-pneumatica-aco-aisi-s1.jpg\" title=\"\">            <div class=\"box has-hover gallery-box box-none\">\n              <div class=\"box-image\" >\n                <img loading=\"lazy\" decoding=\"async\" width=\"400\" height=\"400\" src=\"https:\/\/aco.com.br\/wp-content\/uploads\/2019\/03\/talhadeira-pneumatica-aco-aisi-s1-400x400.jpg\" class=\"attachment-medium size-medium\" alt=\"A\u00e7o AISI S1 - V-W-3 - A\u00e7o Ferramenta de Trabalho \u00e0 Frio\" ids=\"1589,1590\" style=\"none\" type=\"slider\" columns=\"2\" srcset=\"https:\/\/aco.com.br\/wp-content\/uploads\/2019\/03\/talhadeira-pneumatica-aco-aisi-s1-400x400.jpg 400w, https:\/\/aco.com.br\/wp-content\/uploads\/2019\/03\/talhadeira-pneumatica-aco-aisi-s1-280x280.jpg 280w, https:\/\/aco.com.br\/wp-content\/uploads\/2019\/03\/talhadeira-pneumatica-aco-aisi-s1-297x297.jpg 297w, https:\/\/aco.com.br\/wp-content\/uploads\/2019\/03\/talhadeira-pneumatica-aco-aisi-s1-100x100.jpg 100w, https:\/\/aco.com.br\/wp-content\/uploads\/2019\/03\/talhadeira-pneumatica-aco-aisi-s1.jpg 550w\" sizes=\"auto, (max-width: 400px) 100vw, 400px\" \/>                                                              <\/div>\n              <div class=\"box-text text-left\" >\n                 <p><\/p>\n              <\/div>\n            <\/div>\n            <\/a>          <\/div>\n         <\/div><div class=\"gallery-col col\" >\n          <div class=\"col-inner\">\n            <a class=\"image-lightbox lightbox-gallery\" href=\"https:\/\/aco.com.br\/wp-content\/uploads\/2019\/03\/aisi-61-talhadeira-pneumatica.jpg\" title=\"\">            <div class=\"box has-hover gallery-box box-none\">\n              <div class=\"box-image\" >\n                <img loading=\"lazy\" decoding=\"async\" width=\"400\" height=\"400\" src=\"https:\/\/aco.com.br\/wp-content\/uploads\/2019\/03\/aisi-61-talhadeira-pneumatica-400x400.jpg\" class=\"attachment-medium size-medium\" alt=\"A\u00e7o AISI S1 - V-W-3 - A\u00e7o Ferramenta de Trabalho \u00e0 Frio\" ids=\"1589,1590\" style=\"none\" type=\"slider\" columns=\"2\" srcset=\"https:\/\/aco.com.br\/wp-content\/uploads\/2019\/03\/aisi-61-talhadeira-pneumatica-400x400.jpg 400w, https:\/\/aco.com.br\/wp-content\/uploads\/2019\/03\/aisi-61-talhadeira-pneumatica-280x280.jpg 280w, https:\/\/aco.com.br\/wp-content\/uploads\/2019\/03\/aisi-61-talhadeira-pneumatica-297x297.jpg 297w, https:\/\/aco.com.br\/wp-content\/uploads\/2019\/03\/aisi-61-talhadeira-pneumatica-100x100.jpg 100w, https:\/\/aco.com.br\/wp-content\/uploads\/2019\/03\/aisi-61-talhadeira-pneumatica.jpg 460w\" sizes=\"auto, (max-width: 400px) 100vw, 400px\" \/>                                                              <\/div>\n              <div class=\"box-text text-left\" >\n                 <p><\/p>\n              <\/div>\n            <\/div>\n            <\/a>          <\/div>\n         <\/div><\/div>\n\t\t<\/div>\n\t\t\t\t\t<\/div>\n\n\t\n<\/div>\n<h2>Tratamentos T\u00e9rmicos | AISI S1 &#8211; A\u00e7o Ferramenta<\/h2>\n<table class=\"tabela-acosroman\">\n<thead>\n<tr>\n<th><img decoding=\"async\" class=\"alignleft\" src=\"https:\/\/www.aco.com.br\/wp-content\/uploads\/2019\/02\/tratamento-termico.png\" alt=\"Tratamentos T\u00e9rmicos\" \/><\/p>\n<h4><a title=\"Tratamentos T\u00e9rmicos - A\u00e7o Carbono\" href=\"https:\/\/www.aco.com.br\/tratamentos-termicos-acos-especiais\/\">Tratamentos T\u00e9rmicos<\/a><\/h4>\n<\/th>\n<th>Temperatura (\u00b0C)<\/th>\n<th>Meios<\/th>\n<\/tr>\n<\/thead>\n<tbody>\n<tr>\n<th>Recozimento<\/th>\n<td>780-800<\/td>\n<td>&#8230;<\/td>\n<\/tr>\n<tr>\n<th>T\u00eampera<\/th>\n<td>900-960<\/td>\n<td>Banho de Sal<br \/>\n\u00d3leo<\/td>\n<\/tr>\n<tr>\n<th>Revenimento<\/th>\n<td>100-350<\/td>\n<td>&#8211;<\/td>\n<\/tr>\n<\/tbody>\n<\/table>\n<table class=\"tabela-acosroman\">\n<tbody>\n<tr>\n<th style=\"background: #f9f9f9; width: 50%;\"><img decoding=\"async\" class=\"alignleft \" src=\"https:\/\/www.aco.com.br\/wp-content\/uploads\/2019\/03\/dureza-superficial-hrc.jpg\" alt=\"Dureza de Trabalho- HRC - Labmetal\" \/><\/p>\n<h4><a title=\"Dureza de Trabalho - HRC - Labmetal\" href=\"https:\/\/www.aco.com.br\/labmetal\/\">Dureza de Trabalho<\/a><\/h4>\n<\/th>\n<td>58-52 HRC<\/td>\n<\/tr>\n<\/tbody>\n<\/table>\n<p>Para mais tratamentos t\u00e9rmicos e informa\u00e7\u00f5es sobre dureza do a\u00e7o, acesse a <a title=\"Tratamentos T\u00e9rmicos do A\u00e7o\" href=\"https:\/\/www.aco.com.br\/acos\/tratamento-termico\/\">p\u00e1gina de tratamentos t\u00e9rmicos<\/a>.<\/p>\n<h2>A\u00e7o Ferramenta AISI S1 &#8211; de S\u00e3o Paulo para todo Brasil<\/h2>\n<a href=\"https:\/\/www.aco.com.br\/contato\/\" target=\"_self\" class=\"button success is-bevel is-large expand\"  style=\"border-radius:10px;\">\n    <span>FALE CONOSCO<\/span>\n  <i class=\"icon-angle-right\" aria-hidden=\"true\" ><\/i><\/a>\n\n","protected":false},"excerpt":{"rendered":"<p style=\"text-align: left;\">O a\u00e7o\u00a0<strong>AISI S1\u00a0<\/strong>tem como caracter\u00edstica principal ter elevada resist\u00eancia ao choque em uma ampla faixa de dureza e boa resist\u00eancia \u00e0 fadiga e ao desgaste. Este <a title=\"A\u00e7o AISI-S1 - A\u00e7o Ferramenta\" href=\"http:\/\/www.aco.com.br\/acos\/acos-especiais\/aco-ferramenta\/\"><strong>A\u00e7o Ferramenta<\/strong><\/a> pode ser utilizado em aplica\u00e7\u00f5es de trabalho a quente ou a frio, e em casos especiais pode ser cementado para otimizar o compromisso entre sua elevada tenacidade com a resist\u00eancia ao desgaste superficial.<\/p>\n<table class=\"tabela-acosroman\">\n<thead>\n<tr>\n<th><img decoding=\"async\" src=\"http:\/\/www.aco.com.br\/wp-content\/uploads\/2019\/02\/laboratorio-metalografico-lab-metal-acos-roman-1.png\" alt=\"A\u00e7os Roman - A\u00e7os Especiais\" \/><\/th>\n<th>\n<h4><strong>AISI S1<\/strong><\/h4>\n<p>Componentes Qu\u00edmicos do A\u00c7O<br \/>\n<a title=\"An\u00e1lise Qu\u00edmica - LabMetal\" href=\"http:\/\/www.aco.com.br\/aco\/espectrometria-de-emissao-otica-analise-quimica-do-aco\/\"><span style=\"font-size: 0.8; color: #aaa; text-transform: none; font-weight: light;\">An\u00e1lise Qu\u00edmica &#8211; Labmetal A.R.<\/span><\/a><\/th>\n<\/tr>\n<\/thead>\n<tbody>\n<tr>\n<th>Carbono (C)<\/th>\n<td>0.45 %<\/td>\n<\/tr>\n<tr>\n<th>Cromo (Cr)<\/th>\n<td>1.40 %<\/td>\n<\/tr>\n<tr>\n<th>Molibd\u00eanio (Mo)<\/th>\n<td>0.20 %<\/td>\n<\/tr>\n<tr>\n<th>Mangan\u00eas (Mn)<\/th>\n<td>0,30 %<\/td>\n<\/tr>\n<tr>\n<th>Tungst\u00eancio (W)<\/th>\n<td>2.00 %<\/td>\n<\/tr>\n<tr>\n<th>Sil\u00edcio (Si)<\/th>\n<td>1.00 %<\/td>\n<\/tr>\n<tr>\n<th>Van\u00e1dio (V)<\/th>\n<td>0.20 %<\/td>\n<\/tr>\n<\/tbody>\n<\/table>\n<div style=\"padding-top: 12px;\">\n<p style=\"font-size: 11px; text-align: right;\">Marca Villares Metals &#8211; <a href=\"http:\/\/www.villaresmetals.com.br\" target=\"_blank\" rel=\"noopener\"><strong> V W 3<\/strong><\/a><\/p>\n<\/div>\n","protected":false},"featured_media":1829,"template":"","meta":{"inline_featured_image":false},"product_brand":[],"product_cat":[17,71],"product_tag":[116,123,124,125,152],"class_list":{"0":"post-1109","1":"product","2":"type-product","3":"status-publish","4":"has-post-thumbnail","6":"product_cat-especiais","7":"product_cat-aco-ferramenta","8":"product_tag-aco-ferramenta","9":"product_tag-aisi-s1","10":"product_tag-liga-tungstenio-cromo-vanadio","11":"product_tag-uns-t41901","12":"product_tag-v-w-3","14":"first","15":"instock","16":"sold-individually","17":"shipping-taxable","18":"product-type-simple"},"aioseo_notices":[],"_links":{"self":[{"href":"https:\/\/aco.com.br\/inicio\/wp-json\/wp\/v2\/product\/1109","targetHints":{"allow":["GET"]}}],"collection":[{"href":"https:\/\/aco.com.br\/inicio\/wp-json\/wp\/v2\/product"}],"about":[{"href":"https:\/\/aco.com.br\/inicio\/wp-json\/wp\/v2\/types\/product"}],"wp:featuredmedia":[{"embeddable":true,"href":"https:\/\/aco.com.br\/inicio\/wp-json\/wp\/v2\/media\/1829"}],"wp:attachment":[{"href":"https:\/\/aco.com.br\/inicio\/wp-json\/wp\/v2\/media?parent=1109"}],"wp:term":[{"taxonomy":"product_brand","embeddable":true,"href":"https:\/\/aco.com.br\/inicio\/wp-json\/wp\/v2\/product_brand?post=1109"},{"taxonomy":"product_cat","embeddable":true,"href":"https:\/\/aco.com.br\/inicio\/wp-json\/wp\/v2\/product_cat?post=1109"},{"taxonomy":"product_tag","embeddable":true,"href":"https:\/\/aco.com.br\/inicio\/wp-json\/wp\/v2\/product_tag?post=1109"}],"curies":[{"name":"wp","href":"https:\/\/api.w.org\/{rel}","templated":true}]}}