{"id":1108,"date":"2019-03-07T17:05:10","date_gmt":"2019-03-07T17:05:10","guid":{"rendered":"https:\/\/www.aco.com.br\/?post_type=product&#038;p=1108"},"modified":"2019-03-28T17:20:15","modified_gmt":"2019-03-28T17:20:15","slug":"aisi-d2","status":"publish","type":"product","link":"https:\/\/aco.com.br\/inicio\/aco\/aisi-d2\/","title":{"rendered":"AISI D2 (W-Nr-1.2379 ou VD-2) | A\u00e7o Ferramenta de Trabalho \u00e0 Frio"},"content":{"rendered":"<div class=\"row align-middle\"  id=\"row-113618197\">\n<h3><strong>Informa\u00e7\u00f5es sobre AISI D2<\/strong> (W-Nr-1.2379 ou VD-2)<\/h3>\n<p style=\"text-align: left;\">O <strong>AISI-D2\u00a0(W-Nr-1.2379 ou VD-2)<\/strong>\u00a0\u00e9\u00a0 um <a href=\"https:\/\/www.aco.com.br\/acos\/acos-especiais\/trabalho-a-frio\/\"><strong>a\u00e7o ferramenta de trabalho \u00e0 Frio<\/strong><\/a>\u00a0usado especialmente em ferramentas que exigem alta resist\u00eancia \u00e0 abras\u00e3o. Tem alta estabilidade dimensional e alta resist\u00eancia ao desgaste, especialmente em condi\u00e7\u00f5es abrasivas.<\/p>\n<blockquote>\n<p style=\"text-align: left;\">O<strong> AISI-D2<\/strong> possui tenacidade superior aos outros a\u00e7os da s\u00e9rie-D.<\/p>\n<\/blockquote>\n\n\t<div id=\"col-607455170\" class=\"col medium-6 small-12 large-6\"  >\n\t\t\t\t<div class=\"col-inner\"  >\n\t\t\t\n\t\t\t\n<h3><strong>A\u00e7o Ferramenta AISI-D2<\/strong>\u00a0&#8211; A\u00e7o Ferramenta de Trabalho \u00e0 Frio<\/h3>\n<p><strong>Utiliza\u00e7\u00e3o:<\/strong> Matrizes para estampar e cunhar; Para rolar roscas; Para repuxamento;\u00a0 Centros para Tornos; Pun\u00e7\u00f5es e Calibres.<\/p>\n\t\t<\/div>\n\t\t\t\t\t<\/div>\n\n\t\n\n\t<div id=\"col-645330219\" class=\"col medium-6 small-12 large-6\"  >\n\t\t\t\t<div class=\"col-inner\"  >\n\t\t\t\n\t\t\t\n<div id='gallery-1' class='gallery galleryid-1108 gallery-columns-2 gallery-size-medium'><figure class='gallery-item'>\n\t\t\t<div class='gallery-icon landscape'>\n\t\t\t\t<a href='https:\/\/aco.com.br\/inicio\/?attachment_id=1613'><img loading=\"lazy\" decoding=\"async\" width=\"433\" height=\"400\" src=\"https:\/\/aco.com.br\/wp-content\/uploads\/2019\/03\/centro-para-torno-aco-d6-1-433x400.jpg\" class=\"attachment-medium size-medium\" alt=\"centro para torno aco d6\" srcset=\"https:\/\/aco.com.br\/wp-content\/uploads\/2019\/03\/centro-para-torno-aco-d6-1-433x400.jpg 433w, https:\/\/aco.com.br\/wp-content\/uploads\/2019\/03\/centro-para-torno-aco-d6-1.jpg 500w\" sizes=\"auto, (max-width: 433px) 100vw, 433px\" \/><\/a>\n\t\t\t<\/div><\/figure><figure class='gallery-item'>\n\t\t\t<div class='gallery-icon landscape'>\n\t\t\t\t<a href='https:\/\/aco.com.br\/inicio\/?attachment_id=1614'><img loading=\"lazy\" decoding=\"async\" width=\"316\" height=\"265\" src=\"https:\/\/aco.com.br\/wp-content\/uploads\/2019\/03\/centro-para-torno-aco-d2.jpg\" class=\"attachment-medium size-medium\" alt=\"D2 D6 centro para torno aco d2\" \/><\/a>\n\t\t\t<\/div><\/figure>\n\t\t<\/div>\n\n\t\t<\/div>\n\t\t\t\t\t<\/div>\n\n\t\n<\/div>\n<h2>Tratamentos T\u00e9rmicos | AISI D2 &#8211; A\u00e7o Ferramenta<\/h2>\n<p>O <strong>AISI-D2\u00a0<\/strong>(W-Nr-1.2379 ou VD-2) pode ser tratado termicamente para durezas elevadas mantendo boa resist\u00eancia \u00e0 fratura. \u00c9 um a\u00e7o com alta penetra\u00e7\u00e3o de dureza na t\u00eampera e excelente estabilidade dimensional e de forma.<\/p>\n<table class=\"tabela-acosroman\">\n<thead>\n<tr>\n<th><img decoding=\"async\" class=\"alignleft\" src=\"https:\/\/www.aco.com.br\/wp-content\/uploads\/2019\/02\/tratamento-termico.png\" alt=\"Tratamentos T\u00e9rmicos\" \/><\/p>\n<h4><a title=\"Tratamentos T\u00e9rmicos - A\u00e7o Carbono\" href=\"https:\/\/www.aco.com.br\/tratamentos-termicos-acos-especiais\/\">Tratamentos T\u00e9rmicos<\/a><\/h4>\n<\/th>\n<th>Temperatura (\u00b0C)<\/th>\n<th>Meios<\/th>\n<\/tr>\n<\/thead>\n<tbody>\n<tr>\n<th>Recozimento<\/th>\n<td>870-900<\/td>\n<td>&#8230;<\/td>\n<\/tr>\n<tr>\n<th>T\u00eampera<\/th>\n<td>980-1020<\/td>\n<td>Banho de Sal<br \/>\nAr<br \/>\n\u00d3leo<\/td>\n<\/tr>\n<tr>\n<th>Revenimento<\/th>\n<td>200-300<\/td>\n<td>&#8211;<\/td>\n<\/tr>\n<\/tbody>\n<\/table>\n<table class=\"tabela-acosroman\">\n<tbody>\n<tr>\n<th style=\"background: #f9f9f9; width: 50%;\"><img decoding=\"async\" class=\"alignleft \" src=\"https:\/\/www.aco.com.br\/wp-content\/uploads\/2019\/03\/dureza-superficial-hrc.jpg\" alt=\"Dureza de Trabalho- HRC - Labmetal\" \/><\/p>\n<h4><a title=\"Dureza de Trabalho - HRC - Labmetal\" href=\"https:\/\/www.aco.com.br\/labmetal\/\">Dureza de Trabalho<\/a><\/h4>\n<\/th>\n<td>62-58 HRC<\/td>\n<\/tr>\n<\/tbody>\n<\/table>\n<p>Para mais tratamentos t\u00e9rmicos e informa\u00e7\u00f5es sobre dureza do a\u00e7o, acesse a <a title=\"Tratamentos T\u00e9rmicos do A\u00e7o\" href=\"https:\/\/www.aco.com.br\/acos\/tratamento-termico\/\">p\u00e1gina de tratamentos t\u00e9rmicos<\/a>.<\/p>\n<h2>A\u00e7o Ferramenta <strong>AISI D2<\/strong> &#8211; De S\u00e3o Paulo para todo Brasil<\/h2>\n<a href=\"https:\/\/www.aco.com.br\/contato\/\" target=\"_self\" class=\"button success is-bevel is-large expand\"  style=\"border-radius:10px;\">\n    <span>FALE CONOSCO<\/span>\n  <i class=\"icon-angle-right\" aria-hidden=\"true\" ><\/i><\/a>\n\n","protected":false},"excerpt":{"rendered":"<p style=\"text-align: left;\">O a\u00e7o <strong>AISI D2<\/strong>\u00a0(W-Nr-1.2379 ou VD-2) \u00e9\u00a0 o <strong><a title=\"A\u00e7o Ferramenta de Trabalho \u00e0\u00a0 Frio\" href=\"http:\/\/www.aco.com.br\/acos\/acos-especiais\/trabalho-a-frio\/\">A\u00e7o Ferramenta de Trabalho \u00e0\u00a0 Frio<\/a> com maior aplica\u00e7\u00e3o no segmento metal-mec\u00e2nico<\/strong>, principalmente na ind\u00fastria de conforma\u00e7\u00e3o e corte a frio.<\/p>\n<table class=\"tabela-acosroman\">\n<thead>\n<tr>\n<th><img decoding=\"async\" src=\"http:\/\/www.aco.com.br\/wp-content\/uploads\/2019\/02\/laboratorio-metalografico-lab-metal-acos-roman-1.png\" alt=\"A\u00e7os Roman - A\u00e7os Especiais\" \/><\/th>\n<th>\n<h4>AISI D2 (W-Nr-1.2379)<\/h4>\n<p>Componentes Qu\u00edmicos do A\u00c7O<br \/>\n<a title=\"An\u00e1lise Qu\u00edmica - LabMetal\" href=\"http:\/\/www.aco.com.br\/aco\/espectrometria-de-emissao-otica-analise-quimica-do-aco\/\"><span style=\"font-size: 0.8; color: #aaa; text-transform: none; font-weight: light;\">An\u00e1lise Qu\u00edmica &#8211; Labmetal A.R.<\/span><\/a><\/th>\n<\/tr>\n<\/thead>\n<tbody>\n<tr>\n<th>Carbono (C)<\/th>\n<td>1.50 %<\/td>\n<\/tr>\n<tr>\n<th>Cromo (Cr)<\/th>\n<td>12,00 %<\/td>\n<\/tr>\n<tr>\n<th>Molibd\u00eanio (Mo)<\/th>\n<td>0.95 %<\/td>\n<\/tr>\n<tr>\n<th>Mangan\u00eas (Mn)<\/th>\n<td>0.30 %<\/td>\n<\/tr>\n<tr>\n<th>Tungst\u00eancio (W)<\/th>\n<td>&#8212;<\/td>\n<\/tr>\n<tr>\n<th>Sil\u00edcio (Si)<\/th>\n<td>&#8212;<\/td>\n<\/tr>\n<tr>\n<th>Van\u00e1dio (V)<\/th>\n<td>0.90 %<\/td>\n<\/tr>\n<\/tbody>\n<\/table>\n<p>&nbsp;<\/p>\n<div style=\"float: right; width: 50%; padding-top: 12px;\">\n<p style=\"font-size: 11px; text-align: right;\">Marca Villares Metals &#8211; <a href=\"http:\/\/www.villaresmetals.com.br\" target=\"_blank\" rel=\"noopener\"><strong> V D 2<\/strong><\/a><\/p>\n<\/div>\n","protected":false},"featured_media":1831,"template":"","meta":{"inline_featured_image":false},"product_brand":[],"product_cat":[17,71,76],"product_tag":[153,116,96,120,154,156,155,118,161,119,164],"class_list":{"0":"post-1108","1":"product","2":"type-product","3":"status-publish","4":"has-post-thumbnail","6":"product_cat-especiais","7":"product_cat-aco-ferramenta","8":"product_cat-trabalho-a-frio","9":"product_tag-abtn-d2","10":"product_tag-aco-ferramenta","11":"product_tag-acos-especiais","12":"product_tag-aisi-d2","13":"product_tag-astm-d2","14":"product_tag-din-1-2379","15":"product_tag-sae-d2","16":"product_tag-trabalho-a-frio","17":"product_tag-vc131","18":"product_tag-w-nr-1-2379","19":"product_tag-x-155-crvmo121","21":"first","22":"instock","23":"sold-individually","24":"shipping-taxable","25":"product-type-simple"},"aioseo_notices":[],"_links":{"self":[{"href":"https:\/\/aco.com.br\/inicio\/wp-json\/wp\/v2\/product\/1108","targetHints":{"allow":["GET"]}}],"collection":[{"href":"https:\/\/aco.com.br\/inicio\/wp-json\/wp\/v2\/product"}],"about":[{"href":"https:\/\/aco.com.br\/inicio\/wp-json\/wp\/v2\/types\/product"}],"wp:featuredmedia":[{"embeddable":true,"href":"https:\/\/aco.com.br\/inicio\/wp-json\/wp\/v2\/media\/1831"}],"wp:attachment":[{"href":"https:\/\/aco.com.br\/inicio\/wp-json\/wp\/v2\/media?parent=1108"}],"wp:term":[{"taxonomy":"product_brand","embeddable":true,"href":"https:\/\/aco.com.br\/inicio\/wp-json\/wp\/v2\/product_brand?post=1108"},{"taxonomy":"product_cat","embeddable":true,"href":"https:\/\/aco.com.br\/inicio\/wp-json\/wp\/v2\/product_cat?post=1108"},{"taxonomy":"product_tag","embeddable":true,"href":"https:\/\/aco.com.br\/inicio\/wp-json\/wp\/v2\/product_tag?post=1108"}],"curies":[{"name":"wp","href":"https:\/\/api.w.org\/{rel}","templated":true}]}}