{"id":1107,"date":"2019-03-07T17:04:19","date_gmt":"2019-03-07T17:04:19","guid":{"rendered":"https:\/\/www.aco.com.br\/?post_type=product&#038;p=1107"},"modified":"2019-03-28T14:04:13","modified_gmt":"2019-03-28T14:04:13","slug":"aisi-d6-w-nr-1-2436-aco-ferramenta","status":"publish","type":"product","link":"https:\/\/aco.com.br\/inicio\/aco\/aisi-d6-w-nr-1-2436-aco-ferramenta\/","title":{"rendered":"AISI D6 (W-Nr-12436 ou VC-131) | A\u00e7o Ferramenta de Trabalho \u00e0 Frio"},"content":{"rendered":"<div class=\"row align-middle\"  id=\"row-733581364\">\n\n\t<div id=\"col-516621863\" class=\"col medium-6 small-12 large-6\"  >\n\t\t\t\t<div class=\"col-inner\"  >\n\t\t\t\n\t\t\t\n<h3><strong>A\u00e7o Ferramenta AISI-D6<\/strong>\u00a0&#8211; A\u00e7o Ferramenta de Trabalho \u00e0 Frio<\/h3>\n<p style=\"text-align: left;\">\u00a0O <strong>AISI-D6<\/strong> (WNr-12436 ou VC-131) \u00e9\u00a0 Ideal para corte de chapa siliciosa. Utilizado tamb\u00e9m para revestimento de moldes cer\u00e2micos por sua exepcional capacidade de manter a estabilidade no Gume da l\u00e2mina.<\/p>\n\t\t<\/div>\n\t\t\t\t\t<\/div>\n\n\t\n\n\t<div id=\"col-1455377290\" class=\"col medium-6 small-12 large-6\"  >\n\t\t\t\t<div class=\"col-inner\"  >\n\t\t\t\n\t\t\t\n\n  \n    <div class=\"row large-columns-2 medium-columns- small-columns- slider row-slider slider-nav-reveal\"  data-flickity-options='{\"imagesLoaded\": true, \"groupCells\": \"100%\", \"dragThreshold\" : 5, \"cellAlign\": \"left\",\"wrapAround\": true,\"prevNextButtons\": true,\"percentPosition\": true,\"pageDots\": false, \"rightToLeft\": false, \"autoPlay\" : false}' >\n\n  <div class=\"gallery-col col\" >\n          <div class=\"col-inner\">\n            <a class=\"image-lightbox lightbox-gallery\" href=\"https:\/\/aco.com.br\/wp-content\/uploads\/2019\/03\/A\u00e7o-Ferramenta-AISI-D6-\u2013-A\u00e7o-Ferramenta-de-Trabalho-\u00e0-Frio.jpg\" title=\"\">            <div class=\"box has-hover gallery-box box-none\">\n              <div class=\"box-image\" >\n                <img loading=\"lazy\" decoding=\"async\" width=\"615\" height=\"400\" src=\"https:\/\/aco.com.br\/wp-content\/uploads\/2019\/03\/A\u00e7o-Ferramenta-AISI-D6-\u2013-A\u00e7o-Ferramenta-de-Trabalho-\u00e0-Frio-615x400.jpg\" class=\"attachment-medium size-medium\" alt=\"A\u00e7o Ferramenta AISI-D6 \u2013 A\u00e7o Ferramenta de Trabalho \u00e0 Frio\" ids=\"1610,1627\" style=\"none\" type=\"slider\" columns=\"2\" srcset=\"https:\/\/aco.com.br\/wp-content\/uploads\/2019\/03\/A\u00e7o-Ferramenta-AISI-D6-\u2013-A\u00e7o-Ferramenta-de-Trabalho-\u00e0-Frio-615x400.jpg 615w, https:\/\/aco.com.br\/wp-content\/uploads\/2019\/03\/A\u00e7o-Ferramenta-AISI-D6-\u2013-A\u00e7o-Ferramenta-de-Trabalho-\u00e0-Frio-768x499.jpg 768w, https:\/\/aco.com.br\/wp-content\/uploads\/2019\/03\/A\u00e7o-Ferramenta-AISI-D6-\u2013-A\u00e7o-Ferramenta-de-Trabalho-\u00e0-Frio-900x585.jpg 900w, https:\/\/aco.com.br\/wp-content\/uploads\/2019\/03\/A\u00e7o-Ferramenta-AISI-D6-\u2013-A\u00e7o-Ferramenta-de-Trabalho-\u00e0-Frio.jpg 1000w\" sizes=\"auto, (max-width: 615px) 100vw, 615px\" \/>                                                              <\/div>\n              <div class=\"box-text text-left\" >\n                 <p><\/p>\n              <\/div>\n            <\/div>\n            <\/a>          <\/div>\n         <\/div><div class=\"gallery-col col\" >\n          <div class=\"col-inner\">\n            <a class=\"image-lightbox lightbox-gallery\" href=\"https:\/\/aco.com.br\/wp-content\/uploads\/2019\/03\/aco-52100-serra-800x800.png\" title=\"\">            <div class=\"box has-hover gallery-box box-none\">\n              <div class=\"box-image\" >\n                <img loading=\"lazy\" decoding=\"async\" width=\"400\" height=\"400\" src=\"https:\/\/aco.com.br\/wp-content\/uploads\/2019\/03\/aco-52100-serra-400x400.png\" class=\"attachment-medium size-medium\" alt=\"aco-52100-serra\" ids=\"1610,1627\" style=\"none\" type=\"slider\" columns=\"2\" srcset=\"https:\/\/aco.com.br\/wp-content\/uploads\/2019\/03\/aco-52100-serra-400x400.png 400w, https:\/\/aco.com.br\/wp-content\/uploads\/2019\/03\/aco-52100-serra-280x280.png 280w, https:\/\/aco.com.br\/wp-content\/uploads\/2019\/03\/aco-52100-serra-768x768.png 768w, https:\/\/aco.com.br\/wp-content\/uploads\/2019\/03\/aco-52100-serra.png 800w, https:\/\/aco.com.br\/wp-content\/uploads\/2019\/03\/aco-52100-serra-297x297.png 297w, https:\/\/aco.com.br\/wp-content\/uploads\/2019\/03\/aco-52100-serra-100x100.png 100w\" sizes=\"auto, (max-width: 400px) 100vw, 400px\" \/>                                                              <\/div>\n              <div class=\"box-text text-left\" >\n                 <p><\/p>\n              <\/div>\n            <\/div>\n            <\/a>          <\/div>\n         <\/div><\/div>\n\t\t<\/div>\n\t\t\t\t\t<\/div>\n\n\t\n<\/div>\n<h2>Tratamentos T\u00e9rmicos | <strong>AISI D6 &#8211; A\u00e7o Ferramenta de Trabalho \u00e0 Frio<\/strong><\/h2>\n<p>O AISI-D6 (WNr-12436 ou VC-131) de ser tratado termicamente para durezas elevadas mantendo boa resist\u00eancia \u00e0 fratura. \u00c9 um a\u00e7o com alta penetra\u00e7\u00e3o de dureza na t\u00eampera e excelente estabilidade dimensional e de forma.<\/p>\n<table class=\"tabela-acosroman\">\n<thead>\n<tr>\n<th><img decoding=\"async\" class=\"alignleft\" src=\"https:\/\/www.aco.com.br\/wp-content\/uploads\/2019\/02\/tratamento-termico.png\" alt=\"Tratamentos T\u00e9rmicos\" \/><\/p>\n<h4><a title=\"Tratamentos T\u00e9rmicos - A\u00e7o Carbono\" href=\"https:\/\/www.aco.com.br\/tratamentos-termicos-acos-especiais\/\">Tratamentos T\u00e9rmicos<\/a><\/h4>\n<\/th>\n<th>Temperatura (\u00b0C)<\/th>\n<th>Meios<\/th>\n<\/tr>\n<\/thead>\n<tbody>\n<tr>\n<th>Recozimento<\/th>\n<td>840-860<\/td>\n<td>&#8230;<\/td>\n<\/tr>\n<tr>\n<th>T\u00eampera<\/th>\n<td>930-970<\/td>\n<td>Banho de Sal<br \/>\nAr<br \/>\n\u00d3leo<\/td>\n<\/tr>\n<tr>\n<th>Revenimento<\/th>\n<td>100-520<\/td>\n<td>&#8211;<\/td>\n<\/tr>\n<\/tbody>\n<\/table>\n<table class=\"tabela-acosroman\">\n<tbody>\n<tr>\n<th style=\"background: #f9f9f9; width: 50%;\"><img decoding=\"async\" class=\"alignleft \" src=\"https:\/\/www.aco.com.br\/wp-content\/uploads\/2019\/03\/dureza-superficial-hrc.jpg\" alt=\"Dureza de Trabalho- HRC - Labmetal\" \/><\/p>\n<h4><a title=\"Dureza de Trabalho - HRC - Labmetal\" href=\"https:\/\/www.aco.com.br\/labmetal\/\">Dureza de Trabalho<\/a><\/h4>\n<\/th>\n<td>64-57 HRC<\/td>\n<\/tr>\n<\/tbody>\n<\/table>\n<p>Para mais tratamentos t\u00e9rmicos e informa\u00e7\u00f5es sobre dureza do a\u00e7o, acesse a <a title=\"Tratamentos T\u00e9rmicos do A\u00e7o\" href=\"https:\/\/www.aco.com.br\/acos\/tratamento-termico\/\">p\u00e1gina de tratamentos t\u00e9rmicos<\/a>.<\/p>\n<h2>A\u00e7o Ferramenta<strong> AISI D6<\/strong> &#8211; De S\u00e3o Paulo para todo Brasil<\/h2>\n<a href=\"https:\/\/www.aco.com.br\/contato\/\" target=\"_self\" class=\"button success is-bevel is-large expand\"  style=\"border-radius:10px;\">\n    <span>FALE CONOSCO<\/span>\n  <i class=\"icon-angle-right\" aria-hidden=\"true\" ><\/i><\/a>\n\n","protected":false},"excerpt":{"rendered":"<p style=\"text-align: left;\">O a\u00e7o <strong>AISI D6<\/strong>\u00a0\u00e9 um <a title=\"Ligas de Trabalho \u00e0 Frio\" href=\"http:\/\/www.aco.com.br\/acos\/acos-especiais\/trabalho-a-frio\/\"><strong>A\u00e7o Ferramenta de Trabalho \u00e0 Frio<\/strong><\/a>.<\/p>\n<p>O A\u00e7o AISI D6 (WNr-12436 ou VC-131) pode ser considerado como <strong>indeform\u00e1vel<\/strong>. Tem\u00a0<b>excepcional\u00a0resist\u00eancia \u00e0 abras\u00e3o<\/b> e <strong>m\u00e1xima estabilidade no Gume.<\/strong><\/p>\n<table class=\"tabela-acosroman\">\n<thead>\n<tr>\n<th><img decoding=\"async\" src=\"http:\/\/www.aco.com.br\/wp-content\/uploads\/2019\/02\/laboratorio-metalografico-lab-metal-acos-roman-1.png\" alt=\"A\u00e7os Roman - A\u00e7os Especiais\" \/><\/th>\n<th>\n<h4><strong>AISI D6<\/strong> (W-Nr-12436 )<\/h4>\n<p>Componentes Qu\u00edmicos do A\u00c7O<br \/>\n<a title=\"An\u00e1lise Qu\u00edmica - LabMetal\" href=\"http:\/\/www.aco.com.br\/aco\/espectrometria-de-emissao-otica-analise-quimica-do-aco\/\"><span style=\"font-size: 0.8; color: #aaa; text-transform: none; font-weight: light;\">An\u00e1lise Qu\u00edmica &#8211; Labmetal A.R.<\/span><\/a><\/th>\n<\/tr>\n<\/thead>\n<tbody>\n<tr>\n<th>Carbono (C)<\/th>\n<td>2.10 %<\/td>\n<\/tr>\n<tr>\n<th>Cromo (Cr)<\/th>\n<td>11.50 %<\/td>\n<\/tr>\n<tr>\n<th>Molibd\u00eanio (Mo)<\/th>\n<td>0.95 %<\/td>\n<\/tr>\n<tr>\n<th>Mangan\u00eas (Mn)<\/th>\n<td>0.30 %<\/td>\n<\/tr>\n<tr>\n<th>Tungst\u00eancio (W)<\/th>\n<td>0.70 %<\/td>\n<\/tr>\n<tr>\n<th>Sil\u00edcio (Si)<\/th>\n<td>&#8212;<\/td>\n<\/tr>\n<tr>\n<th>Van\u00e1dio (V)<\/th>\n<td>0.20 %<\/td>\n<\/tr>\n<\/tbody>\n<\/table>\n<div style=\" float:right; width:50%; padding-top:12px;\">\n<p style=\"font-size: 11px; text-align: right;\">Marca Villares Metals &#8211; <a href=\"http:\/\/www.villaresmetals.com.br\" target=\"_blank\" rel=\"noopener\"><strong> V C 131<\/strong><\/a><\/p>\n<\/div>\n<div id=\"coreswrap\" style=\"float:left; width:50%\">\n<div id=\"coresaco\" style=\"background:yellow\">\n<div class=\"metade1\"  style=\"background:yellow; border-right:5px solid green;\"> .\n<\/div>\n<\/div>\n<p><b>Cor\/Marca\u00e7\u00e3o<\/b><br \/>A\u00e7os Roman\n<\/div>\n","protected":false},"featured_media":1600,"template":"","meta":{"inline_featured_image":false},"product_brand":[],"product_cat":[17,71,76],"product_tag":[159,116,121,157,160,118,117,115,158],"class_list":{"0":"post-1107","1":"product","2":"type-product","3":"status-publish","4":"has-post-thumbnail","6":"product_cat-especiais","7":"product_cat-aco-ferramenta","8":"product_cat-trabalho-a-frio","9":"product_tag-abnt-d6","10":"product_tag-aco-ferramenta","11":"product_tag-aisi-d6","12":"product_tag-din-x-210-crw-12","13":"product_tag-jis-g-4404-72","14":"product_tag-trabalho-a-frio","15":"product_tag-uns-t30402","16":"product_tag-w-nr-1-2436","17":"product_tag-wnr-1-2436","19":"first","20":"instock","21":"sold-individually","22":"shipping-taxable","23":"product-type-simple"},"aioseo_notices":[],"_links":{"self":[{"href":"https:\/\/aco.com.br\/inicio\/wp-json\/wp\/v2\/product\/1107","targetHints":{"allow":["GET"]}}],"collection":[{"href":"https:\/\/aco.com.br\/inicio\/wp-json\/wp\/v2\/product"}],"about":[{"href":"https:\/\/aco.com.br\/inicio\/wp-json\/wp\/v2\/types\/product"}],"wp:featuredmedia":[{"embeddable":true,"href":"https:\/\/aco.com.br\/inicio\/wp-json\/wp\/v2\/media\/1600"}],"wp:attachment":[{"href":"https:\/\/aco.com.br\/inicio\/wp-json\/wp\/v2\/media?parent=1107"}],"wp:term":[{"taxonomy":"product_brand","embeddable":true,"href":"https:\/\/aco.com.br\/inicio\/wp-json\/wp\/v2\/product_brand?post=1107"},{"taxonomy":"product_cat","embeddable":true,"href":"https:\/\/aco.com.br\/inicio\/wp-json\/wp\/v2\/product_cat?post=1107"},{"taxonomy":"product_tag","embeddable":true,"href":"https:\/\/aco.com.br\/inicio\/wp-json\/wp\/v2\/product_tag?post=1107"}],"curies":[{"name":"wp","href":"https:\/\/api.w.org\/{rel}","templated":true}]}}