{"id":1105,"date":"2019-03-07T16:59:56","date_gmt":"2019-03-07T16:59:56","guid":{"rendered":"https:\/\/www.aco.com.br\/?post_type=product&#038;p=1105"},"modified":"2019-04-30T15:06:04","modified_gmt":"2019-04-30T15:06:04","slug":"9260","status":"publish","type":"product","link":"https:\/\/aco.com.br\/inicio\/aco\/9260\/","title":{"rendered":"SAE\/AISI 9260 | A\u00e7o-Liga p\/ Beneficiamento (Sil\u00edcio-Mangan\u00eas)"},"content":{"rendered":"<h2>Tratamentos T\u00e9rmicos | A\u00e7o 9260<\/h2>\n<table class=\"tabela-acosroman\">\n<thead>\n<tr>\n<th><img decoding=\"async\" class=\"alignleft\" src=\"https:\/\/www.aco.com.br\/wp-content\/uploads\/2019\/02\/tratamento-termico.png\" alt=\"Tratamentos T\u00e9rmicos\" \/><\/p>\n<h4><a title=\"Tratamentos T\u00e9rmicos - A\u00e7o Carbono\" href=\"https:\/\/www.aco.com.br\/tratamentos-termicos-acos-especiais\/\">Tratamentos T\u00e9rmicos<\/a><\/h4>\n<\/th>\n<th>Temperatura (\u00b0C)<\/th>\n<th>Meios<\/th>\n<\/tr>\n<\/thead>\n<tbody>\n<tr>\n<th>Recozimento<\/th>\n<td>780 &#8211; 800<\/td>\n<td>&#8230;<\/td>\n<\/tr>\n<tr>\n<th>Normaliza\u00e7\u00e3o<\/th>\n<td>780 &#8211; 900<\/td>\n<td>&#8230;<\/td>\n<\/tr>\n<tr>\n<th>T\u00eampera<\/th>\n<td>830 &#8211; 860<\/td>\n<td>\u00d3leo<\/td>\n<\/tr>\n<\/tbody>\n<\/table>\n<p>Para mais tratamentos t\u00e9rmicos e informa\u00e7\u00f5es sobre dureza do a\u00e7o, acesse a <a title=\"Tratamentos T\u00e9rmicos do A\u00e7o\" href=\"https:\/\/www.aco.com.br\/acos\/tratamento-termico\/\">p\u00e1gina de tratamentos t\u00e9rmicos<\/a>.<\/p>\n<a href=\"https:\/\/www.aco.com.br\/contato\" target=\"_self\" class=\"button primary\"  >\n    <span>Solicite um Or\u00e7amento<\/span>\n  <\/a>\n\n","protected":false},"excerpt":{"rendered":"<h3><strong>SAE 9260 <\/strong>| Liga para Beneficiamento:<\/h3>\n<p>O <strong>A\u00e7o SAE-9260 <\/strong>\u00e9\u00a0 uma liga de<a href=\"https:\/\/aco.com.br\/acos-especiais-construcao-mecanica\/\"><strong> a\u00e7o-carbono<\/strong><\/a> recomendada para\u00a0\u00a0molas helicoidais, barras de tor\u00e7\u00e3o, molas de arco e molas de v\u00e1lvula para motores de combust\u00e3o interna.<\/p>\n<p>O <strong>A\u00e7o SAE-9260 <\/strong>possui m\u00e9dia temperabilidade, utilizado em molas que necessitem resist\u00eancia ao choque e em temperaturas moderadamente elevadas.<\/p>\n<p style=\"text-align: left; font-size: 14px;\">Veja outras ligas para beneficiamento:<br \/>\n<a href=\"https:\/\/aco.com.br\/aco\/especiais\/4140\/\">SAE 4140<\/a> &#8211; <a href=\"https:\/\/aco.com.br\/aco\/especiais\/sae-4340-aco-carbono-cromo-niquel-molibdenio\/\">4340<\/a> &#8211; <a href=\"https:\/\/aco.com.br\/aco\/especiais\/aco-prata-5160\/\">5160<\/a>\u00a0&#8211; <a href=\"https:\/\/aco.com.br\/aco\/especiais\/6150-aco-prata\/\">6150<\/a> &#8211; <a href=\"https:\/\/aco.com.br\/aco\/especiais\/8620\/\">8620<\/a> &#8211; <a href=\"https:\/\/aco.com.br\/aco\/especiais\/sae-8640\/\">8640<\/a> &#8211; <a href=\"https:\/\/aco.com.br\/aco\/especiais\/8650\/\">8650<\/a> &#8211; <a href=\"https:\/\/aco.com.br\/aco\/especiais\/9254\/\">9254<\/a> &#8211; <strong><a href=\"https:\/\/aco.com.br\/aco\/especiais\/9260\/\">9260<\/a> <\/strong>&#8211; <a href=\"https:\/\/aco.com.br\/aco\/especiais\/sae-52100-carbono-cromo\/\">52100<\/a><\/p>\n<p><strong>SAE-9254 <\/strong>\u00e9 uma liga de <a href=\"https:\/\/aco.com.br\/acos\/especiais\/ligas-para-beneficiamento\/\"><strong>a\u00e7o para beneficiamento<\/strong><\/a>. O que significa que est\u00e1\u00a0 destinada \u00e0 servi\u00e7os de <strong><a href=\"https:\/\/aco.com.br\/aco\/servicos\/retifica-ate-500mm\/\">Ret\u00edfica<\/a><\/strong>, <strong><a href=\"https:\/\/aco.com.br\/aco\/servicos\/descascamento-ate-30t\/\">Descascamento<\/a><\/strong>, <strong><a href=\"https:\/\/aco.com.br\/aco\/servicos\/usinagem-pesada\/\">Usinagem<\/a><\/strong> e <a href=\"https:\/\/aco.com.br\/tratamentos-termicos-acos-especiais\/\"><strong>Tratamentos t\u00e9rmicos<\/strong><\/a> antes de seu uso final.<\/p>\n<h2><strong>A\u00e7os Roman<\/strong> | Distribuidora de A\u00e7o <strong>SAE-9260<\/strong> de S\u00e3o Paulo para todo Brasil<\/h2>\n<table class=\"tabela-acosroman\">\n<thead>\n<tr>\n<td><img loading=\"lazy\" decoding=\"async\" class=\"alignleft size-full wp-image-1035\" src=\"https:\/\/www.aco.com.br\/wp-content\/uploads\/2019\/02\/acos-roman2-1.png\" alt=\"A\u00e7os Roman - A\u00e7os Especiais\" width=\"153\" height=\"75\" \/><\/td>\n<th>\n<h4>SAE <strong>9260<\/strong><\/h4>\n<p>Componentes Qu\u00edmicos do A\u00c7O<br \/>\n<a title=\"An\u00e1lise Qu\u00edmica - LabMetal\" href=\"http:\/\/www.aco.com.br\/aco\/espectrometria-de-emissao-otica-analise-quimica-do-aco\/\"><span style=\"font-size: 0.8; color: #aaa; text-transform: none; font-weight: light;\">An\u00e1lise Qu\u00edmica &#8211; Labmetal A.R.<\/span><\/a><\/th>\n<\/tr>\n<\/thead>\n<tbody>\n<tr>\n<th>Carbono (C)<\/th>\n<td>0,58 \u2013 0,65 %<\/td>\n<\/tr>\n<tr>\n<th>Mangan\u00eas (Mn)<\/th>\n<td>0,70% \u2013 1,00%<\/td>\n<\/tr>\n<tr>\n<th>Cromo (Cr)<\/th>\n<td>1,70% &#8211; 2,10%<\/td>\n<\/tr>\n<tr>\n<th>Sil\u00edcio (Si)<\/th>\n<td>2,00%<\/td>\n<\/tr>\n<\/tbody>\n<\/table>\n<div style=\"float: right; width: 50%; padding-top: 12px;\">\n<p style=\"font-size: 11px; text-align: right;\">Marca Villares Metals &#8211; <a href=\"http:\/\/www.villaresmetals.com.br\" target=\"_blank\" rel=\"noopener\"><strong>VS 60<\/strong><\/a><\/p>\n<\/div>\n<div id=\"coreswrap\" style=\"float: left; width: 50%;\">\n<div id=\"coresaco\" style=\"background: 00FFFF;\">\n<div class=\"metade1\" style=\"background: orange;\">.<\/div>\n<\/div>\n<p><b>Cor\/Marca\u00e7\u00e3o<\/b><br \/>\nA\u00e7os Roman<\/p>\n<\/div>\n","protected":false},"featured_media":1815,"template":"","meta":{"inline_featured_image":false},"product_brand":[],"product_cat":[17,74],"product_tag":[95,167,283,112,106,102,113,284,100],"class_list":{"0":"post-1105","1":"product","2":"type-product","3":"status-publish","4":"has-post-thumbnail","6":"product_cat-especiais","7":"product_cat-ligas-para-beneficiamento","8":"product_tag-aco-carbono","9":"product_tag-aco-para-molas","10":"product_tag-aisi-9260","11":"product_tag-alto-teor-de-carbono","12":"product_tag-astm-a29","13":"product_tag-din-1-0909","14":"product_tag-liga-silicio-manganes","15":"product_tag-sae-9260","16":"product_tag-sae-j412","18":"first","19":"instock","20":"shipping-taxable","21":"product-type-simple"},"aioseo_notices":[],"_links":{"self":[{"href":"https:\/\/aco.com.br\/inicio\/wp-json\/wp\/v2\/product\/1105","targetHints":{"allow":["GET"]}}],"collection":[{"href":"https:\/\/aco.com.br\/inicio\/wp-json\/wp\/v2\/product"}],"about":[{"href":"https:\/\/aco.com.br\/inicio\/wp-json\/wp\/v2\/types\/product"}],"wp:featuredmedia":[{"embeddable":true,"href":"https:\/\/aco.com.br\/inicio\/wp-json\/wp\/v2\/media\/1815"}],"wp:attachment":[{"href":"https:\/\/aco.com.br\/inicio\/wp-json\/wp\/v2\/media?parent=1105"}],"wp:term":[{"taxonomy":"product_brand","embeddable":true,"href":"https:\/\/aco.com.br\/inicio\/wp-json\/wp\/v2\/product_brand?post=1105"},{"taxonomy":"product_cat","embeddable":true,"href":"https:\/\/aco.com.br\/inicio\/wp-json\/wp\/v2\/product_cat?post=1105"},{"taxonomy":"product_tag","embeddable":true,"href":"https:\/\/aco.com.br\/inicio\/wp-json\/wp\/v2\/product_tag?post=1105"}],"curies":[{"name":"wp","href":"https:\/\/api.w.org\/{rel}","templated":true}]}}