{"id":1102,"date":"2019-03-07T16:47:53","date_gmt":"2019-03-07T16:47:53","guid":{"rendered":"https:\/\/www.aco.com.br\/?post_type=product&#038;p=1102"},"modified":"2019-04-22T18:32:38","modified_gmt":"2019-04-22T18:32:38","slug":"sae-8640","status":"publish","type":"product","link":"https:\/\/aco.com.br\/inicio\/aco\/sae-8640\/","title":{"rendered":"SAE 8640 | Ligas para Beneficiamento"},"content":{"rendered":"<h2>Tratamentos T\u00e9rmicos | A\u00e7o 8640<\/h2>\n<table class=\"tabela-acosroman\">\n<thead>\n<tr>\n<th><img decoding=\"async\" class=\"alignleft\" src=\"https:\/\/www.aco.com.br\/wp-content\/uploads\/2019\/02\/tratamento-termico.png\" alt=\"Tratamentos T\u00e9rmicos\" \/><\/p>\n<h4><a title=\"Tratamentos T\u00e9rmicos - A\u00e7o Carbono\" href=\"https:\/\/www.aco.com.br\/tratamentos-termicos-acos-especiais\/\">Tratamentos T\u00e9rmicos<\/a><\/h4>\n<\/th>\n<th>Temperatura (\u00b0C)<\/th>\n<th>Meios<\/th>\n<\/tr>\n<\/thead>\n<tbody>\n<tr>\n<th>Recozimento<\/th>\n<td>780 &#8211; 800<\/td>\n<td>&#8230;<\/td>\n<\/tr>\n<tr>\n<th>Normaliza\u00e7\u00e3o<\/th>\n<td>860 &#8211; 900<\/td>\n<td>&#8230;<\/td>\n<\/tr>\n<tr>\n<th>T\u00eampera<\/th>\n<td>840 &#8211; 880<\/td>\n<td>\u00d3leo<\/td>\n<\/tr>\n<\/tbody>\n<\/table>\n<p>Para mais tratamentos t\u00e9rmicos e informa\u00e7\u00f5es sobre dureza do a\u00e7o, acesse a <strong><a title=\"Tratamentos T\u00e9rmicos do A\u00e7o\" href=\"https:\/\/www.aco.com.br\/acos\/tratamento-termico\/\">p\u00e1gina de tratamentos t\u00e9rmicos<\/a>.<\/strong><\/p>\n<a href=\"https:\/\/www.aco.com.br\/contato\" target=\"_self\" class=\"button primary\"  >\n    <span>Solicite um Or\u00e7amento<\/span>\n  <\/a>\n\n","protected":false},"excerpt":{"rendered":"<h3>SAE 8640 | Liga para Beneficiamento:<\/h3>\n<p><strong>SAE-8640<\/strong> \u00e9 a liga padr\u00e3o para trabalhos de\u00a0<a href=\"https:\/\/aco.com.br\/acos\/especiais\/ligas-para-beneficiamento\/\"><strong>beneficiamento<\/strong><\/a>\u00a0de espessura m\u00e9dia. Ser uma liga para beneficiamento, significa que o a\u00e7o em barras est\u00e1\u00a0 destinado \u00e0 servi\u00e7os de <strong><a href=\"https:\/\/aco.com.br\/aco\/servicos\/retifica-ate-500mm\/\">Ret\u00edfica<\/a><\/strong>, <strong><a href=\"https:\/\/aco.com.br\/aco\/servicos\/descascamento-ate-30t\/\">Descascamento<\/a><\/strong>, <strong><a href=\"https:\/\/aco.com.br\/aco\/servicos\/usinagem-pesada\/\">Usinagem<\/a><\/strong> e <a href=\"https:\/\/aco.com.br\/tratamentos-termicos-acos-especiais\/\"><strong>Tratamentos t\u00e9rmicos<\/strong><\/a>\u00a0antes de seu uso final.<\/p>\n<p style=\"text-align: left; font-size: 14px;\">Veja outras ligas para beneficiamento:<br \/>\n<a href=\"https:\/\/aco.com.br\/aco\/especiais\/4140\/\">SAE 4140<\/a> &#8211; <a href=\"https:\/\/aco.com.br\/aco\/especiais\/sae-4340-aco-carbono-cromo-niquel-molibdenio\/\">4340<\/a> &#8211; <a href=\"https:\/\/aco.com.br\/aco\/especiais\/aco-prata-5160\/\">5160<\/a>\u00a0&#8211; <a href=\"https:\/\/aco.com.br\/aco\/especiais\/6150-aco-prata\/\">6150<\/a> &#8211; <a href=\"https:\/\/aco.com.br\/aco\/especiais\/8620\/\">8620<\/a> &#8211; <strong><a href=\"https:\/\/aco.com.br\/aco\/especiais\/sae-8640\/\">8640<\/a><\/strong> &#8211; <a href=\"https:\/\/aco.com.br\/aco\/especiais\/8650\/\">8650<\/a> &#8211; <a href=\"https:\/\/aco.com.br\/aco\/especiais\/9254\/\">9254<\/a> &#8211; <a href=\"https:\/\/aco.com.br\/aco\/especiais\/9260\/\">9260<\/a> &#8211; <a href=\"https:\/\/aco.com.br\/aco\/especiais\/sae-52100-carbono-cromo\/\">52100<\/a><\/p>\n<h2><strong>A\u00e7os Roman<\/strong> | Distribuidora de A\u00e7o SAE-8640 de S\u00e3o Paulo para todo Brasil<\/h2>\n<table class=\"tabela-acosroman\">\n<thead>\n<tr>\n<td><img loading=\"lazy\" decoding=\"async\" class=\"alignleft size-full wp-image-1035\" src=\"https:\/\/www.aco.com.br\/wp-content\/uploads\/2019\/02\/acos-roman2-1.png\" alt=\"A\u00e7os Roman - A\u00e7os Especiais\" width=\"153\" height=\"75\" \/><\/td>\n<th>\n<h4>SAE 8640<\/h4>\n<p>Componentes Qu\u00edmicos do A\u00c7O<br \/>\n<a title=\"An\u00e1lise Qu\u00edmica - LabMetal\" href=\"http:\/\/www.aco.com.br\/aco\/espectrometria-de-emissao-otica-analise-quimica-do-aco\/\"><span style=\"font-size: 0.8; color: #aaa; text-transform: none; font-weight: light;\">An\u00e1lise Qu\u00edmica &#8211; Labmetal A.R.<\/span><\/a><\/th>\n<\/tr>\n<\/thead>\n<tbody>\n<tr>\n<th>Carbono (C)<\/th>\n<td>0.60 %<\/td>\n<\/tr>\n<tr>\n<th>Mangan\u00eas (Mn)<\/th>\n<td>0,87 %<\/td>\n<\/tr>\n<tr>\n<th>Cromo (Cr)<\/th>\n<td>0,50 %<\/td>\n<\/tr>\n<tr>\n<th>N\u00edquel (Ni)<\/th>\n<td>0,55 %<\/td>\n<\/tr>\n<tr>\n<th>Molibd\u00eanio (Mo)<\/th>\n<td>0,20<\/td>\n<\/tr>\n<\/tbody>\n<\/table>\n<div style=\"float: right; width: 50%; padding-top: 12px;\">\n<p style=\"font-size: 11px; text-align: right;\">Marca Villares Metals &#8211; <a href=\"http:\/\/www.villaresmetals.com.br\" target=\"_blank\" rel=\"noopener\"><strong> V B 40<\/strong><\/a><\/p>\n<\/div>\n<div id=\"coreswrap\" style=\"float: left; width: 50%;\">\n<div id=\"coresaco\" style=\"background: #00FFFF;\">\n<div class=\"metade1\" style=\"background: #00FFFF;\">.<\/div>\n<\/div>\n<p><b>Cor\/Marca\u00e7\u00e3o<\/b><br \/>\nA\u00e7os Roman<\/p>\n<\/div>\n","protected":false},"featured_media":1829,"template":"","meta":{"inline_featured_image":false},"product_brand":[],"product_cat":[17,74],"product_tag":[266,265,268,267],"class_list":{"0":"post-1102","1":"product","2":"type-product","3":"status-publish","4":"has-post-thumbnail","6":"product_cat-especiais","7":"product_cat-ligas-para-beneficiamento","8":"product_tag-aco-sae-8640","9":"product_tag-ligas-para-beneficiamento","10":"product_tag-sae-8630","11":"product_tag-v-b-40","13":"first","14":"instock","15":"sold-individually","16":"shipping-taxable","17":"product-type-simple"},"aioseo_notices":[],"_links":{"self":[{"href":"https:\/\/aco.com.br\/inicio\/wp-json\/wp\/v2\/product\/1102","targetHints":{"allow":["GET"]}}],"collection":[{"href":"https:\/\/aco.com.br\/inicio\/wp-json\/wp\/v2\/product"}],"about":[{"href":"https:\/\/aco.com.br\/inicio\/wp-json\/wp\/v2\/types\/product"}],"wp:featuredmedia":[{"embeddable":true,"href":"https:\/\/aco.com.br\/inicio\/wp-json\/wp\/v2\/media\/1829"}],"wp:attachment":[{"href":"https:\/\/aco.com.br\/inicio\/wp-json\/wp\/v2\/media?parent=1102"}],"wp:term":[{"taxonomy":"product_brand","embeddable":true,"href":"https:\/\/aco.com.br\/inicio\/wp-json\/wp\/v2\/product_brand?post=1102"},{"taxonomy":"product_cat","embeddable":true,"href":"https:\/\/aco.com.br\/inicio\/wp-json\/wp\/v2\/product_cat?post=1102"},{"taxonomy":"product_tag","embeddable":true,"href":"https:\/\/aco.com.br\/inicio\/wp-json\/wp\/v2\/product_tag?post=1102"}],"curies":[{"name":"wp","href":"https:\/\/api.w.org\/{rel}","templated":true}]}}