{"id":1100,"date":"2019-03-28T16:44:21","date_gmt":"2019-03-28T16:44:21","guid":{"rendered":"https:\/\/www.aco.com.br\/?post_type=product&#038;p=1100"},"modified":"2019-04-30T16:27:18","modified_gmt":"2019-04-30T16:27:18","slug":"sae-4140-cromo-molibdenio-cr-mo","status":"publish","type":"product","link":"https:\/\/aco.com.br\/inicio\/aco\/sae-4140-cromo-molibdenio-cr-mo\/","title":{"rendered":"SAE 4140 | A\u00e7o Cromo-Molibd\u00eanio"},"content":{"rendered":"<h2>Tratamentos T\u00e9rmicos | <strong>SAE 4140 | A\u00e7o Cromo-Molibd\u00eanio<\/strong>\u00a0<strong><br \/>\n<\/strong><\/h2>\n<h3><strong>SAE 4140<\/strong> | Villares\u00a0V-L-40 | WNr\/DIN 1.7225<\/h3>\n<p>O<strong> A\u00e7o SAE-4140<\/strong> tem boa usinabilidade na condi\u00e7\u00e3o recozida <a href=\"https:\/\/www.aco.com.br\/aco\/recozimento\/\">(veja recozimento)<\/a>. \u00c9 poss\u00edvel recozer totalmente este material na temperatura de 872\u00b0C seguindo-se de resfriamento dentro do forno.<\/p>\n<table class=\"tabela-acosroman\">\n<thead>\n<tr>\n<th><img decoding=\"async\" class=\"alignleft\" src=\"https:\/\/www.aco.com.br\/wp-content\/uploads\/2019\/02\/tratamento-termico.png\" alt=\"Tratamentos T\u00e9rmicos\" \/><\/p>\n<h4><a title=\"Tratamentos T\u00e9rmicos - A\u00e7o Carbono\" href=\"https:\/\/www.aco.com.br\/tratamentos-termicos-acos-especiais\/\">Tratamentos T\u00e9rmicos<\/a><\/h4>\n<\/th>\n<th>Temperatura (\u00b0C)<\/th>\n<th>Meios<\/th>\n<\/tr>\n<\/thead>\n<tbody>\n<tr>\n<th>Recozimento<\/th>\n<td>780-800<\/td>\n<td>&#8230;<\/td>\n<\/tr>\n<tr>\n<th>Normaliza\u00e7\u00e3o<\/th>\n<td>860-880<\/td>\n<td>&#8230;<\/td>\n<\/tr>\n<tr>\n<th>T\u00eampera<\/th>\n<td>840-860<\/td>\n<td>\u00a0\u00d3leo<\/td>\n<\/tr>\n<\/tbody>\n<\/table>\n<p>Para mais tratamentos t\u00e9rmicos e informa\u00e7\u00f5es sobre dureza do a\u00e7o, acesse a <a title=\"Tratamentos T\u00e9rmicos do A\u00e7o\" href=\"https:\/\/www.aco.com.br\/acos\/tratamento-termico\/\">p\u00e1gina de tratamentos t\u00e9rmicos<\/a>.<\/p>\n<h2><strong>SAE 4140 | <\/strong>A\u00e7o Cromo-Molibd\u00eanio<\/h2>\n<p>O <strong>Cromo<\/strong> e o <strong>Molibd\u00eanio<\/strong> melhoram a resposta do a\u00e7o ao <a href=\"https:\/\/www.aco.com.br\/tratamentos-termicos-acos-especiais\/\"><strong>tratamento t\u00e9rmico<\/strong><\/a> (temperado e revenido) e possibilitam maior resist\u00eancia mec\u00e2nica, resist\u00eancia a fadiga, impacto e abras\u00e3o &#8211; por essa raz\u00e3o tem-se no <strong>a\u00e7o SAE-4140<\/strong> uma<a href=\"https:\/\/www.aco.com.br\/acos\/especiais\/ligas-para-beneficiamento\/\"><strong> liga para beneficiamento.<\/strong><\/a><\/p>\n<div class=\"row\"  id=\"row-228178917\">\n\n\t<div id=\"col-904629404\" class=\"col medium-6 small-12 large-6\"  >\n\t\t\t\t<div class=\"col-inner\"  >\n\t\t\t\n\t\t\t\n<p>O <strong>A\u00e7o carbono Cromo-Molibd\u00eanio (SAE-4140)<\/strong> \u00e9\u00a0 uma liga com amplo uso na ind\u00fastria e no cotidiano. Sua aplica\u00e7\u00e3o se d\u00e1 nem engrenagens, eixos, parafusos, estojos, porcas e at\u00e9 como a\u00e7o ferramenta.<\/p>\n<h2><strong>A\u00e7o SAE-4140<\/strong> &#8211; Resist\u00eancia a tra\u00e7\u00e3o<\/h2>\n<p style=\"font-weight: 400;\">A\u00a0resist\u00eancia a tra\u00e7\u00e3o\u00a0do <strong>a\u00e7o 4140<\/strong> \u00e9 de<strong> 655 MPa<\/strong> ou<strong> 95000 psi.<\/strong><\/p>\n<a href=\"https:\/\/www.aco.com.br\/contato\" target=\"_self\" class=\"button primary\"  >\n    <span>Solicite um Or\u00e7amento<\/span>\n  <\/a>\n\n\t\t<\/div>\n\t\t\t\t\t<\/div>\n\n\t\n\n\t<div id=\"col-1210175466\" class=\"col medium-6 small-12 large-6\"  >\n\t\t\t\t<div class=\"col-inner\"  >\n\t\t\t\n\t\t\t\n<p><a href=\"http:\/\/www.arrolamentos.com\"><img loading=\"lazy\" decoding=\"async\" class=\"aligncenter size-full wp-image-1819\" src=\"https:\/\/www.aco.com.br\/wp-content\/uploads\/2019\/03\/eixos-ar-rolamentos-4140.jpg\" alt=\"\" width=\"500\" height=\"500\" srcset=\"https:\/\/aco.com.br\/wp-content\/uploads\/2019\/03\/eixos-ar-rolamentos-4140.jpg 500w, https:\/\/aco.com.br\/wp-content\/uploads\/2019\/03\/eixos-ar-rolamentos-4140-280x280.jpg 280w, https:\/\/aco.com.br\/wp-content\/uploads\/2019\/03\/eixos-ar-rolamentos-4140-400x400.jpg 400w, https:\/\/aco.com.br\/wp-content\/uploads\/2019\/03\/eixos-ar-rolamentos-4140-297x297.jpg 297w, https:\/\/aco.com.br\/wp-content\/uploads\/2019\/03\/eixos-ar-rolamentos-4140-100x100.jpg 100w\" sizes=\"auto, (max-width: 500px) 100vw, 500px\" \/><\/a><\/p>\n\t\t<\/div>\n\t\t\t\t\t<\/div>\n\n\t\n<\/div>\n","protected":false},"excerpt":{"rendered":"<p>O <strong>A\u00e7o SAE 4140<\/strong> | <strong>A\u00e7o carbono ao Cromo-Molibd\u00eanio<\/strong> (Villares VL-40 ou WNr\/DIN 1.7225) \u00e9 uma liga de a\u00e7o mais resistente que o a\u00e7o carbono comum. O Cromo e o Molibd\u00eanio melhoram a resposta do a\u00e7o ao <a href=\"https:\/\/www.aco.com.br\/tratamentos-termicos-acos-especiais\/\">tratamento t\u00e9rmico<\/a> (temperado e revenido) e possibilitam maior resist\u00eancia mec\u00e2nica.<\/p>\n<h2><strong>SAE-4140 | <\/strong><a href=\"https:\/\/www.aco.com.br\/acos\/especiais\/ligas-para-beneficiamento\/\">Liga para Beneficiamento<\/a>:<\/h2>\n<h4>A\u00e7o carbono ao Cromo-Molibd\u00eanio<\/h4>\n<p style=\"text-align: left; font-size: 14px;\">Veja outras ligas para beneficiamento:<br \/>\n<a href=\"https:\/\/aco.com.br\/aco\/especiais\/4140\/\">SAE <strong>4140<\/strong><\/a> &#8211; <a href=\"https:\/\/aco.com.br\/aco\/especiais\/sae-4340-aco-carbono-cromo-niquel-molibdenio\/\">4340<\/a> &#8211; <a href=\"https:\/\/aco.com.br\/aco\/especiais\/aco-prata-5160\/\">5160<\/a> &#8211; <a href=\"https:\/\/aco.com.br\/aco\/especiais\/6150-aco-prata\/\">6150<\/a> &#8211; <a href=\"https:\/\/aco.com.br\/aco\/especiais\/8620\/\">8620<\/a> &#8211; <a href=\"https:\/\/aco.com.br\/aco\/especiais\/sae-8640\/\">8640<\/a> &#8211; <a href=\"https:\/\/aco.com.br\/aco\/especiais\/8650\/\">8650<\/a> &#8211; <a href=\"https:\/\/aco.com.br\/aco\/especiais\/9254\/\">9254<\/a> &#8211; <a href=\"https:\/\/aco.com.br\/aco\/especiais\/9260\/\">9260<\/a> &#8211; <a href=\"https:\/\/aco.com.br\/aco\/especiais\/sae-52100-carbono-cromo\/\">52100<\/a><\/p>\n<h5>A\u00e7os Roman | Distribuidora de <strong>A\u00e7o SAE-4140\u00a0<\/strong>de S\u00e3o Paulo para todo Brasil<\/h5>\n<table class=\"tabela-acosroman\">\n<thead>\n<tr>\n<td><img loading=\"lazy\" decoding=\"async\" class=\"alignleft size-full wp-image-1035\" src=\"https:\/\/www.aco.com.br\/wp-content\/uploads\/2019\/02\/acos-roman2-1.png\" alt=\"A\u00e7os Roman - A\u00e7os Especiais\" width=\"153\" height=\"75\" \/><\/td>\n<th>\n<h4><strong>SAE 4140<\/strong><\/h4>\n<p>Componentes Qu\u00edmicos do A\u00c7O<br \/>\n<a title=\"An\u00e1lise Qu\u00edmica - LabMetal\" href=\"http:\/\/www.aco.com.br\/aco\/espectrometria-de-emissao-otica-analise-quimica-do-aco\/\"><span style=\"font-size: 0.8; color: #aaa; text-transform: none; font-weight: light;\">An\u00e1lise Qu\u00edmica &#8211; Labmetal A.R.<\/span><\/a><\/th>\n<\/tr>\n<\/thead>\n<tbody>\n<tr>\n<th>Carbono (C)<\/th>\n<td>0.38 &#8211; 0.43 %<\/td>\n<\/tr>\n<tr>\n<th>Cromo (Cr)<\/th>\n<td><strong>0.8 &#8211; 1.10 %<\/strong><\/td>\n<\/tr>\n<tr>\n<th>Molibd\u00eanio (Mo)<\/th>\n<td><strong>0.15 &#8211; 0.25 %<\/strong><\/td>\n<\/tr>\n<tr>\n<th>Mangan\u00eas (Mn)<\/th>\n<td>0.75 &#8211; 1.00 %<\/td>\n<\/tr>\n<tr>\n<th>F\u00f3sforo (P) .<\/th>\n<td>0.035 %\u00a0M\u00e1x.<\/td>\n<\/tr>\n<tr>\n<th>Sil\u00edcio (Si)<\/th>\n<td>0.15 &#8211; 0.30 %<\/td>\n<\/tr>\n<tr>\n<th>Enxofre (S)<\/th>\n<td>\u00a00.04 %\u00a0M\u00e1x<\/td>\n<\/tr>\n<\/tbody>\n<\/table>\n<div style=\"float: right; width: 50%; padding-top: 12px;\">\n<p style=\"font-size: 11px; text-align: right;\">Marca Villares Metals &#8211; <a href=\"http:\/\/www.villaresmetals.com.br\" target=\"_blank\" rel=\"noopener\"><strong> V-L 40<\/strong><\/a><\/p>\n<p style=\"font-size: 11px; text-align: right;\">LGC\u00a0 &#8211; <a href=\"https:\/\/www.lgcstandards.com\/BR\/pt\" target=\"_blank\" rel=\"noopener\"><strong> WNr\/DIN 1.7225<\/strong><\/a><\/p>\n<\/div>\n<div id=\"coreswrap\" style=\"float: left; width: 50%;\">\n<div id=\"coresaco\" style=\"background: Brown;\">\n<div class=\"metade1\" style=\"background: Brown;\">.<\/div>\n<\/div>\n<p><b>Cor\/Marca\u00e7\u00e3o<\/b><br \/>\nA\u00e7os Roman<\/p>\n<\/div>\n","protected":false},"featured_media":1814,"template":"","meta":{"inline_featured_image":false},"product_brand":[],"product_cat":[17,74],"product_tag":[180,171,172,106,173,108,109,174,175,111,176,169,170,179,177,178],"class_list":{"0":"post-1100","1":"product","2":"type-product","3":"status-publish","4":"has-post-thumbnail","6":"product_cat-especiais","7":"product_cat-ligas-para-beneficiamento","8":"product_tag-aco-cromo-molibdenio","9":"product_tag-astm-a193","10":"product_tag-astm-a194","11":"product_tag-astm-a29","12":"product_tag-astm-a320","13":"product_tag-astm-a322","14":"product_tag-astm-a331","15":"product_tag-astm-a506","16":"product_tag-astm-a513","17":"product_tag-astm-a519","18":"product_tag-astm-a646","19":"product_tag-astm-a752","20":"product_tag-astm-a829","21":"product_tag-din-1-7225","22":"product_tag-v-l-40","23":"product_tag-wnr-1-7225","25":"first","26":"instock","27":"featured","28":"sold-individually","29":"shipping-taxable","30":"product-type-simple"},"aioseo_notices":[],"_links":{"self":[{"href":"https:\/\/aco.com.br\/inicio\/wp-json\/wp\/v2\/product\/1100","targetHints":{"allow":["GET"]}}],"collection":[{"href":"https:\/\/aco.com.br\/inicio\/wp-json\/wp\/v2\/product"}],"about":[{"href":"https:\/\/aco.com.br\/inicio\/wp-json\/wp\/v2\/types\/product"}],"wp:featuredmedia":[{"embeddable":true,"href":"https:\/\/aco.com.br\/inicio\/wp-json\/wp\/v2\/media\/1814"}],"wp:attachment":[{"href":"https:\/\/aco.com.br\/inicio\/wp-json\/wp\/v2\/media?parent=1100"}],"wp:term":[{"taxonomy":"product_brand","embeddable":true,"href":"https:\/\/aco.com.br\/inicio\/wp-json\/wp\/v2\/product_brand?post=1100"},{"taxonomy":"product_cat","embeddable":true,"href":"https:\/\/aco.com.br\/inicio\/wp-json\/wp\/v2\/product_cat?post=1100"},{"taxonomy":"product_tag","embeddable":true,"href":"https:\/\/aco.com.br\/inicio\/wp-json\/wp\/v2\/product_tag?post=1100"}],"curies":[{"name":"wp","href":"https:\/\/api.w.org\/{rel}","templated":true}]}}