{"id":1097,"date":"2019-03-27T16:39:16","date_gmt":"2019-03-27T16:39:16","guid":{"rendered":"https:\/\/www.aco.com.br\/?post_type=product&#038;p=1097"},"modified":"2019-04-30T14:06:10","modified_gmt":"2019-04-30T14:06:10","slug":"sae-4340-aco-carbono-cromo-niquel-molibdenio","status":"publish","type":"product","link":"https:\/\/aco.com.br\/inicio\/aco\/sae-4340-aco-carbono-cromo-niquel-molibdenio\/","title":{"rendered":"SAE 4340 | A\u00e7o Carbono ao Cromo-N\u00edquel-Molibd\u00eanio"},"content":{"rendered":"<h2>Tratamentos T\u00e9rmicos | <strong>SAE 4340 | A\u00e7o\u00a0Cromo-N\u00edquel-Molibd\u00eanio<\/strong><\/h2>\n<h3><strong>SAE 4340<\/strong> | Villares\u00a0V-M-40<\/h3>\n<p style=\"font-weight: 400;\">A\u00a0<strong>usinabilidade\u00a0do a\u00e7o 4340<\/strong> \u00e9 boa usando qualquer m\u00e9todo tradicional. Deve-se usar o a\u00e7o nas condi\u00e7\u00f5es recozida ou normalizada e revenida.\u00a0<a href=\"https:\/\/www.aco.com.br\/aco\/recozimento\/\">(veja recozimento)<\/a>. \u00c9 poss\u00edvel recozer totalmente este material na temperatura de 844\u00b0C seguindo-se de resfriamento dentro do forno.<\/p>\n<table class=\"tabela-acosroman\">\n<thead>\n<tr>\n<th><img decoding=\"async\" class=\"alignleft\" src=\"https:\/\/www.aco.com.br\/wp-content\/uploads\/2019\/02\/tratamento-termico.png\" alt=\"Tratamentos T\u00e9rmicos\" \/><\/p>\n<h4><a title=\"Tratamentos T\u00e9rmicos - A\u00e7o Carbono\" href=\"https:\/\/www.aco.com.br\/tratamentos-termicos-acos-especiais\/\">Tratamentos T\u00e9rmicos<\/a><\/h4>\n<\/th>\n<th>Temperatura (\u00b0C)<\/th>\n<th>Meios<\/th>\n<\/tr>\n<\/thead>\n<tbody>\n<tr>\n<th>Recozimento<\/th>\n<td>660-680<\/td>\n<td>&#8230;<\/td>\n<\/tr>\n<tr>\n<th>Normaliza\u00e7\u00e3o<\/th>\n<td>870-880<\/td>\n<td>&#8230;<\/td>\n<\/tr>\n<tr>\n<th>T\u00eampera<\/th>\n<td>840-880<\/td>\n<td>\u00a0\u00d3leo<\/td>\n<\/tr>\n<\/tbody>\n<\/table>\n<p>Para mais tratamentos t\u00e9rmicos e informa\u00e7\u00f5es sobre dureza do a\u00e7o, acesse a <a title=\"Tratamentos T\u00e9rmicos do A\u00e7o\" href=\"https:\/\/www.aco.com.br\/acos\/tratamento-termico\/\">p\u00e1gina de tratamentos t\u00e9rmicos<\/a>.<\/p>\n<h2><strong>SAE 4340 | <\/strong>A\u00e7o Cromo-N\u00edquel-Molibd\u00eanio<\/h2>\n<p>O <strong>Cromo<\/strong> e o <strong>Molibd\u00eanio<\/strong> melhoram a resposta do a\u00e7o ao <a href=\"https:\/\/www.aco.com.br\/tratamentos-termicos-acos-especiais\/\"><strong>tratamento t\u00e9rmico<\/strong><\/a> (temperado e revenido) e possibilitam maior resist\u00eancia mec\u00e2nica, resist\u00eancia a fadiga, impacto e abras\u00e3o, enquanto o\u00a0<strong>n\u00edquel<\/strong> \u00e9 utilizado por aumentar dureza do a\u00e7o, sua resist\u00eancia ao impacto e ductilidade.<\/p>\n<p>Por essa raz\u00e3o tem-se no <strong>a\u00e7o SAE-4340<\/strong> uma<a href=\"https:\/\/www.aco.com.br\/acos\/especiais\/ligas-para-beneficiamento\/\"><strong> liga para beneficiamento\u00a0<\/strong><\/a><strong>de import\u00e2ncia chav<\/strong>e no segmento da constru\u00e7\u00e3o mec\u00e2nica.<\/p>\n<p>O <strong>A\u00e7o carbono SAE-4340 (Cr-Ni-Mo)<\/strong> \u00e9 uma liga com amplo uso na ind\u00fastria e no cotidiano. Sua aplica\u00e7\u00e3o se d\u00e1 em engrenagens planet\u00e1rias, eixos, cilindros entre outros. <strong>\u00c9 um a\u00e7o de alta temperabilidade para pe\u00e7as de grandes espessuras e alta resist\u00eancia.<\/strong><\/p>\n<div class=\"row\"  id=\"row-818397690\">\n<h2><strong>A\u00e7o SAE-4340<\/strong> &#8211; Resist\u00eancia a tra\u00e7\u00e3o<\/h2>\n<p style=\"font-weight: 400;\">A\u00a0resist\u00eancia a tra\u00e7\u00e3o\u00a0do <strong>a\u00e7o 4340<\/strong> \u00e9 de <strong>745 MPa<\/strong> ou <strong>108.000 psi<\/strong>.<\/p>\n<a href=\"https:\/\/www.aco.com.br\/contato\" target=\"_self\" class=\"button primary\"  >\n    <span>Solicite um Or\u00e7amento<\/span>\n  <\/a>\n\n<\/div>\n","protected":false},"excerpt":{"rendered":"<p>O <strong>A\u00e7o SAE 4340<\/strong> | <strong>A\u00e7o carbono ao Cromo-N\u00edquel-Molibd\u00eanio<\/strong> (Villares VM-40) \u00e9 uma liga de a\u00e7o mais resistente que o a\u00e7o carbono comum. Os elementos da liga melhoram a resposta do a\u00e7o ao <a href=\"https:\/\/www.aco.com.br\/tratamentos-termicos-acos-especiais\/\">tratamento t\u00e9rmico<\/a> (temperado e revenido) e possibilitam maior resist\u00eancia mec\u00e2nica.<\/p>\n<h2><strong>SAE-4340 | <\/strong><a href=\"https:\/\/www.aco.com.br\/acos\/especiais\/ligas-para-beneficiamento\/\">Liga para Beneficiamento<\/a>:<\/h2>\n<h4>A\u00e7o carbono ao Cromo-N\u00edquel-Molibd\u00eanio<\/h4>\n<p style=\"text-align: left; font-size: 14px;\">Veja outras ligas para beneficiamento:<br \/>\n<a href=\"https:\/\/aco.com.br\/aco\/especiais\/4140\/\">SAE 4140<\/a> &#8211; <strong><a href=\"https:\/\/aco.com.br\/aco\/especiais\/sae-4340-aco-carbono-cromo-niquel-molibdenio\/\">4340<\/a><\/strong> &#8211; <a href=\"https:\/\/aco.com.br\/aco\/especiais\/aco-prata-5160\/\">5160<\/a> &#8211; <a href=\"https:\/\/aco.com.br\/aco\/especiais\/6150-aco-prata\/\">6150<\/a> &#8211; <a href=\"https:\/\/aco.com.br\/aco\/especiais\/8620\/\">8620<\/a> &#8211; <a href=\"https:\/\/aco.com.br\/aco\/especiais\/sae-8640\/\">8640<\/a> &#8211; <a href=\"https:\/\/aco.com.br\/aco\/especiais\/8650\/\">8650<\/a> &#8211; <a href=\"https:\/\/aco.com.br\/aco\/especiais\/9254\/\">9254<\/a> &#8211; <a href=\"https:\/\/aco.com.br\/aco\/especiais\/9260\/\">9260<\/a> &#8211; <a href=\"https:\/\/aco.com.br\/aco\/especiais\/sae-52100-carbono-cromo\/\">52100<\/a><\/p>\n<h5>A\u00e7os Roman | Distribuidora de <strong>A\u00e7o SAE-4340\u00a0<\/strong>de S\u00e3o Paulo para todo Brasil<\/h5>\n<table class=\"tabela-acosroman\">\n<thead>\n<tr>\n<td><img loading=\"lazy\" decoding=\"async\" class=\"alignleft size-full wp-image-1035\" src=\"https:\/\/www.aco.com.br\/wp-content\/uploads\/2019\/02\/acos-roman2-1.png\" alt=\"A\u00e7os Roman - A\u00e7os Especiais\" width=\"153\" height=\"75\" \/><\/td>\n<th>\n<h4><strong>SAE 4340<\/strong><\/h4>\n<p>Componentes Qu\u00edmicos do A\u00c7O<br \/>\n<a title=\"An\u00e1lise Qu\u00edmica - LabMetal\" href=\"http:\/\/www.aco.com.br\/aco\/espectrometria-de-emissao-otica-analise-quimica-do-aco\/\"><span style=\"font-size: 0.8; color: #aaa; text-transform: none; font-weight: light;\">An\u00e1lise Qu\u00edmica &#8211; Labmetal A.R.<\/span><\/a><\/th>\n<\/tr>\n<\/thead>\n<tbody>\n<tr>\n<th>Carbono (C)<\/th>\n<td>0.37 &#8211; 0.43 %<\/td>\n<\/tr>\n<tr>\n<th>Cromo (Cr)<\/th>\n<td><strong>0.70 &#8211; 0.90 %<\/strong><\/td>\n<\/tr>\n<tr>\n<th>N\u00edquel (Ni)<\/th>\n<td><strong>1.65 &#8211; 2.00 %<\/strong><\/td>\n<\/tr>\n<tr>\n<th>Molibd\u00eanio (Mo)<\/th>\n<td><strong>0.20 &#8211; 0.30 %<\/strong><\/td>\n<\/tr>\n<tr>\n<th>Mangan\u00eas (Mn)<\/th>\n<td>0.60 &#8211; 0.80 %<\/td>\n<\/tr>\n<tr>\n<th>F\u00f3sforo (P) .<\/th>\n<td>0.035 %\u00a0M\u00e1x.<\/td>\n<\/tr>\n<tr>\n<th>Sil\u00edcio (Si)<\/th>\n<td>0.15 &#8211; 0.30 %<\/td>\n<\/tr>\n<tr>\n<th>Enxofre (S)<\/th>\n<td>\u00a00.04 %\u00a0M\u00e1x<\/td>\n<\/tr>\n<\/tbody>\n<\/table>\n<div style=\"float: right; width: 50%; padding-top: 12px;\">\n<p style=\"font-size: 11px; text-align: right;\">Marca Villares Metals &#8211; <a href=\"http:\/\/www.villaresmetals.com.br\" target=\"_blank\" rel=\"noopener\"><strong> V-M 40<\/strong><\/a><\/p>\n<\/div>\n<div id=\"coreswrap\" style=\"float: left; width: 50%;\">\n<div id=\"coresaco\" style=\"background: orange;\">\n<div class=\"metade1\" style=\"background: orange;\">.<\/div>\n<\/div>\n<p><b>Cor\/Marca\u00e7\u00e3o<\/b><br \/>\nA\u00e7os Roman<\/p>\n<\/div>\n","protected":false},"featured_media":2009,"template":"","meta":{"inline_featured_image":false},"product_brand":[],"product_cat":[17,74],"product_tag":[226,106,173,108,109,174,111,176,228,169,170,227],"class_list":{"0":"post-1097","1":"product","2":"type-product","3":"status-publish","4":"has-post-thumbnail","6":"product_cat-especiais","7":"product_cat-ligas-para-beneficiamento","8":"product_tag-aisi-4340","9":"product_tag-astm-a29","10":"product_tag-astm-a320","11":"product_tag-astm-a322","12":"product_tag-astm-a331","13":"product_tag-astm-a506","14":"product_tag-astm-a519","15":"product_tag-astm-a646","16":"product_tag-astm-a711","17":"product_tag-astm-a752","18":"product_tag-astm-a829","19":"product_tag-sae-4340","21":"first","22":"instock","23":"featured","24":"sold-individually","25":"shipping-taxable","26":"product-type-simple"},"aioseo_notices":[],"_links":{"self":[{"href":"https:\/\/aco.com.br\/inicio\/wp-json\/wp\/v2\/product\/1097","targetHints":{"allow":["GET"]}}],"collection":[{"href":"https:\/\/aco.com.br\/inicio\/wp-json\/wp\/v2\/product"}],"about":[{"href":"https:\/\/aco.com.br\/inicio\/wp-json\/wp\/v2\/types\/product"}],"wp:featuredmedia":[{"embeddable":true,"href":"https:\/\/aco.com.br\/inicio\/wp-json\/wp\/v2\/media\/2009"}],"wp:attachment":[{"href":"https:\/\/aco.com.br\/inicio\/wp-json\/wp\/v2\/media?parent=1097"}],"wp:term":[{"taxonomy":"product_brand","embeddable":true,"href":"https:\/\/aco.com.br\/inicio\/wp-json\/wp\/v2\/product_brand?post=1097"},{"taxonomy":"product_cat","embeddable":true,"href":"https:\/\/aco.com.br\/inicio\/wp-json\/wp\/v2\/product_cat?post=1097"},{"taxonomy":"product_tag","embeddable":true,"href":"https:\/\/aco.com.br\/inicio\/wp-json\/wp\/v2\/product_tag?post=1097"}],"curies":[{"name":"wp","href":"https:\/\/api.w.org\/{rel}","templated":true}]}}