{"id":1093,"date":"2019-03-21T16:22:31","date_gmt":"2019-03-21T16:22:31","guid":{"rendered":"https:\/\/www.aco.com.br\/?post_type=product&#038;p=1093"},"modified":"2019-05-28T18:31:57","modified_gmt":"2019-05-28T18:31:57","slug":"sae-1060-aco-carbono-especial","status":"publish","type":"product","link":"https:\/\/aco.com.br\/inicio\/aco\/sae-1060-aco-carbono-especial\/","title":{"rendered":"SAE 1060 | A\u00e7o Carbono Especial p\/ Constru\u00e7\u00e3o Mec\u00e2nica"},"content":{"rendered":"<h2>Tratamentos T\u00e9rmicos | A\u00e7o SAE-1060<\/h2>\n<table class=\"tabela-acosroman\">\n<thead>\n<tr>\n<th><img decoding=\"async\" class=\"alignleft\" src=\"https:\/\/www.aco.com.br\/wp-content\/uploads\/2019\/02\/tratamento-termico.png\" alt=\"Tratamentos T\u00e9rmicos\" \/><\/p>\n<h4><a title=\"Tratamentos T\u00e9rmicos - A\u00e7o Carbono\" href=\"https:\/\/www.aco.com.br\/tratamentos-termicos-acos-especiais\/\">Tratamentos T\u00e9rmicos<\/a><\/h4>\n<\/th>\n<th>Temperatura (\u00b0C)<\/th>\n<th>Meios<\/th>\n<\/tr>\n<\/thead>\n<tbody>\n<tr>\n<th>Recozimento<\/th>\n<td>790 &#8211; 870<\/td>\n<td>&#8230;<\/td>\n<\/tr>\n<tr>\n<th>Normaliza\u00e7\u00e3o<\/th>\n<td>840 &#8211; 870<\/td>\n<td>&#8230;<\/td>\n<\/tr>\n<tr>\n<th>T\u00eampera<\/th>\n<td>800 &#8211; 840<\/td>\n<td>\u00d3leo ou \u00c1gua<\/td>\n<\/tr>\n<\/tbody>\n<\/table>\n<p>Para mais tratamentos t\u00e9rmicos e informa\u00e7\u00f5es sobre dureza do a\u00e7o, acesse a <a title=\"Tratamentos T\u00e9rmicos do A\u00e7o\" href=\"https:\/\/www.aco.com.br\/acos\/tratamento-termico\/\">p\u00e1gina de tratamentos t\u00e9rmicos<\/a>.<\/p>\n<p>O <strong>A\u00e7o 1060<\/strong> \u00e9 um a\u00e7o com elevado teor de carbono (0,55 &#8211; 0,65%). Quando tratado apresenta m\u00e1 soldabilidade e boa usinabilidade. \u00c9 utilizado em pe\u00e7as que necessitam resist\u00eancia ao desgaste como eixos de autom\u00f3veis e outras ferramentas manuais.<\/p>\n<p>O <strong>A\u00e7o 1060<\/strong> tem uma boa combina\u00e7\u00e3o entre dureza e tenacidade (resist\u00eancia mec\u00e2nica). Este a\u00e7o carbono pode ser resfriado na tempera em \u00e1gua ou \u00f3leo.<\/p>\n<h3><strong>SAE-1060 <\/strong>&#8211; Aplica\u00e7\u00f5es de A\u00e7os Especiais<\/h3>\n\n  \n    <div class=\"row large-columns-3 medium-columns- small-columns-2 slider row-slider slider-nav-reveal\"  data-flickity-options='{\"imagesLoaded\": true, \"groupCells\": \"100%\", \"dragThreshold\" : 5, \"cellAlign\": \"left\",\"wrapAround\": true,\"prevNextButtons\": true,\"percentPosition\": true,\"pageDots\": false, \"rightToLeft\": false, \"autoPlay\" : false}' >\n\n  <div class=\"gallery-col col\" >\n          <div class=\"col-inner\">\n            <a class=\"image-lightbox lightbox-gallery\" href=\"https:\/\/aco.com.br\/wp-content\/uploads\/2019\/04\/aco-1045-800x800.jpg\" title=\"\">            <div class=\"box has-hover gallery-box box-none\">\n              <div class=\"box-image\" >\n                <img loading=\"lazy\" decoding=\"async\" width=\"400\" height=\"400\" src=\"https:\/\/aco.com.br\/wp-content\/uploads\/2019\/04\/aco-1045-400x400.jpg\" class=\"attachment-medium size-medium\" alt=\"SAE 1020 \u2013 1035 \u2013 1045 \u2013 1050 \u2013 1060 \u2013 1070\" ids=\"2011,2012,2013\" style=\"none\" type=\"slider\" columns=\"3\" srcset=\"https:\/\/aco.com.br\/wp-content\/uploads\/2019\/04\/aco-1045-400x400.jpg 400w, https:\/\/aco.com.br\/wp-content\/uploads\/2019\/04\/aco-1045-280x280.jpg 280w, https:\/\/aco.com.br\/wp-content\/uploads\/2019\/04\/aco-1045-768x768.jpg 768w, https:\/\/aco.com.br\/wp-content\/uploads\/2019\/04\/aco-1045-800x800.jpg 800w, https:\/\/aco.com.br\/wp-content\/uploads\/2019\/04\/aco-1045-297x297.jpg 297w, https:\/\/aco.com.br\/wp-content\/uploads\/2019\/04\/aco-1045-900x900.jpg 900w, https:\/\/aco.com.br\/wp-content\/uploads\/2019\/04\/aco-1045-100x100.jpg 100w, https:\/\/aco.com.br\/wp-content\/uploads\/2019\/04\/aco-1045.jpg 1000w\" sizes=\"auto, (max-width: 400px) 100vw, 400px\" \/>                                                              <\/div>\n              <div class=\"box-text text-left\" >\n                 <p><\/p>\n              <\/div>\n            <\/div>\n            <\/a>          <\/div>\n         <\/div><div class=\"gallery-col col\" >\n          <div class=\"col-inner\">\n            <a class=\"image-lightbox lightbox-gallery\" href=\"https:\/\/aco.com.br\/wp-content\/uploads\/2019\/04\/aco-sae-1045-forjado-laminado-usinado.jpg\" title=\"\">            <div class=\"box has-hover gallery-box box-none\">\n              <div class=\"box-image\" >\n                <img loading=\"lazy\" decoding=\"async\" width=\"401\" height=\"400\" src=\"https:\/\/aco.com.br\/wp-content\/uploads\/2019\/04\/aco-sae-1045-forjado-laminado-usinado-401x400.jpg\" class=\"attachment-medium size-medium\" alt=\"SAE 1020 \u2013 1035 \u2013 1045 \u2013 1050 \u2013 1060 \u2013 1070\" ids=\"2011,2012,2013\" style=\"none\" type=\"slider\" columns=\"3\" srcset=\"https:\/\/aco.com.br\/wp-content\/uploads\/2019\/04\/aco-sae-1045-forjado-laminado-usinado-401x400.jpg 401w, https:\/\/aco.com.br\/wp-content\/uploads\/2019\/04\/aco-sae-1045-forjado-laminado-usinado-280x280.jpg 280w, https:\/\/aco.com.br\/wp-content\/uploads\/2019\/04\/aco-sae-1045-forjado-laminado-usinado-768x767.jpg 768w, https:\/\/aco.com.br\/wp-content\/uploads\/2019\/04\/aco-sae-1045-forjado-laminado-usinado-297x297.jpg 297w, https:\/\/aco.com.br\/wp-content\/uploads\/2019\/04\/aco-sae-1045-forjado-laminado-usinado-100x100.jpg 100w, https:\/\/aco.com.br\/wp-content\/uploads\/2019\/04\/aco-sae-1045-forjado-laminado-usinado.jpg 800w\" sizes=\"auto, (max-width: 401px) 100vw, 401px\" \/>                                                              <\/div>\n              <div class=\"box-text text-left\" >\n                 <p><\/p>\n              <\/div>\n            <\/div>\n            <\/a>          <\/div>\n         <\/div><div class=\"gallery-col col\" >\n          <div class=\"col-inner\">\n            <a class=\"image-lightbox lightbox-gallery\" href=\"https:\/\/aco.com.br\/wp-content\/uploads\/2019\/04\/aco-sae-1045-forjado.png\" title=\"\">            <div class=\"box has-hover gallery-box box-none\">\n              <div class=\"box-image\" >\n                <img loading=\"lazy\" decoding=\"async\" width=\"531\" height=\"400\" src=\"https:\/\/aco.com.br\/wp-content\/uploads\/2019\/04\/aco-sae-1045-forjado-531x400.png\" class=\"attachment-medium size-medium\" alt=\"SAE 1020 \u2013 1035 \u2013 1045 \u2013 1050 \u2013 1060 \u2013 1070\" ids=\"2011,2012,2013\" style=\"none\" type=\"slider\" columns=\"3\" srcset=\"https:\/\/aco.com.br\/wp-content\/uploads\/2019\/04\/aco-sae-1045-forjado-531x400.png 531w, https:\/\/aco.com.br\/wp-content\/uploads\/2019\/04\/aco-sae-1045-forjado.png 767w\" sizes=\"auto, (max-width: 531px) 100vw, 531px\" \/>                                                              <\/div>\n              <div class=\"box-text text-left\" >\n                 <p><\/p>\n              <\/div>\n            <\/div>\n            <\/a>          <\/div>\n         <\/div><\/div>\n<p><strong>\u00c9 um a\u00e7o comum de m\u00e9dia resist\u00eancia, pouca temperabilidade, usado em componentes estruturais e de m\u00e1quinas<\/strong>, \u00c9 usado principalmente para a fabrica\u00e7\u00e3o de ferramentas, eixos e transmiss\u00f5es de carros.<\/p>\n<p style=\"font-weight: 400;\">A usinabilidade do<strong> a\u00e7o 1060 <\/strong>\u00e9 boa quando est\u00e1 na condi\u00e7\u00e3o normalizada ou laminada. Lembramos que o\u00a0<strong>A\u00e7o SAE-1060 <\/strong>\u00e9\u00a0 um A\u00e7o de boa forjabilidade e boa usinabilidade.<\/p>\n<h2><strong>A\u00e7o SAE-1060 <\/strong>&#8211; A\u00e7o Carbono Especial para Constru\u00e7\u00e3o Mec\u00e2nica<\/h2>\n<a href=\"https:\/\/www.aco.com.br\/contato\" target=\"_self\" class=\"button primary\"  >\n    <span>Solicite um Or\u00e7amento<\/span>\n  <\/a>\n\n","protected":false},"excerpt":{"rendered":"<p>O a\u00e7o <strong>SAE 1060<\/strong> \u00e9 um\u00a0<strong>a\u00e7o carbono\u00a0com alto teor de carbono<\/strong> de\u00a0composi\u00e7\u00e3o qu\u00edmica. \u00c9 um a\u00e7o bem <strong>resistente<\/strong> pois possui entre <strong>485 e 620 MPa\u00a0<\/strong>resist\u00eancia mec\u00e2nica.<\/p>\n<p>Veja outro <strong>a\u00e7os carbono especiais<\/strong>:<br \/>\n<a title=\"A\u00e7o Especial SAE 1020\" href=\"https:\/\/www.aco.com.br\/aco\/sae-1020-aco-carbono-especial\/\">SAE 1020<\/a> &#8211; <a title=\"A\u00e7o Especial SAE 1035\" href=\"https:\/\/www.aco.com.br\/aco\/sae-1035-aco-carbono-especial\/\">1035<\/a> &#8211; <a title=\"A\u00e7o Especial SAE 1045\" href=\"https:\/\/www.aco.com.br\/aco\/sae-1045-aco-carbono-especial\/\">1045<\/a> &#8211; <a title=\"A\u00e7o Especial SAE 1050\" href=\"https:\/\/www.aco.com.br\/aco\/sae-1050-aco-carbono-especial\/\">1050<\/a>&#8211; <strong><a title=\"A\u00e7o Especial SAE 1060\" href=\"https:\/\/www.aco.com.br\/aco\/sae-1060-aco-carbono-especial\/\">1060<\/a> <\/strong>&#8211; <a title=\"A\u00e7o Especial SAE 1070\" href=\"https:\/\/www.aco.com.br\/aco\/sae-1070-aco-carbono-especial\/\">1070<\/a>\u00a0&#8211; <a href=\"https:\/\/aco.com.br\/aco\/sae-1095\/\">1095<\/a><\/p>\n<h2>A\u00e7os Roman | Distribuidora de A\u00e7o <strong>SAE-1060 <\/strong>de S\u00e3o Paulo para todo Brasil<\/h2>\n<table class=\"tabela-acosroman\">\n<thead>\n<tr>\n<td><img loading=\"lazy\" decoding=\"async\" class=\"alignleft size-full wp-image-1035\" src=\"https:\/\/www.aco.com.br\/wp-content\/uploads\/2019\/02\/acos-roman2-1.png\" alt=\"A\u00e7os Roman - A\u00e7os Especiais\" width=\"153\" height=\"75\" \/><\/td>\n<th>\n<h4>SAE 1045<\/h4>\n<p>Componentes Qu\u00edmicos do A\u00c7O<br \/>\n<a title=\"An\u00e1lise Qu\u00edmica - LabMetal\" href=\"http:\/\/www.aco.com.br\/aco\/espectrometria-de-emissao-otica-analise-quimica-do-aco\/\"><span style=\"font-size: 0.8; color: #aaa; text-transform: none; font-weight: light;\">An\u00e1lise Qu\u00edmica &#8211; Labmetal A.R.<\/span><\/a><\/th>\n<\/tr>\n<\/thead>\n<tbody>\n<tr>\n<th>Carbono (C)<\/th>\n<td>0.55 &#8211; 0.65 %<\/td>\n<\/tr>\n<tr>\n<th>Mangan\u00eas (Mn)<\/th>\n<td>0.60 &#8211; 0.90 %<\/td>\n<\/tr>\n<tr>\n<th>F\u00f3sforo (P)<\/th>\n<td>&lt;= 0.04 %<\/td>\n<\/tr>\n<tr>\n<th>Enxofre (S)<\/th>\n<td>&lt;= 0.05 %<\/td>\n<\/tr>\n<\/tbody>\n<\/table>\n<div style=\"float: right; width: 50%; padding-top: 12px;\">\n<p style=\"font-size: 11px; text-align: right;\">Marca Villares Metals &#8211; <strong><a href=\"http:\/\/www.villaresmetals.com.br\" target=\"_blank\" rel=\"noopener\"> V T 60<\/a><\/strong><\/p>\n<\/div>\n<div id=\"coreswrap\" style=\"float: left; width: 50%;\">\n<div id=\"coresaco\" style=\"background: yellow;\">\n<div class=\"metade1\" style=\"background: yellow;\">.<\/div>\n<\/div>\n<p><b>Cor\/Marca\u00e7\u00e3o<\/b><br \/>\nA\u00e7os Roman<\/p>\n<\/div>\n","protected":false},"featured_media":2016,"template":"","meta":{"inline_featured_image":false},"product_brand":[],"product_cat":[17,73],"product_tag":[211,203,209,208,212,189,206,201,204,205,207,210],"class_list":{"0":"post-1093","1":"product","2":"type-product","3":"status-publish","4":"has-post-thumbnail","6":"product_cat-especiais","7":"product_cat-aco-carbono","8":"product_tag-afnor-c-60","9":"product_tag-aisi-1060","10":"product_tag-din-1-0601","11":"product_tag-din-c60","12":"product_tag-jis-s-58-c","13":"product_tag-ligas-para-cementacao","14":"product_tag-opant-1060","15":"product_tag-sae-1055","16":"product_tag-sae-1060","17":"product_tag-sae-1065","18":"product_tag-uns-g10600","19":"product_tag-wnr-1-0601","21":"first","22":"instock","23":"sold-individually","24":"shipping-taxable","25":"product-type-simple"},"aioseo_notices":[],"_links":{"self":[{"href":"https:\/\/aco.com.br\/inicio\/wp-json\/wp\/v2\/product\/1093","targetHints":{"allow":["GET"]}}],"collection":[{"href":"https:\/\/aco.com.br\/inicio\/wp-json\/wp\/v2\/product"}],"about":[{"href":"https:\/\/aco.com.br\/inicio\/wp-json\/wp\/v2\/types\/product"}],"wp:featuredmedia":[{"embeddable":true,"href":"https:\/\/aco.com.br\/inicio\/wp-json\/wp\/v2\/media\/2016"}],"wp:attachment":[{"href":"https:\/\/aco.com.br\/inicio\/wp-json\/wp\/v2\/media?parent=1093"}],"wp:term":[{"taxonomy":"product_brand","embeddable":true,"href":"https:\/\/aco.com.br\/inicio\/wp-json\/wp\/v2\/product_brand?post=1093"},{"taxonomy":"product_cat","embeddable":true,"href":"https:\/\/aco.com.br\/inicio\/wp-json\/wp\/v2\/product_cat?post=1093"},{"taxonomy":"product_tag","embeddable":true,"href":"https:\/\/aco.com.br\/inicio\/wp-json\/wp\/v2\/product_tag?post=1093"}],"curies":[{"name":"wp","href":"https:\/\/api.w.org\/{rel}","templated":true}]}}