{"id":1091,"date":"2019-03-24T16:21:21","date_gmt":"2019-03-24T16:21:21","guid":{"rendered":"https:\/\/www.aco.com.br\/?post_type=product&#038;p=1091"},"modified":"2019-05-28T18:30:38","modified_gmt":"2019-05-28T18:30:38","slug":"sae-1045-aco-carbono-especial","status":"publish","type":"product","link":"https:\/\/aco.com.br\/inicio\/aco\/sae-1045-aco-carbono-especial\/","title":{"rendered":"SAE 1045 | A\u00e7o Carbono Especial p\/ Constru\u00e7\u00e3o Mec\u00e2nica"},"content":{"rendered":"<h2>Tratamentos T\u00e9rmicos | A\u00e7o SAE-1045<\/h2>\n<table class=\"tabela-acosroman\">\n<thead>\n<tr>\n<th><img decoding=\"async\" class=\"alignleft\" src=\"https:\/\/www.aco.com.br\/wp-content\/uploads\/2019\/02\/tratamento-termico.png\" alt=\"Tratamentos T\u00e9rmicos\" \/><\/p>\n<h4><a title=\"Tratamentos T\u00e9rmicos - A\u00e7o Carbono\" href=\"https:\/\/www.aco.com.br\/tratamentos-termicos-acos-especiais\/\">Tratamentos T\u00e9rmicos<\/a><\/h4>\n<\/th>\n<th>Temperatura (\u00b0C)<\/th>\n<th>Meios<\/th>\n<\/tr>\n<\/thead>\n<tbody>\n<tr>\n<th>Recozimento<\/th>\n<td>790 &#8211; 870<\/td>\n<td>&#8230;<\/td>\n<\/tr>\n<tr>\n<th>Normaliza\u00e7\u00e3o<\/th>\n<td>840 &#8211; 870<\/td>\n<td>&#8230;<\/td>\n<\/tr>\n<tr>\n<th>T\u00eampera<\/th>\n<td>800 &#8211; 840<\/td>\n<td>\u00d3leo ou \u00c1gua<\/td>\n<\/tr>\n<\/tbody>\n<\/table>\n<p>Para mais tratamentos t\u00e9rmicos e informa\u00e7\u00f5es sobre dureza do a\u00e7o, acesse a <a title=\"Tratamentos T\u00e9rmicos do A\u00e7o\" href=\"https:\/\/www.aco.com.br\/acos\/tratamento-termico\/\">p\u00e1gina de tratamentos t\u00e9rmicos<\/a>.<\/p>\n<h4><b><strong><a href=\"https:\/\/www.aco.com.br\/aco\/recozimento\/\">Recozimento<\/a> \/ <\/strong><\/b>A\u00e7o SAE-1045<\/h4>\n<p style=\"font-weight: 400;\">\u00c9 poss\u00edvel recozer totalmente este material usando temperaturas entre <strong>800-850\u00b0C<\/strong> \u00a0seguindo-se a um resfriamento bem lento dentro do forno.<\/p>\n<h4><a href=\"https:\/\/www.aco.com.br\/aco\/normalizacao\/\"><strong>Normaliza\u00e7\u00e3o<\/strong><\/a><b><strong> \/ <\/strong><\/b>A\u00e7o SAE-1045<\/h4>\n<p style=\"font-weight: 400;\">O 1045 pode ser normalizado entre<strong> 870\u00b0C e 920\u00b0C<\/strong>. O resfriamento deve ser feito fora do forno em ar calmo.<\/p>\n<h4><strong><a href=\"https:\/\/www.aco.com.br\/aco\/alivio-de-tensao\/\">Al\u00edvio de tens\u00f5es<\/a>\u00a0<\/strong><b><strong> \/ <\/strong><\/b>A\u00e7o SAE-1045<\/h4>\n<p style=\"font-weight: 400;\">O a\u00e7o 1045 pode ser aliviado entre <strong>550 e 660\u00b0C<\/strong>. Normalmente as normas pedem 1 hora de encharque (uniformiza\u00e7\u00e3o da temperatura) de 1 hora por 25mm de espessura do material.<\/p>\n<h4><strong>Revenimento\u00a0<\/strong><b><strong> \/ <\/strong><\/b>A\u00e7o SAE-1045<\/h4>\n<p style=\"font-weight: 400;\">O\u00a0revenimento\u00a0deve ser executado entre 400 e 650\u00baC.<\/p>\n<h3><strong>SAE-1045 <\/strong>&#8211; Aplica\u00e7\u00f5es de A\u00e7os Especiais<\/h3>\n\n  \n    <div class=\"row large-columns-3 medium-columns- small-columns-2 slider row-slider slider-nav-reveal\"  data-flickity-options='{\"imagesLoaded\": true, \"groupCells\": \"100%\", \"dragThreshold\" : 5, \"cellAlign\": \"left\",\"wrapAround\": true,\"prevNextButtons\": true,\"percentPosition\": true,\"pageDots\": false, \"rightToLeft\": false, \"autoPlay\" : false}' >\n\n  <div class=\"gallery-col col\" >\n          <div class=\"col-inner\">\n            <a class=\"image-lightbox lightbox-gallery\" href=\"https:\/\/aco.com.br\/wp-content\/uploads\/2019\/04\/aco-1045-800x800.jpg\" title=\"\">            <div class=\"box has-hover gallery-box box-none\">\n              <div class=\"box-image\" >\n                <img loading=\"lazy\" decoding=\"async\" width=\"400\" height=\"400\" src=\"https:\/\/aco.com.br\/wp-content\/uploads\/2019\/04\/aco-1045-400x400.jpg\" class=\"attachment-medium size-medium\" alt=\"SAE 1020 \u2013 1035 \u2013 1045 \u2013 1050 \u2013 1060 \u2013 1070\" ids=\"2011,2012,2013\" style=\"none\" type=\"slider\" columns=\"3\" srcset=\"https:\/\/aco.com.br\/wp-content\/uploads\/2019\/04\/aco-1045-400x400.jpg 400w, https:\/\/aco.com.br\/wp-content\/uploads\/2019\/04\/aco-1045-280x280.jpg 280w, https:\/\/aco.com.br\/wp-content\/uploads\/2019\/04\/aco-1045-768x768.jpg 768w, https:\/\/aco.com.br\/wp-content\/uploads\/2019\/04\/aco-1045-800x800.jpg 800w, https:\/\/aco.com.br\/wp-content\/uploads\/2019\/04\/aco-1045-297x297.jpg 297w, https:\/\/aco.com.br\/wp-content\/uploads\/2019\/04\/aco-1045-900x900.jpg 900w, https:\/\/aco.com.br\/wp-content\/uploads\/2019\/04\/aco-1045-100x100.jpg 100w, https:\/\/aco.com.br\/wp-content\/uploads\/2019\/04\/aco-1045.jpg 1000w\" sizes=\"auto, (max-width: 400px) 100vw, 400px\" \/>                                                              <\/div>\n              <div class=\"box-text text-left\" >\n                 <p><\/p>\n              <\/div>\n            <\/div>\n            <\/a>          <\/div>\n         <\/div><div class=\"gallery-col col\" >\n          <div class=\"col-inner\">\n            <a class=\"image-lightbox lightbox-gallery\" href=\"https:\/\/aco.com.br\/wp-content\/uploads\/2019\/04\/aco-sae-1045-forjado-laminado-usinado.jpg\" title=\"\">            <div class=\"box has-hover gallery-box box-none\">\n              <div class=\"box-image\" >\n                <img loading=\"lazy\" decoding=\"async\" width=\"401\" height=\"400\" src=\"https:\/\/aco.com.br\/wp-content\/uploads\/2019\/04\/aco-sae-1045-forjado-laminado-usinado-401x400.jpg\" class=\"attachment-medium size-medium\" alt=\"SAE 1020 \u2013 1035 \u2013 1045 \u2013 1050 \u2013 1060 \u2013 1070\" ids=\"2011,2012,2013\" style=\"none\" type=\"slider\" columns=\"3\" srcset=\"https:\/\/aco.com.br\/wp-content\/uploads\/2019\/04\/aco-sae-1045-forjado-laminado-usinado-401x400.jpg 401w, https:\/\/aco.com.br\/wp-content\/uploads\/2019\/04\/aco-sae-1045-forjado-laminado-usinado-280x280.jpg 280w, https:\/\/aco.com.br\/wp-content\/uploads\/2019\/04\/aco-sae-1045-forjado-laminado-usinado-768x767.jpg 768w, https:\/\/aco.com.br\/wp-content\/uploads\/2019\/04\/aco-sae-1045-forjado-laminado-usinado-297x297.jpg 297w, https:\/\/aco.com.br\/wp-content\/uploads\/2019\/04\/aco-sae-1045-forjado-laminado-usinado-100x100.jpg 100w, https:\/\/aco.com.br\/wp-content\/uploads\/2019\/04\/aco-sae-1045-forjado-laminado-usinado.jpg 800w\" sizes=\"auto, (max-width: 401px) 100vw, 401px\" \/>                                                              <\/div>\n              <div class=\"box-text text-left\" >\n                 <p><\/p>\n              <\/div>\n            <\/div>\n            <\/a>          <\/div>\n         <\/div><div class=\"gallery-col col\" >\n          <div class=\"col-inner\">\n            <a class=\"image-lightbox lightbox-gallery\" href=\"https:\/\/aco.com.br\/wp-content\/uploads\/2019\/04\/aco-sae-1045-forjado.png\" title=\"\">            <div class=\"box has-hover gallery-box box-none\">\n              <div class=\"box-image\" >\n                <img loading=\"lazy\" decoding=\"async\" width=\"531\" height=\"400\" src=\"https:\/\/aco.com.br\/wp-content\/uploads\/2019\/04\/aco-sae-1045-forjado-531x400.png\" class=\"attachment-medium size-medium\" alt=\"SAE 1020 \u2013 1035 \u2013 1045 \u2013 1050 \u2013 1060 \u2013 1070\" ids=\"2011,2012,2013\" style=\"none\" type=\"slider\" columns=\"3\" srcset=\"https:\/\/aco.com.br\/wp-content\/uploads\/2019\/04\/aco-sae-1045-forjado-531x400.png 531w, https:\/\/aco.com.br\/wp-content\/uploads\/2019\/04\/aco-sae-1045-forjado.png 767w\" sizes=\"auto, (max-width: 531px) 100vw, 531px\" \/>                                                              <\/div>\n              <div class=\"box-text text-left\" >\n                 <p><\/p>\n              <\/div>\n            <\/div>\n            <\/a>          <\/div>\n         <\/div><\/div>\n<p><strong>\u00c9 um a\u00e7o comum de m\u00e9dia resist\u00eancia, pouca temperabilidade, usado em componentes estruturais e de m\u00e1quinas<\/strong>, virabrequim, eixos, engrenagens comuns, pe\u00e7as forjadas, eixos em geral, pinos, cilindros, ferrolho, parafusos, grampos,\u00a0bra\u00e7adeiras, pin\u00e7as, cilindros, pregos, colunas, entre outros.<\/p>\n<p style=\"font-weight: 400;\">A usinabilidade do<strong> a\u00e7o 1045<\/strong> \u00e9 boa quando est\u00e1 na condi\u00e7\u00e3o normalizada ou laminada. Lembramos que o\u00a0<strong>A\u00e7o SAE-1045<\/strong>\u00a0\u00e9\u00a0 um A\u00e7o de EXCELENTE forjabilidade e boa usinabilidade.<\/p>\n<h2><strong>A\u00e7o SAE-1045 <\/strong>&#8211; A\u00e7o Carbono Especial para Constru\u00e7\u00e3o Mec\u00e2nica<\/h2>\n<blockquote><p>Possui\u00a0resist\u00eancia mec\u00e2nica\u00a0entre <strong>570 e 700 MPa<\/strong> e dureza Brinell entre <strong>170 e 210HB.<\/strong><\/p><\/blockquote>\n<a href=\"https:\/\/www.aco.com.br\/contato\" target=\"_self\" class=\"button primary\"  >\n    <span>Solicite um Or\u00e7amento<\/span>\n  <\/a>\n\n","protected":false},"excerpt":{"rendered":"<p>O <strong>A\u00e7o SAE-1045<\/strong>\u00a0\u00e9 um A\u00e7o de EXCELENTE forjabilidade e boa usinabilidade. Possui M\u00e9dio teor de carbono. O a\u00e7o <strong>SAE 1045\u00a0<\/strong>\u00a0\u00e9 utilizado na fabrica\u00e7\u00e3o de componentes de uso geral onde seja necess\u00e1ria uma\u00a0resist\u00eancia mec\u00e2nica superior a dos a\u00e7os de baixo carbono convencionais.<\/p>\n<p>Veja outro <strong>a\u00e7os carbono especiais<\/strong>:<br \/>\n<a title=\"A\u00e7o Especial SAE 1020\" href=\"https:\/\/www.aco.com.br\/aco\/sae-1020-aco-carbono-especial\/\">SAE 1020<\/a> &#8211; <a title=\"A\u00e7o Especial SAE 1035\" href=\"https:\/\/www.aco.com.br\/aco\/sae-1035-aco-carbono-especial\/\">1035<\/a> &#8211; <strong><a title=\"A\u00e7o Especial SAE 1045\" href=\"https:\/\/www.aco.com.br\/aco\/sae-1045-aco-carbono-especial\/\">1045<\/a> <\/strong>&#8211; <a title=\"A\u00e7o Especial SAE 1050\" href=\"https:\/\/www.aco.com.br\/aco\/sae-1050-aco-carbono-especial\/\">1050<\/a>\u00a0&#8211; <a title=\"A\u00e7o Especial SAE 1060\" href=\"https:\/\/www.aco.com.br\/aco\/sae-1060-aco-carbono-especial\/\">1060<\/a> &#8211; <a title=\"A\u00e7o Especial SAE 1070\" href=\"https:\/\/www.aco.com.br\/aco\/sae-1070-aco-carbono-especial\/\">1070<\/a> &#8211; <a href=\"https:\/\/aco.com.br\/aco\/sae-1095\/\">1095<\/a><\/p>\n<h2>A\u00e7os Roman | Distribuidora de A\u00e7o <strong>SAE-1045 <\/strong>de S\u00e3o Paulo para todo Brasil<\/h2>\n<table class=\"tabela-acosroman\">\n<thead>\n<tr>\n<td><img loading=\"lazy\" decoding=\"async\" class=\"alignleft size-full wp-image-1035\" src=\"https:\/\/www.aco.com.br\/wp-content\/uploads\/2019\/02\/acos-roman2-1.png\" alt=\"A\u00e7os Roman - A\u00e7os Especiais\" width=\"153\" height=\"75\" \/><\/td>\n<th>\n<h4>SAE 1045<\/h4>\n<p>Componentes Qu\u00edmicos do A\u00c7O<br \/>\n<a title=\"An\u00e1lise Qu\u00edmica - LabMetal\" href=\"http:\/\/www.aco.com.br\/aco\/espectrometria-de-emissao-otica-analise-quimica-do-aco\/\"><span style=\"font-size: 0.8; color: #aaa; text-transform: none; font-weight: light;\">An\u00e1lise Qu\u00edmica &#8211; Labmetal A.R.<\/span><\/a><\/th>\n<\/tr>\n<\/thead>\n<tbody>\n<tr>\n<th>Carbono (C)<\/th>\n<td>0.42 &#8211; 0.50 %<\/td>\n<\/tr>\n<tr>\n<th>Mangan\u00eas (Mn)<\/th>\n<td>0.60 &#8211; 0.90 %<\/td>\n<\/tr>\n<tr>\n<th>F\u00f3sforo (P)<\/th>\n<td>&lt;= 0.04 %<\/td>\n<\/tr>\n<tr>\n<th>Enxofre (S)<\/th>\n<td>&lt;= 0.05 %<\/td>\n<\/tr>\n<\/tbody>\n<\/table>\n<div style=\"float: right; width: 50%; padding-top: 12px;\">\n<p style=\"font-size: 11px; text-align: right;\">Marca Villares Metals &#8211; <strong><a href=\"http:\/\/www.villaresmetals.com.br\" target=\"_blank\" rel=\"noopener\"> V T 45<\/a><\/strong><\/p>\n<\/div>\n<div id=\"coreswrap\" style=\"float: left; width: 50%;\">\n<div id=\"coresaco\" style=\"background: green;\">\n<div class=\"metade1\" style=\"background: green;\">.<\/div>\n<\/div>\n<p><b>Cor\/Marca\u00e7\u00e3o<\/b><br \/>\nA\u00e7os Roman<\/p>\n<\/div>\n","protected":false},"featured_media":2014,"template":"","meta":{"inline_featured_image":false},"product_brand":[],"product_cat":[17,73],"product_tag":[194,192,196,191,193,195],"class_list":{"0":"post-1091","1":"product","2":"type-product","3":"status-publish","4":"has-post-thumbnail","6":"product_cat-especiais","7":"product_cat-aco-carbono","8":"product_tag-aisi-1040","9":"product_tag-aisi-1045","10":"product_tag-din-1-1191","11":"product_tag-sae-1040","12":"product_tag-sae-1045","13":"product_tag-wnr-1-1191","15":"first","16":"instock","17":"featured","18":"sold-individually","19":"shipping-taxable","20":"product-type-simple"},"aioseo_notices":[],"_links":{"self":[{"href":"https:\/\/aco.com.br\/inicio\/wp-json\/wp\/v2\/product\/1091","targetHints":{"allow":["GET"]}}],"collection":[{"href":"https:\/\/aco.com.br\/inicio\/wp-json\/wp\/v2\/product"}],"about":[{"href":"https:\/\/aco.com.br\/inicio\/wp-json\/wp\/v2\/types\/product"}],"wp:featuredmedia":[{"embeddable":true,"href":"https:\/\/aco.com.br\/inicio\/wp-json\/wp\/v2\/media\/2014"}],"wp:attachment":[{"href":"https:\/\/aco.com.br\/inicio\/wp-json\/wp\/v2\/media?parent=1091"}],"wp:term":[{"taxonomy":"product_brand","embeddable":true,"href":"https:\/\/aco.com.br\/inicio\/wp-json\/wp\/v2\/product_brand?post=1091"},{"taxonomy":"product_cat","embeddable":true,"href":"https:\/\/aco.com.br\/inicio\/wp-json\/wp\/v2\/product_cat?post=1091"},{"taxonomy":"product_tag","embeddable":true,"href":"https:\/\/aco.com.br\/inicio\/wp-json\/wp\/v2\/product_tag?post=1091"}],"curies":[{"name":"wp","href":"https:\/\/api.w.org\/{rel}","templated":true}]}}