{"id":1090,"date":"2019-03-25T16:20:31","date_gmt":"2019-03-25T16:20:31","guid":{"rendered":"https:\/\/www.aco.com.br\/?post_type=product&#038;p=1090"},"modified":"2019-05-28T18:29:53","modified_gmt":"2019-05-28T18:29:53","slug":"sae-1035-aco-carbono-especial","status":"publish","type":"product","link":"https:\/\/aco.com.br\/inicio\/aco\/sae-1035-aco-carbono-especial\/","title":{"rendered":"SAE 1035 | A\u00e7o Carbono Especial &#8211; Ligas para Cementa\u00e7\u00e3o"},"content":{"rendered":"<h2>Tratamentos T\u00e9rmicos | A\u00e7o SAE-1035<\/h2>\n<table class=\"tabela-acosroman\">\n<thead>\n<tr>\n<th><img decoding=\"async\" class=\"alignleft\" src=\"https:\/\/www.aco.com.br\/wp-content\/uploads\/2019\/02\/tratamento-termico.png\" alt=\"Tratamentos T\u00e9rmicos\" \/><\/p>\n<h4><a title=\"Tratamentos T\u00e9rmicos - A\u00e7o Carbono\" href=\"https:\/\/www.aco.com.br\/tratamentos-termicos-acos-especiais\/\">Tratamentos T\u00e9rmicos<\/a><\/h4>\n<\/th>\n<th>Temperatura (\u00b0C)<\/th>\n<th>Meios<\/th>\n<\/tr>\n<\/thead>\n<tbody>\n<tr>\n<th>Recozimento<\/th>\n<td>790-870<\/td>\n<td>&#8230;<\/td>\n<\/tr>\n<tr>\n<th>Normaliza\u00e7\u00e3o<\/th>\n<td>840-900<\/td>\n<td>&#8230;<\/td>\n<\/tr>\n<tr>\n<th>T\u00eampera<\/th>\n<td>830-855<\/td>\n<td>\u00c1gua<\/td>\n<\/tr>\n<\/tbody>\n<\/table>\n<p>Para mais tratamentos t\u00e9rmicos e informa\u00e7\u00f5es sobre dureza do a\u00e7o, acesse a <a title=\"Tratamentos T\u00e9rmicos do A\u00e7o\" href=\"https:\/\/www.aco.com.br\/acos\/tratamento-termico\/\">p\u00e1gina de tratamentos t\u00e9rmicos<\/a>.<\/p>\n<p>Austenitizar a 900\u00b0C, t\u00eampera em \u00e1gua com forte agita\u00e7\u00e3o.<\/p>\n<p>Revenir a 400\u00b0C por 2h DS 38 a 42 HRC.<\/p>\n\n  \n    <div class=\"row large-columns-2 medium-columns- small-columns- slider row-slider slider-nav-simple\"  data-flickity-options='{\"imagesLoaded\": true, \"groupCells\": \"100%\", \"dragThreshold\" : 5, \"cellAlign\": \"left\",\"wrapAround\": true,\"prevNextButtons\": true,\"percentPosition\": true,\"pageDots\": false, \"rightToLeft\": false, \"autoPlay\" : 2000}' >\n\n  <div class=\"gallery-col col\" >\n          <div class=\"col-inner\">\n            <a class=\"image-lightbox lightbox-gallery\" href=\"https:\/\/aco.com.br\/wp-content\/uploads\/2019\/04\/eixos-ar-rolamentos-1020-1030-1040-1045-1060-1050-1070-1080-1090-791x800.jpg\" title=\"\">            <div class=\"box has-hover gallery-box box-none\">\n              <div class=\"box-image\" >\n                <img loading=\"lazy\" decoding=\"async\" width=\"395\" height=\"400\" src=\"https:\/\/aco.com.br\/wp-content\/uploads\/2019\/04\/eixos-ar-rolamentos-1020-1030-1040-1045-1060-1050-1070-1080-1090-395x400.jpg\" class=\"attachment-medium size-medium\" alt=\"sae-1020-1030-1040-1045-1060-1050-1070-1080-1090\" ids=\"1967,1809\" style=\"none\" type=\"slider\" columns=\"2\" slider_nav_style=\"simple\" auto_slide=\"2000\" image_size=\"medium\" text_align=\"center\" srcset=\"https:\/\/aco.com.br\/wp-content\/uploads\/2019\/04\/eixos-ar-rolamentos-1020-1030-1040-1045-1060-1050-1070-1080-1090-395x400.jpg 395w, https:\/\/aco.com.br\/wp-content\/uploads\/2019\/04\/eixos-ar-rolamentos-1020-1030-1040-1045-1060-1050-1070-1080-1090-768x777.jpg 768w, https:\/\/aco.com.br\/wp-content\/uploads\/2019\/04\/eixos-ar-rolamentos-1020-1030-1040-1045-1060-1050-1070-1080-1090-791x800.jpg 791w, https:\/\/aco.com.br\/wp-content\/uploads\/2019\/04\/eixos-ar-rolamentos-1020-1030-1040-1045-1060-1050-1070-1080-1090-900x910.jpg 900w, https:\/\/aco.com.br\/wp-content\/uploads\/2019\/04\/eixos-ar-rolamentos-1020-1030-1040-1045-1060-1050-1070-1080-1090-100x100.jpg 100w, https:\/\/aco.com.br\/wp-content\/uploads\/2019\/04\/eixos-ar-rolamentos-1020-1030-1040-1045-1060-1050-1070-1080-1090.jpg 1298w\" sizes=\"auto, (max-width: 395px) 100vw, 395px\" \/>                                                              <\/div>\n              <div class=\"box-text text-center\" >\n                 <p><\/p>\n              <\/div>\n            <\/div>\n            <\/a>          <\/div>\n         <\/div><div class=\"gallery-col col\" >\n          <div class=\"col-inner\">\n            <a class=\"image-lightbox lightbox-gallery\" href=\"https:\/\/aco.com.br\/wp-content\/uploads\/2019\/03\/aco-5160-molas.jpg\" title=\"\">            <div class=\"box has-hover gallery-box box-none\">\n              <div class=\"box-image\" >\n                <img loading=\"lazy\" decoding=\"async\" width=\"284\" height=\"284\" src=\"https:\/\/aco.com.br\/wp-content\/uploads\/2019\/03\/aco-5160-molas.jpg\" class=\"attachment-medium size-medium\" alt=\"aco-5160-molas\" ids=\"1967,1809\" style=\"none\" type=\"slider\" columns=\"2\" slider_nav_style=\"simple\" auto_slide=\"2000\" image_size=\"medium\" text_align=\"center\" srcset=\"https:\/\/aco.com.br\/wp-content\/uploads\/2019\/03\/aco-5160-molas.jpg 284w, https:\/\/aco.com.br\/wp-content\/uploads\/2019\/03\/aco-5160-molas-280x280.jpg 280w, https:\/\/aco.com.br\/wp-content\/uploads\/2019\/03\/aco-5160-molas-100x100.jpg 100w\" sizes=\"auto, (max-width: 284px) 100vw, 284px\" \/>                                                              <\/div>\n              <div class=\"box-text text-center\" >\n                 <p><\/p>\n              <\/div>\n            <\/div>\n            <\/a>          <\/div>\n         <\/div><\/div>\n<h3><strong>SAE-1035 <\/strong>&#8211; Aplica\u00e7\u00f5es de A\u00e7os Especiais<\/h3>\n<p>\u00c9 utilizado em Eixos, pinos, alavancas, molas de baixa solicita\u00e7\u00e3o.<\/p>\n<p>Possui M\u00e9dio teor de carbono com aplica\u00e7\u00f5es variadas, indicado para forjamento com boa resposta para t\u00eampera. \u00c9\u00a0 f\u00e1cil manipular o <strong>a\u00e7o SAE 1035<\/strong> usando qualquer m\u00e9todo convencional pois esta liga \u00e9 bem d\u00factil. Al\u00e9m disso o a\u00e7o 1035 pode ser soldado com facilidade.<\/p>\n<h2><strong>A\u00e7o SAE-1035<\/strong>&#8211; A\u00e7o Carbono para Cementa\u00e7\u00e3o<\/h2>\n<p><b>Cementa\u00e7\u00e3o<\/b>\u00a0\u00e9 o tratamento termoqu\u00edmico que consiste em se introduzir carbono na superf\u00edcie do a\u00e7o pelo mecanismo de difus\u00e3o at\u00f4mica com o objetivo de se aumentar a dureza superficial do material, depois de convenientemente temperado. A varia\u00e7\u00e3o do percentual de carbono na composi\u00e7\u00e3o qu\u00edmica do a\u00e7o causa mudan\u00e7as em suas propriedades, o que determina diferen\u00e7as em seu manuseio.\u00a0 Esse a\u00e7o geralmente \u00e9 aplicado em pe\u00e7as de mec\u00e2nica em geral.<\/p>\n<a href=\"https:\/\/www.aco.com.br\/contato\" target=\"_self\" class=\"button primary\"  >\n    <span>Solicite um Or\u00e7amento<\/span>\n  <\/a>\n\n","protected":false},"excerpt":{"rendered":"<p>O<strong> a\u00e7o SAE 1035<\/strong> possui boa conformabilidade e soldabilidade. \u00a0Al\u00e9m de suas propriedades vers\u00e1teis possui boa rela\u00e7\u00e3o custo-benef\u00edcio comparado com os demais<strong> a\u00e7os ligados para cementa\u00e7\u00e3o<\/strong>.<\/p>\n<p>Veja outro <strong>a\u00e7os carbono especiais<\/strong>:<br \/>\n<a title=\"A\u00e7o Especial SAE 1020\" href=\"https:\/\/www.aco.com.br\/aco\/sae-1020-aco-carbono-especial\/\">SAE 1020<\/a> &#8211; <strong><a title=\"A\u00e7o Especial SAE 1035\" href=\"https:\/\/www.aco.com.br\/aco\/sae-1035-aco-carbono-especial\/\">1035<\/a> <\/strong>&#8211; <a title=\"A\u00e7o Especial SAE 1045\" href=\"https:\/\/www.aco.com.br\/aco\/sae-1045-aco-carbono-especial\/\">1045<\/a> &#8211; <a title=\"A\u00e7o Especial SAE 1050\" href=\"https:\/\/www.aco.com.br\/aco\/sae-1050-aco-carbono-especial\/\">1050<\/a>\u00a0&#8211; <a title=\"A\u00e7o Especial SAE 1060\" href=\"https:\/\/www.aco.com.br\/aco\/sae-1060-aco-carbono-especial\/\">1060<\/a> &#8211; <a title=\"A\u00e7o Especial SAE 1070\" href=\"https:\/\/www.aco.com.br\/aco\/sae-1070-aco-carbono-especial\/\">1070<\/a> &#8211; <a href=\"https:\/\/aco.com.br\/aco\/sae-1095\/\">1095<\/a><\/p>\n<h2>A\u00e7os Roman | Distribuidora de A\u00e7o <strong>SAE-1035<\/strong> de S\u00e3o Paulo para todo Brasil<\/h2>\n<table class=\"tabela-acosroman\">\n<thead>\n<tr>\n<td><img loading=\"lazy\" decoding=\"async\" class=\"alignleft size-full wp-image-1035\" src=\"https:\/\/www.aco.com.br\/wp-content\/uploads\/2019\/02\/acos-roman2-1.png\" alt=\"A\u00e7os Roman - A\u00e7os Especiais\" width=\"153\" height=\"75\" \/><\/td>\n<th>\n<h4>SAE 1035<\/h4>\n<p>Componentes Qu\u00edmicos do A\u00c7O<br \/>\n<a title=\"An\u00e1lise Qu\u00edmica - LabMetal\" href=\"http:\/\/www.aco.com.br\/aco\/espectrometria-de-emissao-otica-analise-quimica-do-aco\/\"><span style=\"font-size: 0.8; color: #aaa; text-transform: none; font-weight: light;\">An\u00e1lise Qu\u00edmica &#8211; Labmetal A.R.<\/span><\/a><\/th>\n<\/tr>\n<\/thead>\n<tbody>\n<tr>\n<th>Carbono (C)<\/th>\n<td>0.31 &#8211; 0.38 %<\/td>\n<\/tr>\n<tr>\n<th>Mangan\u00eas (Mn)<\/th>\n<td>0.60 &#8211; 0.90 %<\/td>\n<\/tr>\n<tr>\n<th>F\u00f3sforo (P)<\/th>\n<td>&lt;= 0.04 %<\/td>\n<\/tr>\n<tr>\n<th>Enxofre (S)<\/th>\n<td>&lt;= 0.05 %<\/td>\n<\/tr>\n<\/tbody>\n<\/table>\n<div style=\"float: right; width: 50%; padding-top: 12px;\">\n<p style=\"font-size: 11px; text-align: right;\">Marca Villares Metals &#8211; <a href=\"http:\/\/www.villaresmetals.com.br\" target=\"_blank\" rel=\"noopener\"><strong> V T 20<\/strong><\/a><\/p>\n<\/div>\n<div id=\"coreswrap\" style=\"float: left; width: 50%;\">\n<div id=\"coresaco\" style=\"background: #f9f9f9;\">\n<div class=\"metade1\" style=\"background: green;\">.<\/div>\n<\/div>\n<p><b>Cor\/Marca\u00e7\u00e3o<\/b><br \/>\nA\u00e7os Roman<\/p>\n<\/div>\n","protected":false},"featured_media":1830,"template":"","meta":{"inline_featured_image":false},"product_brand":[],"product_cat":[17,73],"product_tag":[188,186,189,190,187,191],"class_list":{"0":"post-1090","1":"product","2":"type-product","3":"status-publish","4":"has-post-thumbnail","6":"product_cat-especiais","7":"product_cat-aco-carbono","8":"product_tag-aisi-1035","9":"product_tag-copant-1035","10":"product_tag-ligas-para-cementacao","11":"product_tag-sae-1030","12":"product_tag-sae-1035","13":"product_tag-sae-1040","15":"first","16":"instock","17":"sold-individually","18":"shipping-taxable","19":"product-type-simple"},"aioseo_notices":[],"_links":{"self":[{"href":"https:\/\/aco.com.br\/inicio\/wp-json\/wp\/v2\/product\/1090","targetHints":{"allow":["GET"]}}],"collection":[{"href":"https:\/\/aco.com.br\/inicio\/wp-json\/wp\/v2\/product"}],"about":[{"href":"https:\/\/aco.com.br\/inicio\/wp-json\/wp\/v2\/types\/product"}],"wp:featuredmedia":[{"embeddable":true,"href":"https:\/\/aco.com.br\/inicio\/wp-json\/wp\/v2\/media\/1830"}],"wp:attachment":[{"href":"https:\/\/aco.com.br\/inicio\/wp-json\/wp\/v2\/media?parent=1090"}],"wp:term":[{"taxonomy":"product_brand","embeddable":true,"href":"https:\/\/aco.com.br\/inicio\/wp-json\/wp\/v2\/product_brand?post=1090"},{"taxonomy":"product_cat","embeddable":true,"href":"https:\/\/aco.com.br\/inicio\/wp-json\/wp\/v2\/product_cat?post=1090"},{"taxonomy":"product_tag","embeddable":true,"href":"https:\/\/aco.com.br\/inicio\/wp-json\/wp\/v2\/product_tag?post=1090"}],"curies":[{"name":"wp","href":"https:\/\/api.w.org\/{rel}","templated":true}]}}