{"id":1089,"date":"2019-03-26T16:19:25","date_gmt":"2019-03-26T16:19:25","guid":{"rendered":"https:\/\/www.aco.com.br\/?post_type=product&#038;p=1089"},"modified":"2019-05-28T18:27:53","modified_gmt":"2019-05-28T18:27:53","slug":"sae-1020-aco-carbono-especial","status":"publish","type":"product","link":"https:\/\/aco.com.br\/inicio\/aco\/sae-1020-aco-carbono-especial\/","title":{"rendered":"SAE 1020 | A\u00e7o Carbono Especial &#8211; Ligas para Cementa\u00e7\u00e3o"},"content":{"rendered":"<h2>Tratamentos T\u00e9rmicos | A\u00e7o SAE-1020<\/h2>\n<table class=\"tabela-acosroman\">\n<thead>\n<tr>\n<th><img decoding=\"async\" class=\"alignleft\" src=\"https:\/\/www.aco.com.br\/wp-content\/uploads\/2019\/02\/tratamento-termico.png\" alt=\"Tratamentos T\u00e9rmicos\" \/><\/p>\n<h4><a title=\"Tratamentos T\u00e9rmicos - A\u00e7o Carbono\" href=\"https:\/\/www.aco.com.br\/tratamentos-termicos-acos-especiais\/\">Tratamentos T\u00e9rmicos<\/a><\/h4>\n<\/th>\n<th>Temperatura (\u00b0C)<\/th>\n<th>Meios<\/th>\n<\/tr>\n<\/thead>\n<tbody>\n<tr>\n<th>Recozimento<\/th>\n<td>860 &#8211; 900<\/td>\n<td>&#8230;<\/td>\n<\/tr>\n<tr>\n<th>Normaliza\u00e7\u00e3o<\/th>\n<td>900 &#8211; 930<\/td>\n<td>&#8230;<\/td>\n<\/tr>\n<tr>\n<th>T\u00eampera<\/th>\n<td>870 -900<\/td>\n<td>\u00c1gua ou Salmoura<\/td>\n<\/tr>\n<\/tbody>\n<\/table>\n<p>Para mais tratamentos t\u00e9rmicos e informa\u00e7\u00f5es sobre dureza do a\u00e7o, acesse a <a title=\"Tratamentos T\u00e9rmicos do A\u00e7o\" href=\"https:\/\/www.aco.com.br\/acos\/tratamento-termico\/\">p\u00e1gina de tratamentos t\u00e9rmicos<\/a>.<\/p>\n<p>O <strong>SAE 1020<\/strong> pode ser endurecido por trabalho a frio ou tratamento t\u00e9rmico (T\u00eampera e revenimento).<br \/>\n\u00c9 poss\u00edvel realizar trabalho a frio no <strong>a\u00e7o 1020<\/strong> usando qualquer m\u00e9todo tradicional. \u00c9 recomendado fazer um al\u00edvio de tens\u00f5es caso haja excesso de trabalho a frio. Para trabalhos \u00e0 quente, ele pode ser conformado mais facilmente se mantido entre 482 e 649\u00b0C.<\/p>\n\n  \n    <div class=\"row large-columns-4 medium-columns-3 small-columns-2 slider row-slider slider-nav-simple\"  data-flickity-options='{\"imagesLoaded\": true, \"groupCells\": \"100%\", \"dragThreshold\" : 5, \"cellAlign\": \"left\",\"wrapAround\": true,\"prevNextButtons\": true,\"percentPosition\": true,\"pageDots\": false, \"rightToLeft\": false, \"autoPlay\" : 2000}' >\n\n  <div class=\"gallery-col col\" >\n          <div class=\"col-inner\">\n            <a class=\"image-lightbox lightbox-gallery\" href=\"https:\/\/aco.com.br\/wp-content\/uploads\/2019\/04\/eixos-ar-rolamentos-1020-1030-1040-1045-1060-1050-1070-1080-1090-791x800.jpg\" title=\"\">            <div class=\"box has-hover gallery-box box-none\">\n              <div class=\"box-image\" >\n                <img loading=\"lazy\" decoding=\"async\" width=\"395\" height=\"400\" src=\"https:\/\/aco.com.br\/wp-content\/uploads\/2019\/04\/eixos-ar-rolamentos-1020-1030-1040-1045-1060-1050-1070-1080-1090-395x400.jpg\" class=\"attachment-medium size-medium\" alt=\"sae-1020-1030-1040-1045-1060-1050-1070-1080-1090\" ids=\"1967,1968,1969\" style=\"none\" type=\"slider\" slider_nav_style=\"simple\" auto_slide=\"2000\" image_size=\"medium\" text_align=\"center\" srcset=\"https:\/\/aco.com.br\/wp-content\/uploads\/2019\/04\/eixos-ar-rolamentos-1020-1030-1040-1045-1060-1050-1070-1080-1090-395x400.jpg 395w, https:\/\/aco.com.br\/wp-content\/uploads\/2019\/04\/eixos-ar-rolamentos-1020-1030-1040-1045-1060-1050-1070-1080-1090-768x777.jpg 768w, https:\/\/aco.com.br\/wp-content\/uploads\/2019\/04\/eixos-ar-rolamentos-1020-1030-1040-1045-1060-1050-1070-1080-1090-791x800.jpg 791w, https:\/\/aco.com.br\/wp-content\/uploads\/2019\/04\/eixos-ar-rolamentos-1020-1030-1040-1045-1060-1050-1070-1080-1090-900x910.jpg 900w, https:\/\/aco.com.br\/wp-content\/uploads\/2019\/04\/eixos-ar-rolamentos-1020-1030-1040-1045-1060-1050-1070-1080-1090-100x100.jpg 100w, https:\/\/aco.com.br\/wp-content\/uploads\/2019\/04\/eixos-ar-rolamentos-1020-1030-1040-1045-1060-1050-1070-1080-1090.jpg 1298w\" sizes=\"auto, (max-width: 395px) 100vw, 395px\" \/>                                                              <\/div>\n              <div class=\"box-text text-center\" >\n                 <p><\/p>\n              <\/div>\n            <\/div>\n            <\/a>          <\/div>\n         <\/div><div class=\"gallery-col col\" >\n          <div class=\"col-inner\">\n            <a class=\"image-lightbox lightbox-gallery\" href=\"https:\/\/aco.com.br\/wp-content\/uploads\/2019\/04\/tubos-1020-1030-1040-1045-1060-1050-1070-1080-1090.jpg\" title=\"\">            <div class=\"box has-hover gallery-box box-none\">\n              <div class=\"box-image\" >\n                <img loading=\"lazy\" decoding=\"async\" width=\"400\" height=\"400\" src=\"https:\/\/aco.com.br\/wp-content\/uploads\/2019\/04\/tubos-1020-1030-1040-1045-1060-1050-1070-1080-1090-400x400.jpg\" class=\"attachment-medium size-medium\" alt=\"sae-1020-1030-1040-1045-1060-1050-1070-1080-1090\" ids=\"1967,1968,1969\" style=\"none\" type=\"slider\" slider_nav_style=\"simple\" auto_slide=\"2000\" image_size=\"medium\" text_align=\"center\" srcset=\"https:\/\/aco.com.br\/wp-content\/uploads\/2019\/04\/tubos-1020-1030-1040-1045-1060-1050-1070-1080-1090-400x400.jpg 400w, https:\/\/aco.com.br\/wp-content\/uploads\/2019\/04\/tubos-1020-1030-1040-1045-1060-1050-1070-1080-1090-280x280.jpg 280w, https:\/\/aco.com.br\/wp-content\/uploads\/2019\/04\/tubos-1020-1030-1040-1045-1060-1050-1070-1080-1090-297x297.jpg 297w, https:\/\/aco.com.br\/wp-content\/uploads\/2019\/04\/tubos-1020-1030-1040-1045-1060-1050-1070-1080-1090-100x100.jpg 100w, https:\/\/aco.com.br\/wp-content\/uploads\/2019\/04\/tubos-1020-1030-1040-1045-1060-1050-1070-1080-1090.jpg 600w\" sizes=\"auto, (max-width: 400px) 100vw, 400px\" \/>                                                              <\/div>\n              <div class=\"box-text text-center\" >\n                 <p><\/p>\n              <\/div>\n            <\/div>\n            <\/a>          <\/div>\n         <\/div><div class=\"gallery-col col\" >\n          <div class=\"col-inner\">\n            <a class=\"image-lightbox lightbox-gallery\" href=\"https:\/\/aco.com.br\/wp-content\/uploads\/2019\/04\/mecanica-1020-1030-1040-1045-1060-1050-1070-1080-1090.jpg\" title=\"\">            <div class=\"box has-hover gallery-box box-none\">\n              <div class=\"box-image\" >\n                <img loading=\"lazy\" decoding=\"async\" width=\"533\" height=\"400\" src=\"https:\/\/aco.com.br\/wp-content\/uploads\/2019\/04\/mecanica-1020-1030-1040-1045-1060-1050-1070-1080-1090-533x400.jpg\" class=\"attachment-medium size-medium\" alt=\"mecanica-1020-1030-1040-1045-1060-1050-1070-1080-1090\" ids=\"1967,1968,1969\" style=\"none\" type=\"slider\" slider_nav_style=\"simple\" auto_slide=\"2000\" image_size=\"medium\" text_align=\"center\" srcset=\"https:\/\/aco.com.br\/wp-content\/uploads\/2019\/04\/mecanica-1020-1030-1040-1045-1060-1050-1070-1080-1090-533x400.jpg 533w, https:\/\/aco.com.br\/wp-content\/uploads\/2019\/04\/mecanica-1020-1030-1040-1045-1060-1050-1070-1080-1090.jpg 600w\" sizes=\"auto, (max-width: 533px) 100vw, 533px\" \/>                                                              <\/div>\n              <div class=\"box-text text-center\" >\n                 <p><\/p>\n              <\/div>\n            <\/div>\n            <\/a>          <\/div>\n         <\/div><\/div>\n<h3><strong>SAE-1020\u00a0<\/strong>&#8211; Aplica\u00e7\u00f5es de A\u00e7os Especiais<\/h3>\n<p>\u00c9 utilizado em engrenagens, eixos, virabrequins, pinos guia, an\u00e9is de engrenagem, colunas, catracas, capas, tubos entre outros.<\/p>\n<p>A resist\u00eancia a tra\u00e7\u00e3o do<strong> a\u00e7o 1020<\/strong> \u00e9 de 420 MPa ou 60900 psi. \u00c9\u00a0 f\u00e1cil manipular o <strong>a\u00e7o SAE 1020<\/strong> usando qualquer m\u00e9todo convencional pois esta liga \u00e9 bem d\u00factil. Al\u00e9m disso o a\u00e7o 1020 pode ser soldado com grande facilidade.<\/p>\n<h2><strong>A\u00e7o SAE-1020<\/strong>&#8211; A\u00e7o Carbono Especiais<\/h2>\n<p>A varia\u00e7\u00e3o do percentual de carbono na composi\u00e7\u00e3o qu\u00edmica do a\u00e7o causa mudan\u00e7as em suas propriedades, o que determina diferen\u00e7as em seu manuseio. O a\u00e7o 1020 \u00e0 1030, pela sua classifica\u00e7\u00e3o, \u00e9 macio, o que o torna resistente \u00e0\u00a0 ruptura de 45 a 55kg\/mm2, com teor de carbono entre 0,15% e 0,30%, tamb\u00e9m n\u00e3o adquire t\u00eampera, \u00e9 male\u00e1vel e f\u00e1cil de soldar. Esse a\u00e7o geralmente \u00e9 aplicado em pe\u00e7as de mec\u00e2nica em geral.<\/p>\n<a href=\"https:\/\/www.aco.com.br\/contato\" target=\"_self\" class=\"button primary\"  >\n    <span>Solicite um Or\u00e7amento<\/span>\n  <\/a>\n\n","protected":false},"excerpt":{"rendered":"<p>O<strong> a\u00e7o SAE 1020<\/strong> possui excelente conformabilidade e soldabilidade. A usinabilidade do <strong>a\u00e7o SAE 1020<\/strong> tamb\u00e9m muito \u00e9 boa, o que torna o<strong> a\u00e7o SAE 1020<\/strong> um dos a\u00e7os ao carbono mais comumente utilizado pois al\u00e9m de suas propriedades vers\u00e1teis possui excelente rela\u00e7\u00e3o custo-benef\u00edcio comparado com os demais a\u00e7os ligados.<\/p>\n<blockquote><p>Veja outro <strong>a\u00e7os carbono especiais<\/strong>:<br \/>\n<a title=\"A\u00e7o Especial SAE 1020\" href=\"https:\/\/www.aco.com.br\/aco\/sae-1020-aco-carbono-especial\/\">SAE <strong>1020<\/strong><\/a> &#8211; <a title=\"A\u00e7o Especial SAE 1035\" href=\"https:\/\/www.aco.com.br\/aco\/sae-1035-aco-carbono-especial\/\">1035<\/a> &#8211; <a title=\"A\u00e7o Especial SAE 1045\" href=\"https:\/\/www.aco.com.br\/aco\/sae-1045-aco-carbono-especial\/\">1045<\/a> &#8211; <a title=\"A\u00e7o Especial SAE 1050\" href=\"https:\/\/www.aco.com.br\/aco\/sae-1050-aco-carbono-especial\/\">1050<\/a>\u00a0&#8211; <a title=\"A\u00e7o Especial SAE 1060\" href=\"https:\/\/www.aco.com.br\/aco\/sae-1060-aco-carbono-especial\/\">1060<\/a> &#8211; <a title=\"A\u00e7o Especial SAE 1070\" href=\"https:\/\/www.aco.com.br\/aco\/sae-1070-aco-carbono-especial\/\">1070<\/a> &#8211;\u00a0<a href=\"https:\/\/aco.com.br\/aco\/sae-1095\/\">1095<\/a><\/p><\/blockquote>\n<h2>A\u00e7os Roman | Distribuidora de A\u00e7o SAE-1020 de S\u00e3o Paulo para todo Brasil<\/h2>\n<table class=\"tabela-acosroman\">\n<thead>\n<tr>\n<td><img loading=\"lazy\" decoding=\"async\" class=\"alignleft size-full wp-image-1035\" src=\"https:\/\/www.aco.com.br\/wp-content\/uploads\/2019\/02\/acos-roman2-1.png\" alt=\"A\u00e7os Roman - A\u00e7os Especiais\" width=\"153\" height=\"75\" \/><\/td>\n<th>\n<h4>SAE 1020<\/h4>\n<p>Componentes Qu\u00edmicos do A\u00c7O<br \/>\n<a title=\"An\u00e1lise Qu\u00edmica - LabMetal\" href=\"http:\/\/www.aco.com.br\/aco\/espectrometria-de-emissao-otica-analise-quimica-do-aco\/\"><span style=\"font-size: 0.8; color: #aaa; text-transform: none; font-weight: light;\">An\u00e1lise Qu\u00edmica &#8211; Labmetal A.R.<\/span><\/a><\/th>\n<\/tr>\n<\/thead>\n<tbody>\n<tr>\n<th>Carbono (C)<\/th>\n<td>0.18 &#8211; 0.23 %<\/td>\n<\/tr>\n<tr>\n<th>Mangan\u00eas (Mn)<\/th>\n<td>0.3 &#8211; 0.6 %<\/td>\n<\/tr>\n<tr>\n<th>F\u00f3sforo (P)<\/th>\n<td>&lt;= 0.04 %<\/td>\n<\/tr>\n<tr>\n<th>Enxofre (S)<\/th>\n<td>&lt;= 0.05 %<\/td>\n<\/tr>\n<\/tbody>\n<\/table>\n<div style=\"float: right; width: 50%; padding-top: 12px;\">\n<p style=\"font-size: 11px; text-align: right;\">Marca Villares Metals &#8211; <a href=\"http:\/\/www.villaresmetals.com.br\" target=\"_blank\" rel=\"noopener\"><strong> V T 20<\/strong><\/a><\/p>\n<\/div>\n<div id=\"coreswrap\" style=\"float: left; width: 50%;\">\n<div id=\"coresaco\" style=\"background: #f9f9f9;\">\n<div class=\"metade1\" style=\"background: #f7f7f7;\">.<\/div>\n<\/div>\n<p><b>Cor\/Marca\u00e7\u00e3o<\/b><br \/>\nA\u00e7os Roman<\/p>\n<\/div>\n","protected":false},"featured_media":1830,"template":"","meta":{"inline_featured_image":false},"product_brand":[],"product_cat":[17,73],"product_tag":[95,96,182,185,181,183,184],"class_list":{"0":"post-1089","1":"product","2":"type-product","3":"status-publish","4":"has-post-thumbnail","6":"product_cat-especiais","7":"product_cat-aco-carbono","8":"product_tag-aco-carbono","9":"product_tag-acos-especiais","10":"product_tag-aisi-1020","11":"product_tag-din-1-1151","12":"product_tag-sae-1020","13":"product_tag-v-t-20","14":"product_tag-wnr-1-1151","16":"first","17":"instock","18":"sold-individually","19":"shipping-taxable","20":"product-type-simple"},"aioseo_notices":[],"_links":{"self":[{"href":"https:\/\/aco.com.br\/inicio\/wp-json\/wp\/v2\/product\/1089","targetHints":{"allow":["GET"]}}],"collection":[{"href":"https:\/\/aco.com.br\/inicio\/wp-json\/wp\/v2\/product"}],"about":[{"href":"https:\/\/aco.com.br\/inicio\/wp-json\/wp\/v2\/types\/product"}],"wp:featuredmedia":[{"embeddable":true,"href":"https:\/\/aco.com.br\/inicio\/wp-json\/wp\/v2\/media\/1830"}],"wp:attachment":[{"href":"https:\/\/aco.com.br\/inicio\/wp-json\/wp\/v2\/media?parent=1089"}],"wp:term":[{"taxonomy":"product_brand","embeddable":true,"href":"https:\/\/aco.com.br\/inicio\/wp-json\/wp\/v2\/product_brand?post=1089"},{"taxonomy":"product_cat","embeddable":true,"href":"https:\/\/aco.com.br\/inicio\/wp-json\/wp\/v2\/product_cat?post=1089"},{"taxonomy":"product_tag","embeddable":true,"href":"https:\/\/aco.com.br\/inicio\/wp-json\/wp\/v2\/product_tag?post=1089"}],"curies":[{"name":"wp","href":"https:\/\/api.w.org\/{rel}","templated":true}]}}