{"id":1088,"date":"2019-03-07T14:01:50","date_gmt":"2019-03-07T14:01:50","guid":{"rendered":"https:\/\/www.aco.com.br\/?post_type=product&#038;p=1088"},"modified":"2019-05-29T13:30:30","modified_gmt":"2019-05-29T13:30:30","slug":"usinagem-pesada","status":"publish","type":"product","link":"https:\/\/aco.com.br\/inicio\/aco\/usinagem-pesada\/","title":{"rendered":"Usinagem Pesada"},"content":{"rendered":"","protected":false},"excerpt":{"rendered":"<h3><strong>USINAGEM PESADA<\/strong> x TRADICIONAL<\/h3>\n<p>O <strong>Servi\u00e7o de usinagem de a\u00e7o tradicional<\/strong> consiste na fabrica\u00e7\u00e3o de pe\u00e7as de uso geral. O que difere a <strong>usinagem<\/strong> da <strong>usinagem pesada<\/strong>, al\u00e9m do tamanho das pe\u00e7as produzidas, \u00e9 o foco muito mais espec\u00edfico do segmento de mercado da qual a usinagem pesada atende.<\/p>\n<p><img loading=\"lazy\" decoding=\"async\" class=\"alignnone size-full wp-image-3353\" src=\"https:\/\/aco.com.br\/wp-content\/uploads\/2019\/03\/usinagem-2.jpg\" alt=\"\" width=\"768\" height=\"1024\" srcset=\"https:\/\/aco.com.br\/wp-content\/uploads\/2019\/03\/usinagem-2.jpg 768w, https:\/\/aco.com.br\/wp-content\/uploads\/2019\/03\/usinagem-2-300x400.jpg 300w, https:\/\/aco.com.br\/wp-content\/uploads\/2019\/03\/usinagem-2-600x800.jpg 600w\" sizes=\"auto, (max-width: 768px) 100vw, 768px\" \/><\/p>\n<h3>Mercados da <strong>usinagem pesada<\/strong><\/h3>\n<p>O <strong>Servi\u00e7o de usinagem pesada<\/strong>, atende empresas do ramo industrial de grande porte. S\u00e3o ind\u00fastrias automobil\u00edsticas, mineradoras, cementeiras e petrol\u00edferas e sucro-alcoleiras. S\u00e3o muitas vezes empresas multinacionais e que movimentam bilh\u00f5es de d\u00f3lares por ano.<\/p>\n<p>Os projetos de <strong>usinagem<\/strong> por sua vez demandados por estas exigentes corpora\u00e7\u00f5es s\u00e3o <strong>pe\u00e7as de alto valor agregado<\/strong>, material de <strong>primeira qualidade<\/strong>, engenharia de produ\u00e7\u00e3o extremamente avan\u00e7ada e avalizada por profissionais de alto gabarito.<\/p>\n<h2><strong>Usinagem Pesada<\/strong><\/h2>\n<p>A <strong>A\u00c7OS ROMAN<\/strong>, junto do seu departamento de engenharia e usinagem pesada e da <a href=\"http:\/\/www.arrolamentos.com\"><strong>A.R. ROLAMENTOS<\/strong><\/a>, \u00e9 <strong>REFER\u00caNCIA NACIONAL<\/strong> no segmento de reforma de rolamentos especiais. Com Clientes como <strong>NISSAN<\/strong>, <strong>ARCELOR MITTAL<\/strong>, <strong>GERDAU<\/strong>, <strong>VILLARES METALS<\/strong>, <strong>PIRELLI<\/strong> e <strong>JBS<\/strong> estamos aptos para atender o mais exigente grau de qualidade em rela\u00e7\u00e3o a usinagem pesada.<\/p>\n<p><img loading=\"lazy\" decoding=\"async\" class=\"alignnone size-full wp-image-3354\" src=\"https:\/\/aco.com.br\/wp-content\/uploads\/2019\/03\/usinagem.jpg\" alt=\"\" width=\"768\" height=\"1024\" srcset=\"https:\/\/aco.com.br\/wp-content\/uploads\/2019\/03\/usinagem.jpg 768w, https:\/\/aco.com.br\/wp-content\/uploads\/2019\/03\/usinagem-300x400.jpg 300w, https:\/\/aco.com.br\/wp-content\/uploads\/2019\/03\/usinagem-600x800.jpg 600w\" sizes=\"auto, (max-width: 768px) 100vw, 768px\" \/><\/p>\n","protected":false},"featured_media":2135,"template":"","meta":{"inline_featured_image":false},"product_brand":[],"product_cat":[86],"product_tag":[282,281],"class_list":{"0":"post-1088","1":"product","2":"type-product","3":"status-publish","4":"has-post-thumbnail","6":"product_cat-servicos","7":"product_tag-usinagem","8":"product_tag-usinagem-pesada","10":"first","11":"instock","12":"sold-individually","13":"shipping-taxable","14":"product-type-simple"},"aioseo_notices":[],"_links":{"self":[{"href":"https:\/\/aco.com.br\/inicio\/wp-json\/wp\/v2\/product\/1088","targetHints":{"allow":["GET"]}}],"collection":[{"href":"https:\/\/aco.com.br\/inicio\/wp-json\/wp\/v2\/product"}],"about":[{"href":"https:\/\/aco.com.br\/inicio\/wp-json\/wp\/v2\/types\/product"}],"wp:featuredmedia":[{"embeddable":true,"href":"https:\/\/aco.com.br\/inicio\/wp-json\/wp\/v2\/media\/2135"}],"wp:attachment":[{"href":"https:\/\/aco.com.br\/inicio\/wp-json\/wp\/v2\/media?parent=1088"}],"wp:term":[{"taxonomy":"product_brand","embeddable":true,"href":"https:\/\/aco.com.br\/inicio\/wp-json\/wp\/v2\/product_brand?post=1088"},{"taxonomy":"product_cat","embeddable":true,"href":"https:\/\/aco.com.br\/inicio\/wp-json\/wp\/v2\/product_cat?post=1088"},{"taxonomy":"product_tag","embeddable":true,"href":"https:\/\/aco.com.br\/inicio\/wp-json\/wp\/v2\/product_tag?post=1088"}],"curies":[{"name":"wp","href":"https:\/\/api.w.org\/{rel}","templated":true}]}}