{"id":1087,"date":"2019-03-07T14:01:33","date_gmt":"2019-03-07T14:01:33","guid":{"rendered":"https:\/\/www.aco.com.br\/?post_type=product&#038;p=1087"},"modified":"2019-04-26T14:26:13","modified_gmt":"2019-04-26T14:26:13","slug":"retifica-ate-500mm","status":"publish","type":"product","link":"https:\/\/aco.com.br\/inicio\/aco\/retifica-ate-500mm\/","title":{"rendered":"Ret\u00edfica at\u00e9 500mm"},"content":{"rendered":"<h3><strong>Ret\u00edfica de Barras de A\u00e7o Redondas<\/strong><\/h3>\n<p>Durante o processo de fabrica\u00e7\u00e3o de produtos como, por exemplo, elementos de cutelaria \u2013 instrumentos de corte \u2013 e componentes hidr\u00e1ulicos, al\u00e9m de hastes de cilindro, s\u00e3o utilizados as\u00a0<strong>barras de a\u00e7o retificada<\/strong><\/p>\n<h3><strong>Processo de Ret\u00edfica:<\/strong> Acabamento de Qualidade<\/h3>\n<p>As barras de a\u00e7o que passam pelo processo de ret\u00edfica s\u00e3o capazes de proporcionar algumas vantagens em rela\u00e7\u00e3o \u00e0s barras comuns. As\u00a0<strong>barras de a\u00e7o retificada<\/strong>\u00a0propiciam, por exemplo, maior precis\u00e3o dimensional, al\u00e9m de terem poss\u00edveis danos em sua superf\u00edcie removidos. A retifica\u00e7\u00e3o, nesse caso, pode ser feita tamb\u00e9m apenas para proporcionar um melhor acabamento superficial.<\/p>\n","protected":false},"excerpt":{"rendered":"<h2><strong>Ret\u00edfica de barras de A\u00e7os Especiais<\/strong> (Barras Retificadas)<\/h2>\n<p>As <strong>Barras retificadas Redondas<\/strong> da A\u00e7os Roman passam por um fino processo de usinagem da superf\u00edcie e s\u00e3o utilizadas principalmente em cremalheiras, pinh\u00f5es, eixos, haste de fixa\u00e7\u00e3o e\u00f3lica e hidroel\u00e9trica, engrenagens de precis\u00e3o, entre muitas outras aplica\u00e7\u00f5es.<\/p>\n<h2>Ret\u00edfica de <strong>a\u00e7o Prata<\/strong><\/h2>\n<p>Entre os A\u00e7os Especiais mais utilizados na <strong>ret\u00edfica<\/strong> est\u00e3o:<\/p>\n<ul>\n<li><a href=\"https:\/\/aco.com.br\/aco\/especiais\/sae-52100-carbono-cromo\/\"><strong>SAE-52100<\/strong> | A\u00e7o Carbono \/ Cromo<\/a><\/li>\n<li><a href=\"https:\/\/aco.com.br\/aco\/especiais\/aco-prata-5160\/\"><strong>SAE 5160<\/strong> | A\u00e7o Prata (Carbono-Cromo)<\/a><\/li>\n<li><a href=\"https:\/\/aco.com.br\/aco\/especiais\/aco-prata-tungstenado-sae-120-w-v-4-wnr-1-2516-villares-v-w-1\/\"><strong> SAE 120 W-V-4<\/strong>\u00a0<\/a><a href=\"https:\/\/aco.com.br\/aco\/especiais\/aco-prata-tungstenado-sae-120-w-v-4-wnr-1-2516-villares-v-w-1\/\">\u00a0&#8211; A\u00e7o Prata Tungstenado<\/a><\/li>\n<li><a href=\"https:\/\/aco.com.br\/aco\/especiais\/6150-aco-prata\/\"><strong>SAE 6150<\/strong> | A\u00e7o Prata Cr-V (Cromo-Van\u00e1dio)<\/a><\/li>\n<\/ul>\n<p>&nbsp;<\/p>\n","protected":false},"featured_media":2134,"template":"","meta":{"inline_featured_image":false},"product_brand":[],"product_cat":[86],"product_tag":[280,129,278,275,274,276,279,277,146,143],"class_list":{"0":"post-1087","1":"product","2":"type-product","3":"status-publish","4":"has-post-thumbnail","6":"product_cat-servicos","7":"product_tag-280","8":"product_tag-aco-prata","9":"product_tag-aco-retificado","10":"product_tag-barras-retificadas","11":"product_tag-retifica","12":"product_tag-retifica-de-aco-prata","13":"product_tag-retifica-sp","14":"product_tag-retificados","15":"product_tag-sae-5160","16":"product_tag-sae-6150","18":"first","19":"instock","20":"sold-individually","21":"shipping-taxable","22":"product-type-simple"},"aioseo_notices":[],"_links":{"self":[{"href":"https:\/\/aco.com.br\/inicio\/wp-json\/wp\/v2\/product\/1087","targetHints":{"allow":["GET"]}}],"collection":[{"href":"https:\/\/aco.com.br\/inicio\/wp-json\/wp\/v2\/product"}],"about":[{"href":"https:\/\/aco.com.br\/inicio\/wp-json\/wp\/v2\/types\/product"}],"wp:featuredmedia":[{"embeddable":true,"href":"https:\/\/aco.com.br\/inicio\/wp-json\/wp\/v2\/media\/2134"}],"wp:attachment":[{"href":"https:\/\/aco.com.br\/inicio\/wp-json\/wp\/v2\/media?parent=1087"}],"wp:term":[{"taxonomy":"product_brand","embeddable":true,"href":"https:\/\/aco.com.br\/inicio\/wp-json\/wp\/v2\/product_brand?post=1087"},{"taxonomy":"product_cat","embeddable":true,"href":"https:\/\/aco.com.br\/inicio\/wp-json\/wp\/v2\/product_cat?post=1087"},{"taxonomy":"product_tag","embeddable":true,"href":"https:\/\/aco.com.br\/inicio\/wp-json\/wp\/v2\/product_tag?post=1087"}],"curies":[{"name":"wp","href":"https:\/\/api.w.org\/{rel}","templated":true}]}}