{"id":1085,"date":"2019-03-07T14:00:48","date_gmt":"2019-03-07T14:00:48","guid":{"rendered":"https:\/\/www.aco.com.br\/?post_type=product&#038;p=1085"},"modified":"2019-04-25T17:38:15","modified_gmt":"2019-04-25T17:38:15","slug":"endireitamento-ate-300mm","status":"publish","type":"product","link":"https:\/\/aco.com.br\/inicio\/aco\/endireitamento-ate-300mm\/","title":{"rendered":"Endireitamento at\u00e9 300mm"},"content":{"rendered":"","protected":false},"excerpt":{"rendered":"<h3><strong>Endireitamento de Barras &#8211; A\u00e7os Roman Ltda.<\/strong><\/h3>\n<p>O <strong>Endireitamento de Barras de a\u00e7o redondas<\/strong> \u00e9 uma t\u00e9cnica que permite alinhar as barras de a\u00e7o, melhorando sua qualidade e devolvendo \u00e0 ele seu estado retil\u00edneo, ideal e necess\u00e1rio para aplica\u00e7\u00f5es em m\u00e1quinas, eixos, pist\u00f5es hidr\u00e1ulicos e quaisquer outras utiliza\u00e7\u00f5es que a barra de a\u00e7o esteja destinada a ter.<\/p>\n<h2><strong>Servi\u00e7o de Endireitamento de Barras de A\u00e7o Redondas<\/strong><\/h2>\n<p>A A\u00e7os Roman fornece o servi\u00e7o de <strong>endireitamento de barras de a\u00e7o<\/strong> assim como seu posterior beneficiamento atrav\u00e9s da ret\u00edfica, descascamento, usinagem e tratamento t\u00e9rmico.<\/p>\n","protected":false},"featured_media":2137,"template":"","meta":{"inline_featured_image":false},"product_brand":[],"product_cat":[86],"product_tag":[273],"class_list":{"0":"post-1085","1":"product","2":"type-product","3":"status-publish","4":"has-post-thumbnail","6":"product_cat-servicos","7":"product_tag-endireitamento","9":"first","10":"instock","11":"sold-individually","12":"shipping-taxable","13":"product-type-simple"},"aioseo_notices":[],"_links":{"self":[{"href":"https:\/\/aco.com.br\/inicio\/wp-json\/wp\/v2\/product\/1085","targetHints":{"allow":["GET"]}}],"collection":[{"href":"https:\/\/aco.com.br\/inicio\/wp-json\/wp\/v2\/product"}],"about":[{"href":"https:\/\/aco.com.br\/inicio\/wp-json\/wp\/v2\/types\/product"}],"wp:featuredmedia":[{"embeddable":true,"href":"https:\/\/aco.com.br\/inicio\/wp-json\/wp\/v2\/media\/2137"}],"wp:attachment":[{"href":"https:\/\/aco.com.br\/inicio\/wp-json\/wp\/v2\/media?parent=1085"}],"wp:term":[{"taxonomy":"product_brand","embeddable":true,"href":"https:\/\/aco.com.br\/inicio\/wp-json\/wp\/v2\/product_brand?post=1085"},{"taxonomy":"product_cat","embeddable":true,"href":"https:\/\/aco.com.br\/inicio\/wp-json\/wp\/v2\/product_cat?post=1085"},{"taxonomy":"product_tag","embeddable":true,"href":"https:\/\/aco.com.br\/inicio\/wp-json\/wp\/v2\/product_tag?post=1085"}],"curies":[{"name":"wp","href":"https:\/\/api.w.org\/{rel}","templated":true}]}}