{"id":1084,"date":"2019-03-07T13:58:30","date_gmt":"2019-03-07T13:58:30","guid":{"rendered":"https:\/\/www.aco.com.br\/?post_type=product&#038;p=1084"},"modified":"2019-04-26T15:11:36","modified_gmt":"2019-04-26T15:11:36","slug":"cortes-ate-1000mm","status":"publish","type":"product","link":"https:\/\/aco.com.br\/inicio\/aco\/cortes-ate-1000mm\/","title":{"rendered":"Cortes at\u00e9 1000mm"},"content":{"rendered":"","protected":false},"excerpt":{"rendered":"<p><iframe loading=\"lazy\" width=\"100%\" height=\"315\" src=\"https:\/\/www.youtube.com\/embed\/GmrcLXNbjNo\" frameborder=\"0\" allow=\"accelerometer; autoplay; encrypted-media; gyroscope; picture-in-picture\" allowfullscreen><\/iframe><\/p>\n<p>Certificada pela ISO-9001, a <strong>A\u00e7os Roman<\/strong> est\u00e1 sempre de portas abertas para que voc\u00ea venha ver de perto as instala\u00e7\u00f5es, m\u00e1quinas e servi\u00e7os, atrav\u00e9s de uma visita guiada por toda a empresa.<\/p>\n<blockquote><p>Estamos equipados com um moderno centro corte de barras de a\u00e7o redondas at\u00e9\u00a0\u00a040\u201d (1016 mm).<\/p><\/blockquote>\n<p>&nbsp;<\/p>\n<h2>Corte de Barras de A\u00e7o Carbono<\/h2>\n<p>Nosso <strong>centro de corte de barras de a\u00e7o<\/strong> possui capacidade di\u00e1ria de cortar <strong>at\u00e9 150&#8243;\/ dia<\/strong> &#8211; sendo este valor condizente com a m\u00faltipla utiliza\u00e7\u00e3o das serras. Desta maneira estamos aptos a atender demandas rotativas e fornecer uma rela\u00e7\u00e3o de parceria com nossos clientes. <strong>Entre em contato conosco para mais informa\u00e7\u00f5es!<\/strong><\/p>\n<a href=\"https:\/\/aco.com.br\/contato\" target=\"_self\" class=\"button primary reveal-icon\"  >\n    <span>Fale Conosco<\/span>\n  <i class=\"icon-angle-right\" aria-hidden=\"true\" ><\/i><\/a>\n\n","protected":false},"featured_media":1476,"template":"","meta":{"inline_featured_image":false},"product_brand":[],"product_cat":[86],"product_tag":[79,256,257],"class_list":{"0":"post-1084","1":"product","2":"type-product","3":"status-publish","4":"has-post-thumbnail","6":"product_cat-servicos","7":"product_tag-barras-redondas","8":"product_tag-corte","9":"product_tag-corte-de-barras","11":"first","12":"instock","13":"sold-individually","14":"shipping-taxable","15":"product-type-simple"},"aioseo_notices":[],"_links":{"self":[{"href":"https:\/\/aco.com.br\/inicio\/wp-json\/wp\/v2\/product\/1084","targetHints":{"allow":["GET"]}}],"collection":[{"href":"https:\/\/aco.com.br\/inicio\/wp-json\/wp\/v2\/product"}],"about":[{"href":"https:\/\/aco.com.br\/inicio\/wp-json\/wp\/v2\/types\/product"}],"wp:featuredmedia":[{"embeddable":true,"href":"https:\/\/aco.com.br\/inicio\/wp-json\/wp\/v2\/media\/1476"}],"wp:attachment":[{"href":"https:\/\/aco.com.br\/inicio\/wp-json\/wp\/v2\/media?parent=1084"}],"wp:term":[{"taxonomy":"product_brand","embeddable":true,"href":"https:\/\/aco.com.br\/inicio\/wp-json\/wp\/v2\/product_brand?post=1084"},{"taxonomy":"product_cat","embeddable":true,"href":"https:\/\/aco.com.br\/inicio\/wp-json\/wp\/v2\/product_cat?post=1084"},{"taxonomy":"product_tag","embeddable":true,"href":"https:\/\/aco.com.br\/inicio\/wp-json\/wp\/v2\/product_tag?post=1084"}],"curies":[{"name":"wp","href":"https:\/\/api.w.org\/{rel}","templated":true}]}}