{"id":1083,"date":"2019-03-07T13:57:28","date_gmt":"2019-03-07T13:57:28","guid":{"rendered":"https:\/\/www.aco.com.br\/?post_type=product&#038;p=1083"},"modified":"2019-11-24T15:18:41","modified_gmt":"2019-11-24T15:18:41","slug":"tempera-cementacao-revenimento","status":"publish","type":"product","link":"https:\/\/aco.com.br\/inicio\/aco\/tempera-cementacao-revenimento\/","title":{"rendered":"T\u00eampera, Cementa\u00e7\u00e3o &#038; Revenimento"},"content":{"rendered":"<h2><strong>T\u00eampera:\u00a0<\/strong><strong>Procedimentos do\u00a0<\/strong><strong>Tratamento T\u00e9rmico<\/strong><\/h2>\n<p>O diferencial da <strong>t\u00eampera<\/strong> como <strong>tratamento t\u00e9rmico<\/strong> \u00e9 o fato de que o aquecimento e o resfriamento devem ser <strong>etapas r\u00e1pidas<\/strong> para submeter as pe\u00e7as de <strong>a\u00e7o<\/strong> a um clima diferente bruscamente.<\/p>\n<ul>\n<li>A pe\u00e7a \u00e9 levada ao forno ou aquecida por<strong> processo de indu\u00e7\u00e3o (<a href=\"#tempera-por-inducao\">t\u00eampera por indu\u00e7\u00e3o<\/a>).<\/strong> Quando ocorre o <strong>aquecimento ao patamar de temperatura espec\u00edfico<\/strong> de cada A\u00e7o, o resultado final consiste na re-organiza\u00e7\u00e3o dos cristais do metal ou a\u00e7o no que se chama <strong>austenitiza\u00e7\u00e3o<\/strong>.<\/li>\n<li>O <strong>resfriamento<\/strong> \u00e9 a segunda parte do\u00a0<strong>tratamento t\u00e9rmico t\u00eampera<\/strong>\u00a0e, vale lembrar, \u00e9 um resfriamento brusco em \u00f3leos, \u00e1gua ou ar. Deve ser brusco pois assim pode-se <strong>evitar que o a\u00e7o perca as formas e caracter\u00edsticas obtidas na etapa de aquecimento<\/strong>.<\/li>\n<li>Ap\u00f3s esta etapa, as pe\u00e7as podem ser submetidas ao <a href=\"#revenimento\"><strong>revenimento<\/strong><\/a>\u00a0ou <a href=\"#cementacao\"><strong>cementa\u00e7\u00e3o<\/strong><\/a> e o\u00a0<strong>tratamento t\u00e9rmico t\u00eampera<\/strong>\u00a0est\u00e1 finalizado.<\/li>\n<\/ul>\n<h4><strong>Martensita<\/strong><\/h4>\n<p><span style=\"font-weight: 400;\">Ap\u00f3s o procedimento parcial da T\u00eampera a estrutura do carbono\/ferro \u00e9 transformado em <\/span><b>MARTENSITA,<\/b> um estado que<span style=\"font-weight: 400;\"> pode ser criado <\/span><b>aquecendo o a\u00e7o abaixo da temperatura de transforma\u00e7\u00e3o A1<\/b><span style=\"font-weight: 400;\">. Esta libera\u00e7\u00e3o de carbono das \u00e1reas nucleadas<\/span><b> permite que a estrutura se deforme plasticamente e reviva algumas de suas tens\u00f5es internas. Formando estruturas met\u00e1licas agulhadas, para obtermos alt\u00edssima dureza, e atrav\u00e9s do al\u00edvio de tens\u00e3o, revenimento ou cimenta\u00e7\u00e3o, alcan\u00e7ando a dureza necess\u00e1ria.<\/b><\/p>\n<p><b><img loading=\"lazy\" decoding=\"async\" class=\"alignnone size-full wp-image-3283\" src=\"https:\/\/aco.com.br\/wp-content\/uploads\/2019\/05\/20130410_094556.jpg\" alt=\"\" width=\"1360\" height=\"1024\" srcset=\"https:\/\/aco.com.br\/wp-content\/uploads\/2019\/05\/20130410_094556.jpg 1360w, https:\/\/aco.com.br\/wp-content\/uploads\/2019\/05\/20130410_094556-531x400.jpg 531w, https:\/\/aco.com.br\/wp-content\/uploads\/2019\/05\/20130410_094556-768x578.jpg 768w, https:\/\/aco.com.br\/wp-content\/uploads\/2019\/05\/20130410_094556-1063x800.jpg 1063w, https:\/\/aco.com.br\/wp-content\/uploads\/2019\/05\/20130410_094556-900x678.jpg 900w\" sizes=\"auto, (max-width: 1360px) 100vw, 1360px\" \/>(imagem de A.R. Laborat\u00f3rio Metalogr\u00e1fico)<\/b><\/p>\n<h4><strong><em>Observa\u00e7\u00f5es Importantes:<\/em><\/strong><\/h4>\n<p><strong>Por causa destes processos alterarem fundamentalmente os A\u00e7os Especiais conforme o manuseio dos nossos fornos e esfriamentos, para n\u00f3s estas estrutura\u00e7\u00f5es e cristais manuse\u00e1veis tornam-se muito valiosos, mas para outros, perigosos\u2026<\/p>\n<p><\/strong><strong>Manusear as temperaturas e tempos para cria\u00e7\u00e3o de novas estruturas \u00e9 uma opera\u00e7\u00e3o delicada, pois estas s\u00e3o desenvolvidas apenas por Metal\u00fargicos experientes.<\/strong><br \/><strong>Sendo assim o Tratamento T\u00e9rmico pode ser extremamente proveitoso a muitos usos dos A\u00e7os Especiais, sejam eles: revenidos, retificados, usinados ou j\u00e1 para encaminhamento final, no uso de m\u00e1quinas, ve\u00edculos, constru\u00e7\u00f5es e ferramentas.<\/strong><\/p>\n<span class=\"scroll-to\" data-label=\"Scroll to: #tempera-por-inducao\" data-bullet=\"false\" data-link=\"#tempera-por-inducao\" data-title=\"T\u00eampera por indu\u00e7\u00e3o\" ><a name=\"tempera-por-inducao\"><\/a><\/span>\n<h3><strong>T\u00eampera por Indu\u00e7\u00e3o<\/strong><\/h3>\n<p>A <strong>t\u00eampera por indu\u00e7\u00e3o<\/strong> \u00e9 um processo de fabrica\u00e7\u00e3o que produz um endurecimento da superf\u00edcie de determinado material, onde o aquecimento se d\u00e1 atrav\u00e9s de <strong>indu\u00e7\u00e3o el\u00e9trica<\/strong>. O campo magn\u00e9tico induz uma corrente el\u00e9trica tempor\u00e1ria que aquece o material, mas apenas a uma <strong>profundidade mais rasa<\/strong> enquanto o material do n\u00facleo n\u00e3o \u00e9 afetado e mant\u00e9m as suas propriedades originais. Esta dupla natureza \u00e9 uma caracter\u00edstica chave do processo de t\u00eampera por indu\u00e7\u00e3o. Ap\u00f3s o aquecimento, segue o processo de <strong>resfriamento (\u00e1gua, \u00f3leo ou ar)<\/strong>\u00a0e <strong>Revenimento<\/strong>.<\/p>\n<span class=\"scroll-to\" data-label=\"Scroll to: #cementacao\" data-bullet=\"false\" data-link=\"#cementacao\" data-title=\"Cementa\u00e7\u00e3o\" ><a name=\"cementacao\"><\/a><\/span>\n<h3><strong>Cementa\u00e7\u00e3o<\/strong><\/h3>\n<p>A <strong>cementa\u00e7\u00e3o<\/strong> \u00e9 um tratamento t<strong>ermo-qu\u00edmico<\/strong> em que se promove o <strong>enriquecimento superficial<\/strong> com carbono, assim como <strong>revenimento<\/strong> se d\u00e1\u00a0 em pe\u00e7as p\u00f3s temperadas e <strong>busca aumentar a resist\u00eancia superficial da pe\u00e7a<\/strong> &#8211; mas na cementa\u00e7\u00e3o isso se d\u00e1 pela <strong>infiltra\u00e7\u00e3o de carbono na superf\u00edcie do material<\/strong> e n\u00e3o apenas manuten\u00e7\u00e3o por vias t\u00e9rmicas da estrutura superficial adquirida na tempera (revenimento).<\/p>\n<p>Este processo \u00e9 executado em <strong>materiais com baixa porcentagem de carbono<\/strong>, consistindo na introdu\u00e7\u00e3o dele na superf\u00edcie do a\u00e7o, para que, com isto, alcance uma elevada dureza superficial e o seu n\u00facleo tamb\u00e9m eleve a dureza.<\/p>\n<p><span style=\"font-size: 14.4px;\">A superf\u00edcie da pe\u00e7a de trabalho deve ser livre de contaminantes, tais como \u00f3xidos de \u00f3leo, solu\u00e7\u00f5es alcalinas, que impedem ou dificultam a difus\u00e3o de carbono na superf\u00edcie da pe\u00e7a<\/span><\/p>\n<span class=\"scroll-to\" data-label=\"Scroll to: #revenimento\" data-bullet=\"false\" data-link=\"#revenimento\" data-title=\"Revenimento\" ><a name=\"revenimento\"><\/a><\/span>\n<h3><strong>Revenimento<\/strong><\/h3>\n<p>O <strong>revenimento<\/strong> \u00e9 o <strong>tratamento t\u00e9rmico de uma pe\u00e7a temperada<\/strong>, caracterizado por <strong>reaquecimento abaixo da zona cr\u00edtica<\/strong> e resfriamento adequados (normalmente em ar). Ao revenir o material, busca-se:<\/p>\n<ul>\n<li>Ajustar a dureza solicitada pelo tratamento da t\u00eampera<\/li>\n<li>Eliminar fragilidade<\/li>\n<li>Aumentar a ductibilidade<\/li>\n<li>Ampliar resist\u00eancia ao choque.<\/li>\n<\/ul>\n<p>Se voc\u00ea\u00a0 tiver outros objetivos, veja mais tipos de <strong><a href=\"https:\/\/aco.com.br\/tratamentos-termicos-acos-especiais\/\">tratamentos t\u00e9rmicos<\/a>, ou<a href=\"https:\/\/aco.com.br\/contato\/\"> fale conosco.<\/a>\u00a0<\/strong><\/p>\n","protected":false},"excerpt":{"rendered":"<p><b>Assista ao V\u00eddeo:<\/b> Tratamento t\u00e9rmico de tempera total em aneis at\u00e9 1800mm, seguido por revenimento e usinagem pesada. Fabrica\u00e7\u00e3o de rolamentos especiais!<\/p>\n<p><iframe loading=\"lazy\" src=\"https:\/\/www.youtube.com\/embed\/YoHtp8YF0dg\" width=\"560\" height=\"315\" frameborder=\"0\" allowfullscreen=\"allowfullscreen\"><\/iframe><\/p>\n<div class=\"row row-dashed\"  id=\"row-899402033\">\n\n\t<div id=\"col-1577124698\" class=\"col medium-6 small-12 large-6\"  >\n\t\t\t\t<div class=\"col-inner\"  >\n\t\t\t\n\t\t\t\n<div class=\"slider-wrapper relative\" id=\"slider-1255184369\" >\n    <div class=\"slider slider-nav-circle slider-nav-large slider-nav-light slider-style-normal\"\n        data-flickity-options='{\n            \"cellAlign\": \"center\",\n            \"imagesLoaded\": true,\n            \"lazyLoad\": 1,\n            \"freeScroll\": false,\n            \"wrapAround\": true,\n            \"autoPlay\": 6000,\n            \"pauseAutoPlayOnHover\" : true,\n            \"prevNextButtons\": false,\n            \"contain\" : true,\n            \"adaptiveHeight\" : true,\n            \"dragThreshold\" : 10,\n            \"percentPosition\": true,\n            \"pageDots\": true,\n            \"rightToLeft\": false,\n            \"draggable\": true,\n            \"selectedAttraction\": 0.1,\n            \"parallax\" : 0,\n            \"friction\": 0.6        }'\n        >\n        \n\t<div class=\"img has-hover x md-x lg-x y md-y lg-y\" id=\"image_1457718834\">\n\t\t<a class=\"image-lightbox lightbox-gallery\" title=\"\" href=\"https:\/\/aco.com.br\/wp-content\/uploads\/2019\/03\/tratamento-termico-tempera2-1280x800.jpg\">\t\t\t\t\t\t<div class=\"img-inner image-cover dark\" style=\"padding-top:200px;\">\n\t\t\t<img width=\"640\" height=\"400\" src=\"https:\/\/aco.com.br\/wp-content\/uploads\/2019\/03\/tratamento-termico-tempera2-640x400.jpg\" class=\"attachment-medium size-medium\" alt=\"tratamento-termico-tempera2\" decoding=\"async\" loading=\"lazy\" srcset=\"https:\/\/aco.com.br\/wp-content\/uploads\/2019\/03\/tratamento-termico-tempera2-640x400.jpg 640w, https:\/\/aco.com.br\/wp-content\/uploads\/2019\/03\/tratamento-termico-tempera2-768x480.jpg 768w, https:\/\/aco.com.br\/wp-content\/uploads\/2019\/03\/tratamento-termico-tempera2-1280x800.jpg 1280w, https:\/\/aco.com.br\/wp-content\/uploads\/2019\/03\/tratamento-termico-tempera2-900x563.jpg 900w, https:\/\/aco.com.br\/wp-content\/uploads\/2019\/03\/tratamento-termico-tempera2.jpg 1600w\" sizes=\"auto, (max-width: 640px) 100vw, 640px\" \/>\t\t\t\t\t\t\n\t\t\t\t\t<\/div>\n\t\t\t\t\t\t<\/a>\t\t\n<style>\n#image_1457718834 {\n  width: 100%;\n}\n<\/style>\n\t<\/div>\n\t\n\t<div class=\"img has-hover x md-x lg-x y md-y lg-y\" id=\"image_825421889\">\n\t\t<a class=\"image-lightbox lightbox-gallery\" title=\"\" href=\"https:\/\/aco.com.br\/wp-content\/uploads\/2019\/03\/tratamento-termico-tempera3-1203x800.jpg\">\t\t\t\t\t\t<div class=\"img-inner image-cover dark\" style=\"padding-top:200px;\">\n\t\t\t<img width=\"602\" height=\"400\" src=\"https:\/\/aco.com.br\/wp-content\/uploads\/2019\/03\/tratamento-termico-tempera3-602x400.jpg\" class=\"attachment-medium size-medium\" alt=\"tratamento-termico-tempera3\" decoding=\"async\" loading=\"lazy\" srcset=\"https:\/\/aco.com.br\/wp-content\/uploads\/2019\/03\/tratamento-termico-tempera3-602x400.jpg 602w, https:\/\/aco.com.br\/wp-content\/uploads\/2019\/03\/tratamento-termico-tempera3-768x511.jpg 768w, https:\/\/aco.com.br\/wp-content\/uploads\/2019\/03\/tratamento-termico-tempera3-1203x800.jpg 1203w, https:\/\/aco.com.br\/wp-content\/uploads\/2019\/03\/tratamento-termico-tempera3-900x599.jpg 900w, https:\/\/aco.com.br\/wp-content\/uploads\/2019\/03\/tratamento-termico-tempera3.jpg 1600w\" sizes=\"auto, (max-width: 602px) 100vw, 602px\" \/>\t\t\t\t\t\t\n\t\t\t\t\t<\/div>\n\t\t\t\t\t\t<\/a>\t\t\n<style>\n#image_825421889 {\n  width: 100%;\n}\n<\/style>\n\t<\/div>\n\t\n     <\/div>\n\n     <div class=\"loading-spin dark large centered\"><\/div>\n\n\t<\/div>\n\n\n\t\t<\/div>\n\t\t\t\t\t<\/div>\n\n\t\n\n\t<div id=\"col-2141987627\" class=\"col medium-6 small-12 large-6\"  >\n\t\t\t\t<div class=\"col-inner\"  >\n\t\t\t\n\t\t\t\n\t<div class=\"img has-hover x md-x lg-x y md-y lg-y\" id=\"image_9899164\">\n\t\t<a class=\"image-lightbox lightbox-gallery\" title=\"\" href=\"https:\/\/aco.com.br\/wp-content\/uploads\/2019\/03\/zona-critica-tamanho-dos-graos.png\">\t\t\t\t\t\t<div class=\"img-inner dark\" >\n\t\t\t<img width=\"559\" height=\"377\" src=\"https:\/\/aco.com.br\/wp-content\/uploads\/2019\/03\/zona-critica-tamanho-dos-graos.png\" class=\"attachment-large size-large\" alt=\"zona-critica-tamanho-dos-graos\" decoding=\"async\" loading=\"lazy\" \/>\t\t\t\t\t\t\n\t\t\t\t\t<\/div>\n\t\t\t\t\t\t<\/a>\t\t\n<style>\n#image_9899164 {\n  width: 100%;\n}\n<\/style>\n\t<\/div>\n\t\n\t\t<\/div>\n\t\t\t\t\t<\/div>\n\n\t\n<\/div>\n<h2>Objetivo do <strong>Tratamento T\u00e9rmico de\u00a0T\u00eampera<\/strong><\/h2>\n<p>A <strong>T\u00eampera<\/strong> \u00e9 um processo de <strong>tratamento t\u00e9rmico<\/strong> com resfriamento cont\u00ednuo. Seu objetivo \u00e9 proporcionar <strong>alta dureza<\/strong> e <strong>elevada resist\u00eancia<\/strong> ao <strong>A\u00e7o<\/strong>.<\/p>\n<p>O tratamento t\u00e9rmico de <strong>T\u00eampera<\/strong> compreende as seguintes etapas:<\/p>\n<ol>\n<li>Aquecer at\u00e9 a temperatura de <strong>austenitiza\u00e7\u00e3o<\/strong>;<\/li>\n<li><strong>Resfriamento brusco<\/strong> at\u00e9 a temperatura ambiente.<br \/>\n(Pode-se utilizar diferentes meios de resfriamento (\u00c1gua, \u00d3leo, Ar, Nitrog\u00eanio, etc)<\/li>\n<li>Recomenda-se sempre a realiza\u00e7\u00e3o de <strong><a href=\"#revenimento\">revenimento<\/a> p\u00f3s-t\u00eampera<\/strong>.<\/li>\n<\/ol>\n<p><a class=\"image-lightbox lightbox-gallery\" href=\"https:\/\/aco.com.br\/wp-content\/uploads\/2019\/03\/tempera.png\"><img loading=\"lazy\" decoding=\"async\" class=\"alignright size-full wp-image-2394\" src=\"https:\/\/aco.com.br\/wp-content\/uploads\/2019\/03\/tempera.png\" alt=\"Tempera e Revenimento\" width=\"925\" height=\"448\" srcset=\"https:\/\/aco.com.br\/wp-content\/uploads\/2019\/03\/tempera.png 925w, https:\/\/aco.com.br\/wp-content\/uploads\/2019\/03\/tempera-800x387.png 800w, https:\/\/aco.com.br\/wp-content\/uploads\/2019\/03\/tempera-768x372.png 768w, https:\/\/aco.com.br\/wp-content\/uploads\/2019\/03\/tempera-900x436.png 900w\" sizes=\"auto, (max-width: 925px) 100vw, 925px\" \/><\/a><\/p>\n","protected":false},"featured_media":2218,"template":"","meta":{"inline_featured_image":false},"product_brand":[],"product_cat":[80],"product_tag":[246,255,245,247,237],"class_list":{"0":"post-1083","1":"product","2":"type-product","3":"status-publish","4":"has-post-thumbnail","6":"product_cat-tratamento-termico","7":"product_tag-cementacao","8":"product_tag-revenimento","9":"product_tag-tempera","10":"product_tag-tempera-por-inducao","11":"product_tag-tratamento-termico","13":"first","14":"instock","15":"sold-individually","16":"shipping-taxable","17":"product-type-simple"},"aioseo_notices":[],"_links":{"self":[{"href":"https:\/\/aco.com.br\/inicio\/wp-json\/wp\/v2\/product\/1083","targetHints":{"allow":["GET"]}}],"collection":[{"href":"https:\/\/aco.com.br\/inicio\/wp-json\/wp\/v2\/product"}],"about":[{"href":"https:\/\/aco.com.br\/inicio\/wp-json\/wp\/v2\/types\/product"}],"wp:featuredmedia":[{"embeddable":true,"href":"https:\/\/aco.com.br\/inicio\/wp-json\/wp\/v2\/media\/2218"}],"wp:attachment":[{"href":"https:\/\/aco.com.br\/inicio\/wp-json\/wp\/v2\/media?parent=1083"}],"wp:term":[{"taxonomy":"product_brand","embeddable":true,"href":"https:\/\/aco.com.br\/inicio\/wp-json\/wp\/v2\/product_brand?post=1083"},{"taxonomy":"product_cat","embeddable":true,"href":"https:\/\/aco.com.br\/inicio\/wp-json\/wp\/v2\/product_cat?post=1083"},{"taxonomy":"product_tag","embeddable":true,"href":"https:\/\/aco.com.br\/inicio\/wp-json\/wp\/v2\/product_tag?post=1083"}],"curies":[{"name":"wp","href":"https:\/\/api.w.org\/{rel}","templated":true}]}}