{"id":1081,"date":"2019-03-07T13:56:34","date_gmt":"2019-03-07T13:56:34","guid":{"rendered":"https:\/\/www.aco.com.br\/?post_type=product&#038;p=1081"},"modified":"2019-05-28T14:32:06","modified_gmt":"2019-05-28T14:32:06","slug":"normalizacao","status":"publish","type":"product","link":"https:\/\/aco.com.br\/inicio\/aco\/normalizacao\/","title":{"rendered":"Normaliza\u00e7\u00e3o"},"content":{"rendered":"<div class=\"row\"  id=\"row-1236881854\">\n\n\t<div id=\"col-43017275\" class=\"col medium-6 small-12 large-6\"  >\n\t\t\t\t<div class=\"col-inner\"  >\n\t\t\t\n\t\t\t\n\t<div class=\"img has-hover x md-x lg-x y md-y lg-y\" id=\"image_94831875\">\n\t\t<a class=\"image-lightbox lightbox-gallery\" title=\"\" href=\"https:\/\/aco.com.br\/wp-content\/uploads\/2019\/03\/normalizacao-2.png\">\t\t\t\t\t\t<div class=\"img-inner dark\" >\n\t\t\t<img loading=\"lazy\" decoding=\"async\" width=\"559\" height=\"448\" src=\"https:\/\/aco.com.br\/wp-content\/uploads\/2019\/03\/normalizacao-2.png\" class=\"attachment-large size-large\" alt=\"Normaliza\u00e7\u00e3o\" srcset=\"https:\/\/aco.com.br\/wp-content\/uploads\/2019\/03\/normalizacao-2.png 559w, https:\/\/aco.com.br\/wp-content\/uploads\/2019\/03\/normalizacao-2-499x400.png 499w\" sizes=\"auto, (max-width: 559px) 100vw, 559px\" \/>\t\t\t\t\t\t\n\t\t\t\t\t<\/div>\n\t\t\t\t\t\t<\/a>\t\t\n<style>\n#image_94831875 {\n  width: 100%;\n}\n<\/style>\n\t<\/div>\n\t\n\t\t<\/div>\n\t\t\t\t\t<\/div>\n\n\t\n\n\t<div id=\"col-337134389\" class=\"col medium-6 small-12 large-6\"  >\n\t\t\t\t<div class=\"col-inner\"  >\n\t\t\t\n\t\t\t\n\t<div class=\"img has-hover x md-x lg-x y md-y lg-y\" id=\"image_250125296\">\n\t\t<a class=\"image-lightbox lightbox-gallery\" title=\"\" href=\"https:\/\/aco.com.br\/wp-content\/uploads\/2019\/03\/recozimento-pleno.png\">\t\t\t\t\t\t<div class=\"img-inner dark\" >\n\t\t\t<img loading=\"lazy\" decoding=\"async\" width=\"559\" height=\"448\" src=\"https:\/\/aco.com.br\/wp-content\/uploads\/2019\/03\/recozimento-pleno.png\" class=\"attachment-large size-large\" alt=\"recozimento-pleno\" srcset=\"https:\/\/aco.com.br\/wp-content\/uploads\/2019\/03\/recozimento-pleno.png 559w, https:\/\/aco.com.br\/wp-content\/uploads\/2019\/03\/recozimento-pleno-499x400.png 499w\" sizes=\"auto, (max-width: 559px) 100vw, 559px\" \/>\t\t\t\t\t\t\n\t\t\t\t\t<\/div>\n\t\t\t\t\t\t<\/a>\t\t\n<style>\n#image_250125296 {\n  width: 100%;\n}\n<\/style>\n\t<\/div>\n\t\n\t\t<\/div>\n\t\t\t\t\t<\/div>\n\n\t\n<\/div>\n<h3><strong>Normaliza\u00e7\u00e3o &amp; Recozimento<\/strong><\/h3>\n<p><strong>A normaliza\u00e7\u00e3o \u00e9 um processo de recozimento.<\/strong> Em geral, o principal objetivo do tratamento t\u00e9rmico de recozimento \u00e9\u00a0 o de reduzir a dureza, regenerar estruturas de a\u00e7o superaquecido ou apenas remover as tens\u00f5es internas. O objetivo da <strong>normaliza\u00e7\u00e3o<\/strong> \u00e9 a inten\u00e7\u00e3o de deixar o material em um estado normal, ou seja, com a aus\u00eancia de tens\u00f5es internas e at\u00e9 mesmo distribui\u00e7\u00e3o de carbono.<\/p>\n<h2><strong>Sobre o\u00a0<\/strong><strong>Recozimento<\/strong><\/h2>\n<p>O <a href=\"https:\/\/aco.com.br\/aco\/tratamento-termico\/recozimento\/\"><strong>Recozimento Pleno<\/strong><\/a> ou\u00a0 simplesmente Recozimento, a temperatura deve situar-se a <strong>aprox. 50\u00b0C acima do limite superior da zona cr\u00edtica.<\/strong><\/p>\n<ul>\n<li>Para os a\u00e7os <strong><a href=\"#hipoeutetoide\">hipoeutet\u00f3ides<\/a>*<\/strong>, acima do limite inferior da zona cr\u00edtica (linha A3).<\/li>\n<li>Para os a\u00e7os <strong><a href=\"#hipereutetoide\">hipereutet\u00f3ides<\/a>*<\/strong>, acima da linha A1.\u00a0<span style=\"font-size: 14.4px;\">Nestes \u00faltimos a\u00e7os, procura-se n\u00e3o ultrapassar a linha A3 porque, no resfriamento lento, caso de recozimentos de a\u00e7o-carbono, pode ocorrer a forma\u00e7\u00e3o, nos contornos de gr\u00e3os da austenita, de um inv\u00f3lucro cont\u00ednuo e fr\u00e1gil de carbonetos, tornando os a\u00e7os fr\u00e1geis.<\/span><\/li>\n<\/ul>\n<h3><strong>Estrutura Resultante do Recozimento<\/strong><\/h3>\n<p><strong>A estrutura resultante do recozimento \u00e9:<\/strong><\/p>\n<ul>\n<li>Somente\u00a0<strong>Perlita<\/strong>\u00a0<strong>(Ferrita+Cementita)<\/strong>, se for\u00a0<b>EUTET\u00d3IDE<\/b><\/li>\n<li><strong>Perlita + Ferrita<\/strong>, se o a\u00e7o for\u00a0<b>HIPOEUTET\u00d3IDE<\/b><\/li>\n<li><strong>Perlita + Cementita<\/strong>, se o a\u00e7o for\u00a0<strong>HIPEREUTET\u00d3IDE<\/strong><\/li>\n<\/ul>\n<h4><strong>*PONTO EUTET\u00d3IDE<\/strong><\/h4>\n<p>O\u00a0<strong>P<\/strong><b>onto E (eutet\u00f3ide)<\/b>\u00a0\u00e9 a menor\u00a0temperatura\u00a0<strong>(Temperatura Padr\u00e3o + Composi\u00e7\u00e3o Padr\u00e3o)<\/strong>de equil\u00edbrio entre a\u00a0<strong>Ferrita\u00a0<\/strong>e a\u00a0<strong>Austenita<\/strong>, correspondendo<strong>\u00a0a cerca de 0,77% de\u00a0carbono\u00a0a 727\u00b0C.<\/strong><br \/>\nEste \u00e9 um ponto de instabilidade do a\u00e7o,\u00a0onde temos a conviv\u00eancia simult\u00e2nea das tr\u00eas fases citadas acima,\u00a0\u00a0isto \u00e9, quando resfriamos o\u00a0a\u00e7o, teremos a transforma\u00e7\u00e3o da\u00a0<strong>austenita<\/strong>\u00a0em\u00a0<strong>ferrita<\/strong>\u00a0e\u00a0<strong>cementita<\/strong>.<\/p>\n<h4 id=\"hipoeutetoide\"><em><strong>*A\u00c7O HIPOEUTET\u00d3IDE<\/strong><\/em><\/h4>\n<p>Uma liga\u00a0com composi\u00e7\u00e3o\u00a0<strong>\u00e0 esquerda do ponto eutet\u00f3ide<\/strong>\u00a0(<strong>que contenha entre 0,02 e 0,77% de C)<\/strong>\u00a0\u00e9 conhecida como\u00a0<strong>liga hipoeutet\u00f3ide<\/strong>. A\u00e7o hipoeutet\u00f3ide \u00e9 aquele que possui\u00a0<strong>menos carbono que o previsto na composi\u00e7\u00e3o eutet\u00f3ide.<\/strong><\/p>\n<h4 id=\"hipereutetoide\"><em><strong>*A\u00c7O HIPEREUTET\u00d3IDE<\/strong><\/em><\/h4>\n<p>Uma liga de A\u00e7o Carbono com composi\u00e7\u00e3o\u00a0<strong>\u00e0\u00a0 direita\u00a0do ponto eutet\u00f3ide<\/strong>\u00a0(<strong>que contenha entre 0,77 e 2,14% de C)<\/strong>\u00a0\u00e9 conhecida como\u00a0<strong>liga hipereutet\u00f3ide.<\/strong>\u00a0A\u00e7o hipereutet\u00f3ide \u00e9 aquele que cont\u00e9m\u00a0<strong>mais carbono do que a composi\u00e7\u00e3o eutet\u00f3ide.<br \/>\nAcima desta composi\u00e7\u00e3o,\u00a0<\/strong>em rela\u00e7\u00e3o ao carbono, denomina-se como<strong>\u00a0liga de ferro fundido.<\/strong><\/p>\n<h4>*<strong>Ductibilidade<\/strong><\/h4>\n<p>A ductilidade \u00e9 a propriedade que <strong>representa o grau de deforma\u00e7\u00e3o<\/strong> que um material suporta <strong>at\u00e9 o momento de sua fratura.<\/strong><\/p>\n<h3>Outros tipos de <strong>Recozimento<\/strong><\/h3>\n<h4><strong>Recozimento Isot\u00e9rmico<\/strong><\/h4>\n<p><strong>Para evitar o tempo muito longo exigido pelo recozimento<\/strong>, pode-se substituir o recozimento comum pelo <strong>recozimento isot\u00e9rmico<\/strong>, em que o aquecimento \u00e9 feito normalmente, mas o esfriamento \u00e9 dividido em duas partes.\u00a0 \u00a0O primeiro, um Esfriamento r\u00e1pido at\u00e9 uma temperatura situada na parte superior do diagrama de transforma\u00e7\u00e3o isot\u00e9rmica. A segunda etapa consiste no esfriamento at\u00e9 a temperatura ambiente, depois de completada a transforma\u00e7\u00e3o da primeira etapa.<\/p>\n<h4><a href=\"https:\/\/aco.com.br\/aco\/tratamento-termico\/alivio-de-tensao\/\"><strong>Al\u00edvio de Tens\u00f5es<\/strong><\/a><\/h4>\n<p>O de <a href=\"https:\/\/aco.com.br\/aco\/tratamento-termico\/alivio-de-tensao\/\"><strong>al\u00edvio de tens\u00f5es<\/strong><\/a>, em que o <strong>aquecimento \u00e9 feito a temperaturas abaixo da zona cr\u00edtica<\/strong>, tem com\u00a0objetivo apenas aliviar as tens\u00f5es originadas em processos de conforma\u00e7\u00e3o mec\u00e2nica, soldagem, corte por chama, endireitamento, usinagem, etc.<\/p>\n<h4><strong><a href=\"https:\/\/aco.com.br\/aco\/tratamento-termico\/coalescimento\/\">Coalescimento<\/a><\/strong><\/h4>\n<p>O <a href=\"https:\/\/aco.com.br\/aco\/tratamento-termico\/coalescimento\/\"><strong>coalescimento<\/strong> <\/a>\u00e9\u00a0 um <a href=\"https:\/\/aco.com.br\/tratamentos-termicos-acos-especiais\/\"><strong>Tratamento t\u00e9rmico<\/strong><\/a> de<strong> <a href=\"https:\/\/aco.com.br\/aco\/tratamento-termico\/recozimento\/\">recozimento subcr\u00edtico<\/a><\/strong> com a finalidade de se obterem os carbonetos na forma esferoidal, tamb\u00e9m conhecido como esferoidiza\u00e7\u00e3o. No Coalescimento utilizam-se a\u00e7os <a href=\"#hipereutetoide\"><strong>hipereutetoides<\/strong><\/a> e<strong> <a href=\"https:\/\/aco.com.br\/acos\/especiais\/aco-ferramenta\/\">a\u00e7os ferramentas<\/a><\/strong>, em produtos que necessitem reduzir sua dureza, para poderem ser deformados plasticamente.<\/p>\n<p>&nbsp;<\/p>\n<div class=\"row\"  id=\"row-196155316\">\n\n\t<div id=\"col-774584344\" class=\"col medium-6 small-12 large-6\"  >\n\t\t\t\t<div class=\"col-inner\"  >\n\t\t\t\n\t\t\t(Al\u00edvio de Tens\u00e3o)<br \/>\n\t<div class=\"img has-hover x md-x lg-x y md-y lg-y\" id=\"image_416687904\">\n\t\t<a class=\"image-lightbox lightbox-gallery\" title=\"\" href=\"https:\/\/aco.com.br\/wp-content\/uploads\/2019\/03\/recozimento-subcritico.png\">\t\t\t\t\t\t<div class=\"img-inner dark\" >\n\t\t\t<img loading=\"lazy\" decoding=\"async\" width=\"559\" height=\"448\" src=\"https:\/\/aco.com.br\/wp-content\/uploads\/2019\/03\/recozimento-subcritico.png\" class=\"attachment-large size-large\" alt=\"recozimento-subcritico\" srcset=\"https:\/\/aco.com.br\/wp-content\/uploads\/2019\/03\/recozimento-subcritico.png 559w, https:\/\/aco.com.br\/wp-content\/uploads\/2019\/03\/recozimento-subcritico-499x400.png 499w\" sizes=\"auto, (max-width: 559px) 100vw, 559px\" \/>\t\t\t\t\t\t\n\t\t\t\t\t<\/div>\n\t\t\t\t\t\t<\/a>\t\t\n<style>\n#image_416687904 {\n  width: 100%;\n}\n<\/style>\n\t<\/div>\n\t\n\t\t<\/div>\n\t\t\t\t\t<\/div>\n\n\t\n\n\t<div id=\"col-1545453857\" class=\"col medium-6 small-12 large-6\"  >\n\t\t\t\t<div class=\"col-inner\"  >\n\t\t\t\n\t\t\t(Coalescimento)<br \/>\n\t<div class=\"img has-hover x md-x lg-x y md-y lg-y\" id=\"image_1468557930\">\n\t\t<a class=\"image-lightbox lightbox-gallery\" title=\"\" href=\"https:\/\/aco.com.br\/wp-content\/uploads\/2019\/03\/ESFEROIDIZACAO.png\">\t\t\t\t\t\t<div class=\"img-inner dark\" >\n\t\t\t<img loading=\"lazy\" decoding=\"async\" width=\"559\" height=\"448\" src=\"https:\/\/aco.com.br\/wp-content\/uploads\/2019\/03\/ESFEROIDIZACAO.png\" class=\"attachment-large size-large\" alt=\"\" srcset=\"https:\/\/aco.com.br\/wp-content\/uploads\/2019\/03\/ESFEROIDIZACAO.png 559w, https:\/\/aco.com.br\/wp-content\/uploads\/2019\/03\/ESFEROIDIZACAO-499x400.png 499w\" sizes=\"auto, (max-width: 559px) 100vw, 559px\" \/>\t\t\t\t\t\t\n\t\t\t\t\t<\/div>\n\t\t\t\t\t\t<\/a>\t\t\n<style>\n#image_1468557930 {\n  width: 100%;\n}\n<\/style>\n\t<\/div>\n\t\n\t\t<\/div>\n\t\t\t\t\t<\/div>\n\n\t\n<\/div>\n<p>&nbsp;<\/p>\n<blockquote><p>Se voc\u00ea\u00a0 tiver outros objetivos, veja mais tipos de <strong><a href=\"https:\/\/aco.com.br\/tratamentos-termicos-acos-especiais\/\">tratamentos t\u00e9rmicos<\/a>, ou<a href=\"https:\/\/aco.com.br\/contato\/\"> fale conosco.<\/a><\/strong><\/p><\/blockquote>\n","protected":false},"excerpt":{"rendered":"<p><iframe loading=\"lazy\" src=\"https:\/\/www.youtube.com\/embed\/DyewalyrLnU?rel=0\" width=\"100%\" height=\"300\" frameborder=\"0\" allowfullscreen=\"allowfullscreen\"><\/iframe><\/p>\n<h2>Tratamento T\u00e9rmico: <strong>Normaliza\u00e7\u00e3o<\/strong><\/h2>\n<p>No Processo de <strong>NORMALIZA\u00c7\u00c3O<\/strong>, o a\u00e7o \u00e9 geralmente aquecido at\u00e9 a <strong>AUSTENITIZA\u00c7\u00c3O COMPLETA<\/strong> da estrutura, seguido de <strong>Resfriamento em AR.<\/strong>\u00a0O Tratamento aplica-se \u00e0 todas as ligas de Ferro-Carbono.<\/p>\n<p>Para esse processo, \u00a0<strong>altas temperaturas s\u00e3o mantidas at\u00e9 a transforma\u00e7\u00e3o completa da austenita com refrigera\u00e7\u00e3o a ar.\u00a0<\/strong><\/p>\n<table style=\"border-color: #fff;\">\n<tbody>\n<tr>\n<td><a class=\"image-lightbox lightbox-gallery\" href=\"https:\/\/aco.com.br\/wp-content\/uploads\/2019\/03\/normalizacao-2.png\"><img loading=\"lazy\" decoding=\"async\" class=\"alignright wp-image-2393 size-full\" src=\"https:\/\/aco.com.br\/wp-content\/uploads\/2019\/03\/normalizacao-2.png\" alt=\"Normaliza\u00e7\u00e3o\" width=\"559\" height=\"448\" srcset=\"https:\/\/aco.com.br\/wp-content\/uploads\/2019\/03\/normalizacao-2.png 559w, https:\/\/aco.com.br\/wp-content\/uploads\/2019\/03\/normalizacao-2-499x400.png 499w\" sizes=\"auto, (max-width: 559px) 100vw, 559px\" \/><\/a><\/td>\n<td><a class=\"image-lightbox lightbox-gallery\" href=\"https:\/\/aco.com.br\/wp-content\/uploads\/2019\/03\/alivio-de-tensao.png\"><img loading=\"lazy\" decoding=\"async\" class=\"wp-image-2296 aligncenter\" src=\"https:\/\/aco.com.br\/wp-content\/uploads\/2019\/03\/alivio-de-tensao.png\" alt=\"alivio-de-tensao-microscopia-otica-3000x\" width=\"624\" height=\"531\" \/><\/a><\/td>\n<\/tr>\n<\/tbody>\n<\/table>\n","protected":false},"featured_media":1473,"template":"","meta":{"inline_featured_image":false},"product_brand":[],"product_cat":[80],"product_tag":[243,237],"class_list":{"0":"post-1081","1":"product","2":"type-product","3":"status-publish","4":"has-post-thumbnail","6":"product_cat-tratamento-termico","7":"product_tag-normalizacao","8":"product_tag-tratamento-termico","10":"first","11":"instock","12":"sold-individually","13":"shipping-taxable","14":"product-type-simple"},"aioseo_notices":[],"_links":{"self":[{"href":"https:\/\/aco.com.br\/inicio\/wp-json\/wp\/v2\/product\/1081","targetHints":{"allow":["GET"]}}],"collection":[{"href":"https:\/\/aco.com.br\/inicio\/wp-json\/wp\/v2\/product"}],"about":[{"href":"https:\/\/aco.com.br\/inicio\/wp-json\/wp\/v2\/types\/product"}],"wp:featuredmedia":[{"embeddable":true,"href":"https:\/\/aco.com.br\/inicio\/wp-json\/wp\/v2\/media\/1473"}],"wp:attachment":[{"href":"https:\/\/aco.com.br\/inicio\/wp-json\/wp\/v2\/media?parent=1081"}],"wp:term":[{"taxonomy":"product_brand","embeddable":true,"href":"https:\/\/aco.com.br\/inicio\/wp-json\/wp\/v2\/product_brand?post=1081"},{"taxonomy":"product_cat","embeddable":true,"href":"https:\/\/aco.com.br\/inicio\/wp-json\/wp\/v2\/product_cat?post=1081"},{"taxonomy":"product_tag","embeddable":true,"href":"https:\/\/aco.com.br\/inicio\/wp-json\/wp\/v2\/product_tag?post=1081"}],"curies":[{"name":"wp","href":"https:\/\/api.w.org\/{rel}","templated":true}]}}