{"id":1080,"date":"2019-03-07T13:56:19","date_gmt":"2019-03-07T13:56:19","guid":{"rendered":"https:\/\/www.aco.com.br\/?post_type=product&#038;p=1080"},"modified":"2019-05-28T19:15:28","modified_gmt":"2019-05-28T19:15:28","slug":"coalescimento","status":"publish","type":"product","link":"https:\/\/aco.com.br\/inicio\/aco\/coalescimento\/","title":{"rendered":"Coalescimento | Esferoidiza\u00e7\u00e3o"},"content":{"rendered":"<h2><strong>Sobre o\u00a0<\/strong><strong>Recozimento<\/strong><\/h2>\n<p>O <a href=\"https:\/\/aco.com.br\/aco\/tratamento-termico\/recozimento\/\"><strong>Recozimento Pleno<\/strong><\/a> ou\u00a0 simplesmente Recozimento, a temperatura deve situar-se a <strong>aprox. 50\u00b0C acima do limite superior da zona cr\u00edtica.<\/strong><\/p>\n<ul>\n<li>Para os a\u00e7os <strong><a href=\"#hipoeutetoide\">hipoeutet\u00f3ides<\/a>*<\/strong>, acima do limite inferior da zona cr\u00edtica (linha A3).<\/li>\n<li>Para os a\u00e7os <strong><a href=\"#hipereutetoide\">hipereutet\u00f3ides<\/a>*<\/strong>, acima da linha A1.\u00a0<span style=\"font-size: 14.4px;\">Nestes \u00faltimos a\u00e7os, procura-se n\u00e3o ultrapassar a linha A3 porque, no resfriamento lento, caso de recozimentos de a\u00e7o-carbono, pode ocorrer a forma\u00e7\u00e3o, nos contornos de gr\u00e3os da austenita, de um inv\u00f3lucro cont\u00ednuo e fr\u00e1gil de carbonetos, tornando os a\u00e7os fr\u00e1geis.<\/span><\/li>\n<\/ul>\n<h3><strong>Estrutura Resultante do Recozimento<\/strong><\/h3>\n<p><strong>A estrutura resultante do recozimento \u00e9:<\/strong><\/p>\n<ul>\n<li>Somente\u00a0<strong>Perlita<\/strong>\u00a0<strong>(Ferrita+Cementita)<\/strong>, se for\u00a0<b>EUTET\u00d3IDE<\/b><\/li>\n<li><strong>Perlita + Ferrita<\/strong>, se o a\u00e7o for\u00a0<b>HIPOEUTET\u00d3IDE<\/b><\/li>\n<li><strong>Perlita + Cementita<\/strong>, se o a\u00e7o for\u00a0<strong>HIPEREUTET\u00d3IDE<\/strong><\/li>\n<\/ul>\n<h4><strong>*PONTO EUTET\u00d3IDE<\/strong><\/h4>\n<p>O\u00a0<strong>P<\/strong><b>onto E (eutet\u00f3ide)<\/b>\u00a0\u00e9 a menor\u00a0temperatura\u00a0<strong>(Temperatura Padr\u00e3o + Composi\u00e7\u00e3o Padr\u00e3o)<\/strong>de equil\u00edbrio entre a\u00a0<strong>Ferrita\u00a0<\/strong>e a\u00a0<strong>Austenita<\/strong>, correspondendo<strong>\u00a0a cerca de 0,77% de\u00a0carbono\u00a0a 727\u00b0C.<\/strong><br \/>\nEste \u00e9 um ponto de instabilidade do a\u00e7o,\u00a0onde temos a conviv\u00eancia simult\u00e2nea das tr\u00eas fases citadas acima,\u00a0\u00a0isto \u00e9, quando resfriamos o\u00a0a\u00e7o, teremos a transforma\u00e7\u00e3o da\u00a0<strong>austenita<\/strong>\u00a0em\u00a0<strong>ferrita<\/strong>\u00a0e\u00a0<strong>cementita<\/strong>.<\/p>\n<h4 id=\"hipoeutetoide\"><em><strong>*A\u00c7O HIPOEUTET\u00d3IDE<\/strong><\/em><\/h4>\n<p>Uma liga\u00a0com composi\u00e7\u00e3o\u00a0<strong>\u00e0 esquerda do ponto eutet\u00f3ide<\/strong>\u00a0(<strong>que contenha entre 0,02 e 0,77% de C)<\/strong>\u00a0\u00e9 conhecida como\u00a0<strong>liga hipoeutet\u00f3ide<\/strong>. A\u00e7o hipoeutet\u00f3ide \u00e9 aquele que possui\u00a0<strong>menos carbono que o previsto na composi\u00e7\u00e3o eutet\u00f3ide.<\/strong><\/p>\n<h4 id=\"hipereutetoide\"><em><strong>*A\u00c7O HIPEREUTET\u00d3IDE<\/strong><\/em><\/h4>\n<p>Uma liga de A\u00e7o Carbono com composi\u00e7\u00e3o\u00a0<strong>\u00e0\u00a0 direita\u00a0do ponto eutet\u00f3ide<\/strong>\u00a0(<strong>que contenha entre 0,77 e 2,14% de C)<\/strong>\u00a0\u00e9 conhecida como\u00a0<strong>liga hipereutet\u00f3ide.<\/strong>\u00a0A\u00e7o hipereutet\u00f3ide \u00e9 aquele que cont\u00e9m\u00a0<strong>mais carbono do que a composi\u00e7\u00e3o eutet\u00f3ide.<br \/>\nAcima desta composi\u00e7\u00e3o,\u00a0<\/strong>em rela\u00e7\u00e3o ao carbono, denomina-se como<strong>\u00a0liga de ferro fundido.<\/strong><\/p>\n<h4>*<strong>Ductibilidade<\/strong><\/h4>\n<p>A ductilidade \u00e9 a propriedade que <strong>representa o grau de deforma\u00e7\u00e3o<\/strong> que um material suporta <strong>at\u00e9 o momento de sua fratura.<\/strong><\/p>\n<h3>Outros tipos de <strong>Recozimento<\/strong><\/h3>\n<h4><strong>Recozimento Isot\u00e9rmico<\/strong><\/h4>\n<p><strong>Para evitar o tempo muito longo exigido pelo recozimento<\/strong>, pode-se substituir o recozimento comum pelo <strong>recozimento isot\u00e9rmico<\/strong>, em que o aquecimento \u00e9 feito normalmente, mas o esfriamento \u00e9 dividido em duas partes.\u00a0 \u00a0O primeiro, um Esfriamento r\u00e1pido at\u00e9 uma temperatura situada na parte superior do diagrama de transforma\u00e7\u00e3o isot\u00e9rmica. A segunda etapa consiste no esfriamento at\u00e9 a temperatura ambiente, depois de completada a transforma\u00e7\u00e3o da primeira etapa.<\/p>\n<h4><a href=\"https:\/\/aco.com.br\/aco\/tratamento-termico\/alivio-de-tensao\/\"><strong>Al\u00edvio de Tens\u00f5es<\/strong><\/a><\/h4>\n<p>O de <a href=\"https:\/\/aco.com.br\/aco\/tratamento-termico\/alivio-de-tensao\/\"><strong>al\u00edvio de tens\u00f5es<\/strong><\/a>, em que o <strong>aquecimento \u00e9 feito a temperaturas abaixo da zona cr\u00edtica<\/strong>, tem com\u00a0objetivo apenas aliviar as tens\u00f5es originadas em processos de conforma\u00e7\u00e3o mec\u00e2nica, soldagem, corte por chama, endireitamento, usinagem, etc.<\/p>\n<p><a href=\"https:\/\/aco.com.br\/aco\/tratamento-termico\/normalizacao\/\"><strong>Normaliza\u00e7\u00e3o<\/strong><\/a><\/p>\n<p>Na Normaliza\u00e7\u00e3o, o a\u00e7o \u00e9 geralmente aquecido at\u00e9 a\u00a0<strong>AUSTENITIZA\u00c7\u00c3O COMPLETA<\/strong>\u00a0da estrutura, seguido de\u00a0<strong>Resfriamento em AR.<\/strong><\/p>\n<div class=\"slider-wrapper relative\" id=\"slider-427893519\" >\n    <div class=\"slider slider-nav-simple slider-nav-large slider-nav-dark slider-style-normal\"\n        data-flickity-options='{\n            \"cellAlign\": \"center\",\n            \"imagesLoaded\": true,\n            \"lazyLoad\": 1,\n            \"freeScroll\": false,\n            \"wrapAround\": true,\n            \"autoPlay\": 6000,\n            \"pauseAutoPlayOnHover\" : true,\n            \"prevNextButtons\": true,\n            \"contain\" : true,\n            \"adaptiveHeight\" : true,\n            \"dragThreshold\" : 10,\n            \"percentPosition\": true,\n            \"pageDots\": true,\n            \"rightToLeft\": false,\n            \"draggable\": true,\n            \"selectedAttraction\": 0.1,\n            \"parallax\" : 0,\n            \"friction\": 0.6        }'\n        >\n        \n\t<section class=\"section\" id=\"section_1027896620\">\n\t\t<div class=\"bg section-bg fill bg-fill  bg-loaded\" >\n\n\t\t\t\n\t\t\t\n\t\t\t\n\n\t\t<\/div>\n\n\t\t\n\n\t\t<div class=\"section-content relative\">\n\t\t\t\n<div class=\"row\"  id=\"row-1495885469\">\n\n\t<div id=\"col-1654904006\" class=\"col medium-6 small-12 large-6\"  >\n\t\t\t\t<div class=\"col-inner\"  >\n\t\t\t\n\t\t\t\n\t<div class=\"img has-hover x md-x lg-x y md-y lg-y\" id=\"image_463140834\">\n\t\t<a class=\"image-lightbox lightbox-gallery\" title=\"\" href=\"https:\/\/aco.com.br\/wp-content\/uploads\/2019\/03\/recozimento-subcritico.png\">\t\t\t\t\t\t<div class=\"img-inner dark\" >\n\t\t\t<img loading=\"lazy\" decoding=\"async\" width=\"559\" height=\"448\" src=\"https:\/\/aco.com.br\/wp-content\/uploads\/2019\/03\/recozimento-subcritico.png\" class=\"attachment-large size-large\" alt=\"recozimento-subcritico\" srcset=\"https:\/\/aco.com.br\/wp-content\/uploads\/2019\/03\/recozimento-subcritico.png 559w, https:\/\/aco.com.br\/wp-content\/uploads\/2019\/03\/recozimento-subcritico-499x400.png 499w\" sizes=\"auto, (max-width: 559px) 100vw, 559px\" \/>\t\t\t\t\t\t\n\t\t\t\t\t<\/div>\n\t\t\t\t\t\t<\/a>\t\t\n<style>\n#image_463140834 {\n  width: 100%;\n}\n<\/style>\n\t<\/div>\n\t\n\t\t<\/div>\n\t\t\t\t\t<\/div>\n\n\t\n\n\t<div id=\"col-486692810\" class=\"col medium-6 small-12 large-6\"  >\n\t\t\t\t<div class=\"col-inner\"  >\n\t\t\t\n\t\t\t\n\t<div class=\"img has-hover x md-x lg-x y md-y lg-y\" id=\"image_1066128454\">\n\t\t<a class=\"image-lightbox lightbox-gallery\" title=\"\" href=\"https:\/\/aco.com.br\/wp-content\/uploads\/2019\/03\/recozimento-pleno.png\">\t\t\t\t\t\t<div class=\"img-inner dark\" >\n\t\t\t<img loading=\"lazy\" decoding=\"async\" width=\"559\" height=\"448\" src=\"https:\/\/aco.com.br\/wp-content\/uploads\/2019\/03\/recozimento-pleno.png\" class=\"attachment-large size-large\" alt=\"recozimento-pleno\" srcset=\"https:\/\/aco.com.br\/wp-content\/uploads\/2019\/03\/recozimento-pleno.png 559w, https:\/\/aco.com.br\/wp-content\/uploads\/2019\/03\/recozimento-pleno-499x400.png 499w\" sizes=\"auto, (max-width: 559px) 100vw, 559px\" \/>\t\t\t\t\t\t\n\t\t\t\t\t<\/div>\n\t\t\t\t\t\t<\/a>\t\t\n<style>\n#image_1066128454 {\n  width: 100%;\n}\n<\/style>\n\t<\/div>\n\t\n\t\t<\/div>\n\t\t\t\t\t<\/div>\n\n\t\n<\/div>\n\t\t<\/div>\n\n\t\t\n<style>\n#section_1027896620 {\n  padding-top: 30px;\n  padding-bottom: 30px;\n}\n<\/style>\n\t<\/section>\n\t\n\t<section class=\"section\" id=\"section_2055633811\">\n\t\t<div class=\"bg section-bg fill bg-fill  bg-loaded\" >\n\n\t\t\t\n\t\t\t\n\t\t\t\n\n\t\t<\/div>\n\n\t\t\n\n\t\t<div class=\"section-content relative\">\n\t\t\t\n<div class=\"row\"  id=\"row-111209726\">\n\n\t<div id=\"col-1494505653\" class=\"col medium-6 small-12 large-6\"  >\n\t\t\t\t<div class=\"col-inner\"  >\n\t\t\t\n\t\t\t\n\t<div class=\"img has-hover x md-x lg-x y md-y lg-y\" id=\"image_2034486197\">\n\t\t<a class=\"image-lightbox lightbox-gallery\" title=\"\" href=\"https:\/\/aco.com.br\/wp-content\/uploads\/2019\/03\/normalizacao.png\">\t\t\t\t\t\t<div class=\"img-inner dark\" >\n\t\t\t<img loading=\"lazy\" decoding=\"async\" width=\"559\" height=\"448\" src=\"https:\/\/aco.com.br\/wp-content\/uploads\/2019\/03\/normalizacao.png\" class=\"attachment-large size-large\" alt=\"normalizacao\" srcset=\"https:\/\/aco.com.br\/wp-content\/uploads\/2019\/03\/normalizacao.png 559w, https:\/\/aco.com.br\/wp-content\/uploads\/2019\/03\/normalizacao-499x400.png 499w\" sizes=\"auto, (max-width: 559px) 100vw, 559px\" \/>\t\t\t\t\t\t\n\t\t\t\t\t<\/div>\n\t\t\t\t\t\t<\/a>\t\t\n<style>\n#image_2034486197 {\n  width: 100%;\n}\n<\/style>\n\t<\/div>\n\t\n\t\t<\/div>\n\t\t\t\t\t<\/div>\n\n\t\n\n\t<div id=\"col-868263311\" class=\"col medium-6 small-12 large-6\"  >\n\t\t\t\t<div class=\"col-inner\"  >\n\t\t\t\n\t\t\t\n\t<div class=\"img has-hover x md-x lg-x y md-y lg-y\" id=\"image_2098394857\">\n\t\t<a class=\"image-lightbox lightbox-gallery\" title=\"\" href=\"https:\/\/aco.com.br\/wp-content\/uploads\/2019\/03\/ESFEROIDIZACAO.png\">\t\t\t\t\t\t<div class=\"img-inner dark\" >\n\t\t\t<img loading=\"lazy\" decoding=\"async\" width=\"559\" height=\"448\" src=\"https:\/\/aco.com.br\/wp-content\/uploads\/2019\/03\/ESFEROIDIZACAO.png\" class=\"attachment-large size-large\" alt=\"\" srcset=\"https:\/\/aco.com.br\/wp-content\/uploads\/2019\/03\/ESFEROIDIZACAO.png 559w, https:\/\/aco.com.br\/wp-content\/uploads\/2019\/03\/ESFEROIDIZACAO-499x400.png 499w\" sizes=\"auto, (max-width: 559px) 100vw, 559px\" \/>\t\t\t\t\t\t\n\t\t\t\t\t<\/div>\n\t\t\t\t\t\t<\/a>\t\t\n<style>\n#image_2098394857 {\n  width: 100%;\n}\n<\/style>\n\t<\/div>\n\t\n\t\t<\/div>\n\t\t\t\t\t<\/div>\n\n\t\n<\/div>\n\t\t<\/div>\n\n\t\t\n<style>\n#section_2055633811 {\n  padding-top: 30px;\n  padding-bottom: 30px;\n}\n<\/style>\n\t<\/section>\n\t\n     <\/div>\n\n     <div class=\"loading-spin dark large centered\"><\/div>\n\n\t<\/div>\n\n\n<p>&nbsp;<\/p>\n<p>Se voc\u00ea\u00a0 tiver outros objetivos, veja mais tipos de <strong><a href=\"https:\/\/aco.com.br\/tratamentos-termicos-acos-especiais\/\">tratamentos t\u00e9rmicos<\/a>, ou<a href=\"https:\/\/aco.com.br\/contato\/\"> fale conosco.<\/a><\/strong><\/p>\n","protected":false},"excerpt":{"rendered":"<p>O <strong>coalescimento<\/strong>\u00a0\u00a0\u00e9\u00a0 um <a href=\"https:\/\/aco.com.br\/tratamentos-termicos-acos-especiais\/\"><strong>Tratamento t\u00e9rmico<\/strong><\/a> de<strong> <a href=\"https:\/\/aco.com.br\/aco\/tratamento-termico\/recozimento\/\">recozimento subcr\u00edtico<\/a><\/strong> com a finalidade de se obterem os carbonetos na forma esferoidal, tamb\u00e9m conhecido como esferoidiza\u00e7\u00e3o. No Coalescimento utilizam-se a\u00e7os <a href=\"#hipereutetoide\"><strong>hipereutetoides<\/strong><\/a> e<strong> <a href=\"https:\/\/aco.com.br\/acos\/especiais\/aco-ferramenta\/\">a\u00e7os ferramentas<\/a><\/strong>, em produtos que necessitem reduzir sua dureza, para poderem ser deformados plasticamente.<\/p>\n<table style=\"border-color: #fff;\">\n<tbody>\n<tr>\n<td><a class=\"image-lightbox lightbox-gallery\" href=\"https:\/\/aco.com.br\/wp-content\/uploads\/2019\/03\/coalescimento.gif\"><img decoding=\"async\" class=\"alignright wp-image-2382 size-full\" src=\"https:\/\/aco.com.br\/wp-content\/uploads\/2019\/03\/coalescimento.gif\" alt=\"Coalescimento\" width=\"100%\" height=\"auto\" \/><\/a><\/td>\n<td><a class=\"image-lightbox lightbox-gallery\" href=\"https:\/\/aco.com.br\/wp-content\/uploads\/2019\/03\/recozimento-subcritico.png\"><img loading=\"lazy\" decoding=\"async\" class=\"alignright wp-image-2390 \" src=\"https:\/\/aco.com.br\/wp-content\/uploads\/2019\/03\/recozimento-subcritico.png\" alt=\"\" width=\"373\" height=\"299\" srcset=\"https:\/\/aco.com.br\/wp-content\/uploads\/2019\/03\/recozimento-subcritico.png 559w, https:\/\/aco.com.br\/wp-content\/uploads\/2019\/03\/recozimento-subcritico-499x400.png 499w\" sizes=\"auto, (max-width: 373px) 100vw, 373px\" \/><\/a><\/td>\n<\/tr>\n<\/tbody>\n<\/table>\n<h2>Objetivo do <strong>Coalescimento | Esferoidiza\u00e7\u00e3o<br \/>\n<\/strong><\/h2>\n<p><b>Outro objetivo do Recozimento, tamb\u00e9m subproduto da Austenitiza\u00e7\u00e3o,<\/b><span style=\"font-weight: 400;\"> dependente do tempo e m\u00e9todo de resfriamento<strong> (que alteram a disposi\u00e7\u00e3o das liga\u00e7\u00f5es do carbono entre si e com o ferro, e outros elementos)<\/strong>, <\/span><b>chama-se ESFEROIDIZA\u00c7\u00c3O,<\/b><span style=\"font-weight: 400;\"> vista na fotografia de microscopia eletr\u00f4nica abaixo.<\/span><\/p>\n<p><img loading=\"lazy\" decoding=\"async\" class=\"alignnone size-full wp-image-3273\" src=\"https:\/\/aco.com.br\/wp-content\/uploads\/2019\/03\/1.jpg\" alt=\"\" width=\"579\" height=\"395\" \/><\/p>\n<p><strong>(Exemplo: p\u00f3 de alum\u00ednio atrav\u00e9s do processo de esferoidiza\u00e7\u00e3o)<\/strong><\/p>\n<p><span style=\"font-weight: 400;\"><strong>Ap\u00f3s\u00a0ret\u00ea-lo por algum tempo para criar uma estrutura est\u00e1vel.<\/strong> <b>O a\u00e7o \u00e9 ent\u00e3o resfriado muito lentamente at\u00e9 a temperatura ambiente.<\/b> Isso produz uma estrutura muito macia <b>(de alta ductilidade)\u00a0<\/b>criando gr\u00e3os muito grandes, <strong>facilitando cortes e usinagens, entre outras aplica\u00e7\u00f5es e processos.<\/strong><\/span><\/p>\n<h4><strong><em>Observa\u00e7\u00f5es Importantes:<\/em><\/strong><\/h4>\n<p><strong>Por causa destes processos alterarem fundamentalmente os A\u00e7os Especiais conforme o manuseio dos nossos fornos e esfriamentos, para n\u00f3s estas estrutura\u00e7\u00f5es e cristais manuse\u00e1veis tornam-se muito valiosos, mas para outros, perigosos\u2026<\/strong><\/p>\n<p><strong>Manusear as temperaturas e tempos para cria\u00e7\u00e3o de novas estruturas \u00e9 uma opera\u00e7\u00e3o delicada, pois estas s\u00e3o desenvolvidas apenas por Metal\u00fargicos experientes.<\/strong><br \/>\n<strong>Sendo assim o Tratamento T\u00e9rmico pode ser extremamente proveitoso a muitos usos dos A\u00e7os Especiais, sejam eles: revenidos, retificados, usinados ou j\u00e1 para encaminhamento final, no uso de m\u00e1quinas, ve\u00edculos, constru\u00e7\u00f5es e ferramentas.<\/strong><\/p>\n<h3><strong>Coalescimento | Esferoidiza\u00e7\u00e3o<\/strong><\/h3>\n<p><strong>A Esferoidiza\u00e7\u00e3o<\/strong> \u00e9 um tratamento t\u00e9rmico de recozimento que visa obter a <strong>M\u00c1XIMA DUCTIBILIDADE<\/strong> nos a\u00e7os. Ele consiste de aquecimento <strong>SUBCR\u00cdTICO (Abaixo de A1)<\/strong> seguido por <strong>LONGO tempo no forno<\/strong>, para aglomera\u00e7\u00e3o dos carbonetos em part\u00edculas esf\u00e9ricas e <strong>resfriamento LENTO<\/strong>.<\/p>\n<p>Normas recomendam per\u00edodos de 20 \u00e0 25 horas para o coalescimento da cementita da perlita. Ap\u00f3s o coalescimento \u00e9 indicado o <strong>resfriamento do material dentro do Forno desligado<\/strong>, de maneira lenta e uniforme.<\/p>\n<p>Os principais objetivos <strong>Tratamento T\u00e9rmico<\/strong> de <strong>Coalescimento<\/strong> s\u00e3o:<\/p>\n<ul>\n<li><em>Reduzir Dureza<\/em><\/li>\n<li><em>Obter M\u00e1xima Ductibilidade<\/em><\/li>\n<li><em>Aumentar Usinabilidade<\/em><\/li>\n<li><em>Facilitar o Trabalho \u00e0 Frio<\/em><\/li>\n<\/ul>\n","protected":false},"featured_media":1474,"template":"","meta":{"inline_featured_image":false},"product_brand":[],"product_cat":[80],"product_tag":[251,242,249,250,253,237,252],"class_list":{"0":"post-1080","1":"product","2":"type-product","3":"status-publish","4":"has-post-thumbnail","6":"product_cat-tratamento-termico","7":"product_tag-acos-hipereutenoides","8":"product_tag-coalescimento","9":"product_tag-esferoidizacao","10":"product_tag-recozimento-esferoidal","11":"product_tag-recozimento-subcritcio","12":"product_tag-tratamento-termico","13":"product_tag-tratamentos-termicos","15":"first","16":"instock","17":"sold-individually","18":"shipping-taxable","19":"product-type-simple"},"aioseo_notices":[],"_links":{"self":[{"href":"https:\/\/aco.com.br\/inicio\/wp-json\/wp\/v2\/product\/1080","targetHints":{"allow":["GET"]}}],"collection":[{"href":"https:\/\/aco.com.br\/inicio\/wp-json\/wp\/v2\/product"}],"about":[{"href":"https:\/\/aco.com.br\/inicio\/wp-json\/wp\/v2\/types\/product"}],"wp:featuredmedia":[{"embeddable":true,"href":"https:\/\/aco.com.br\/inicio\/wp-json\/wp\/v2\/media\/1474"}],"wp:attachment":[{"href":"https:\/\/aco.com.br\/inicio\/wp-json\/wp\/v2\/media?parent=1080"}],"wp:term":[{"taxonomy":"product_brand","embeddable":true,"href":"https:\/\/aco.com.br\/inicio\/wp-json\/wp\/v2\/product_brand?post=1080"},{"taxonomy":"product_cat","embeddable":true,"href":"https:\/\/aco.com.br\/inicio\/wp-json\/wp\/v2\/product_cat?post=1080"},{"taxonomy":"product_tag","embeddable":true,"href":"https:\/\/aco.com.br\/inicio\/wp-json\/wp\/v2\/product_tag?post=1080"}],"curies":[{"name":"wp","href":"https:\/\/api.w.org\/{rel}","templated":true}]}}