{"id":1079,"date":"2019-03-07T13:56:09","date_gmt":"2019-03-07T13:56:09","guid":{"rendered":"https:\/\/www.aco.com.br\/?post_type=product&#038;p=1079"},"modified":"2019-05-27T19:11:16","modified_gmt":"2019-05-27T19:11:16","slug":"alivio-de-tensao","status":"publish","type":"product","link":"https:\/\/aco.com.br\/inicio\/aco\/alivio-de-tensao\/","title":{"rendered":"Al\u00edvio de Tens\u00e3o"},"content":{"rendered":"<p><a href=\"https:\/\/aco.com.br\/wp-content\/uploads\/2019\/03\/tratamento-termico.png\"><img loading=\"lazy\" decoding=\"async\" class=\"size-full wp-image-1520 alignright\" src=\"https:\/\/aco.com.br\/wp-content\/uploads\/2019\/03\/tratamento-termico.png\" alt=\"Tratamentos T\u00e9rmicos\" width=\"64\" height=\"59\" \/><\/a><\/p>\n<h3>Origens das<strong> tens\u00f5es superficiais<\/strong><\/h3>\n<p>As tens\u00f5es podem ser originarias da usinagem, e outras opera\u00e7\u00f5es de fabrica\u00e7\u00e3o e revestimento. Tamb\u00e9m podem ser geradas por tratamentos de t\u00eampera, conforma\u00e7\u00e3o a frio, fundi\u00e7\u00e3o, etc.<br \/>\n<strong>Essa situa\u00e7\u00e3o \u00e9 encontrada com mais frequ\u00eancia nas seguintes condi\u00e7\u00f5es:<\/strong><\/p>\n<ul>\n<li><strong>(!)<\/strong> A\u00e7os com elevado teor de elementos de liga;<\/li>\n<li><strong>(!)<\/strong> Pe\u00e7as com elevadas espessuras;<\/li>\n<li><strong>(!)<\/strong> Pe\u00e7as submetidas a carregamentos c\u00edclicos(fadiga);<\/li>\n<\/ul>\n<h2><strong>Procedimento &#8211;\u00a0<\/strong><strong>Tratamento T\u00e9rmico: Al\u00edvio de Tens\u00e3o<\/strong><\/h2>\n<p>Resumidamente, um procedimento de al\u00edvio de tens\u00f5es prev\u00ea:<\/p>\n<ul>\n<li>Aquecimento <strong>uniforme e lento<\/strong> da pe\u00e7a \u00e0 temperatura apropriada;<\/li>\n<li>Manuten\u00e7\u00e3o nesta temperatura por um determinado tempo (denominado <strong>tempo de patamar<\/strong> ou de encharque);<\/li>\n<li><strong>Resfriamento uniforme<\/strong> (e lento) de modo a impedir a introdu\u00e7\u00e3o de novas tens\u00f5es.<\/li>\n<\/ul>\n<h3>Temperatura M\u00e1xima Reduzida<\/h3>\n<p>*Para <strong>impedir mudan\u00e7as na microestrutura<\/strong> ou dimens\u00f5es da pe\u00e7a, a <strong>temperatura m\u00e1xima<\/strong> \u00e9 mantida abaixo da <strong>temperatura cr\u00edtica<\/strong>, ou seja, antes que ocorra alguma mudan\u00e7a de fase.<\/p>\n<h3><strong>Temperatura de Aquecimento:<\/strong> Lento &amp; Uniforme do A\u00c7O<\/h3>\n<p>Aquecimento para a temperatura de tratamento deve ser t\u00e3o lento que a tens\u00e3o de escoamento a quente seja alcan\u00e7ado t\u00e3o uniformemente quanto poss\u00edvel por toda a se\u00e7\u00e3o transversal (dependendo do tipo de a\u00e7o e da composi\u00e7\u00e3o).<\/p>\n<h3>Cuidados com o <strong>Resfriamento do A\u00c7O<\/strong><\/h3>\n<p>O resfriamento a partir da temperatura de tratamento para al\u00edvio de tens\u00f5es \u00e9 muito importante, porque um processo r\u00e1pido demais poder\u00e1 resultar n\u00e3o apenas numa redu\u00e7\u00e3o pequena das tens\u00f5es, mas at\u00e9 mesmo num aumento de tens\u00f5es em compara\u00e7\u00e3o com o estado inicial, mesmo que todas as outras etapas do processo (aquecimento, uniformiza\u00e7\u00e3o do calor, manuten\u00e7\u00e3o da temperatura) sejam realizadas corretamente.<\/p>\n<h3>Observa\u00e7\u00f5es relevantes sobre o <strong>Al\u00edvio De Tens\u00e3o dos <a href=\"https:\/\/aco.com.br\/acos-especiais-construcao-mecanica\/\">A\u00c7OS ESPECIAIS<\/a><\/strong><\/h3>\n<p>Para cada tipo de a\u00e7o, tempos e<strong> temperaturas especificas de tratamento t\u00e9rmico<\/strong> s\u00e3o recomendadas. (<em>O efeito da temperatura de tratamento \u00e9 muito maior do que o do tempo de manuten\u00e7\u00e3o da pe\u00e7a naquela temperatura).<\/em><\/p>\n<ul>\n<li>Para os a\u00e7os carbono, somente os tratamentos realizados em temperaturas superiores a 500\u00b0C s\u00e3o realmente eficazes.<\/li>\n<li>De modo geral, pode-se dizer que o tratamento para al\u00edvio de tens\u00f5es abaixo de 400 \u00baC n\u00e3o faz sentido, pois a esta temperatura a tens\u00e3o de escoamento de todos os materiais consider\u00e1veis ainda \u00e9 bem alto.<\/li>\n<\/ul>\n<h3>Veja outros tipos de <strong>Recozimento<\/strong>:<\/h3>\n<ul>\n<li><em><strong><a href=\"https:\/\/aco.com.br\/aco\/tratamento-termico\/normalizacao\/\">Normaliza\u00e7\u00e3o<\/a><\/strong><\/em><\/li>\n<li><em><strong><a href=\"https:\/\/aco.com.br\/aco\/tratamento-termico\/coalescimento\/\">Coalescimento<\/a><\/strong><\/em><\/li>\n<li><em><strong><a href=\"https:\/\/aco.com.br\/aco\/tratamento-termico\/recozimento\/\">Recozimento Pleno<\/a><\/strong><\/em><\/li>\n<\/ul>\n","protected":false},"excerpt":{"rendered":"<h3>Tamb\u00e9m \u00e9 conhecido como\u00a0<strong>Recozimento subcr\u00edtico<\/strong>.<\/h3>\n<p>As principais transforma\u00e7\u00f5es que ocorrem neste tratamento s\u00e3o a <strong>recupera\u00e7\u00e3o e a recristaliza\u00e7\u00e3o das fases encruadas.\u00a0<\/strong>O <strong>tratamento t\u00e9rmico de al\u00edvio de tens\u00f5es<\/strong> \u00e9 usado para reduzir as tens\u00f5es internas residuais que surgem durante a usinagem, opera\u00e7\u00f5es de fabrica\u00e7\u00e3o, t\u00eampera ou dobramento.<\/p>\n<table style=\"border-color: #fff;\">\n<tbody>\n<tr>\n<td><a class=\"image-lightbox lightbox-gallery\" href=\"https:\/\/aco.com.br\/wp-content\/uploads\/2019\/03\/alivio-de-tensao-microscopia-otica-3000x-2.gif\"><img loading=\"lazy\" decoding=\"async\" class=\"wp-image-2296 aligncenter\" src=\"https:\/\/aco.com.br\/wp-content\/uploads\/2019\/03\/alivio-de-tensao-microscopia-otica-3000x-2.gif\" alt=\"alivio-de-tensao-microscopia-otica-3000x\" width=\"624\" height=\"531\" \/><\/a><\/td>\n<td><a class=\"image-lightbox lightbox-gallery\" href=\"https:\/\/aco.com.br\/wp-content\/uploads\/2019\/03\/alivio-de-tensao.png\"><img loading=\"lazy\" decoding=\"async\" class=\"wp-image-2296 aligncenter\" src=\"https:\/\/aco.com.br\/wp-content\/uploads\/2019\/03\/alivio-de-tensao.png\" alt=\"alivio-de-tensao-microscopia-otica-3000x\" width=\"624\" height=\"531\" \/><\/a><\/td>\n<\/tr>\n<\/tbody>\n<\/table>\n<h2>Objetivo do <strong>Al\u00edvio de Tens\u00e3o<\/strong><\/h2>\n<p>Os principais objetivos do\u00a0<strong>Tratamento T\u00e9rmico<\/strong> de <strong>Al\u00edvio de Tens\u00f5es (recozimento Sub-cr\u00edtico)<\/strong>\u00a0s\u00e3o:<\/p>\n<ul>\n<li>Aumento da <strong>ductilidade<\/strong>;<\/li>\n<li><strong>Diminui\u00e7\u00e3o da dureza<\/strong> tanto da zona fundida quanto da zona termicamente afetada;<\/li>\n<li><strong>Redu\u00e7\u00e3o de empeno<\/strong> e altera\u00e7\u00f5es dimensionais (ap\u00f3s usinagem);<\/li>\n<li><strong>Aumento da resist\u00eancia<\/strong> \u00e0 fadiga;<\/li>\n<li>Aumento da <strong>resist\u00eancia \u00e0 corros\u00e3o<\/strong>.<\/li>\n<\/ul>\n<p>Se voc\u00ea\u00a0 tiver outros objetivos, veja mais tipos de <strong><a href=\"https:\/\/aco.com.br\/tratamentos-termicos-acos-especiais\/\">tratamentos t\u00e9rmicos<\/a>, ou<a href=\"https:\/\/aco.com.br\/contato\/\"> fale conosco.<\/a><\/strong><\/p>\n","protected":false},"featured_media":1474,"template":"","meta":{"inline_featured_image":false},"product_brand":[],"product_cat":[80],"product_tag":[239,240,248,241,238,237],"class_list":{"0":"post-1079","1":"product","2":"type-product","3":"status-publish","4":"has-post-thumbnail","6":"product_cat-tratamento-termico","7":"product_tag-alivio-de-tensao","8":"product_tag-alivio-de-tensoes","9":"product_tag-recozimento-subcritico","10":"product_tag-tensao-superficial","11":"product_tag-tensoes-residuais","12":"product_tag-tratamento-termico","14":"first","15":"instock","16":"sold-individually","17":"shipping-taxable","18":"product-type-simple"},"aioseo_notices":[],"_links":{"self":[{"href":"https:\/\/aco.com.br\/inicio\/wp-json\/wp\/v2\/product\/1079","targetHints":{"allow":["GET"]}}],"collection":[{"href":"https:\/\/aco.com.br\/inicio\/wp-json\/wp\/v2\/product"}],"about":[{"href":"https:\/\/aco.com.br\/inicio\/wp-json\/wp\/v2\/types\/product"}],"wp:featuredmedia":[{"embeddable":true,"href":"https:\/\/aco.com.br\/inicio\/wp-json\/wp\/v2\/media\/1474"}],"wp:attachment":[{"href":"https:\/\/aco.com.br\/inicio\/wp-json\/wp\/v2\/media?parent=1079"}],"wp:term":[{"taxonomy":"product_brand","embeddable":true,"href":"https:\/\/aco.com.br\/inicio\/wp-json\/wp\/v2\/product_brand?post=1079"},{"taxonomy":"product_cat","embeddable":true,"href":"https:\/\/aco.com.br\/inicio\/wp-json\/wp\/v2\/product_cat?post=1079"},{"taxonomy":"product_tag","embeddable":true,"href":"https:\/\/aco.com.br\/inicio\/wp-json\/wp\/v2\/product_tag?post=1079"}],"curies":[{"name":"wp","href":"https:\/\/api.w.org\/{rel}","templated":true}]}}