{"id":5251,"date":"2019-10-22T16:57:01","date_gmt":"2019-10-22T16:57:01","guid":{"rendered":"http:\/\/aco.com.br\/?page_id=5251"},"modified":"2019-12-04T19:12:20","modified_gmt":"2019-12-04T19:12:20","slug":"avaliacao-do-cliente","status":"publish","type":"page","link":"https:\/\/aco.com.br\/inicio\/avaliacao-do-cliente\/","title":{"rendered":"Pesquisa de Satisfa\u00e7\u00e3o do cliente &#8211; Avalia\u00e7\u00e3o &#038; Relacionamento &#8211; A\u00e7os Roman"},"content":{"rendered":"<div class=\"row row-large align-middle align-center\"  id=\"row-1839701000\">\n\n\t<div id=\"col-1768576412\" class=\"col medium-6 small-12 large-6\"  >\n\t\t\t\t<div class=\"col-inner\"  >\n\t\t\t\n\t\t\t\n  <div class=\"icon-box testimonial-box icon-box-center text-center is-small\">\n                <div class=\"icon-box-text p-last-0\">\n          <div class=\"star-rating\"><span style=\"width:100%\"><strong class=\"rating\"><\/strong><\/span><\/div>  \t\t\t\t<div class=\"testimonial-text line-height-small italic test_text first-reset last-reset is-italic\">\n            \n<h1 style=\"text-align: center;\">Avalia\u00e7\u00e3o do Cliente<\/h1>\n<p style=\"text-align: center;\">\u00c9 fundamental, para que nossa empresa possa satisfazer continuamente as expectativas dos clientes, saber como estes clientes avaliam nossos servi\u00e7os e atendimento. Pedimos, por gentileza, que o question\u00e1rio a seguir seja preenchido de forma sincera, para que possamos melhor satisfaz\u00ea-lo.<\/p>\n<a rel=\"noopener noreferrer\" href=\"https:\/\/docs.google.com\/forms\/d\/e\/1FAIpQLSckJ_-bVQgglopcUfZD-gVgNrZeaogNxDPrjKJhFpXlmigagw\/viewform\" target=\"_blank\" class=\"button primary is-gloss is-large\"  style=\"border-radius:6px;\">\n    <span>FAZER AVALIA\u00c7\u00c3O<\/span>\n  <\/a>\n\n          <\/div>\n          <div class=\"testimonial-meta pt-half\">\n             <strong class=\"testimonial-name test_name\">FA\u00c7A UMA AVALIA\u00c7\u00c3O<\/strong>\n             <span class=\"testimonial-name-divider\"> \/ <\/span>             <span class=\"testimonial-company test_company\">Pesquisa de satisfa\u00e7\u00e3o do cliente<\/span>\n          <\/div>\n        <\/div>\n  <\/div>\n\n  \n\t\t<\/div>\n\t\t\t\t\t<\/div>\n\n\t\n\n<style>\n#row-1839701000 > .col > .col-inner {\n  padding: 46px 0px 100px 0px;\n}\n<\/style>\n<\/div>\n","protected":false},"excerpt":{"rendered":"","protected":false},"author":1,"featured_media":0,"parent":0,"menu_order":0,"comment_status":"closed","ping_status":"closed","template":"","meta":{"inline_featured_image":false,"footnotes":""},"class_list":["post-5251","page","type-page","status-publish","hentry"],"aioseo_notices":[],"_links":{"self":[{"href":"https:\/\/aco.com.br\/inicio\/wp-json\/wp\/v2\/pages\/5251","targetHints":{"allow":["GET"]}}],"collection":[{"href":"https:\/\/aco.com.br\/inicio\/wp-json\/wp\/v2\/pages"}],"about":[{"href":"https:\/\/aco.com.br\/inicio\/wp-json\/wp\/v2\/types\/page"}],"author":[{"embeddable":true,"href":"https:\/\/aco.com.br\/inicio\/wp-json\/wp\/v2\/users\/1"}],"replies":[{"embeddable":true,"href":"https:\/\/aco.com.br\/inicio\/wp-json\/wp\/v2\/comments?post=5251"}],"version-history":[{"count":0,"href":"https:\/\/aco.com.br\/inicio\/wp-json\/wp\/v2\/pages\/5251\/revisions"}],"wp:attachment":[{"href":"https:\/\/aco.com.br\/inicio\/wp-json\/wp\/v2\/media?parent=5251"}],"curies":[{"name":"wp","href":"https:\/\/api.w.org\/{rel}","templated":true}]}}