{"id":2848,"date":"2019-04-29T20:17:48","date_gmt":"2019-04-29T20:17:48","guid":{"rendered":"https:\/\/aco.com.br\/?page_id=2848"},"modified":"2019-04-29T20:26:11","modified_gmt":"2019-04-29T20:26:11","slug":"newsletter","status":"publish","type":"page","link":"https:\/\/aco.com.br\/inicio\/newsletter\/","title":{"rendered":"newsletter"},"content":{"rendered":"\t<section class=\"section has-parallax\" id=\"section_1481413098\">\n\t\t<div class=\"bg section-bg fill bg-fill  \" data-parallax-container=\".section\" data-parallax-background data-parallax=\"-3\">\n\n\t\t\t\n\t\t\t\n\t\t\t\n\n\t\t<\/div>\n\n\t\t\n\n\t\t<div class=\"section-content relative\">\n\t\t\t\n<div class=\"row\"  id=\"row-248993261\">\n\n\t<div id=\"col-379313709\" class=\"col hide-for-small medium-1 small-12 large-1\"  >\n\t\t\t\t<div class=\"col-inner\"  >\n\t\t\t\n\t\t\t\n\t\t<\/div>\n\t\t\t\t\t<\/div>\n\n\t\n\n\t<div id=\"col-2102140637\" class=\"col medium-6 small-12 large-6\"  >\n\t\t\t\t<div class=\"col-inner text-center box-shadow-3 box-shadow-2-hover\" style=\"background-color:rgba(242, 242, 242, 0.88);\" >\n\t\t\t\n\t\t\t\n<p><a href=\"https:\/\/aco.com.br\/\"><img loading=\"lazy\" decoding=\"async\" class=\"wp-image-2465aligncenter\" style=\"margin: -25px auto -15px auto; text-align: center;\" src=\"https:\/\/aco.com.br\/wp-content\/uploads\/2019\/04\/acosroman.svg\" alt=\"A\u00e7os Roman - A\u00c7os Especiais\" width=\"66\" height=\"66\" \/><\/a><\/p>\n<h1>Cadastro efetuado com sucesso!<\/h1>\n<p>Voc\u00ea receber\u00e1 de agora em diante\u00a0not\u00edcias, promo\u00e7\u00f5es e muito mais sobre os<strong>\u00a0A\u00e7os Roman, os a\u00e7os especiais<\/strong>\u00a0e a<strong>\u00a0ind\u00fastria da constru\u00e7\u00e3o mec\u00e2nica<\/strong>!<\/p>\n<p><em>Apreciamos sua perspic\u00e1cia caro\u00a0amigo!<\/em><\/p>\n<a href=\"https:\/\/www.aco.com.br\/contato\" target=\"_self\" class=\"button success is-small\"  style=\"border-radius:10px;\">\n    <span>Entrar em contato<\/span>\n  <\/a>\n\n\t\t<\/div>\n\t\t\t\t\n<style>\n#col-2102140637 > .col-inner {\n  padding: 56px 18px 48px 18px;\n  margin: 35px 0px 0px 0px;\n}\n<\/style>\n\t<\/div>\n\n\t\n\n\t<div id=\"col-1556570952\" class=\"col medium-4 small-12 large-4\"  >\n\t\t\t\t<div class=\"col-inner\"  >\n\t\t\t\n\t\t\t\n\n\t<a class=\"plain\" href=\"tel:+1136132211\" >\t<div class=\"icon-box featured-box icon-box-left text-left\"  >\n\t\t\t\t\t<div class=\"icon-box-img\" style=\"width: 34px\">\n\t\t\t\t<div class=\"icon\">\n\t\t\t\t\t<div class=\"icon-inner\" >\n\t\t\t\t\t\t<img loading=\"lazy\" decoding=\"async\" width=\"1\" height=\"1\" src=\"https:\/\/aco.com.br\/wp-content\/uploads\/2019\/03\/lnr-phone-handset.svg\" class=\"attachment-medium size-medium\" alt=\"A\u00e7os Roman - A\u00e7os Especiais\" \/>\t\t\t\t\t<\/div>\n\t\t\t\t<\/div>\n\t\t\t<\/div>\n\t\t\t\t<div class=\"icon-box-text last-reset\">\n\t\t\t\t\t\t\t\t\t\n\n<div class=\"titulocontato\" >Telefone Comercial<\/div>\n<div class=\"linkcontato\" style=\"font-size:1.20em!important;\"><b>11 3613-2211<\/b><\/div>\n\n\t\t<\/div>\n\t<\/div>\n\t<\/a>\n\t\n\n\t<a class=\"plain\" href=\"mailto:financeiro@aco.com.br\" >\t<div class=\"icon-box featured-box icon-box-left text-left\"  >\n\t\t\t\t\t<div class=\"icon-box-img\" style=\"width: 34px\">\n\t\t\t\t<div class=\"icon\">\n\t\t\t\t\t<div class=\"icon-inner\" >\n\t\t\t\t\t\t<img loading=\"lazy\" decoding=\"async\" width=\"1\" height=\"1\" src=\"https:\/\/aco.com.br\/wp-content\/uploads\/2019\/03\/lnr-envelope.svg\" class=\"attachment-medium size-medium\" alt=\"A\u00e7os Roman - A\u00e7os Especiais\" \/>\t\t\t\t\t<\/div>\n\t\t\t\t<\/div>\n\t\t\t<\/div>\n\t\t\t\t<div class=\"icon-box-text last-reset\">\n\t\t\t\t\t\t\t\t\t\n\n<div class=\"titulocontato\">E-mail Comercial<\/div>\n<div class=\"linkcontato\">aco@aco.com.br<\/div>\n\n\t\t<\/div>\n\t<\/div>\n\t<\/a>\n\t\n\n\t<a class=\"plain\" href=\"mailto:financeiro@acosroman.com.br\" >\t<div class=\"icon-box featured-box icon-box-left text-left\"  >\n\t\t\t\t\t<div class=\"icon-box-img\" style=\"width: 34px\">\n\t\t\t\t<div class=\"icon\">\n\t\t\t\t\t<div class=\"icon-inner\" >\n\t\t\t\t\t\t<img loading=\"lazy\" decoding=\"async\" width=\"1\" height=\"1\" src=\"https:\/\/aco.com.br\/wp-content\/uploads\/2019\/03\/lnr-envelope.svg\" class=\"attachment-medium size-medium\" alt=\"A\u00e7os Roman - A\u00e7os Especiais\" \/>\t\t\t\t\t<\/div>\n\t\t\t\t<\/div>\n\t\t\t<\/div>\n\t\t\t\t<div class=\"icon-box-text last-reset\">\n\t\t\t\t\t\t\t\t\t\n\n<div class=\"titulocontato\">E-mail Financeiro<\/div>\n<div class=\"linkcontato\">financeiro @acosroman.com.br<\/div>\n\n\t\t<\/div>\n\t<\/div>\n\t<\/a>\n\t\n\t<div id=\"gap-634511973\" class=\"gap-element clearfix\" style=\"display:block; height:auto;\">\n\t\t\n<style>\n#gap-634511973 {\n  padding-top: 39px;\n}\n<\/style>\n\t<\/div>\n\t\n<div class=\"social-icons follow-icons\" style=\"font-size:121%\"><a href=\"https:\/\/www.facebook.com\/AcosRoman\/\" target=\"_blank\" rel=\"noopener noreferrer nofollow\" data-label=\"Facebook\" class=\"icon primary button circle facebook tooltip\" title=\"Follow on Facebook\" aria-label=\"Follow on Facebook\" ><i class=\"icon-facebook\" ><\/i><\/a><a href=\"https:\/\/www.instagram.com\/ar_rolamentos\/\" target=\"_blank\" rel=\"noopener noreferrer nofollow\" data-label=\"Instagram\" class=\"icon primary button circle instagram tooltip\" title=\"Follow on Instagram\" aria-label=\"Follow on Instagram\" ><i class=\"icon-instagram\" ><\/i><\/a><a href=\"tel:1136132211\" data-label=\"Phone\" target=\"_blank\" rel=\"nofollow\" class=\"icon primary button circle phone tooltip\" title=\"Call us\" aria-label=\"Call us\" ><i class=\"icon-phone\" ><\/i><\/a><\/div>\n<h5 class=\"uppercase\">atendimento online<\/h5>\n<p>Solicite um atendimento por e-mail personalizado. Envie-nossugest\u00f5es, d\u00favidas ou pedidos de cota\u00e7\u00f5es. Responderemos em at\u00e9 24h.<\/p>\n\t\t<\/div>\n\t\t\t\t\n<style>\n#col-1556570952 > .col-inner {\n  padding: 40px 0px 0px 0px;\n}\n<\/style>\n\t<\/div>\n\n\t\n<\/div>\n\t\t<\/div>\n\n\t\t\n<style>\n#section_1481413098 {\n  padding-top: 30px;\n  padding-bottom: 30px;\n}\n#section_1481413098 .section-bg.bg-loaded {\n  background-image: url(https:\/\/aco.com.br\/wp-content\/uploads\/2019\/04\/rolamentos-especiais.jpg);\n}\n#section_1481413098 .section-bg {\n  background-position: center top;\n}\n<\/style>\n\t<\/section>\n\t\n<div class=\"row row-collapse row-full-width\"  id=\"row-2097226131\">\n\n\t<div id=\"col-269871984\" class=\"col small-12 large-12\"  >\n\t\t\t\t<div class=\"col-inner box-shadow-4 box-shadow-4-hover\" style=\"background-color:rgb(255, 255, 255);\" >\n\t\t\t\n\t\t\t\n<p><iframe loading=\"lazy\" style=\"border: 0;\" src=\"https:\/\/www.google.com\/maps\/embed?pb=!1m14!1m8!1m3!1d3658.5737730559426!2d-46.691342!3d-23.511857!3m2!1i1024!2i768!4f13.1!3m3!1m2!1s0x0%3A0xb81ea221128e8f87!2sA%C3%A7os+Roman+%7C+A.R.+Rolamentos!5e0!3m2!1sen!2sbr!4v1554477445385!5m2!1sen!2sbr\" width=\"100%\" height=\"300px\" frameborder=\"0\" allowfullscreen=\"allowfullscreen\" data-mce-fragment=\"1\"><\/iframe><\/p>\n\t\t<\/div>\n\t\t\t\t\n<style>\n#col-269871984 > .col-inner {\n  padding: 2px 2px 0px 2px;\n  margin: 0px 0px -20px 0px;\n}\n<\/style>\n\t<\/div>\n\n\t\n<\/div>\n","protected":false},"excerpt":{"rendered":"","protected":false},"author":1,"featured_media":0,"parent":0,"menu_order":0,"comment_status":"closed","ping_status":"closed","template":"page-blank.php","meta":{"inline_featured_image":false,"footnotes":""},"class_list":["post-2848","page","type-page","status-publish","hentry"],"aioseo_notices":[],"_links":{"self":[{"href":"https:\/\/aco.com.br\/inicio\/wp-json\/wp\/v2\/pages\/2848","targetHints":{"allow":["GET"]}}],"collection":[{"href":"https:\/\/aco.com.br\/inicio\/wp-json\/wp\/v2\/pages"}],"about":[{"href":"https:\/\/aco.com.br\/inicio\/wp-json\/wp\/v2\/types\/page"}],"author":[{"embeddable":true,"href":"https:\/\/aco.com.br\/inicio\/wp-json\/wp\/v2\/users\/1"}],"replies":[{"embeddable":true,"href":"https:\/\/aco.com.br\/inicio\/wp-json\/wp\/v2\/comments?post=2848"}],"version-history":[{"count":0,"href":"https:\/\/aco.com.br\/inicio\/wp-json\/wp\/v2\/pages\/2848\/revisions"}],"wp:attachment":[{"href":"https:\/\/aco.com.br\/inicio\/wp-json\/wp\/v2\/media?parent=2848"}],"curies":[{"name":"wp","href":"https:\/\/api.w.org\/{rel}","templated":true}]}}