{"id":2143,"date":"2019-04-05T17:15:35","date_gmt":"2019-04-05T17:15:35","guid":{"rendered":"https:\/\/aco.com.br\/?page_id=2143"},"modified":"2019-07-16T16:14:56","modified_gmt":"2019-07-16T16:14:56","slug":"laboratorio-metalografico","status":"publish","type":"page","link":"https:\/\/aco.com.br\/inicio\/laboratorio-metalografico\/","title":{"rendered":"Laborat\u00f3rio Metalogr\u00e1fico | An\u00e1lises Qu\u00edmicas, F\u00edsicas &#038; Mec\u00e2nicas"},"content":{"rendered":"<p style=\"text-align: center;\">\u00a0<img loading=\"lazy\" decoding=\"async\" class=\"wp-image-4274 aligncenter\" src=\"https:\/\/aco.com.br\/wp-content\/uploads\/2019\/07\/labmetal-800x337.png\" alt=\"Labmetal: Laborat\u00f3rio Metalogr\u00e1fico AR: An\u00e1lises Qu\u00edmicas, F\u00edsicas, Metalografia, A\u00c7O\" width=\"167\" height=\"70\" srcset=\"https:\/\/aco.com.br\/wp-content\/uploads\/2019\/07\/labmetal-800x337.png 800w, https:\/\/aco.com.br\/wp-content\/uploads\/2019\/07\/labmetal-768x324.png 768w, https:\/\/aco.com.br\/wp-content\/uploads\/2019\/07\/labmetal-560x236.png 560w, https:\/\/aco.com.br\/wp-content\/uploads\/2019\/07\/labmetal-900x380.png 900w, https:\/\/aco.com.br\/wp-content\/uploads\/2019\/07\/labmetal.png 977w\" sizes=\"auto, (max-width: 167px) 100vw, 167px\" \/><\/p>\n<div class=\"row row-large align-middle align-center\"  id=\"row-1601950833\">\n\n\t<div id=\"col-52931497\" class=\"col small-12 large-12 small-col-first col-divided\"  >\n\t\t\t\t<div class=\"col-inner text-left\"  >\n\t\t\t\n\t\t\t\n<div class=\"container section-title-container\" style=\"margin-bottom:-1px;\"><h1 class=\"section-title section-title-center\"><b><\/b><span class=\"section-title-main\" style=\"font-size:68%;\">LABORAT\u00d3RIO METALOGR\u00c1FICO AR<\/span><b><\/b><\/h1><\/div>\n<p class=\"lead\" style=\"text-align: center;\">An\u00e1lises Qu\u00edmicas, F\u00edsicas e Mec\u00e2nicas do A\u00e7o.<\/p>\n\n  \n    <div class=\"row large-columns-4 medium-columns-3 small-columns-2 row-small row-full-width\" >\n  \t\n\t     <div class=\"col\" >\n\t\t\t\t\t\t<div class=\"col-inner\">\n\t\t\t\t\t\t\n<div class=\"badge-container absolute left top z-1\">\n\n<\/div>\n\t\t\t\t\t\t<div class=\"product-small box has-hover box-normal box-text-bottom\">\n\t\t\t\t\t\t\t<div class=\"box-image\" style=\"border-radius:2%;\">\n\t\t\t\t\t\t\t\t<div class=\"image-zoom image-glow image-cover\" style=\"padding-top:100%;\">\n\t\t\t\t\t\t\t\t\t<a href=\"https:\/\/aco.com.br\/inicio\/aco\/analise-3d-modelagem-3dusinagem-impressao-3d\/\" aria-label=\"An\u00e1lise 3D &amp; Usinagem+Modelagem 3D &amp; Impress\u00e3o 3D\">\n\t\t\t\t\t\t\t\t\t\t<img loading=\"lazy\" decoding=\"async\" width=\"247\" height=\"247\" src=\"https:\/\/aco.com.br\/wp-content\/uploads\/2019\/07\/3d-2-297x297.jpg\" class=\"attachment-woocommerce_thumbnail size-woocommerce_thumbnail\" alt=\"An\u00e1lise 3D &amp; Usinagem+Modelagem 3D &amp; Impress\u00e3o 3D\" srcset=\"https:\/\/aco.com.br\/wp-content\/uploads\/2019\/07\/3d-2-297x297.jpg 297w, https:\/\/aco.com.br\/wp-content\/uploads\/2019\/07\/3d-2-280x280.jpg 280w, https:\/\/aco.com.br\/wp-content\/uploads\/2019\/07\/3d-2-100x100.jpg 100w\" sizes=\"auto, (max-width: 247px) 100vw, 247px\" \/>\t\t\t\t\t\t\t\t\t<\/a>\n\t\t\t\t\t\t\t\t\t<div class=\"overlay fill\" style=\"background-color: rgba(72, 72, 72, 0)\"><\/div>\t\t\t\t\t\t\t\t\t \t\t\t\t\t\t\t\t<\/div>\n\t\t\t\t\t\t\t\t<div class=\"image-tools top right show-on-hover\">\n\t\t\t\t\t\t\t\t\t\t\t\t\t\t\t\t\t<\/div>\n\t\t\t\t\t\t\t\t\t\t\t\t\t\t\t\t\t<div class=\"image-tools grid-tools text-center hide-for-small bottom hover-slide-in show-on-hover\">\n\t\t\t\t\t\t\t\t\t\t\t\t\t\t\t\t\t\t\t<\/div>\n\t\t\t\t\t\t\t\t\t\t\t\t\t\t\t\t\t\t\t\t\t\t\t<\/div>\n\n\t\t\t\t\t\t\t<div class=\"box-text text-left\" style=\"padding:14px 13px 9px 13px;\">\n\t\t\t\t\t\t\t\t<div class=\"title-wrapper\">\t\t<p class=\"category uppercase is-smaller no-text-overflow product-cat op-7\">\n\t\t\tLaborat\u00f3rio Metalogr\u00e1fico\t\t<\/p>\n\t<p class=\"name product-title woocommerce-loop-product__title\"><a href=\"https:\/\/aco.com.br\/inicio\/aco\/analise-3d-modelagem-3dusinagem-impressao-3d\/\" class=\"woocommerce-LoopProduct-link woocommerce-loop-product__link\">An\u00e1lise 3D &#038; Usinagem+Modelagem 3D &#038; Impress\u00e3o 3D<\/a><\/p><\/div><div class=\"price-wrapper\"><\/div>\t\t\t\t\t\t\t<\/div>\n\t\t\t\t\t\t<\/div>\n\t\t\t\t\t\t<\/div>\n\t\t\t\t\t<\/div><div class=\"col\" >\n\t\t\t\t\t\t<div class=\"col-inner\">\n\t\t\t\t\t\t\n<div class=\"badge-container absolute left top z-1\">\n\n<\/div>\n\t\t\t\t\t\t<div class=\"product-small box has-hover box-normal box-text-bottom\">\n\t\t\t\t\t\t\t<div class=\"box-image\" style=\"border-radius:2%;\">\n\t\t\t\t\t\t\t\t<div class=\"image-zoom image-glow image-cover\" style=\"padding-top:100%;\">\n\t\t\t\t\t\t\t\t\t<a href=\"https:\/\/aco.com.br\/inicio\/aco\/magna-flux-analise-fisica-de-qualidade\/\" aria-label=\"Magna Flux - An\u00e1lise F\u00edsica de Qualidade\">\n\t\t\t\t\t\t\t\t\t\t<img loading=\"lazy\" decoding=\"async\" width=\"247\" height=\"247\" src=\"https:\/\/aco.com.br\/wp-content\/uploads\/2019\/07\/mega-297x297.jpg\" class=\"attachment-woocommerce_thumbnail size-woocommerce_thumbnail\" alt=\"Magna-Flux\" srcset=\"https:\/\/aco.com.br\/wp-content\/uploads\/2019\/07\/mega-297x297.jpg 297w, https:\/\/aco.com.br\/wp-content\/uploads\/2019\/07\/mega-280x280.jpg 280w, https:\/\/aco.com.br\/wp-content\/uploads\/2019\/07\/mega-100x100.jpg 100w\" sizes=\"auto, (max-width: 247px) 100vw, 247px\" \/>\t\t\t\t\t\t\t\t\t<\/a>\n\t\t\t\t\t\t\t\t\t<div class=\"overlay fill\" style=\"background-color: rgba(72, 72, 72, 0)\"><\/div>\t\t\t\t\t\t\t\t\t \t\t\t\t\t\t\t\t<\/div>\n\t\t\t\t\t\t\t\t<div class=\"image-tools top right show-on-hover\">\n\t\t\t\t\t\t\t\t\t\t\t\t\t\t\t\t\t<\/div>\n\t\t\t\t\t\t\t\t\t\t\t\t\t\t\t\t\t<div class=\"image-tools grid-tools text-center hide-for-small bottom hover-slide-in show-on-hover\">\n\t\t\t\t\t\t\t\t\t\t\t\t\t\t\t\t\t\t\t<\/div>\n\t\t\t\t\t\t\t\t\t\t\t\t\t\t\t\t\t\t\t\t\t\t\t<\/div>\n\n\t\t\t\t\t\t\t<div class=\"box-text text-left\" style=\"padding:14px 13px 9px 13px;\">\n\t\t\t\t\t\t\t\t<div class=\"title-wrapper\">\t\t<p class=\"category uppercase is-smaller no-text-overflow product-cat op-7\">\n\t\t\tLaborat\u00f3rio Metalogr\u00e1fico\t\t<\/p>\n\t<p class=\"name product-title woocommerce-loop-product__title\"><a href=\"https:\/\/aco.com.br\/inicio\/aco\/magna-flux-analise-fisica-de-qualidade\/\" class=\"woocommerce-LoopProduct-link woocommerce-loop-product__link\">Magna Flux &#8211; An\u00e1lise F\u00edsica de Qualidade<\/a><\/p><\/div><div class=\"price-wrapper\"><\/div>\t\t\t\t\t\t\t<\/div>\n\t\t\t\t\t\t<\/div>\n\t\t\t\t\t\t<\/div>\n\t\t\t\t\t<\/div><div class=\"col\" >\n\t\t\t\t\t\t<div class=\"col-inner\">\n\t\t\t\t\t\t\n<div class=\"badge-container absolute left top z-1\">\n\n<\/div>\n\t\t\t\t\t\t<div class=\"product-small box has-hover box-normal box-text-bottom\">\n\t\t\t\t\t\t\t<div class=\"box-image\" style=\"border-radius:2%;\">\n\t\t\t\t\t\t\t\t<div class=\"image-zoom image-glow image-cover\" style=\"padding-top:100%;\">\n\t\t\t\t\t\t\t\t\t<a href=\"https:\/\/aco.com.br\/inicio\/aco\/microscopia-otica-olympus-gx71-1-000x-analise-fisica\/\" aria-label=\"Microscopia \u00d3tica - Olympus GX71 1.000X - An\u00e1lise F\u00edsica\">\n\t\t\t\t\t\t\t\t\t\t<img loading=\"lazy\" decoding=\"async\" width=\"247\" height=\"247\" src=\"https:\/\/aco.com.br\/wp-content\/uploads\/2019\/03\/lab-metal-3-297x297.jpg\" class=\"attachment-woocommerce_thumbnail size-woocommerce_thumbnail\" alt=\"Laborat\u00f3rio Metalogr\u00e1fico\" srcset=\"https:\/\/aco.com.br\/wp-content\/uploads\/2019\/03\/lab-metal-3-297x297.jpg 297w, https:\/\/aco.com.br\/wp-content\/uploads\/2019\/03\/lab-metal-3-280x280.jpg 280w, https:\/\/aco.com.br\/wp-content\/uploads\/2019\/03\/lab-metal-3-100x100.jpg 100w\" sizes=\"auto, (max-width: 247px) 100vw, 247px\" \/>\t\t\t\t\t\t\t\t\t<\/a>\n\t\t\t\t\t\t\t\t\t<div class=\"overlay fill\" style=\"background-color: rgba(72, 72, 72, 0)\"><\/div>\t\t\t\t\t\t\t\t\t \t\t\t\t\t\t\t\t<\/div>\n\t\t\t\t\t\t\t\t<div class=\"image-tools top right show-on-hover\">\n\t\t\t\t\t\t\t\t\t\t\t\t\t\t\t\t\t<\/div>\n\t\t\t\t\t\t\t\t\t\t\t\t\t\t\t\t\t<div class=\"image-tools grid-tools text-center hide-for-small bottom hover-slide-in show-on-hover\">\n\t\t\t\t\t\t\t\t\t\t\t\t\t\t\t\t\t\t\t<\/div>\n\t\t\t\t\t\t\t\t\t\t\t\t\t\t\t\t\t\t\t\t\t\t\t<\/div>\n\n\t\t\t\t\t\t\t<div class=\"box-text text-left\" style=\"padding:14px 13px 9px 13px;\">\n\t\t\t\t\t\t\t\t<div class=\"title-wrapper\">\t\t<p class=\"category uppercase is-smaller no-text-overflow product-cat op-7\">\n\t\t\tLaborat\u00f3rio Metalogr\u00e1fico\t\t<\/p>\n\t<p class=\"name product-title woocommerce-loop-product__title\"><a href=\"https:\/\/aco.com.br\/inicio\/aco\/microscopia-otica-olympus-gx71-1-000x-analise-fisica\/\" class=\"woocommerce-LoopProduct-link woocommerce-loop-product__link\">Microscopia \u00d3tica &#8211; Olympus GX71 1.000X &#8211; An\u00e1lise F\u00edsica<\/a><\/p><\/div><div class=\"price-wrapper\"><\/div>\t\t\t\t\t\t\t<\/div>\n\t\t\t\t\t\t<\/div>\n\t\t\t\t\t\t<\/div>\n\t\t\t\t\t<\/div><div class=\"col\" >\n\t\t\t\t\t\t<div class=\"col-inner\">\n\t\t\t\t\t\t\n<div class=\"badge-container absolute left top z-1\">\n\n<\/div>\n\t\t\t\t\t\t<div class=\"product-small box has-hover box-normal box-text-bottom\">\n\t\t\t\t\t\t\t<div class=\"box-image\" style=\"border-radius:2%;\">\n\t\t\t\t\t\t\t\t<div class=\"image-zoom image-glow image-cover\" style=\"padding-top:100%;\">\n\t\t\t\t\t\t\t\t\t<a href=\"https:\/\/aco.com.br\/inicio\/aco\/ultrassom-analise-fisica-do-aco\/\" aria-label=\"Ultrassom - An\u00e1lise F\u00edsica do A\u00e7o\">\n\t\t\t\t\t\t\t\t\t\t<img loading=\"lazy\" decoding=\"async\" width=\"247\" height=\"247\" src=\"https:\/\/aco.com.br\/wp-content\/uploads\/2019\/03\/ultrassom-1-297x297.jpg\" class=\"attachment-woocommerce_thumbnail size-woocommerce_thumbnail\" alt=\"Ultrassom - Ensaio de Ultrassonografia - Analise superficial de fissura estrutural do a\u00e7o\" srcset=\"https:\/\/aco.com.br\/wp-content\/uploads\/2019\/03\/ultrassom-1-297x297.jpg 297w, https:\/\/aco.com.br\/wp-content\/uploads\/2019\/03\/ultrassom-1-280x280.jpg 280w, https:\/\/aco.com.br\/wp-content\/uploads\/2019\/03\/ultrassom-1-100x100.jpg 100w\" sizes=\"auto, (max-width: 247px) 100vw, 247px\" \/>\t\t\t\t\t\t\t\t\t<\/a>\n\t\t\t\t\t\t\t\t\t<div class=\"overlay fill\" style=\"background-color: rgba(72, 72, 72, 0)\"><\/div>\t\t\t\t\t\t\t\t\t \t\t\t\t\t\t\t\t<\/div>\n\t\t\t\t\t\t\t\t<div class=\"image-tools top right show-on-hover\">\n\t\t\t\t\t\t\t\t\t\t\t\t\t\t\t\t\t<\/div>\n\t\t\t\t\t\t\t\t\t\t\t\t\t\t\t\t\t<div class=\"image-tools grid-tools text-center hide-for-small bottom hover-slide-in show-on-hover\">\n\t\t\t\t\t\t\t\t\t\t\t\t\t\t\t\t\t\t\t<\/div>\n\t\t\t\t\t\t\t\t\t\t\t\t\t\t\t\t\t\t\t\t\t\t\t<\/div>\n\n\t\t\t\t\t\t\t<div class=\"box-text text-left\" style=\"padding:14px 13px 9px 13px;\">\n\t\t\t\t\t\t\t\t<div class=\"title-wrapper\">\t\t<p class=\"category uppercase is-smaller no-text-overflow product-cat op-7\">\n\t\t\tLaborat\u00f3rio Metalogr\u00e1fico\t\t<\/p>\n\t<p class=\"name product-title woocommerce-loop-product__title\"><a href=\"https:\/\/aco.com.br\/inicio\/aco\/ultrassom-analise-fisica-do-aco\/\" class=\"woocommerce-LoopProduct-link woocommerce-loop-product__link\">Ultrassom &#8211; An\u00e1lise F\u00edsica do A\u00e7o<\/a><\/p><\/div><div class=\"price-wrapper\"><\/div>\t\t\t\t\t\t\t<\/div>\n\t\t\t\t\t\t<\/div>\n\t\t\t\t\t\t<\/div>\n\t\t\t\t\t<\/div><div class=\"col\" >\n\t\t\t\t\t\t<div class=\"col-inner\">\n\t\t\t\t\t\t\n<div class=\"badge-container absolute left top z-1\">\n\n<\/div>\n\t\t\t\t\t\t<div class=\"product-small box has-hover box-normal box-text-bottom\">\n\t\t\t\t\t\t\t<div class=\"box-image\" style=\"border-radius:2%;\">\n\t\t\t\t\t\t\t\t<div class=\"image-zoom image-glow image-cover\" style=\"padding-top:100%;\">\n\t\t\t\t\t\t\t\t\t<a href=\"https:\/\/aco.com.br\/inicio\/aco\/microdurometro-durometro\/\" aria-label=\"Microdur\u00f4metro &amp; Dur\u00f4metro Brinnel de Esfera \u00d810mm\">\n\t\t\t\t\t\t\t\t\t\t<img loading=\"lazy\" decoding=\"async\" width=\"247\" height=\"247\" src=\"https:\/\/aco.com.br\/wp-content\/uploads\/2019\/03\/dumetro-brinnel-297x297.jpg\" class=\"attachment-woocommerce_thumbnail size-woocommerce_thumbnail\" alt=\"Microdurometria, Dur\u00f4metro, Ensaio de Dureza, Medi\u00e7\u00e3o de Dureza do a\u00e7o, Dur\u00f4metro Brinnel - Labmetal A\u00e7os Roman\" srcset=\"https:\/\/aco.com.br\/wp-content\/uploads\/2019\/03\/dumetro-brinnel-297x297.jpg 297w, https:\/\/aco.com.br\/wp-content\/uploads\/2019\/03\/dumetro-brinnel-280x280.jpg 280w, https:\/\/aco.com.br\/wp-content\/uploads\/2019\/03\/dumetro-brinnel-100x100.jpg 100w\" sizes=\"auto, (max-width: 247px) 100vw, 247px\" \/>\t\t\t\t\t\t\t\t\t<\/a>\n\t\t\t\t\t\t\t\t\t<div class=\"overlay fill\" style=\"background-color: rgba(72, 72, 72, 0)\"><\/div>\t\t\t\t\t\t\t\t\t \t\t\t\t\t\t\t\t<\/div>\n\t\t\t\t\t\t\t\t<div class=\"image-tools top right show-on-hover\">\n\t\t\t\t\t\t\t\t\t\t\t\t\t\t\t\t\t<\/div>\n\t\t\t\t\t\t\t\t\t\t\t\t\t\t\t\t\t<div class=\"image-tools grid-tools text-center hide-for-small bottom hover-slide-in show-on-hover\">\n\t\t\t\t\t\t\t\t\t\t\t\t\t\t\t\t\t\t\t<\/div>\n\t\t\t\t\t\t\t\t\t\t\t\t\t\t\t\t\t\t\t\t\t\t\t<\/div>\n\n\t\t\t\t\t\t\t<div class=\"box-text text-left\" style=\"padding:14px 13px 9px 13px;\">\n\t\t\t\t\t\t\t\t<div class=\"title-wrapper\">\t\t<p class=\"category uppercase is-smaller no-text-overflow product-cat op-7\">\n\t\t\tLaborat\u00f3rio Metalogr\u00e1fico\t\t<\/p>\n\t<p class=\"name product-title woocommerce-loop-product__title\"><a href=\"https:\/\/aco.com.br\/inicio\/aco\/microdurometro-durometro\/\" class=\"woocommerce-LoopProduct-link woocommerce-loop-product__link\">Microdur\u00f4metro &#038; Dur\u00f4metro Brinnel de Esfera \u00d810mm<\/a><\/p><\/div><div class=\"price-wrapper\"><\/div>\t\t\t\t\t\t\t<\/div>\n\t\t\t\t\t\t<\/div>\n\t\t\t\t\t\t<\/div>\n\t\t\t\t\t<\/div><div class=\"col\" >\n\t\t\t\t\t\t<div class=\"col-inner\">\n\t\t\t\t\t\t\n<div class=\"badge-container absolute left top z-1\">\n\n<\/div>\n\t\t\t\t\t\t<div class=\"product-small box has-hover box-normal box-text-bottom\">\n\t\t\t\t\t\t\t<div class=\"box-image\" style=\"border-radius:2%;\">\n\t\t\t\t\t\t\t\t<div class=\"image-zoom image-glow image-cover\" style=\"padding-top:100%;\">\n\t\t\t\t\t\t\t\t\t<a href=\"https:\/\/aco.com.br\/inicio\/aco\/ensaio-de-impacto-analise-fisica-do-aco\/\" aria-label=\"Ensaio de Impacto - An\u00e1lise F\u00edsica do A\u00e7o\">\n\t\t\t\t\t\t\t\t\t\t<img loading=\"lazy\" decoding=\"async\" width=\"247\" height=\"229\" src=\"https:\/\/aco.com.br\/wp-content\/uploads\/2019\/03\/ensaio-de-impacto-297x275.gif\" class=\"attachment-woocommerce_thumbnail size-woocommerce_thumbnail\" alt=\"ensaio-de-impacto-metalografia\" \/>\t\t\t\t\t\t\t\t\t<\/a>\n\t\t\t\t\t\t\t\t\t<div class=\"overlay fill\" style=\"background-color: rgba(72, 72, 72, 0)\"><\/div>\t\t\t\t\t\t\t\t\t \t\t\t\t\t\t\t\t<\/div>\n\t\t\t\t\t\t\t\t<div class=\"image-tools top right show-on-hover\">\n\t\t\t\t\t\t\t\t\t\t\t\t\t\t\t\t\t<\/div>\n\t\t\t\t\t\t\t\t\t\t\t\t\t\t\t\t\t<div class=\"image-tools grid-tools text-center hide-for-small bottom hover-slide-in show-on-hover\">\n\t\t\t\t\t\t\t\t\t\t\t\t\t\t\t\t\t\t\t<\/div>\n\t\t\t\t\t\t\t\t\t\t\t\t\t\t\t\t\t\t\t\t\t\t\t<\/div>\n\n\t\t\t\t\t\t\t<div class=\"box-text text-left\" style=\"padding:14px 13px 9px 13px;\">\n\t\t\t\t\t\t\t\t<div class=\"title-wrapper\">\t\t<p class=\"category uppercase is-smaller no-text-overflow product-cat op-7\">\n\t\t\tLaborat\u00f3rio Metalogr\u00e1fico\t\t<\/p>\n\t<p class=\"name product-title woocommerce-loop-product__title\"><a href=\"https:\/\/aco.com.br\/inicio\/aco\/ensaio-de-impacto-analise-fisica-do-aco\/\" class=\"woocommerce-LoopProduct-link woocommerce-loop-product__link\">Ensaio de Impacto &#8211; An\u00e1lise F\u00edsica do A\u00e7o<\/a><\/p><\/div><div class=\"price-wrapper\"><\/div>\t\t\t\t\t\t\t<\/div>\n\t\t\t\t\t\t<\/div>\n\t\t\t\t\t\t<\/div>\n\t\t\t\t\t<\/div><div class=\"col\" >\n\t\t\t\t\t\t<div class=\"col-inner\">\n\t\t\t\t\t\t\n<div class=\"badge-container absolute left top z-1\">\n\n<\/div>\n\t\t\t\t\t\t<div class=\"product-small box has-hover box-normal box-text-bottom\">\n\t\t\t\t\t\t\t<div class=\"box-image\" style=\"border-radius:2%;\">\n\t\t\t\t\t\t\t\t<div class=\"image-zoom image-glow image-cover\" style=\"padding-top:100%;\">\n\t\t\t\t\t\t\t\t\t<a href=\"https:\/\/aco.com.br\/inicio\/aco\/ensaio-de-tracao-e-compressao-analise-fisica-do-aco\/\" aria-label=\"Ensaio de Tra\u00e7\u00e3o e Compress\u00e3o - An\u00e1lise F\u00edsica do A\u00e7o\">\n\t\t\t\t\t\t\t\t\t\t<img loading=\"lazy\" decoding=\"async\" width=\"247\" height=\"247\" src=\"https:\/\/aco.com.br\/wp-content\/uploads\/2019\/03\/ensaio-de-tracao-297x297.jpg\" class=\"attachment-woocommerce_thumbnail size-woocommerce_thumbnail\" alt=\"Ensaio de Tra\u00e7\u00e3o e Compress\u00e3o - An\u00e1lise F\u00edsica do A\u00e7o | Ensaio de Tra\u00e7\u00e3o e Compress\u00e3o - An\u00e1lise F\u00edsica do A\u00e7o\" srcset=\"https:\/\/aco.com.br\/wp-content\/uploads\/2019\/03\/ensaio-de-tracao-297x297.jpg 297w, https:\/\/aco.com.br\/wp-content\/uploads\/2019\/03\/ensaio-de-tracao-280x280.jpg 280w, https:\/\/aco.com.br\/wp-content\/uploads\/2019\/03\/ensaio-de-tracao-100x100.jpg 100w\" sizes=\"auto, (max-width: 247px) 100vw, 247px\" \/>\t\t\t\t\t\t\t\t\t<\/a>\n\t\t\t\t\t\t\t\t\t<div class=\"overlay fill\" style=\"background-color: rgba(72, 72, 72, 0)\"><\/div>\t\t\t\t\t\t\t\t\t \t\t\t\t\t\t\t\t<\/div>\n\t\t\t\t\t\t\t\t<div class=\"image-tools top right show-on-hover\">\n\t\t\t\t\t\t\t\t\t\t\t\t\t\t\t\t\t<\/div>\n\t\t\t\t\t\t\t\t\t\t\t\t\t\t\t\t\t<div class=\"image-tools grid-tools text-center hide-for-small bottom hover-slide-in show-on-hover\">\n\t\t\t\t\t\t\t\t\t\t\t\t\t\t\t\t\t\t\t<\/div>\n\t\t\t\t\t\t\t\t\t\t\t\t\t\t\t\t\t\t\t\t\t\t\t<\/div>\n\n\t\t\t\t\t\t\t<div class=\"box-text text-left\" style=\"padding:14px 13px 9px 13px;\">\n\t\t\t\t\t\t\t\t<div class=\"title-wrapper\">\t\t<p class=\"category uppercase is-smaller no-text-overflow product-cat op-7\">\n\t\t\tLaborat\u00f3rio Metalogr\u00e1fico\t\t<\/p>\n\t<p class=\"name product-title woocommerce-loop-product__title\"><a href=\"https:\/\/aco.com.br\/inicio\/aco\/ensaio-de-tracao-e-compressao-analise-fisica-do-aco\/\" class=\"woocommerce-LoopProduct-link woocommerce-loop-product__link\">Ensaio de Tra\u00e7\u00e3o e Compress\u00e3o &#8211; An\u00e1lise F\u00edsica do A\u00e7o<\/a><\/p><\/div><div class=\"price-wrapper\"><\/div>\t\t\t\t\t\t\t<\/div>\n\t\t\t\t\t\t<\/div>\n\t\t\t\t\t\t<\/div>\n\t\t\t\t\t<\/div><div class=\"col\" >\n\t\t\t\t\t\t<div class=\"col-inner\">\n\t\t\t\t\t\t\n<div class=\"badge-container absolute left top z-1\">\n\n<\/div>\n\t\t\t\t\t\t<div class=\"product-small box has-hover box-normal box-text-bottom\">\n\t\t\t\t\t\t\t<div class=\"box-image\" style=\"border-radius:2%;\">\n\t\t\t\t\t\t\t\t<div class=\"image-zoom image-glow image-cover\" style=\"padding-top:100%;\">\n\t\t\t\t\t\t\t\t\t<a href=\"https:\/\/aco.com.br\/inicio\/aco\/espectrometria-de-emissao-otica-analise-quimica-do-aco\/\" aria-label=\"Espectrometria de Emiss\u00e3o \u00d3tica - An\u00e1lise Qu\u00edmica do A\u00e7o\">\n\t\t\t\t\t\t\t\t\t\t<img loading=\"lazy\" decoding=\"async\" width=\"247\" height=\"247\" src=\"https:\/\/aco.com.br\/wp-content\/uploads\/2019\/04\/espectro-fotos-297x297.jpg\" class=\"attachment-woocommerce_thumbnail size-woocommerce_thumbnail\" alt=\"Espectrometro de emiss\u00e3o otica - Espectrometria Otica 64x Elementos - An\u00e1lises Qu\u00edmicas do A\u00e7o\" srcset=\"https:\/\/aco.com.br\/wp-content\/uploads\/2019\/04\/espectro-fotos-297x297.jpg 297w, https:\/\/aco.com.br\/wp-content\/uploads\/2019\/04\/espectro-fotos-280x280.jpg 280w, https:\/\/aco.com.br\/wp-content\/uploads\/2019\/04\/espectro-fotos-100x100.jpg 100w\" sizes=\"auto, (max-width: 247px) 100vw, 247px\" \/>\t\t\t\t\t\t\t\t\t<\/a>\n\t\t\t\t\t\t\t\t\t<div class=\"overlay fill\" style=\"background-color: rgba(72, 72, 72, 0)\"><\/div>\t\t\t\t\t\t\t\t\t \t\t\t\t\t\t\t\t<\/div>\n\t\t\t\t\t\t\t\t<div class=\"image-tools top right show-on-hover\">\n\t\t\t\t\t\t\t\t\t\t\t\t\t\t\t\t\t<\/div>\n\t\t\t\t\t\t\t\t\t\t\t\t\t\t\t\t\t<div class=\"image-tools grid-tools text-center hide-for-small bottom hover-slide-in show-on-hover\">\n\t\t\t\t\t\t\t\t\t\t\t\t\t\t\t\t\t\t\t<\/div>\n\t\t\t\t\t\t\t\t\t\t\t\t\t\t\t\t\t\t\t\t\t\t\t<\/div>\n\n\t\t\t\t\t\t\t<div class=\"box-text text-left\" style=\"padding:14px 13px 9px 13px;\">\n\t\t\t\t\t\t\t\t<div class=\"title-wrapper\">\t\t<p class=\"category uppercase is-smaller no-text-overflow product-cat op-7\">\n\t\t\tLaborat\u00f3rio Metalogr\u00e1fico\t\t<\/p>\n\t<p class=\"name product-title woocommerce-loop-product__title\"><a href=\"https:\/\/aco.com.br\/inicio\/aco\/espectrometria-de-emissao-otica-analise-quimica-do-aco\/\" class=\"woocommerce-LoopProduct-link woocommerce-loop-product__link\">Espectrometria de Emiss\u00e3o \u00d3tica &#8211; An\u00e1lise Qu\u00edmica do A\u00e7o<\/a><\/p><\/div><div class=\"price-wrapper\"><\/div>\t\t\t\t\t\t\t<\/div>\n\t\t\t\t\t\t<\/div>\n\t\t\t\t\t\t<\/div>\n\t\t\t\t\t<\/div><\/div>\n\t<div id=\"gap-151113993\" class=\"gap-element clearfix\" style=\"display:block; height:auto;\">\n\t\t\n<style>\n#gap-151113993 {\n  padding-top: 30px;\n}\n<\/style>\n\t<\/div>\n\t\n<p style=\"text-align: center; margin: 20px 0 0 0px;\"><img loading=\"lazy\" decoding=\"async\" class=\"aligncenterwp-image-4277\" src=\"https:\/\/aco.com.br\/wp-content\/uploads\/2019\/07\/laboratorio-metalografico-metalografia-aco-analise-fisica-quimica-labmetal.png\" alt=\"laboratorio-metalografico-metalografia-aco-analise-fisica-quimica-labmetal\" width=\"229\" height=\"160\" \/><\/p>\n<div class=\"social-icons follow-icons full-width text-center\" style=\"font-size:152%\"><a href=\"https:\/\/www.facebook.com\/AcosRoman\/\" target=\"_blank\" rel=\"noopener noreferrer nofollow\" data-label=\"Facebook\" class=\"icon button circle is-outline facebook tooltip\" title=\"Follow on Facebook\" aria-label=\"Follow on Facebook\" ><i class=\"icon-facebook\" ><\/i><\/a><a href=\"https:\/\/www.instagram.com\/ar_rolamentos\/\" target=\"_blank\" rel=\"noopener noreferrer nofollow\" data-label=\"Instagram\" class=\"icon button circle is-outline instagram tooltip\" title=\"Follow on Instagram\" aria-label=\"Follow on Instagram\" ><i class=\"icon-instagram\" ><\/i><\/a><a href=\"mailto:aco@aco.com.br\" data-label=\"E-mail\" target=\"_blank\" rel=\"nofollow\" class=\"icon button circle is-outline email tooltip\" title=\"Envie-nos um email\" aria-label=\"Envie-nos um email\" ><i class=\"icon-envelop\" ><\/i><\/a><a href=\"tel:+1136132211\" data-label=\"Phone\" target=\"_blank\" rel=\"nofollow\" class=\"icon button circle is-outline phone tooltip\" title=\"Call us\" aria-label=\"Call us\" ><i class=\"icon-phone\" ><\/i><\/a><\/div>\n\t\t<\/div>\n\t\t\t\t\n<style>\n#col-52931497 > .col-inner {\n  padding: 0px 0px 0px 0px;\n}\n<\/style>\n\t<\/div>\n\n\t\n<\/div>\n\t<section class=\"section dark\" id=\"section_243894757\">\n\t\t<div class=\"bg section-bg fill bg-fill  \" >\n\n\t\t\t\n\t\t\t<div class=\"section-bg-overlay absolute fill\"><\/div>\n\t\t\t\n\n\t\t<\/div>\n\n\t\t\n\n\t\t<div class=\"section-content relative\">\n\t\t\t\n<div class=\"row align-bottom\"  id=\"row-761178276\">\n\n\t<div id=\"col-181491983\" class=\"col medium-10 small-12 large-10\"  >\n\t\t\t\t<div class=\"col-inner\"  >\n\t\t\t\n\t\t\t\n<h2>Laborat\u00f3rio Metalogr\u00e1fico | An\u00e1lises Qu\u00edmicas, F\u00edsicas &amp; Mec\u00e2nicas<\/h2>\n<h3 class=\"thin-font\">Solicite uma visita \u00e0 nossas instala\u00e7\u00f5es. Atrav\u00e9s de equipamentos de medi\u00e7\u00e3o e tecnologia de \u00faltima gera\u00e7\u00e3o, garantimos a qualidade do nosso material.<\/h3>\n<a href=\"https:\/\/aco.com.br\/contato\" target=\"_self\" class=\"button white is-large\"  >\n    <span>Contato<\/span>\n  <\/a>\n\n\t\t<\/div>\n\t\t\t\t\n<style>\n#col-181491983 > .col-inner {\n  padding: 0px 0px 0px 0px;\n}\n<\/style>\n\t<\/div>\n\n\t\n\n\t<div id=\"col-1231444769\" class=\"col hide-for-small medium-2 small-12 large-2\"  >\n\t\t\t\t<div class=\"col-inner\"  >\n\t\t\t\n\t\t\t\n\t<div class=\"img has-hover x md-x lg-x y md-y lg-y\" id=\"image_962030999\">\n\t\t\t\t\t\t\t\t<div class=\"img-inner dark\" >\n\t\t\t<img loading=\"lazy\" decoding=\"async\" width=\"256\" height=\"256\" src=\"https:\/\/aco.com.br\/wp-content\/uploads\/2019\/04\/grupo-ar-logo.png\" class=\"attachment-large size-large\" alt=\"GRUPO AR\" srcset=\"https:\/\/aco.com.br\/wp-content\/uploads\/2019\/04\/grupo-ar-logo.png 256w, https:\/\/aco.com.br\/wp-content\/uploads\/2019\/04\/grupo-ar-logo-100x100.png 100w\" sizes=\"auto, (max-width: 256px) 100vw, 256px\" \/>\t\t\t\t\t\t\n\t\t\t\t\t<\/div>\n\t\t\t\t\t\t\t\t\n<style>\n#image_962030999 {\n  width: 100%;\n}\n<\/style>\n\t<\/div>\n\t\n\t\t<\/div>\n\t\t\t\t\n<style>\n#col-1231444769 > .col-inner {\n  padding: 15px 0px 11px 0px;\n}\n<\/style>\n\t<\/div>\n\n\t\n<\/div>\n\t\t<\/div>\n\n\t\t\n<style>\n#section_243894757 {\n  padding-top: 37px;\n  padding-bottom: 37px;\n  background-color: rgb(40, 40, 40);\n}\n#section_243894757 .section-bg-overlay {\n  background-color: rgba(0, 49, 98, 0.65);\n}\n#section_243894757 .section-bg.bg-loaded {\n  background-image: url(https:\/\/aco.com.br\/wp-content\/uploads\/2019\/03\/acos-especiais-.jpg);\n}\n<\/style>\n\t<\/section>\n\t\n","protected":false},"excerpt":{"rendered":"<p>\u00a0<\/p>\n","protected":false},"author":1,"featured_media":0,"parent":0,"menu_order":0,"comment_status":"closed","ping_status":"closed","template":"page-blank.php","meta":{"inline_featured_image":false,"footnotes":""},"class_list":["post-2143","page","type-page","status-publish","hentry"],"aioseo_notices":[],"_links":{"self":[{"href":"https:\/\/aco.com.br\/inicio\/wp-json\/wp\/v2\/pages\/2143","targetHints":{"allow":["GET"]}}],"collection":[{"href":"https:\/\/aco.com.br\/inicio\/wp-json\/wp\/v2\/pages"}],"about":[{"href":"https:\/\/aco.com.br\/inicio\/wp-json\/wp\/v2\/types\/page"}],"author":[{"embeddable":true,"href":"https:\/\/aco.com.br\/inicio\/wp-json\/wp\/v2\/users\/1"}],"replies":[{"embeddable":true,"href":"https:\/\/aco.com.br\/inicio\/wp-json\/wp\/v2\/comments?post=2143"}],"version-history":[{"count":0,"href":"https:\/\/aco.com.br\/inicio\/wp-json\/wp\/v2\/pages\/2143\/revisions"}],"wp:attachment":[{"href":"https:\/\/aco.com.br\/inicio\/wp-json\/wp\/v2\/media?parent=2143"}],"curies":[{"name":"wp","href":"https:\/\/api.w.org\/{rel}","templated":true}]}}