{"id":1755,"date":"2019-03-26T20:02:36","date_gmt":"2019-03-26T20:02:36","guid":{"rendered":"https:\/\/www.aco.com.br\/?page_id=1755"},"modified":"2023-06-06T00:21:13","modified_gmt":"2023-06-06T00:21:13","slug":"cotacao-online-como-funciona","status":"publish","type":"page","link":"https:\/\/aco.com.br\/inicio\/cotacao-online-como-funciona\/","title":{"rendered":"Como Funciona a Cota\u00e7\u00e3o Online?"},"content":{"rendered":"\t<section class=\"section\" id=\"section_1991357533\">\n\t\t<div class=\"bg section-bg fill bg-fill  \" >\n\n\t\t\t\n\t\t\t\n\t\t\t\n\n\t\t<\/div>\n\n\t\t\n\n\t\t<div class=\"section-content relative\">\n\t\t\t\n<div style=\"text-align:center; margin:20px 0 50px 0 \">\n<h1 class=\"uppercase\" style=\"font-size:250%; margin-bottom:0px\">Cota\u00e7\u00f5es Online<\/h1>\n<h2 class=\"thin-font\">Como funciona o sistema em nosso site<\/h2>\n<\/div>\n<div class=\"row align-middle row-box-shadow-3 row-box-shadow-5-hover\"  id=\"row-1711636893\">\n\n\t<div id=\"col-1904042177\" class=\"col medium-4 small-12 large-4\"  >\n\t\t\t\t<div class=\"col-inner\"  >\n\t\t\t\n\t\t\t\n<h4 class=\"uppercase\">Selecione o Material desejado em uma busca r\u00e1pida<\/h4>\n<p>Encontre o a\u00e7o, rolamento, servi\u00e7o, tratamento t\u00e9rmico ou tipo de an\u00e1lise metalogr\u00e1fica que voc\u00ea deseja.<\/p>\n<div class=\"searchform-wrapper ux-search-box relative is-normal\"><form role=\"search\" method=\"get\" class=\"searchform\" action=\"https:\/\/aco.com.br\/inicio\/\">\n\t<div class=\"flex-row relative\">\n\t\t\t\t\t\t<div class=\"flex-col flex-grow\">\n\t\t\t<label class=\"screen-reader-text\" for=\"woocommerce-product-search-field-0\">Pesquisar por:<\/label>\n\t\t\t<input type=\"search\" id=\"woocommerce-product-search-field-0\" class=\"search-field mb-0\" placeholder=\"Pesquisar...\" value=\"\" name=\"s\" \/>\n\t\t\t<input type=\"hidden\" name=\"post_type\" value=\"product\" \/>\n\t\t\t\t\t<\/div>\n\t\t<div class=\"flex-col\">\n\t\t\t<button type=\"submit\" value=\"Pesquisar\" class=\"ux-search-submit submit-button secondary button  icon mb-0\" aria-label=\"Enviar\">\n\t\t\t\t<i class=\"icon-search\" ><\/i>\t\t\t<\/button>\n\t\t<\/div>\n\t<\/div>\n\t<div class=\"live-search-results text-left z-top\"><\/div>\n<\/form>\n<\/div>\n\t<div id=\"gap-2000832670\" class=\"gap-element clearfix\" style=\"display:block; height:auto;\">\n\t\t\n<style>\n#gap-2000832670 {\n  padding-top: 30px;\n}\n<\/style>\n\t<\/div>\n\t\n<div class=\"is-divider divider clearfix\" style=\"max-width:100%;background-color:rgb(189, 216, 255);\"><\/div>\n<h5 class=\"uppercase\">Ou navegue pelos produtos mais vistos:<\/h5>\n<ul class=\"product_list_widget\">\n                  <li>\n\t<a href=\"https:\/\/aco.com.br\/inicio\/aco\/aco-mola-sae-6150\/\" title=\"A\u00e7o Mola SAE 6150 |  Cromo-Van\u00e1dio (Vr-V)\">\n\t\t<img loading=\"lazy\" decoding=\"async\" width=\"100\" height=\"100\" src=\"https:\/\/aco.com.br\/wp-content\/uploads\/2024\/02\/5160-6150-aco-mola-ferramenta3-100x100.jpg\" class=\"attachment-woocommerce_gallery_thumbnail size-woocommerce_gallery_thumbnail\" alt=\"6150-aco-mola-ferramenta3\" srcset=\"https:\/\/aco.com.br\/wp-content\/uploads\/2024\/02\/5160-6150-aco-mola-ferramenta3-100x100.jpg 100w, https:\/\/aco.com.br\/wp-content\/uploads\/2024\/02\/5160-6150-aco-mola-ferramenta3-280x280.jpg 280w, https:\/\/aco.com.br\/wp-content\/uploads\/2024\/02\/5160-6150-aco-mola-ferramenta3-96x96.jpg 96w\" sizes=\"auto, (max-width: 100px) 100vw, 100px\" \/>\t\t<span class=\"product-title\">A\u00e7o Mola SAE 6150 |  Cromo-Van\u00e1dio (Vr-V)<\/span>\n\t<\/a>\n\t\t<span class=\"woocommerce-Price-amount amount\"><bdi><span class=\"woocommerce-Price-currencySymbol\">&#82;&#36;<\/span>1.000.000,00<\/bdi><\/span><\/li>\n                  <li>\n\t<a href=\"https:\/\/aco.com.br\/inicio\/aco\/aco-prata-sae-52100\/\" title=\"A\u00e7o Prata SAE 52100 | Barras Redondas Retificadas\">\n\t\t<img loading=\"lazy\" decoding=\"async\" src=\"https:\/\/www.aco.com.br\/wp-content\/uploads\/2019\/03\/DSC_1829-min.jpg\" width=\"100\" height=\"100\" class=\"woocommerce-placeholder wp-post-image\" alt=\"Conte\u00fado de marca\u00e7\u00e3o\"\/>\t\t<span class=\"product-title\">A\u00e7o Prata SAE 52100 | Barras Redondas Retificadas<\/span>\n\t<\/a>\n\t\t<span class=\"woocommerce-Price-amount amount\"><bdi><span class=\"woocommerce-Price-currencySymbol\">&#82;&#36;<\/span>1.000.000,00<\/bdi><\/span><\/li>\n        \n      <\/ul>\n\t\t<\/div>\n\t\t\t\t\n<style>\n#col-1904042177 > .col-inner {\n  padding: 20px 20px 20px 20px;\n}\n<\/style>\n\t<\/div>\n\n\t\n\n\t<div id=\"col-784554484\" class=\"col medium-4 small-12 large-4\"  >\n\t\t\t\t<div class=\"col-inner\"  >\n\t\t\t\n\t\t\t\n<h4 class=\"uppercase\">Defina as especifica\u00e7\u00f5es do pedido<\/h4>\n<p>Defina dentro dos campos dispon\u00edveis o tamanho ou tipo de servi\u00e7o desejado.<\/p>\n<div class=\"is-divider divider clearfix\" style=\"max-width:100%;background-color:rgb(189, 216, 255);\"><\/div>\n<h5 class=\"uppercase\">Voc\u00ea tamb\u00e9m pode enviar um email personalizado:<\/h5>\n\n<div class=\"wpcf7 no-js\" id=\"wpcf7-f2225-o1\" lang=\"en-US\" dir=\"ltr\" data-wpcf7-id=\"2225\">\n<div class=\"screen-reader-response\"><p role=\"status\" aria-live=\"polite\" aria-atomic=\"true\"><\/p> <ul><\/ul><\/div>\n<form action=\"\/inicio\/wp-json\/wp\/v2\/pages\/1755#wpcf7-f2225-o1\" method=\"post\" class=\"wpcf7-form init wpb_gqb_form_product_info_hide\" aria-label=\"Contact form\" enctype=\"multipart\/form-data\" novalidate=\"novalidate\" data-status=\"init\">\n<fieldset class=\"hidden-fields-container\"><input type=\"hidden\" name=\"_wpcf7\" value=\"2225\" \/><input type=\"hidden\" name=\"_wpcf7_version\" value=\"6.1\" \/><input type=\"hidden\" name=\"_wpcf7_locale\" value=\"en_US\" \/><input type=\"hidden\" name=\"_wpcf7_unit_tag\" value=\"wpcf7-f2225-o1\" \/><input type=\"hidden\" name=\"_wpcf7_container_post\" value=\"0\" \/><input type=\"hidden\" name=\"_wpcf7_posted_data_hash\" value=\"\" \/><input type=\"hidden\" name=\"_wpcf7cf_hidden_group_fields\" value=\"[]\" \/><input type=\"hidden\" name=\"_wpcf7cf_hidden_groups\" value=\"[]\" \/><input type=\"hidden\" name=\"_wpcf7cf_visible_groups\" value=\"[]\" \/><input type=\"hidden\" name=\"_wpcf7cf_repeaters\" value=\"[]\" \/><input type=\"hidden\" name=\"_wpcf7cf_steps\" value=\"{}\" \/><input type=\"hidden\" name=\"_wpcf7cf_options\" value=\"{&quot;form_id&quot;:2225,&quot;conditions&quot;:[],&quot;settings&quot;:{&quot;animation&quot;:&quot;yes&quot;,&quot;animation_intime&quot;:200,&quot;animation_outtime&quot;:200,&quot;conditions_ui&quot;:&quot;normal&quot;,&quot;notice_dismissed&quot;:false,&quot;notice_dismissed_update-cf7-6.0.6&quot;:true}}\" \/>\n<\/fieldset>\n<div class=\"form-flat\">\n\t<div class=\"row\">\n\t\t<div class=\"col  medium-6 small-12 large-6\">\n\t\t\t<p><span class=\"wpcf7-form-control-wrap\" data-name=\"your-name\"><input size=\"40\" maxlength=\"400\" class=\"wpcf7-form-control wpcf7-text wpcf7-validates-as-required\" aria-required=\"true\" aria-invalid=\"false\" placeholder=\"Nome\" value=\"\" type=\"text\" name=\"your-name\" \/><\/span>\n\t\t\t<\/p>\n\t\t<\/div>\n\t\t<div class=\"col  medium-6 small-12 large-6\">\n\t\t\t<p><span class=\"wpcf7-form-control-wrap\" data-name=\"your-email\"><input size=\"40\" maxlength=\"400\" class=\"wpcf7-form-control wpcf7-email wpcf7-validates-as-required wpcf7-text wpcf7-validates-as-email\" aria-required=\"true\" aria-invalid=\"false\" placeholder=\"E-mail\" value=\"\" type=\"email\" name=\"your-email\" \/><\/span>\n\t\t\t<\/p>\n\t\t<\/div>\n\t\t<div class=\"col  medium-6 small-12 large-6\">\n\t\t\t<p><span class=\"wpcf7-form-control-wrap\" data-name=\"telefone\"><input class=\"wpcf7-form-control wpcf7-number wpcf7-validates-as-required wpcf7-validates-as-number\" aria-required=\"true\" aria-invalid=\"false\" placeholder=\"Telefone\" value=\"\" type=\"number\" name=\"telefone\" \/><\/span>\n\t\t\t<\/p>\n\t\t<\/div>\n\t\t<div class=\"col medium-6 small-12 large-6\">\n\t\t\t<p><span class=\"wpcf7-form-control-wrap\" data-name=\"your-subject\"><input size=\"40\" maxlength=\"400\" class=\"wpcf7-form-control wpcf7-text wpcf7-validates-as-required\" aria-required=\"true\" aria-invalid=\"false\" placeholder=\"Empresa\" value=\"\" type=\"text\" name=\"your-subject\" \/><\/span>\n\t\t\t<\/p>\n\t\t<\/div>\n\t\t<div class=\"col medium-12 small-12 large-12\">\n\t\t\t<p><label> Envie uma mensagem adicional:<br \/>\n<span class=\"wpcf7-form-control-wrap\" data-name=\"your-message\"><textarea cols=\"40\" rows=\"10\" maxlength=\"2000\" class=\"wpcf7-form-control wpcf7-textarea\" aria-invalid=\"false\" name=\"your-message\"><\/textarea><\/span><br \/>\n<\/label>\n\t\t\t<\/p>\n\t\t<\/div>\n\t<\/div>\n<\/div>\n\n\n<!-- <p style=\"font-size:16px;\"><b>Anexe um Arquivo <\/b><br><span  style=\"font-size:12px\"><span class=\"wpcf7-form-control-wrap\" data-name=\"arquivo-anexo\"><input size=\"40\" class=\"wpcf7-form-control wpcf7-file\" accept=\".pdf,.docx,.doc,.jpg,.png,.bmp\" aria-invalid=\"false\" type=\"file\" name=\"arquivo-anexo\" \/><\/span><\/span><br><br> <span style=\"font-size:10.5px\">Tamanho M\u00e1x. 3Mb<\/span> -->\n<p><div class=\"cf7-cf-turnstile\" style=\"margin-top: 0px; margin-bottom: -15px;\"> <div id=\"cf-turnstile-cf7-196214393\" class=\"cf-turnstile\" data-sitekey=\"0x4AAAAAAAJr-_4KBemVBPKj\" data-theme=\"light\" data-language=\"auto\" data-size=\"\" data-retry=\"auto\" data-retry-interval=\"1000\" data-action=\"contact-form-7\" data-appearance=\"always\"><\/div> <script>document.addEventListener(\"DOMContentLoaded\", function() { setTimeout(function(){ var e=document.getElementById(\"cf-turnstile-cf7-196214393\"); e&&!e.innerHTML.trim()&&(turnstile.remove(\"#cf-turnstile-cf7-196214393\"), turnstile.render(\"#cf-turnstile-cf7-196214393\", {sitekey:\"0x4AAAAAAAJr-_4KBemVBPKj\"})); }, 0); });<\/script> <br class=\"cf-turnstile-br cf-turnstile-br-cf7-196214393\"> <style>#cf-turnstile-cf7-196214393 { margin-left: -15px; }<\/style> <script>document.addEventListener(\"DOMContentLoaded\",function(){document.querySelectorAll('.wpcf7-form').forEach(function(e){e.addEventListener('submit',function(){if(document.getElementById('cf-turnstile-cf7-196214393')){setTimeout(function(){turnstile.reset('#cf-turnstile-cf7-196214393');},1000)}})})});<\/script> <\/div>\n<\/p>\n<p><input class=\"wpcf7-form-control wpcf7-submit has-spinner button\" type=\"submit\" value=\"Solicitar Cota\u00e7\u00e3o\" \/>\n<\/p><p style=\"display: none !important;\" class=\"akismet-fields-container\" data-prefix=\"_wpcf7_ak_\"><label>&#916;<textarea name=\"_wpcf7_ak_hp_textarea\" cols=\"45\" rows=\"8\" maxlength=\"100\"><\/textarea><\/label><input type=\"hidden\" id=\"ak_js_1\" name=\"_wpcf7_ak_js\" value=\"140\"\/><script>document.getElementById( \"ak_js_1\" ).setAttribute( \"value\", ( new Date() ).getTime() );<\/script><\/p><div class=\"wpcf7-response-output\" aria-hidden=\"true\"><\/div>\n<\/form>\n<\/div>\n\n\t\t<\/div>\n\t\t\t\t\n<style>\n#col-784554484 > .col-inner {\n  padding: 20px 20px 20px 20px;\n}\n<\/style>\n\t<\/div>\n\n\t\n\n\t<div id=\"col-1542618063\" class=\"col medium-4 small-12 large-4\"  >\n\t\t\t\t<div class=\"col-inner\"  >\n\t\t\t\n\t\t\t\n<h4 class=\"uppercase\">Preencha seu nome e seus dados de contato<\/h4>\n<p>Nossa equipe de atendimento est\u00e1 pronta para atender suas necessidades. <\/p>\n<div class=\"is-divider divider clearfix\" style=\"max-width:100%;background-color:rgb(189, 216, 255);\"><\/div>\n  <div class=\"icon-box testimonial-box icon-box-top text-left\">\n                <div class=\"icon-box-img testimonial-image circle\" style=\"width: 80px\">\n              <img loading=\"lazy\" decoding=\"async\" width=\"280\" height=\"280\" src=\"https:\/\/aco.com.br\/wp-content\/uploads\/2019\/02\/grupo-ar-acos-roman-rolamentosArtboard-6@2x-280x280.png\" class=\"attachment-thumbnail size-thumbnail\" alt=\"\" srcset=\"https:\/\/aco.com.br\/wp-content\/uploads\/2019\/02\/grupo-ar-acos-roman-rolamentosArtboard-6@2x-280x280.png 280w, https:\/\/aco.com.br\/wp-content\/uploads\/2019\/02\/grupo-ar-acos-roman-rolamentosArtboard-6@2x-297x297.png 297w, https:\/\/aco.com.br\/wp-content\/uploads\/2019\/02\/grupo-ar-acos-roman-rolamentosArtboard-6@2x-400x400.png 400w, https:\/\/aco.com.br\/wp-content\/uploads\/2019\/02\/grupo-ar-acos-roman-rolamentosArtboard-6@2x-600x600.png 600w, https:\/\/aco.com.br\/wp-content\/uploads\/2019\/02\/grupo-ar-acos-roman-rolamentosArtboard-6@2x-100x100.png 100w, https:\/\/aco.com.br\/wp-content\/uploads\/2019\/02\/grupo-ar-acos-roman-rolamentosArtboard-6@2x.png 628w\" sizes=\"auto, (max-width: 280px) 100vw, 280px\" \/>        <\/div>\n                <div class=\"icon-box-text p-last-0\">\n          <div class=\"star-rating\"><span style=\"width:100%\"><strong class=\"rating\"><\/strong><\/span><\/div>  \t\t\t\t<div class=\"testimonial-text line-height-small italic test_text first-reset last-reset is-italic\">\n            \n<h3>Atendimento Nota 10!<\/h3>\n<p>Se preferir ainda, temos op\u00e7\u00f5es de contato via whatsapp, email, facebook, telefone ou via Chat&#8230;.<\/p>\n<a href=\"https:\/\/www.aco.com.br\/contato\" target=\"_self\" class=\"button primary is-underline\"  >\n    <span>Fale conosco!<\/span>\n  <\/a>\n\n          <\/div>\n          <div class=\"testimonial-meta pt-half\">\n             <strong class=\"testimonial-name test_name\"><\/strong>\n                          <span class=\"testimonial-company test_company\"><\/span>\n          <\/div>\n        <\/div>\n  <\/div>\n\n  \n\t\t<\/div>\n\t\t\t\t\n<style>\n#col-1542618063 > .col-inner {\n  padding: 20px 20px 20px 20px;\n}\n<\/style>\n\t<\/div>\n\n\t\n\n<style>\n#row-1711636893 > .col > .col-inner {\n  background-color: rgb(255,255,255);\n}\n<\/style>\n<\/div>\n\t\t<\/div>\n\n\t\t\n<style>\n#section_1991357533 {\n  padding-top: 30px;\n  padding-bottom: 30px;\n}\n#section_1991357533 .section-bg.bg-loaded {\n  background-image: url(https:\/\/aco.com.br\/wp-content\/uploads\/2019\/04\/bg2.jpg);\n}\n<\/style>\n\t<\/section>\n\t\n\t<div id=\"gap-1224757717\" class=\"gap-element clearfix\" style=\"display:block; height:auto;\">\n\t\t\n<style>\n#gap-1224757717 {\n  padding-top: 100px;\n}\n<\/style>\n\t<\/div>\n\t\n\t<section class=\"section dark has-mask mask-arrow has-parallax\" id=\"section_1669952059\">\n\t\t<div class=\"bg section-bg fill bg-fill  \" data-parallax-container=\".section\" data-parallax-background data-parallax=\"-4\">\n\n\t\t\t\n\t\t\t<div class=\"section-bg-overlay absolute fill\"><\/div>\n\t\t\t\n\t<div class=\"is-border\"\n\t\tstyle=\"border-color:rgb(235, 235, 235);border-width:0 0px 0px 0px;margin:0 0px 0px 0px;\">\n\t<\/div>\n\n\t\t<\/div>\n\n\t\t\n\n\t\t<div class=\"section-content relative\">\n\t\t\t\n<div class=\"row align-bottom\"  id=\"row-1636471483\">\n\n\t<div id=\"col-229353242\" class=\"col medium-4 small-12 large-4\"  >\n\t\t\t\t<div class=\"col-inner text-shadow-2\"  >\n\t\t\t\n\t\t\t\n<p>\u00a0<\/p>\n<h2 class=\"uppercase\">Entre em contato<\/h2>\n<p>Nossa equipe de atendimento est\u00e1\u00a0 pronta para responder todas as suas d\u00favidas. Fale conosco!<\/p>\n\t\t<\/div>\n\t\t\t\t\t<\/div>\n\n\t\n\n\t<div id=\"col-2032279390\" class=\"col medium-4 small-12 large-4\"  >\n\t\t\t\t<div class=\"col-inner text-shadow-2\"  >\n\t\t\t\n\t\t\t\n<p>Telefone Comercial<\/p>\n<a href=\"tel:+1136132211\" target=\"_self\" class=\"button white is-underline is-xxlarge\"  >\n    <span>11 3613 2211<\/span>\n  <\/a>\n\n\t\t<\/div>\n\t\t\t\t\t<\/div>\n\n\t\n\n\t<div id=\"col-1075388959\" class=\"col medium-4 small-12 large-4\"  >\n\t\t\t\t<div class=\"col-inner text-shadow-2\"  >\n\t\t\t\n\t\t\t\n<p>E-mail de contato<\/p>\n\t<div id=\"gap-120310359\" class=\"gap-element clearfix\" style=\"display:block; height:auto;\">\n\t\t\n<style>\n#gap-120310359 {\n  padding-top: 10px;\n}\n<\/style>\n\t<\/div>\n\t\n<a href=\"https:\/\/www.aco.com.br\/contato\" target=\"_self\" class=\"button white is-underline is-larger\"  >\n    <span>aco@aco.com.br<\/span>\n  <\/a>\n\n\t<div id=\"gap-266579669\" class=\"gap-element clearfix\" style=\"display:block; height:auto;\">\n\t\t\n<style>\n#gap-266579669 {\n  padding-top: 29px;\n}\n<\/style>\n\t<\/div>\n\t\n\t\t<\/div>\n\t\t\t\t\t<\/div>\n\n\t\n<\/div>\n\t\t<\/div>\n\n\t\t\n<style>\n#section_1669952059 {\n  padding-top: 59px;\n  padding-bottom: 59px;\n  min-height: 300px;\n  background-color: rgb(0, 0, 0);\n}\n#section_1669952059 .section-bg-overlay {\n  background-color: rgba(0, 0, 0, 0.58);\n}\n#section_1669952059 .section-bg.bg-loaded {\n  background-image: url(https:\/\/aco.com.br\/wp-content\/uploads\/2019\/03\/aisi-d2-w-nr-12379-aco-ferramenta2.jpg);\n}\n<\/style>\n\t<\/section>\n\t\n","protected":false},"excerpt":{"rendered":"","protected":false},"author":1,"featured_media":0,"parent":0,"menu_order":0,"comment_status":"closed","ping_status":"open","template":"page-blank.php","meta":{"inline_featured_image":false,"footnotes":""},"class_list":["post-1755","page","type-page","status-publish","hentry"],"aioseo_notices":[],"_links":{"self":[{"href":"https:\/\/aco.com.br\/inicio\/wp-json\/wp\/v2\/pages\/1755","targetHints":{"allow":["GET"]}}],"collection":[{"href":"https:\/\/aco.com.br\/inicio\/wp-json\/wp\/v2\/pages"}],"about":[{"href":"https:\/\/aco.com.br\/inicio\/wp-json\/wp\/v2\/types\/page"}],"author":[{"embeddable":true,"href":"https:\/\/aco.com.br\/inicio\/wp-json\/wp\/v2\/users\/1"}],"replies":[{"embeddable":true,"href":"https:\/\/aco.com.br\/inicio\/wp-json\/wp\/v2\/comments?post=1755"}],"version-history":[{"count":2,"href":"https:\/\/aco.com.br\/inicio\/wp-json\/wp\/v2\/pages\/1755\/revisions"}],"predecessor-version":[{"id":9792,"href":"https:\/\/aco.com.br\/inicio\/wp-json\/wp\/v2\/pages\/1755\/revisions\/9792"}],"wp:attachment":[{"href":"https:\/\/aco.com.br\/inicio\/wp-json\/wp\/v2\/media?parent=1755"}],"curies":[{"name":"wp","href":"https:\/\/api.w.org\/{rel}","templated":true}]}}